{"id":44383,"date":"2024-03-11T11:07:44","date_gmt":"2024-03-11T10:07:44","guid":{"rendered":"https:\/\/james.care\/?post_type=product&#038;p=44383"},"modified":"2026-01-15T09:51:30","modified_gmt":"2026-01-15T08:51:30","slug":"james-tarif-30tage-kostenlos","status":"publish","type":"product","link":"https:\/\/james.care\/sl\/izdelek\/james-tarif-30tage-kostenlos\/","title":{"rendered":"Tarifa JAMES"},"content":{"rendered":"<ul>\n<li>Alarm s telefonsko povezavo<\/li>\n<li><strong>30 dni brezpla\u010dno od naro\u010dila ob nakupu ure JAMES za klic v sili<\/strong><\/li>\n<li>Kartica SIM za gostovanje<\/li>\n<li>Natan\u010dna lokalizacija v primeru alarma (GPS)<\/li>\n<li>Besedilna in glasovna sporo\u010dila<\/li>\n<li>Uro lahko pokli\u010dete kadar koli<\/li>\n<li>Aplikacija in portal JAMES (<em>iOS<\/em>,<em> Android<\/em>)<\/li>\n<li>Brez obveznosti (lahko se prekli\u010de mese\u010dno)<\/li>\n<\/ul>","protected":false},"excerpt":{"rendered":"<p>Tarifa JAMES je celovita storitev, ki jo zagotavlja JAMES. Kartica SIM za gostovanje uro vedno pove\u017ee z najmo\u010dnej\u0161im omre\u017ejem in zagotavlja nemoteno pokritost. Tarifa vklju\u010duje tudi vzdr\u017eevanje in razpolo\u017eljivost programske opreme JAMES na uri, v infrastrukturi (stre\u017enik) in kon\u010dnih napravah za pomo\u010dnike (aplikacija, spletni portal). Stro\u0161kovno u\u010dinkovit angel varuh <strong>vklju\u010dno s kartico SIM z gostovanjem po vsej Evropi<\/strong><br \/>\nStorniranje je mogo\u010de kadar koli preklicati - brez obveznosti!<\/p>","protected":false},"featured_media":18218,"template":"","meta":{"_acf_changed":false},"product_brand":[],"product_cat":[25],"product_tag":[],"class_list":{"0":"post-44383","1":"product","2":"type-product","3":"status-publish","4":"has-post-thumbnail","6":"product_cat-james-notruftarif","8":"first","9":"instock","10":"sold-individually","11":"taxable","12":"shipping-taxable","13":"purchasable","14":"product-type-variable-subscription","15":"has-default-attributes"},"bundled_by":[],"bundle_stock_status":"instock","bundle_stock_quantity":null,"bundle_virtual":false,"bundle_layout":"","bundle_add_to_cart_form_location":"","bundle_editable_in_cart":false,"bundle_sold_individually_context":"","bundle_item_grouping":"","bundle_min_size":"","bundle_max_size":"","bundle_price":[],"bundled_items":[],"bundle_sell_ids":[],"exclude_global_add_ons":false,"addons":[{"name":"Informacije o pomo\u010dniku","type":"heading","position":0,"required":false,"title_format":"label","default":"","description_enable":false,"description":"","placeholder_enable":false,"placeholder":"","display":"select","restrictions_type":"any_text","adjust_price":false,"price":"","price_type":"","restrictions":false,"min":"0","max":"0","options":[]},{"name":"Informacije o pomo\u010dniku","type":"custom_textarea","position":0,"required":false,"title_format":"hide","default":"","description_enable":false,"description":"","placeholder_enable":false,"placeholder":"","display":"select","restrictions_type":"","adjust_price":false,"price":"","price_type":"quantity_based","restrictions":false,"min":"","max":"","options":[]},{"name":"Splo\u0161ne informacije za center za obve\u0161\u010danje v sili","type":"heading","position":0,"required":false,"title_format":"label","default":"","description_enable":true,"description":"npr: Kje je rezervni klju\u010d? Na koga se je treba obrniti v nujnih primerih? Kaj je s hi\u0161nimi ljubljen\u010dki?","placeholder_enable":false,"placeholder":"","display":"select","restrictions_type":"any_text","adjust_price":false,"price":"","price_type":"","restrictions":false,"min":"0","max":"0","options":[]},{"name":"Splo\u0161ne informacije za center za obve\u0161\u010danje v sili","type":"custom_textarea","position":0,"required":false,"title_format":"hide","default":"","description_enable":false,"description":"","placeholder_enable":false,"placeholder":"","display":"select","restrictions_type":"","adjust_price":false,"price":"","price_type":"quantity_based","restrictions":false,"min":"","max":"","options":[]},{"name":"\u0160tevilka IMEI","type":"custom_text","position":0,"required":false,"title_format":"heading","default":"","description_enable":true,"description":"Potrebno za aktivacijo izdelkov JAMES","placeholder_enable":false,"placeholder":"","display":"select","restrictions_type":"only_numbers","adjust_price":false,"price":"","price_type":"flat_fee","restrictions":true,"min":"15","max":"15","options":[],"id":1704201544}],"acf":[],"_links":{"self":[{"href":"https:\/\/james.care\/sl\/wp-json\/wp\/v2\/product\/44383","targetHints":{"allow":["GET"]}}],"collection":[{"href":"https:\/\/james.care\/sl\/wp-json\/wp\/v2\/product"}],"about":[{"href":"https:\/\/james.care\/sl\/wp-json\/wp\/v2\/types\/product"}],"wp:featuredmedia":[{"embeddable":true,"href":"https:\/\/james.care\/sl\/wp-json\/wp\/v2\/media\/18218"}],"wp:attachment":[{"href":"https:\/\/james.care\/sl\/wp-json\/wp\/v2\/media?parent=44383"}],"wp:term":[{"taxonomy":"product_brand","embeddable":true,"href":"https:\/\/james.care\/sl\/wp-json\/wp\/v2\/product_brand?post=44383"},{"taxonomy":"product_cat","embeddable":true,"href":"https:\/\/james.care\/sl\/wp-json\/wp\/v2\/product_cat?post=44383"},{"taxonomy":"product_tag","embeddable":true,"href":"https:\/\/james.care\/sl\/wp-json\/wp\/v2\/product_tag?post=44383"}],"curies":[{"name":"wp","href":"https:\/\/api.w.org\/{rel}","templated":true}]}}