{"id":38493,"date":"2024-01-08T11:36:11","date_gmt":"2024-01-08T10:36:11","guid":{"rendered":"https:\/\/james.care\/?post_type=product&#038;p=38493"},"modified":"2024-10-03T21:49:37","modified_gmt":"2024-10-03T19:49:37","slug":"james-notrufzentrale-deutschland","status":"publish","type":"product","link":"https:\/\/james.care\/sl\/izdelek\/james-notrufzentrale-deutschland\/","title":{"rendered":"JAMESov klicni center za nujne primere Nem\u010dija"},"content":{"rendered":"<h2>JAMES ima vedno \u010das za vas.<\/h2>\n<p>Z<strong> Center za obve\u0161\u010danje v sili JAMES<\/strong> va\u0161e vsakdanje \u017eivljenje bo zdaj \u0161e varnej\u0161e. Vsakdo se boji, da v nujnih primerih ne bo mogel priti do svojih bli\u017enjih. <strong>JAMES<\/strong> vam je vedno na voljo in pomaga 24 ur na dan.<\/p>\n<p><img loading=\"lazy\" decoding=\"async\" src=\"https:\/\/james.care\/wp-content\/uploads\/2021\/05\/old_man_fall_stairs-1024x683.png\" sizes=\"auto, (max-width: 800px) 100vw, 800px\" srcset=\"https:\/\/james.care\/wp-content\/uploads\/2021\/05\/old_man_fall_stairs-1024x683.png 1024w, https:\/\/james.care\/wp-content\/uploads\/2021\/05\/old_man_fall_stairs-300x200.png 300w, https:\/\/james.care\/wp-content\/uploads\/2021\/05\/old_man_fall_stairs-768x512.png 768w, https:\/\/james.care\/wp-content\/uploads\/2021\/05\/old_man_fall_stairs-1536x1024.png 1536w, https:\/\/james.care\/wp-content\/uploads\/2021\/05\/old_man_fall_stairs-600x400.png 600w, https:\/\/james.care\/wp-content\/uploads\/2021\/05\/old_man_fall_stairs.png 1600w\" alt=\"Gest\u00fcrzter Senior bei Treppe.\" width=\"800\" height=\"534\" \/><br \/>\n<img loading=\"lazy\" decoding=\"async\" src=\"https:\/\/james.care\/wp-content\/uploads\/2021\/04\/shutterstock_1575589243.jpg\" sizes=\"auto, (max-width: 800px) 100vw, 800px\" srcset=\"https:\/\/james.care\/wp-content\/uploads\/2021\/04\/shutterstock_1575589243.jpg 800w, https:\/\/james.care\/wp-content\/uploads\/2021\/04\/shutterstock_1575589243-300x200.jpg 300w, https:\/\/james.care\/wp-content\/uploads\/2021\/04\/shutterstock_1575589243-768x512.jpg 768w, https:\/\/james.care\/wp-content\/uploads\/2021\/04\/shutterstock_1575589243-600x400.jpg 600w\" alt=\"Callcenter-Mitarbeiterin macht Support.\" width=\"800\" height=\"533\" \/><\/p>\n<h2>Enostavno, hitro in varno.<\/h2>\n<p>Pove\u017eite svoj <strong>JAMES<\/strong> preprosto z na\u0161im zanesljivim <strong>Klicni center za nujne primere 24 ur na dan, 7 dni v tednu<\/strong>. Dragocena dodatna tarifa vklju\u010duje hiter stik s strokovnim klicnim centrom. Prijazno osebje vam bo pojasnilo alarmno situacijo in po potrebi spro\u017eilo nadaljnje ukrepe (npr. obvestilo re\u0161evalnim vozilom, sorodnikom itd.).<\/p>","protected":false},"excerpt":{"rendered":"<div id=\"productshortinfo\" class=\"oxy-product-excerpt oxy-woo-element\">\n<div class=\"woocommerce-product-details__short-description\">\n<p>Re\u0161evanje \u017eivljenj <b>Dodatna tarifa <\/b>zagotavlja, da se bodo zanesljivo odzvali na vse va\u0161e klice v sili ter vas hitro povezali z zanesljivimi osebami in re\u0161evalnimi vozili.<\/p>\n<\/div>\n<\/div>","protected":false},"featured_media":32102,"template":"","meta":{"_acf_changed":false},"product_brand":[],"product_cat":[22],"product_tag":[116],"class_list":{"0":"post-38493","1":"product","2":"type-product","3":"status-publish","4":"has-post-thumbnail","6":"product_cat-james-zusatztarife","7":"product_tag-notrufzentrale","9":"first","10":"instock","11":"taxable","12":"shipping-taxable","13":"purchasable","14":"product-type-variable-subscription","15":"has-default-attributes"},"bundled_by":[],"bundle_stock_status":"instock","bundle_stock_quantity":null,"bundle_virtual":false,"bundle_layout":"","bundle_add_to_cart_form_location":"","bundle_editable_in_cart":false,"bundle_sold_individually_context":"","bundle_item_grouping":"","bundle_min_size":"","bundle_max_size":"","bundle_price":[],"bundled_items":[],"bundle_sell_ids":[],"exclude_global_add_ons":false,"addons":[{"name":"Informacije o pomo\u010dniku","type":"heading","position":0,"required":false,"title_format":"label","default":"","description_enable":false,"description":"","placeholder_enable":false,"placeholder":"","display":"select","restrictions_type":"any_text","adjust_price":false,"price":"","price_type":"","restrictions":false,"min":"0","max":"0","options":[]},{"name":"Informacije o pomo\u010dniku","type":"custom_textarea","position":0,"required":false,"title_format":"hide","default":"","description_enable":false,"description":"","placeholder_enable":false,"placeholder":"","display":"select","restrictions_type":"","adjust_price":false,"price":"","price_type":"quantity_based","restrictions":false,"min":"","max":"","options":[]},{"name":"Splo\u0161ne informacije za center za obve\u0161\u010danje v sili","type":"heading","position":0,"required":false,"title_format":"label","default":"","description_enable":true,"description":"npr: Kje je rezervni klju\u010d? Na koga se je treba obrniti v nujnih primerih? Kaj je s hi\u0161nimi ljubljen\u010dki?","placeholder_enable":false,"placeholder":"","display":"select","restrictions_type":"any_text","adjust_price":false,"price":"","price_type":"","restrictions":false,"min":"0","max":"0","options":[]},{"name":"Splo\u0161ne informacije za center za obve\u0161\u010danje v sili","type":"custom_textarea","position":0,"required":false,"title_format":"hide","default":"","description_enable":false,"description":"","placeholder_enable":false,"placeholder":"","display":"select","restrictions_type":"","adjust_price":false,"price":"","price_type":"quantity_based","restrictions":false,"min":"","max":"","options":[]},{"name":"\u0160tevilka IMEI","type":"custom_text","position":0,"required":false,"title_format":"heading","default":"","description_enable":true,"description":"Potrebno za aktivacijo izdelkov JAMES","placeholder_enable":false,"placeholder":"","display":"select","restrictions_type":"only_numbers","adjust_price":false,"price":"","price_type":"flat_fee","restrictions":true,"min":"15","max":"15","options":[],"id":1704201544}],"acf":[],"_links":{"self":[{"href":"https:\/\/james.care\/sl\/wp-json\/wp\/v2\/product\/38493","targetHints":{"allow":["GET"]}}],"collection":[{"href":"https:\/\/james.care\/sl\/wp-json\/wp\/v2\/product"}],"about":[{"href":"https:\/\/james.care\/sl\/wp-json\/wp\/v2\/types\/product"}],"wp:featuredmedia":[{"embeddable":true,"href":"https:\/\/james.care\/sl\/wp-json\/wp\/v2\/media\/32102"}],"wp:attachment":[{"href":"https:\/\/james.care\/sl\/wp-json\/wp\/v2\/media?parent=38493"}],"wp:term":[{"taxonomy":"product_brand","embeddable":true,"href":"https:\/\/james.care\/sl\/wp-json\/wp\/v2\/product_brand?post=38493"},{"taxonomy":"product_cat","embeddable":true,"href":"https:\/\/james.care\/sl\/wp-json\/wp\/v2\/product_cat?post=38493"},{"taxonomy":"product_tag","embeddable":true,"href":"https:\/\/james.care\/sl\/wp-json\/wp\/v2\/product_tag?post=38493"}],"curies":[{"name":"wp","href":"https:\/\/api.w.org\/{rel}","templated":true}]}}