{"id":32125,"date":"2023-09-27T10:58:14","date_gmt":"2023-09-27T08:58:14","guid":{"rendered":"https:\/\/myjames.shop\/?post_type=product&#038;p=32125"},"modified":"2025-07-11T11:01:01","modified_gmt":"2025-07-11T09:01:01","slug":"james-notrufuhr-b8","status":"publish","type":"product","link":"https:\/\/james.care\/sl\/izdelek\/james-notrufuhr-b8\/","title":{"rendered":"JAMES - klic v sili B8"},"content":{"rendered":"<p>Dodajte slog in varnost vsakdanjemu \u017eivljenju z elegantno uro B8 - popolnim spremljevalcem za \u0161portne in stilsko ozave\u0161\u010dene ljudi. Ta pametna ura zdru\u017euje polnopravno ro\u010dno uro z diskretnim alarmnim gumbom, ki ponuja diskretno funkcionalnost sistema klica v sili, ne da bi bil mote\u010d. Ura za nujne primere B8 ne navdu\u0161uje le z vgrajenim pedometrom, temve\u010d tudi z vrsto zdravstvenih funkcij, kot so pulz, krvni tlak, temperatura in nasi\u010denost krvi s kisikom. V prvih dveh tednih leto\u0161njega leta so se v podjetju za\u010deli ukvarjati z vzpostavljanjem novega poslovnega modela.<\/p>\n<ul>\n<li class=\"p1\"><span class=\"s1\">Opozarjanje z glasovnim klicem<\/span><\/li>\n<li class=\"p1\"><span class=\"s1\">Telefonija, vklju\u010dno s kartico SIM za gostovanje<\/span><\/li>\n<li class=\"p1\"><span class=\"s1\">Dolo\u010danje polo\u017eaja v sili<\/span><\/li>\n<li class=\"p1\"><span class=\"s1\">Pedometer<\/span><\/li>\n<li class=\"p1\"><span class=\"s1\">Zdravstvene funkcije<\/span><\/li>\n<li class=\"p1\"><span class=\"s1\">Opomniki in glasovna sporo\u010dila<\/span><\/li>\n<li>Tehnologija 4G<\/li>\n<li class=\"p1\"><span class=\"s1\">APP za sorodnike<\/span><\/li>\n<li><span class=\"s1\">Funkcija demence <i>(neobvezno)<\/i><\/span><\/li>\n<li><span class=\"s1\">Klicni center 24\/7 <i>(neobvezno)<\/i><\/span><\/li>\n<\/ul>","protected":false},"excerpt":{"rendered":"<p class=\"p1\"><strong>Priljubljen vsestranski pripomo\u010dek - dolga \u017eivljenjska doba baterije<\/strong><\/p>\n<ul>\n<li>Slim enota za klic v sili<\/li>\n<li>Prikaz digitalne ure<\/li>\n<li>Preprost meni<\/li>\n<li>s telefonom \/ funkcijo prostoro\u010dnega telefoniranja<\/li>\n<li>Samodejno zaznavanje padcev<\/li>\n<li>Pedometer<\/li>\n<li>Merjenje vitalnih znakov<\/li>\n<li>Lokalizacija GPS v sili<\/li>\n<\/ul>","protected":false},"featured_media":40075,"template":"","meta":{"_acf_changed":false},"product_brand":[],"product_cat":[19],"product_tag":[180],"class_list":{"0":"post-32125","1":"product","2":"type-product","3":"status-publish","4":"has-post-thumbnail","6":"product_cat-james-notrufuhr","7":"product_tag-notrufuhr","8":"product_shipping_class-versicherter-versand","10":"first","11":"instock","12":"sold-individually","13":"taxable","14":"shipping-taxable","15":"purchasable","16":"product-type-variable"},"bundled_by":[],"bundle_stock_status":"instock","bundle_stock_quantity":null,"bundle_virtual":false,"bundle_layout":"","bundle_add_to_cart_form_location":"","bundle_editable_in_cart":false,"bundle_sold_individually_context":"","bundle_item_grouping":"","bundle_min_size":"","bundle_max_size":"","bundle_price":[],"bundled_items":[],"bundle_sell_ids":[],"exclude_global_add_ons":[],"addons":[],"acf":[],"_links":{"self":[{"href":"https:\/\/james.care\/sl\/wp-json\/wp\/v2\/product\/32125","targetHints":{"allow":["GET"]}}],"collection":[{"href":"https:\/\/james.care\/sl\/wp-json\/wp\/v2\/product"}],"about":[{"href":"https:\/\/james.care\/sl\/wp-json\/wp\/v2\/types\/product"}],"wp:featuredmedia":[{"embeddable":true,"href":"https:\/\/james.care\/sl\/wp-json\/wp\/v2\/media\/40075"}],"wp:attachment":[{"href":"https:\/\/james.care\/sl\/wp-json\/wp\/v2\/media?parent=32125"}],"wp:term":[{"taxonomy":"product_brand","embeddable":true,"href":"https:\/\/james.care\/sl\/wp-json\/wp\/v2\/product_brand?post=32125"},{"taxonomy":"product_cat","embeddable":true,"href":"https:\/\/james.care\/sl\/wp-json\/wp\/v2\/product_cat?post=32125"},{"taxonomy":"product_tag","embeddable":true,"href":"https:\/\/james.care\/sl\/wp-json\/wp\/v2\/product_tag?post=32125"}],"curies":[{"name":"wp","href":"https:\/\/api.w.org\/{rel}","templated":true}]}}