{"id":28398,"date":"2023-06-16T09:08:13","date_gmt":"2023-06-16T07:08:13","guid":{"rendered":"https:\/\/myjames.shop\/?post_type=product&#038;p=28398"},"modified":"2025-11-18T08:43:41","modified_gmt":"2025-11-18T07:43:41","slug":"stretch-armband-b-serie-a6","status":"publish","type":"product","link":"https:\/\/james.care\/sl\/izdelek\/stretch-armband-b-serie-a6\/","title":{"rendered":"Elegantna raztegljiva zapestnica za modele serij A, B"},"content":{"rendered":"<ul class=\"a-unordered-list a-vertical a-spacing-mini\">\n<li class=\"a-spacing-mini\"><span class=\"a-list-item\">Najlonski pas za uro: Ta pas za uro iz visokokakovostnega raztegljivega najlona ne dra\u017ei va\u0161e ob\u010dutljive ko\u017ee in je zelo zra\u010den, pralen, odporen na znoj in udoben za celodnevno no\u0161enje, primeren za \u0161port in vsakodnevno no\u0161enje.<\/span><\/li>\n<li class=\"a-spacing-mini\"><span class=\"a-list-item\">Elasti\u010den in raztegljiv: Zasnovan s tanko drsno zaponko iz nerjavnega jekla, ki jo je zelo enostavno prilagoditi na najbolj\u0161o dol\u017eino. Zapestje si lahko udobno prilagodite brez kr\u010denja. Primerno za zapestje 14 cm-23 cm (5,5-9,0 palcev)<\/span><\/li>\n<li class=\"a-spacing-mini\"><span class=\"a-list-item\">Enostavna namestitev: Vgrajena vzmetna palica za hitro sprostitev omogo\u010da hitro in enostavno preklapljanje med razli\u010dnimi trakovi brez orodja.<\/span><\/li>\n<li>\u0160irina: 18 mm<\/li>\n<li>Za ure JAMES za klic v sili serije A (zapestnica za klic v sili), serije B<\/li>\n<\/ul>","protected":false},"excerpt":{"rendered":"<p>\u0160irina: 18 mm<\/p>\n<p>Za ure JAMES za klic v sili serije B, zapestnica za klic v sili<\/p>","protected":false},"featured_media":38826,"template":"","meta":{"_acf_changed":false},"product_brand":[],"product_cat":[196,21],"product_tag":[],"class_list":{"0":"post-28398","1":"product","2":"type-product","3":"status-publish","4":"has-post-thumbnail","6":"product_cat-james-armbaender","7":"product_cat-james-zubehor","8":"product_shipping_class-briefversand","10":"first","11":"instock","12":"taxable","13":"shipping-taxable","14":"purchasable","15":"product-type-variable"},"bundled_by":[],"bundle_stock_status":"instock","bundle_stock_quantity":null,"bundle_virtual":false,"bundle_layout":"","bundle_add_to_cart_form_location":"","bundle_editable_in_cart":false,"bundle_sold_individually_context":"","bundle_item_grouping":"","bundle_min_size":"","bundle_max_size":"","bundle_price":[],"bundled_items":[],"bundle_sell_ids":[],"exclude_global_add_ons":[],"addons":[],"acf":[],"_links":{"self":[{"href":"https:\/\/james.care\/sl\/wp-json\/wp\/v2\/product\/28398","targetHints":{"allow":["GET"]}}],"collection":[{"href":"https:\/\/james.care\/sl\/wp-json\/wp\/v2\/product"}],"about":[{"href":"https:\/\/james.care\/sl\/wp-json\/wp\/v2\/types\/product"}],"wp:featuredmedia":[{"embeddable":true,"href":"https:\/\/james.care\/sl\/wp-json\/wp\/v2\/media\/38826"}],"wp:attachment":[{"href":"https:\/\/james.care\/sl\/wp-json\/wp\/v2\/media?parent=28398"}],"wp:term":[{"taxonomy":"product_brand","embeddable":true,"href":"https:\/\/james.care\/sl\/wp-json\/wp\/v2\/product_brand?post=28398"},{"taxonomy":"product_cat","embeddable":true,"href":"https:\/\/james.care\/sl\/wp-json\/wp\/v2\/product_cat?post=28398"},{"taxonomy":"product_tag","embeddable":true,"href":"https:\/\/james.care\/sl\/wp-json\/wp\/v2\/product_tag?post=28398"}],"curies":[{"name":"wp","href":"https:\/\/api.w.org\/{rel}","templated":true}]}}