{"id":2148,"date":"2021-05-10T10:09:10","date_gmt":"2021-05-10T10:09:10","guid":{"rendered":"https:\/\/beta.myjames.shop\/?post_type=product&#038;p=2148"},"modified":"2025-11-27T14:08:52","modified_gmt":"2025-11-27T13:08:52","slug":"james-secureband","status":"publish","type":"product","link":"https:\/\/james.care\/sl\/izdelek\/james-secureband\/","title":{"rendered":"Zapestnica JAMES za demenco"},"content":{"rendered":"<p>Zapestnica JAMES za demenco je bila razvita posebej za osebe, ki so nagnjene k tavanju. Zaradi zaklepnega mehanizma ura JAMES za klic v sili varno ostane na zapestju - je zanesljiva, udobna in je ni mogo\u010de neopa\u017eeno sneti. Vklju\u010dno s klju\u010dem, ki je primeren za vse modele ur za klic v sili JAMES.<\/p>\n<ul>\n<li>Zaklepanje<\/li>\n<li>Za\u0161\u010dita bolnikov z demenco<\/li>\n<li>Prijetno udobje pri no\u0161enju<\/li>\n<li>Vklju\u010dno s klju\u010dem<\/li>\n<li>za vse modele JAMESovih ur za klic v sili<\/li>\n<\/ul>","protected":false},"excerpt":{"rendered":"<p>JAMES SecureBand je bil razvit posebej za osebe z demenco. Zaradi zaklepnega mehanizma ura JAMES za klic v sili ostane varno name\u0161\u010dena na zapestju - je zanesljiva, udobna in je ni mogo\u010de neopa\u017eeno sneti. Vklju\u010dno s klju\u010dem, primeren za vse modele ur za klic v sili JAMES.<\/p>","protected":false},"featured_media":50964,"template":"","meta":{"_acf_changed":false},"product_brand":[],"product_cat":[196,21],"product_tag":[],"class_list":{"0":"post-2148","1":"product","2":"type-product","3":"status-publish","4":"has-post-thumbnail","6":"product_cat-james-armbaender","7":"product_cat-james-zubehor","8":"product_shipping_class-versicherter-versand","10":"first","11":"instock","12":"taxable","13":"shipping-taxable","14":"purchasable","15":"product-type-variable"},"bundled_by":[],"bundle_stock_status":"instock","bundle_stock_quantity":null,"bundle_virtual":false,"bundle_layout":"","bundle_add_to_cart_form_location":"","bundle_editable_in_cart":false,"bundle_sold_individually_context":"","bundle_item_grouping":"","bundle_min_size":"","bundle_max_size":"","bundle_price":[],"bundled_items":[],"bundle_sell_ids":[],"exclude_global_add_ons":[],"addons":[],"acf":[],"_links":{"self":[{"href":"https:\/\/james.care\/sl\/wp-json\/wp\/v2\/product\/2148","targetHints":{"allow":["GET"]}}],"collection":[{"href":"https:\/\/james.care\/sl\/wp-json\/wp\/v2\/product"}],"about":[{"href":"https:\/\/james.care\/sl\/wp-json\/wp\/v2\/types\/product"}],"wp:featuredmedia":[{"embeddable":true,"href":"https:\/\/james.care\/sl\/wp-json\/wp\/v2\/media\/50964"}],"wp:attachment":[{"href":"https:\/\/james.care\/sl\/wp-json\/wp\/v2\/media?parent=2148"}],"wp:term":[{"taxonomy":"product_brand","embeddable":true,"href":"https:\/\/james.care\/sl\/wp-json\/wp\/v2\/product_brand?post=2148"},{"taxonomy":"product_cat","embeddable":true,"href":"https:\/\/james.care\/sl\/wp-json\/wp\/v2\/product_cat?post=2148"},{"taxonomy":"product_tag","embeddable":true,"href":"https:\/\/james.care\/sl\/wp-json\/wp\/v2\/product_tag?post=2148"}],"curies":[{"name":"wp","href":"https:\/\/api.w.org\/{rel}","templated":true}]}}