{"id":2049,"date":"2021-05-07T11:33:23","date_gmt":"2021-05-07T11:33:23","guid":{"rendered":"https:\/\/beta.myjames.shop\/?post_type=product&#038;p=2049"},"modified":"2025-11-18T08:47:19","modified_gmt":"2025-11-18T07:47:19","slug":"mesh-uhrenband","status":"publish","type":"product","link":"https:\/\/james.care\/sl\/izdelek\/mesh-uhrenband\/","title":{"rendered":"Mesh watch strap za zasilne ure A, B serije"},"content":{"rendered":"<p>Lahek pas za uro in zapestnico za klic v sili serije B je izdelan iz udobne mre\u017ee iz nerjave\u010dega jekla in se popolnoma prilega vsakemu zapestju. Zaradi magnetne zaponke ga je \u0161e posebej enostavno zapenjati. Na voljo v treh modnih barvah.<\/p>\n<ul>\n<li>Mre\u017ea iz nerjave\u010dega jekla<\/li>\n<li>18 mm \u0161irina palice<\/li>\n<li>Magnetno zapiranje<\/li>\n<li>Na voljo v treh modnih barvah<\/li>\n<li>Samo z <em>JAMES ura za klic v sili B8, zapestnica za klic v sili A6<\/em>\u00a0zdru\u017eljiv<\/li>\n<\/ul>","protected":false},"excerpt":{"rendered":"<p>Lahek pas za uro za<strong> Oskrba s klici v sili B8 <\/strong>in .<strong> A6<\/strong>\u00a0je izdelan iz udobne mre\u017eice iz nerjave\u010dega jekla in se popolnoma prilagodi vsakemu zapestju. Zahvaljujo\u010d <strong>magnetno zapiranje<\/strong> je \u0161e posebej <strong>Enostavno zaklepanje<\/strong>. Na voljo v treh modnih barvah.<\/p>","protected":false},"featured_media":21479,"template":"","meta":{"_acf_changed":false},"product_brand":[],"product_cat":[196,21],"product_tag":[],"class_list":{"0":"post-2049","1":"product","2":"type-product","3":"status-publish","4":"has-post-thumbnail","6":"product_cat-james-armbaender","7":"product_cat-james-zubehor","8":"product_shipping_class-briefversand","10":"first","11":"instock","12":"taxable","13":"shipping-taxable","14":"purchasable","15":"product-type-variable"},"bundled_by":[],"bundle_stock_status":"instock","bundle_stock_quantity":null,"bundle_virtual":false,"bundle_layout":"","bundle_add_to_cart_form_location":"","bundle_editable_in_cart":false,"bundle_sold_individually_context":"","bundle_item_grouping":"","bundle_min_size":"","bundle_max_size":"","bundle_price":[],"bundled_items":[],"bundle_sell_ids":[],"exclude_global_add_ons":[],"addons":[],"acf":[],"_links":{"self":[{"href":"https:\/\/james.care\/sl\/wp-json\/wp\/v2\/product\/2049","targetHints":{"allow":["GET"]}}],"collection":[{"href":"https:\/\/james.care\/sl\/wp-json\/wp\/v2\/product"}],"about":[{"href":"https:\/\/james.care\/sl\/wp-json\/wp\/v2\/types\/product"}],"wp:featuredmedia":[{"embeddable":true,"href":"https:\/\/james.care\/sl\/wp-json\/wp\/v2\/media\/21479"}],"wp:attachment":[{"href":"https:\/\/james.care\/sl\/wp-json\/wp\/v2\/media?parent=2049"}],"wp:term":[{"taxonomy":"product_brand","embeddable":true,"href":"https:\/\/james.care\/sl\/wp-json\/wp\/v2\/product_brand?post=2049"},{"taxonomy":"product_cat","embeddable":true,"href":"https:\/\/james.care\/sl\/wp-json\/wp\/v2\/product_cat?post=2049"},{"taxonomy":"product_tag","embeddable":true,"href":"https:\/\/james.care\/sl\/wp-json\/wp\/v2\/product_tag?post=2049"}],"curies":[{"name":"wp","href":"https:\/\/api.w.org\/{rel}","templated":true}]}}