{"id":196,"date":"2021-04-26T07:50:24","date_gmt":"2021-04-26T07:50:24","guid":{"rendered":"https:\/\/beta.myjames.shop\/?post_type=product&#038;p=196"},"modified":"2022-11-08T20:14:14","modified_gmt":"2022-11-08T19:14:14","slug":"james-sturz-demenz","status":"publish","type":"product","link":"https:\/\/james.care\/sl\/izdelek\/james-sturz-demenz\/","title":{"rendered":"JAMES Padec in demenca"},"content":{"rendered":"<h2>Ker si vsakdo zaslu\u017ei varnost in orientacijo.<\/h2>\n<p>Vsaka oseba je edinstvena in si zaslu\u017ei \u017eivljenje, ki ga zaznamujejo varnost, usmerjenost in spo\u0161tovanje. Na spletni strani .<strong> Dodatna tarifa JAMES<\/strong> <em><strong>Padci in demenca<\/strong> <\/em>ljudem z blago demenco in nevarnostjo padca zagotavlja najbolj\u0161o vsestransko za\u0161\u010dito. Zahvaljujo\u010d <strong>JAMES<\/strong> bolniki lahko \u0161e naprej \u017eivijo samostojno, zaskrbljeni sorodniki\/skrbniki pa so razbremenjeni.<\/p>\n<p><img loading=\"lazy\" decoding=\"async\" src=\"https:\/\/james.care\/wp-content\/uploads\/2021\/06\/old-woman_beach-1-1024x696.jpg\" sizes=\"auto, (max-width: 800px) 100vw, 800px\" srcset=\"https:\/\/james.care\/wp-content\/uploads\/2021\/06\/old-woman_beach-1-1024x696.jpg 1024w, https:\/\/james.care\/wp-content\/uploads\/2021\/06\/old-woman_beach-1-300x204.jpg 300w, https:\/\/james.care\/wp-content\/uploads\/2021\/06\/old-woman_beach-1-768x522.jpg 768w, https:\/\/james.care\/wp-content\/uploads\/2021\/06\/old-woman_beach-1-1536x1044.jpg 1536w, https:\/\/james.care\/wp-content\/uploads\/2021\/06\/old-woman_beach-1-600x408.jpg 600w, https:\/\/james.care\/wp-content\/uploads\/2021\/06\/old-woman_beach-1.jpg 1800w\" alt=\"\" width=\"800\" height=\"544\" \/><br \/>\n<img loading=\"lazy\" decoding=\"async\" src=\"https:\/\/james.care\/wp-content\/uploads\/2021\/05\/elderly-woman_walker.png\" sizes=\"auto, (max-width: 1600px) 100vw, 1600px\" srcset=\"https:\/\/james.care\/wp-content\/uploads\/2021\/05\/elderly-woman_walker.png 1600w, https:\/\/james.care\/wp-content\/uploads\/2021\/05\/elderly-woman_walker-300x200.png 300w, https:\/\/james.care\/wp-content\/uploads\/2021\/05\/elderly-woman_walker-1024x683.png 1024w, https:\/\/james.care\/wp-content\/uploads\/2021\/05\/elderly-woman_walker-768x512.png 768w, https:\/\/james.care\/wp-content\/uploads\/2021\/05\/elderly-woman_walker-1536x1024.png 1536w, https:\/\/james.care\/wp-content\/uploads\/2021\/05\/elderly-woman_walker-600x400.png 600w\" alt=\"Alte Frau mit Gehhilfe vor Herbstbl\u00e4tterkulisse.\" width=\"1600\" height=\"1067\" \/><br \/>\n<img loading=\"lazy\" decoding=\"async\" src=\"https:\/\/james.care\/wp-content\/uploads\/2021\/05\/old_man_fall_stairs.png\" sizes=\"auto, (max-width: 1600px) 100vw, 1600px\" srcset=\"https:\/\/james.care\/wp-content\/uploads\/2021\/05\/old_man_fall_stairs.png 1600w, https:\/\/james.care\/wp-content\/uploads\/2021\/05\/old_man_fall_stairs-300x200.png 300w, https:\/\/james.care\/wp-content\/uploads\/2021\/05\/old_man_fall_stairs-1024x683.png 1024w, https:\/\/james.care\/wp-content\/uploads\/2021\/05\/old_man_fall_stairs-768x512.png 768w, https:\/\/james.care\/wp-content\/uploads\/2021\/05\/old_man_fall_stairs-1536x1024.png 1536w, https:\/\/james.care\/wp-content\/uploads\/2021\/05\/old_man_fall_stairs-600x400.png 600w\" alt=\"Gest\u00fcrzter Senior bei Treppe.\" width=\"1600\" height=\"1067\" \/><\/p>\n<h2>Za\u0161\u010dita pred pobegom in zaznavanje padcev.<\/h2>\n<h3>Nevidno za\u0161\u010ditno polje<\/h3>\n<p>Dodatna tarifa varuje osebe z demenco s pomo\u010djo natan\u010dne za\u0161\u010dite pred tavanjem, ki vklju\u010duje obmo\u010dje gibanja. Ta se lahko individualno prilagodi potrebam zadevne osebe (npr. 300 metrov okoli \u017eelene lokacije). \u010ce uporabnik ure zapusti nevidno za\u0161\u010ditno polje <strong>JAMES<\/strong> samodejno spro\u017ei alarm za sorodnike\/pomo\u010dnike. Hkrati poobla\u0161\u010dene osebe prejmejo alarmno besedilno sporo\u010dilo s to\u010dnim polo\u017eajem prizadete osebe.<\/p>\n<h3>Pomo\u010d, \u010de pride do najhuj\u0161ega<\/h3>\n<p>Starej\u0161e ali ranljive osebe pogosto \u017eivijo same in so v nujnih primerih pogosto prepu\u0161\u010dene same sebi. \u0160e posebej veliko tveganje predstavljajo padci in omedlevica. Sorodniki \u017eivijo v stalnem strahu, da jih v primeru nesre\u010de ne bo na mestu ali da bodo prepozni. Edinstvenost <strong>Odkrivanje padca JAMES<\/strong> omogo\u010da brezskrbno in neodvisno \u017eivljenje med \u0161tirimi stenami. Pametni senzor padca prepozna nenavadne faze po\u010ditka uporabnika ure in samodejno spro\u017ei alarm. Dru\u017einski \u010dlani in pomo\u010dniki prejmejo alarmni signal in polo\u017eaj ure neposredno na svoj pametni telefon. Ker v nujnih primerih \u0161teje vsaka sekunda.<\/p>","protected":false},"excerpt":{"rendered":"<p>Varnost in orientacija v primeru izrednih razmer. Dodatna tarifa z <strong>Zaznavanje neaktivnosti<\/strong> za padce in<b> Za\u0161\u010dita pred pobegom <\/b>(vklju\u010dno z individualno nastavljivimi<b> Obmo\u010dje gibanja<\/b>) za osebe z blago demenco.<\/p>","protected":false},"featured_media":1892,"template":"","meta":{"_acf_changed":false},"product_brand":[],"product_cat":[57],"product_tag":[],"class_list":{"0":"post-196","1":"product","2":"type-product","3":"status-publish","4":"has-post-thumbnail","6":"product_cat-unkategorisiert","8":"first","9":"instock","10":"taxable","11":"shipping-taxable","12":"purchasable","13":"product-type-variable-subscription"},"bundled_by":[],"bundle_stock_status":"instock","bundle_stock_quantity":null,"bundle_virtual":false,"bundle_layout":"","bundle_add_to_cart_form_location":"","bundle_editable_in_cart":false,"bundle_sold_individually_context":"","bundle_item_grouping":"","bundle_min_size":"","bundle_max_size":"","bundle_price":[],"bundled_items":[],"bundle_sell_ids":[],"exclude_global_add_ons":[],"addons":[],"acf":[],"_links":{"self":[{"href":"https:\/\/james.care\/sl\/wp-json\/wp\/v2\/product\/196","targetHints":{"allow":["GET"]}}],"collection":[{"href":"https:\/\/james.care\/sl\/wp-json\/wp\/v2\/product"}],"about":[{"href":"https:\/\/james.care\/sl\/wp-json\/wp\/v2\/types\/product"}],"wp:featuredmedia":[{"embeddable":true,"href":"https:\/\/james.care\/sl\/wp-json\/wp\/v2\/media\/1892"}],"wp:attachment":[{"href":"https:\/\/james.care\/sl\/wp-json\/wp\/v2\/media?parent=196"}],"wp:term":[{"taxonomy":"product_brand","embeddable":true,"href":"https:\/\/james.care\/sl\/wp-json\/wp\/v2\/product_brand?post=196"},{"taxonomy":"product_cat","embeddable":true,"href":"https:\/\/james.care\/sl\/wp-json\/wp\/v2\/product_cat?post=196"},{"taxonomy":"product_tag","embeddable":true,"href":"https:\/\/james.care\/sl\/wp-json\/wp\/v2\/product_tag?post=196"}],"curies":[{"name":"wp","href":"https:\/\/api.w.org\/{rel}","templated":true}]}}