{"id":175,"date":"2021-04-26T07:42:45","date_gmt":"2021-04-26T07:42:45","guid":{"rendered":"https:\/\/beta.myjames.shop\/?post_type=product&#038;p=175"},"modified":"2025-01-31T11:51:33","modified_gmt":"2025-01-31T10:51:33","slug":"telefonbuch","status":"publish","type":"product","link":"https:\/\/james.care\/sl\/izdelek\/telefonbuch\/","title":{"rendered":"Telefonski imenik JAMES"},"content":{"rendered":"<h2>Pozdravljeni, tukaj je JAMES!<\/h2>\n<p>Komunikacija in stik sta stebra osebnega dobrega po\u010dutja. Na spletni strani . <strong>JAMES ure za nujne primere<\/strong> delujejo kot pravi pametni telefoni! Z <em><strong>Telefonski imenik JAMES<\/strong> <\/em>se prika\u017eejo v va\u0161em <strong>JAMESova ura <\/strong>60 minut klica do trem stikom. Te lahko dolo\u010dite individualno v aplikaciji ali pa jih za vas vnesemo po telefonu. Delite dragocene trenutke s svojimi bli\u017enjimi.<\/p>\n<p><img loading=\"lazy\" decoding=\"async\" src=\"https:\/\/james.care\/wp-content\/uploads\/2021\/06\/old-woman_beach-1-1024x696.jpg\" sizes=\"auto, (max-width: 800px) 100vw, 800px\" srcset=\"https:\/\/james.care\/wp-content\/uploads\/2021\/06\/old-woman_beach-1-1024x696.jpg 1024w, https:\/\/james.care\/wp-content\/uploads\/2021\/06\/old-woman_beach-1-300x204.jpg 300w, https:\/\/james.care\/wp-content\/uploads\/2021\/06\/old-woman_beach-1-768x522.jpg 768w, https:\/\/james.care\/wp-content\/uploads\/2021\/06\/old-woman_beach-1-1536x1044.jpg 1536w, https:\/\/james.care\/wp-content\/uploads\/2021\/06\/old-woman_beach-1-600x408.jpg 600w, https:\/\/james.care\/wp-content\/uploads\/2021\/06\/old-woman_beach-1.jpg 1800w\" alt=\"\" width=\"800\" height=\"544\" \/><\/p>","protected":false},"excerpt":{"rendered":"<p>Pokli\u010dite svoje bli\u017enje z <strong>JAMES<\/strong> na. Spletna stran <strong>Telefonski imenik JAMES <\/strong>vam omogo\u010da <strong>60 minut klica<\/strong> za klice na tri izbrane stike (alarmi so izklju\u010deni iz paketa, saj so \u017ee vklju\u010deni v <strong>JAMES ABO<\/strong> so vklju\u010deni).<\/p>","protected":false},"featured_media":32100,"template":"","meta":{"_acf_changed":false},"product_brand":[],"product_cat":[22],"product_tag":[],"class_list":{"0":"post-175","1":"product","2":"type-product","3":"status-publish","4":"has-post-thumbnail","6":"product_cat-james-zusatztarife","8":"first","9":"instock","10":"taxable","11":"shipping-taxable","12":"purchasable","13":"product-type-variable-subscription"},"bundled_by":[],"bundle_stock_status":"instock","bundle_stock_quantity":null,"bundle_virtual":false,"bundle_layout":"","bundle_add_to_cart_form_location":"","bundle_editable_in_cart":false,"bundle_sold_individually_context":"","bundle_item_grouping":"","bundle_min_size":"","bundle_max_size":"","bundle_price":[],"bundled_items":[],"bundle_sell_ids":[],"exclude_global_add_ons":false,"addons":[{"name":"Informacije o pomo\u010dniku","type":"heading","position":0,"required":false,"title_format":"label","default":"","description_enable":false,"description":"","placeholder_enable":false,"placeholder":"","display":"select","restrictions_type":"any_text","adjust_price":false,"price":"","price_type":"","restrictions":false,"min":"0","max":"0","options":[]},{"name":"Informacije o pomo\u010dniku","type":"custom_textarea","position":0,"required":false,"title_format":"hide","default":"","description_enable":false,"description":"","placeholder_enable":false,"placeholder":"","display":"select","restrictions_type":"","adjust_price":false,"price":"","price_type":"quantity_based","restrictions":false,"min":"","max":"","options":[]},{"name":"Splo\u0161ne informacije za center za obve\u0161\u010danje v sili","type":"heading","position":0,"required":false,"title_format":"label","default":"","description_enable":true,"description":"npr: Kje je rezervni klju\u010d? Na koga se je treba obrniti v nujnih primerih? Kaj je s hi\u0161nimi ljubljen\u010dki?","placeholder_enable":false,"placeholder":"","display":"select","restrictions_type":"any_text","adjust_price":false,"price":"","price_type":"","restrictions":false,"min":"0","max":"0","options":[]},{"name":"Splo\u0161ne informacije za center za obve\u0161\u010danje v sili","type":"custom_textarea","position":0,"required":false,"title_format":"hide","default":"","description_enable":false,"description":"","placeholder_enable":false,"placeholder":"","display":"select","restrictions_type":"","adjust_price":false,"price":"","price_type":"quantity_based","restrictions":false,"min":"","max":"","options":[]},{"name":"\u0160tevilka IMEI","type":"custom_text","position":0,"required":false,"title_format":"heading","default":"","description_enable":true,"description":"Potrebno za aktivacijo izdelkov JAMES","placeholder_enable":false,"placeholder":"","display":"select","restrictions_type":"only_numbers","adjust_price":false,"price":"","price_type":"flat_fee","restrictions":true,"min":"15","max":"15","options":[],"id":1704201544}],"acf":[],"_links":{"self":[{"href":"https:\/\/james.care\/sl\/wp-json\/wp\/v2\/product\/175","targetHints":{"allow":["GET"]}}],"collection":[{"href":"https:\/\/james.care\/sl\/wp-json\/wp\/v2\/product"}],"about":[{"href":"https:\/\/james.care\/sl\/wp-json\/wp\/v2\/types\/product"}],"wp:featuredmedia":[{"embeddable":true,"href":"https:\/\/james.care\/sl\/wp-json\/wp\/v2\/media\/32100"}],"wp:attachment":[{"href":"https:\/\/james.care\/sl\/wp-json\/wp\/v2\/media?parent=175"}],"wp:term":[{"taxonomy":"product_brand","embeddable":true,"href":"https:\/\/james.care\/sl\/wp-json\/wp\/v2\/product_brand?post=175"},{"taxonomy":"product_cat","embeddable":true,"href":"https:\/\/james.care\/sl\/wp-json\/wp\/v2\/product_cat?post=175"},{"taxonomy":"product_tag","embeddable":true,"href":"https:\/\/james.care\/sl\/wp-json\/wp\/v2\/product_tag?post=175"}],"curies":[{"name":"wp","href":"https:\/\/api.w.org\/{rel}","templated":true}]}}