{"id":155883,"date":"2025-09-29T15:38:33","date_gmt":"2025-09-29T13:38:33","guid":{"rendered":"https:\/\/james.care\/?post_type=product&#038;p=155883"},"modified":"2025-11-27T11:54:25","modified_gmt":"2025-11-27T10:54:25","slug":"james-notrufuhr-r9","status":"publish","type":"product","link":"https:\/\/james.care\/sl\/izdelek\/james-notrufuhr-r9\/","title":{"rendered":"JAMESova ura za klic v sili R9"},"content":{"rendered":"<p><span class=\"s1\">Na\u0161a elegantna ura za klic v sili z okroglim videzom. Alarm s pritiskom na gumb in \u0161tevilne zdravstvene funkcije so zna\u010dilne za na\u0161 najnovej\u0161i model.<\/span><\/p>\n<ul>\n<li><span class=\"s1\">Opozarjanje z glasovnim klicem<\/span><\/li>\n<li class=\"p1\"><span class=\"s1\">Telefonija, vklju\u010dno s kartico SIM za gostovanje<\/span><\/li>\n<li class=\"p1\"><span class=\"s1\">Dolo\u010danje polo\u017eaja v sili<\/span><\/li>\n<li class=\"p1\"><span class=\"s1\">Pedometer<\/span><\/li>\n<li class=\"p1\"><span class=\"s1\">Zdravstvene funkcije<\/span><\/li>\n<li class=\"p1\"><span class=\"s1\">Opomniki in glasovna sporo\u010dila<\/span><\/li>\n<li>Tehnologija 4G<\/li>\n<li class=\"p1\"><span class=\"s1\">APP za sorodnike<\/span><\/li>\n<li class=\"p1\"><span class=\"s1\">Klicni center 24\/7 <i>(neobvezno)<span class=\"Apple-converted-space\">\u00a0<\/span><\/i><\/span><\/li>\n<\/ul>","protected":false},"excerpt":{"rendered":"<p class=\"p1\"><strong>Pametni krog s stilom<\/strong><\/p>\n<ul>\n<li>Okrogla enota za klic v sili<\/li>\n<li>Izbirni analogni\/digitalni prikaz ure<\/li>\n<li>z zaslonom na dotik<\/li>\n<li>Enostavno upravljanje<\/li>\n<li>s telefonom \/ funkcijo prostoro\u010dnega telefoniranja<\/li>\n<li>Lokalizacija GPS v sili<\/li>\n<li>Samodejno zaznavanje padcev<\/li>\n<li>Pedometer<\/li>\n<li>Monitor sr\u010dnega utripa<\/li>\n<li>Besedilna sporo\u010dila z zgodovino<\/li>\n<li>Koledar<\/li>\n<\/ul>","protected":false},"featured_media":155877,"template":"","meta":{"_acf_changed":false},"product_brand":[],"product_cat":[19],"product_tag":[181,180,182,183],"class_list":{"0":"post-155883","1":"product","2":"type-product","3":"status-publish","4":"has-post-thumbnail","6":"product_cat-james-notrufuhr","7":"product_tag-modell-r8","8":"product_tag-notrufuhr","9":"product_tag-sicherheitsuhr","10":"product_tag-uhr-fuer-senioren","11":"product_shipping_class-versicherter-versand","13":"first","14":"instock","15":"sold-individually","16":"taxable","17":"shipping-taxable","18":"purchasable","19":"product-type-variable"},"bundled_by":[],"bundle_stock_status":"instock","bundle_stock_quantity":null,"bundle_virtual":false,"bundle_layout":"","bundle_add_to_cart_form_location":"","bundle_editable_in_cart":false,"bundle_sold_individually_context":"","bundle_item_grouping":"","bundle_min_size":"","bundle_max_size":"","bundle_price":[],"bundled_items":[],"bundle_sell_ids":[],"exclude_global_add_ons":[],"addons":[],"acf":[],"_links":{"self":[{"href":"https:\/\/james.care\/sl\/wp-json\/wp\/v2\/product\/155883","targetHints":{"allow":["GET"]}}],"collection":[{"href":"https:\/\/james.care\/sl\/wp-json\/wp\/v2\/product"}],"about":[{"href":"https:\/\/james.care\/sl\/wp-json\/wp\/v2\/types\/product"}],"wp:featuredmedia":[{"embeddable":true,"href":"https:\/\/james.care\/sl\/wp-json\/wp\/v2\/media\/155877"}],"wp:attachment":[{"href":"https:\/\/james.care\/sl\/wp-json\/wp\/v2\/media?parent=155883"}],"wp:term":[{"taxonomy":"product_brand","embeddable":true,"href":"https:\/\/james.care\/sl\/wp-json\/wp\/v2\/product_brand?post=155883"},{"taxonomy":"product_cat","embeddable":true,"href":"https:\/\/james.care\/sl\/wp-json\/wp\/v2\/product_cat?post=155883"},{"taxonomy":"product_tag","embeddable":true,"href":"https:\/\/james.care\/sl\/wp-json\/wp\/v2\/product_tag?post=155883"}],"curies":[{"name":"wp","href":"https:\/\/api.w.org\/{rel}","templated":true}]}}