{"id":13179,"date":"2021-12-20T14:44:13","date_gmt":"2021-12-20T13:44:13","guid":{"rendered":"https:\/\/myjames.shop\/?post_type=product&#038;p=13179"},"modified":"2023-10-16T12:49:11","modified_gmt":"2023-10-16T10:49:11","slug":"videotelefonie","status":"publish","type":"product","link":"https:\/\/james.care\/sl\/izdelek\/videotelefonie\/","title":{"rendered":"Tarifa videotelefonije JAMES"},"content":{"rendered":"<h2>PREMIUM je pri podjetju JAMES najpomembnej\u0161a prednostna naloga.<\/h2>\n<p><strong>JAMES<\/strong> odlikujeta avstrijska kakovost in najbolj\u0161e storitve za stranke. Na spletni strani <strong>Podpora Premium<\/strong> vas podpira pri la\u017ejem vstopu v svet pametnih naprav in ponuja odgovore na vsa va\u0161a vpra\u0161anja o <strong>JAMES<\/strong>.<\/p>\n<p><img loading=\"lazy\" decoding=\"async\" src=\"https:\/\/james.care\/wp-content\/uploads\/2021\/05\/Peter_Susanne_dancing-1024x683.jpg\" sizes=\"auto, (max-width: 800px) 100vw, 800px\" srcset=\"https:\/\/james.care\/wp-content\/uploads\/2021\/05\/Peter_Susanne_dancing-1024x683.jpg 1024w, https:\/\/james.care\/wp-content\/uploads\/2021\/05\/Peter_Susanne_dancing-300x200.jpg 300w, https:\/\/james.care\/wp-content\/uploads\/2021\/05\/Peter_Susanne_dancing-768x512.jpg 768w, https:\/\/james.care\/wp-content\/uploads\/2021\/05\/Peter_Susanne_dancing-1536x1024.jpg 1536w, https:\/\/james.care\/wp-content\/uploads\/2021\/05\/Peter_Susanne_dancing-600x400.jpg 600w, https:\/\/james.care\/wp-content\/uploads\/2021\/05\/Peter_Susanne_dancing.jpg 1600w\" alt=\"Gl\u00fcckliches Seniorenpaar (Peter und Susanne) tanzt im Wohnzimmer\" width=\"800\" height=\"534\" \/><br \/>\n<img loading=\"lazy\" decoding=\"async\" src=\"https:\/\/james.care\/wp-content\/uploads\/2021\/05\/callcenter_premiumsupport.jpg\" sizes=\"auto, (max-width: 1600px) 100vw, 1600px\" srcset=\"https:\/\/james.care\/wp-content\/uploads\/2021\/05\/callcenter_premiumsupport.jpg 1600w, https:\/\/james.care\/wp-content\/uploads\/2021\/05\/callcenter_premiumsupport-300x200.jpg 300w, https:\/\/james.care\/wp-content\/uploads\/2021\/05\/callcenter_premiumsupport-1024x683.jpg 1024w, https:\/\/james.care\/wp-content\/uploads\/2021\/05\/callcenter_premiumsupport-768x512.jpg 768w, https:\/\/james.care\/wp-content\/uploads\/2021\/05\/callcenter_premiumsupport-1536x1024.jpg 1536w, https:\/\/james.care\/wp-content\/uploads\/2021\/05\/callcenter_premiumsupport-600x400.jpg 600w\" alt=\"\" width=\"1600\" height=\"1067\" \/><\/p>\n<h2>Vadba in podpora sta popolni.<\/h2>\n<p>Z dodatno tarifo vam je prijazno podporno osebje vedno na voljo za pomo\u010d in nasvete. Osebni sodelavec vam bo po telefonu pomagal aktivirati in nastaviti va\u0161 <strong>Izdelki JAMES<\/strong> po potrebi pa organizira tudi informativne delavnice za usposabljanje.<\/p>","protected":false},"excerpt":{"rendered":"<p><strong>Videotelefonija JAMES povezuje generacije<\/strong> Videotelefonija JAMES povezuje generacije ter odpira nove in preproste komunikacijske poti. S preprosto videotelefonijo lahko od blizu do\u017eivite obraze in glasove svojih bli\u017enjih. Tako so skupni trenutki mogo\u010di kljub razdalji, negibnosti, koroni itd. Poleg osebnih stikov lahko tabli\u010dni ra\u010dunalnik pove\u017eete tudi s poklicnimi negovalci, medicinskimi sestrami ali zdravniki. \u0160e posebej dragocene so vsakodnevne poizvedbe o telesnem\/psihi\u010dnem stanju.<\/p>","protected":false},"featured_media":13740,"template":"","meta":{"_acf_changed":false},"product_brand":[],"product_cat":[22],"product_tag":[],"class_list":{"0":"post-13179","1":"product","2":"type-product","3":"status-publish","4":"has-post-thumbnail","6":"product_cat-james-zusatztarife","8":"first","9":"instock","10":"downloadable","11":"virtual","12":"taxable","13":"purchasable","14":"product-type-subscription"},"bundled_by":[],"bundle_stock_status":"instock","bundle_stock_quantity":null,"bundle_virtual":false,"bundle_layout":"","bundle_add_to_cart_form_location":"","bundle_editable_in_cart":false,"bundle_sold_individually_context":"","bundle_item_grouping":"","bundle_min_size":"","bundle_max_size":"","bundle_price":[],"bundled_items":[],"bundle_sell_ids":[],"exclude_global_add_ons":false,"addons":[{"name":"Informacije o pomo\u010dniku","type":"heading","position":0,"required":false,"title_format":"label","default":"","description_enable":false,"description":"","placeholder_enable":false,"placeholder":"","display":"select","restrictions_type":"any_text","adjust_price":false,"price":"","price_type":"","restrictions":false,"min":"0","max":"0","options":[]},{"name":"Informacije o pomo\u010dniku","type":"custom_textarea","position":0,"required":false,"title_format":"hide","default":"","description_enable":false,"description":"","placeholder_enable":false,"placeholder":"","display":"select","restrictions_type":"","adjust_price":false,"price":"","price_type":"quantity_based","restrictions":false,"min":"","max":"","options":[]},{"name":"Splo\u0161ne informacije za center za obve\u0161\u010danje v sili","type":"heading","position":0,"required":false,"title_format":"label","default":"","description_enable":true,"description":"npr: Kje je rezervni klju\u010d? Na koga se je treba obrniti v nujnih primerih? Kaj je s hi\u0161nimi ljubljen\u010dki?","placeholder_enable":false,"placeholder":"","display":"select","restrictions_type":"any_text","adjust_price":false,"price":"","price_type":"","restrictions":false,"min":"0","max":"0","options":[]},{"name":"Splo\u0161ne informacije za center za obve\u0161\u010danje v sili","type":"custom_textarea","position":0,"required":false,"title_format":"hide","default":"","description_enable":false,"description":"","placeholder_enable":false,"placeholder":"","display":"select","restrictions_type":"","adjust_price":false,"price":"","price_type":"quantity_based","restrictions":false,"min":"","max":"","options":[]},{"name":"\u0160tevilka IMEI","type":"custom_text","position":0,"required":false,"title_format":"heading","default":"","description_enable":true,"description":"Potrebno za aktivacijo izdelkov JAMES","placeholder_enable":false,"placeholder":"","display":"select","restrictions_type":"only_numbers","adjust_price":false,"price":"","price_type":"flat_fee","restrictions":true,"min":"15","max":"15","options":[],"id":1704201544}],"acf":[],"_links":{"self":[{"href":"https:\/\/james.care\/sl\/wp-json\/wp\/v2\/product\/13179","targetHints":{"allow":["GET"]}}],"collection":[{"href":"https:\/\/james.care\/sl\/wp-json\/wp\/v2\/product"}],"about":[{"href":"https:\/\/james.care\/sl\/wp-json\/wp\/v2\/types\/product"}],"wp:featuredmedia":[{"embeddable":true,"href":"https:\/\/james.care\/sl\/wp-json\/wp\/v2\/media\/13740"}],"wp:attachment":[{"href":"https:\/\/james.care\/sl\/wp-json\/wp\/v2\/media?parent=13179"}],"wp:term":[{"taxonomy":"product_brand","embeddable":true,"href":"https:\/\/james.care\/sl\/wp-json\/wp\/v2\/product_brand?post=13179"},{"taxonomy":"product_cat","embeddable":true,"href":"https:\/\/james.care\/sl\/wp-json\/wp\/v2\/product_cat?post=13179"},{"taxonomy":"product_tag","embeddable":true,"href":"https:\/\/james.care\/sl\/wp-json\/wp\/v2\/product_tag?post=13179"}],"curies":[{"name":"wp","href":"https:\/\/api.w.org\/{rel}","templated":true}]}}