{"id":61,"date":"2021-04-23T09:00:58","date_gmt":"2021-04-23T09:00:58","guid":{"rendered":"https:\/\/beta.myjames.shop\/?page_id=61"},"modified":"2022-07-14T14:16:52","modified_gmt":"2022-07-14T12:16:52","slug":"der-mobile-hausnotruf-fuer-senioren-2","status":"publish","type":"page","link":"https:\/\/james.care\/sl\/der-mobile-hausnotruf-fuer-senioren-2\/","title":{"rendered":"Klic v sili za starej\u0161e ob\u010dane v mobilni hi\u0161i"},"content":{"rendered":"<h1>\n\t\t\t\t\tKlic v sili za mobilne hi\u0161e, ki re\u0161uje \u017eivljenja.<br \/>\n\t\t\t\t<\/h1>\n<h2>\n\t\t\t\t\tPomo\u010d je le ena<br \/>\n\t\t\t\t\tPritisnite gumb<br \/>\n\t\t\t\t\todstranjen.<br \/>\n\t\t\t\t\t<\/h2>\n<p>\t\t\t\t\t\t\t\t\t\t\t\t<img decoding=\"async\" width=\"800\" height=\"555\" src=\"https:\/\/james.care\/wp-content\/uploads\/2021\/04\/watches-photo-1024x710.png\" alt=\"Die JAMES Notrufuhren B6 und S6. erm\u00f6glichen Sicherheit mit dem mobilen Hausnotruf.\" loading=\"lazy\" srcset=\"https:\/\/james.care\/wp-content\/uploads\/2021\/04\/watches-photo-1024x710.png 1024w, https:\/\/james.care\/wp-content\/uploads\/2021\/04\/watches-photo-300x208.png 300w, https:\/\/james.care\/wp-content\/uploads\/2021\/04\/watches-photo-768x532.png 768w, https:\/\/james.care\/wp-content\/uploads\/2021\/04\/watches-photo-1536x1065.png 1536w, https:\/\/james.care\/wp-content\/uploads\/2021\/04\/watches-photo-600x416.png 600w, https:\/\/james.care\/wp-content\/uploads\/2021\/04\/watches-photo.png 1767w\" sizes=\"auto, (max-width: 800px) 100vw, 800px\" \/>\t\t\t\t\t\t\t\t\t\t\t\t\t\t<\/p>\n<pre>Ure za klic v sili JAMES starej\u0161im dr\u017eavljanom, njihovim sorodnikom in negovalcem zagotavljajo nov ob\u010dutek varnosti.\u00a0<\/pre>\n<p>\t\t\t\t\t\t\t\t\t\t\t\t<img decoding=\"async\" src=\"https:\/\/james.care\/wp-content\/uploads\/elementor\/thumbs\/james_logo_brands-1-plwu01dxsklrfxwkv0phonvdbr3794l8ekn44qj47o.png\" title=\"james_logo_brands\" alt=\"james_logo_brands\" \/>\t\t\t\t\t\t\t\t\t\t\t\t\t\t<\/p>\n<h2>...\u0161e ve\u010d partnerjev JAMES, <br \/>ter \u0161tevilne socialne organizacije in domovi za oskrbo.<\/h2>\n<p>\t\t\t<a href=\"https:\/\/james.care\/sl\/notrufuhr\/\" role=\"button\"><br \/>\n\t\t\t\t\t\tNaro\u010dite zdaj !<br \/>\n\t\t\t\t\t<\/a><br \/>\n\t\t\t<a href=\"https:\/\/james.care\/sl\/was-genau-ist-eine-notrufuhr-und-wie-funktioniert-sie\/\" role=\"button\"><br \/>\n\t\t\t\t\t\tVe\u010d informacij<br \/>\n\t\t\t\t\t<\/a><\/p>\n<h2>Odkrijte izdelke<\/h2>\n<h3>VARNOST<\/h3>\n<p><b>JAMES <\/b>omogo\u010da klic v sili iz mobilne hi\u0161e s pritiskom na gumb. V nujnem primeru se opravi klic med vami in va\u0161imi bli\u017enjimi: Ne le med \u0161tirimi stenami, ampak tudi, ko ste zunaj in na poti.<\/p>\n<h3>ZDRAVJE<\/h3>\n<p><b>JAMES<\/b> spodbuja va\u0161e gibanje. Digitalni angel varuh skrbi za va\u0161e zdravje. Va\u0161i vitalni parametri se digitalno bele\u017eijo in jih lahko po potrebi celo strokovno spremljate. Poleg tega vgrajeni pedometer dolo\u010da va\u0161 dnevni napredek.<i>koraki<\/i>.\u00a0<\/p>\n<h3>SKUPNOST<\/h3>\n<p>Socialna izolacija povzro\u010da bolezni. <br \/><b>JAMES<\/b> ni le varnostnik in angel varuh, ampak tudi spremljevalec. Zaradi preproste videotelefonije so starej\u0161i ljudje vedno v stiku z dru\u017eino, negovalci in zdravniki.<\/p>\n<h2>JAMES, klic v sili na mobilni hi\u0161i<\/h2>\n<h3>Varnost starej\u0161ih dr\u017eavljanov, oseb, ki potrebujejo za\u0161\u010dito, in socialnih ustanov<\/h3>\n<p>\t\tNagrajeni sistem za klic v sili <strong>JAMES<\/strong> omogo\u010da enostaven dostop do digitalnega sveta in podpira starej\u0161e dr\u017eavljane, da lahko \u017eivijo dlje, predvsem pa <strong>varnej\u0161i<\/strong> lahko \u017eivijo doma.\t\t<\/p>\n<p>Eleganca 24 ur na dan<\/p>\n<p id=\"headline-539-110\">\u0160tevilni starej\u0161i ljudje \u017eivijo sami in so zato prepu\u0161\u010deni sami sebi ne le v vsakdanjem \u017eivljenju, temve\u010d tudi v nevarnih situacijah. Sorodniki si \u017eelijo, da bi njihovi bli\u017enji \u017eiveli varno, zdravo in dru\u017eabno \u017eivljenje.<\/p>\n<p><i>\"Kaj \u010de moja mama pade in ne more vstati?\", \"Kaj pa dedkov krvni tlak?\"<\/i><\/p>\n<h3>Re\u0161itev je klic v sili na domu JAMES<\/h3>\n<p id=\"headline-544-110\" class=\"translation-block\">Na\u0161 sistem klica v sili za mobilne hi\u0161e je sestavljen iz ve\u010d popolnoma usklajenih komponent. Ure za klic v sili, ki jih je enostavno upravljati, in tabli\u010dni ra\u010dunalnik, prilagojen starej\u0161im, so osrednji del ponudbe izdelkov <strong>JAMES<\/strong>.<\/p>\n<p>Sistem klica v sili kot pametna celovita re\u0161itev zagotavlja varnost starej\u0161ih ob\u010danov, razbremenjuje svojce in odpravlja vrzeli v oskrbi.<\/p>\n<p><strong>JAMES<\/strong> je mogo\u010de prilagoditi potrebam in okoli\u0161\u010dinam uporabnikov.\u00a0<\/p>\n<h3>Delavec za varnost in zdravje pri delu<\/h3>\n<p id=\"headline-547-110\" class=\"translation-block\">Poslane alarme, polo\u017eaje, zdravstvene vrednosti itd. si lahko dru\u017einski \u010dlani kadar koli ogledajo v aplikaciji <strong>JAMES APP<\/strong> ali na spletnem portalu <strong>. V skladu s tem vam <strong>JAMES<\/strong> ponuja najve\u010djo vsestransko za\u0161\u010dito v stilu <strong>007<\/strong>.<\/p>\n<p>Ne glede na to, ali <strong>dru\u017eini prijazno<\/strong>, na <strong>Demenca<\/strong> poravnano ali <strong>24\/7<\/strong> - <strong>JAMES<\/strong> vas in va\u0161e bli\u017enje zanesljivo spremlja skozi \u017eivljenje. V skladu z na\u0161im credo:<\/p>\n<h2>Preprosto u\u017eivajte v vsakdanjem \u017eivljenju. <br \/>JAMES poskrbi za vse ostalo.<\/h2>\n<p>\t\t\t<a href=\"https:\/\/james.care\/sl\/was-genau-ist-eine-notrufuhr-und-wie-funktioniert-sie\/\" role=\"button\"><br \/>\n\t\t\t\t\t\tVe\u010d informacij<br \/>\n\t\t\t\t\t<\/a><br \/>\n\t\t\t\t\t\t\t\t\t\t\t\t<img decoding=\"async\" width=\"1600\" height=\"1067\" src=\"https:\/\/james.care\/wp-content\/uploads\/2021\/04\/shutterstock_635789672.jpg\" alt=\"Gl\u00fcckliche Seniorin (Elfriede) in der Natur, dank Hausnotrufsystem JAMES.\" loading=\"lazy\" srcset=\"https:\/\/james.care\/wp-content\/uploads\/2021\/04\/shutterstock_635789672.jpg 1600w, https:\/\/james.care\/wp-content\/uploads\/2021\/04\/shutterstock_635789672-300x200.jpg 300w, https:\/\/james.care\/wp-content\/uploads\/2021\/04\/shutterstock_635789672-1024x683.jpg 1024w, https:\/\/james.care\/wp-content\/uploads\/2021\/04\/shutterstock_635789672-768x512.jpg 768w, https:\/\/james.care\/wp-content\/uploads\/2021\/04\/shutterstock_635789672-1536x1024.jpg 1536w, https:\/\/james.care\/wp-content\/uploads\/2021\/04\/shutterstock_635789672-600x400.jpg 600w\" sizes=\"auto, (max-width: 1600px) 100vw, 1600px\" \/>\t\t\t\t\t\t\t\t\t\t\t\t\t\t<\/p>\n<h2>\u017divljenjske zgodbe<\/h2>\n<h3>Odkrijte na\u0161 klic v sili za mobilne hi\u0161e v akciji!<\/h3>\n<p>Dru\u017eina Kern u\u017eiva v <b>JAMES <\/b>nova svoboda in varnost 24 ur na dan. Simpati\u010dni dru\u017einski \u010dlani delijo svoje izku\u0161nje v osebnih zgodbah in dogodiv\u0161\u010dinah.<\/p>\n<p>\t\t\t<a href=\"https:\/\/james.care\/sl\/stories\/\" role=\"button\"><br \/>\n\t\t\t\t\t\t\u017divljenjske zgodbe &gt;<br \/>\n\t\t\t\t\t<\/a><\/p>\n<h2>Tehnologija se sre\u010da z znanostjo<\/h2>\n<p>Najvi\u0161ja kakovost iz <strong>ilogs healthcare<\/strong>vodilno podjetje na avstrijskem trgu programske opreme za mobilno oskrbo. <strong>JAMES<\/strong> je bil razvit v skrbnem sodelovanju s priznanimi univerzami in zdravstvenimi strokovnjaki.<\/p>\n<h3>Rezultat:<\/h3>\n<p>Izdelek, ki re\u0161uje \u017eivljenja, z najpreprostej\u0161im upravljanjem in inovativno tehnologijo. Te lastnosti cenijo tudi na\u0161i tiso\u010di zadovoljnih strank v Evropi in Severni Ameriki.<\/p>\n<h3>Vrhunske storitve in kakovost<\/h3>\n<p>Spletna stran <strong>Ekipa JAMES<\/strong> vam je na voljo in z veseljem odgovori na vsa va\u0161a vpra\u0161anja o <strong>Izdelki JAMES<\/strong> za.<\/p>\n<p>\t\t\t<a href=\"http:\/\/www.ilogs.care\" target=\"_blank\" role=\"button\" rel=\"noopener\"><br \/>\n\t\t\t\t\t\tVe\u010d informacij o ilogih &gt;<br \/>\n\t\t\t\t\t<\/a><br \/>\n\t\t\t\t\t\t\t\t\t\t\t\t<img decoding=\"async\" width=\"1000\" height=\"667\" src=\"https:\/\/james.care\/wp-content\/uploads\/2021\/04\/job_healthcare_image.png\" alt=\"Bildcollage. Senior bekommt die ilogs healthcare L\u00f6sungen erkl\u00e4rt.\" loading=\"lazy\" srcset=\"https:\/\/james.care\/wp-content\/uploads\/2021\/04\/job_healthcare_image.png 1000w, https:\/\/james.care\/wp-content\/uploads\/2021\/04\/job_healthcare_image-300x200.png 300w, https:\/\/james.care\/wp-content\/uploads\/2021\/04\/job_healthcare_image-768x512.png 768w, https:\/\/james.care\/wp-content\/uploads\/2021\/04\/job_healthcare_image-600x400.png 600w\" sizes=\"auto, (max-width: 1000px) 100vw, 1000px\" \/><br \/>\n\t\t\t\t\t\tZ zapestnico JAMES za nujne primere vedno vem, kako je z mamo. Aplikacija mi prikazuje njene dnevne korake. \u010ce do poldneva ne opazim gibanja, lahko vedno vpra\u0161am, ali je z njo vse v redu.<br \/>\n\t\t\t\t\t\t\t\t<cite>Gospa GoritschnigSkrbna h\u010di<\/cite><br \/>\n\t\t\t\t\t\tOdkar imam JAMES B6 s seboj na sprehodih, se po\u010dutim veliko varneje. \u010ce padem, mi ni treba ve\u010d skrbeti, da bi moral dolgo \u010dakati na pomo\u010d. Preprosto pritisnem gumb za klic v sili in moj sin bo poklican. Ura je tudi zelo modna.<br \/>\n\t\t\t\t\t\t\t\t<cite>Gospod AssingerUpokojeni starej\u0161i<\/cite><br \/>\n\t\t\t\t\t\t\u017divim sam in trpim zaradi omotice. Pred kratkim sem omedlel v kuhinji in se udaril v glavo. Vendar se je senzor padca na fantasti\u010dni uri JAMES takoj odzval in po kratkem \u010dasu samodejno poklical moj center za klic v sili. Odkar imam uro JAMES, se v svojem domu po\u010dutim varneje kot kdaj koli prej.<br \/>\n\t\t\t\t\t\t\t\t<cite>Gospa FritzSamski starej\u0161i dr\u017eavljan<\/cite><br \/>\n\t\t\t\t\t\tMoj o\u010de ima demenco in \u017eivi v domu za ostarele. Za njegovo varnost nosi uro JAMES za nujne primere S6 z za\u0161\u010dito pred tavanjem. Njegova oskrbovalna organizacija uporablja tudi tabli\u010dni ra\u010dunalnik JAMES za video klice. Zaradi tabli\u010dnega ra\u010dunalnika ga lahko brez skrbi vidim prek video klica, tudi med pandemijo.<br \/>\n\t\t\t\t\t\t\t\t<cite>Gospa HuberH\u010derka bolnika z demenco<\/cite><br \/>\n\t\t\t\t\t\t\t\t\t\t\t\t\t\tPrej\u0161nji<br \/>\n\t\t\t\t\t\t\t\t\t\t\t\t\t\tNaslednji<\/p>","protected":false},"excerpt":{"rendered":"<p>Der mobile Hausnotruf, der Leben rettet. Hilfe ist nur einen Knopfdruck entfernt. Die JAMES Notrufuhren schenken Senioren, deren Angeh\u00f6rigen und Pflegern neue Sicherheit.\u00a0 ..viele weitere JAMES Partner, sowie viele Sozialverb\u00e4nde und Pflegeheime. Jetzt bestellen ! Mehr Informationen Produkte entdecken SICHERHEIT JAMES erm\u00f6glicht den mobilen Hausnotruf auf Knopfdruck. Im Notfall wird ein Anruf zwischen Ihnen und [&hellip;]<\/p>\n","protected":false},"author":2,"featured_media":0,"parent":0,"menu_order":0,"comment_status":"closed","ping_status":"closed","template":"","meta":{"_acf_changed":false,"_breakdance_hide_in_design_set":false,"_breakdance_tags":"","footnotes":""},"class_list":["post-61","page","type-page","status-publish","hentry"],"acf":[],"_links":{"self":[{"href":"https:\/\/james.care\/sl\/wp-json\/wp\/v2\/pages\/61","targetHints":{"allow":["GET"]}}],"collection":[{"href":"https:\/\/james.care\/sl\/wp-json\/wp\/v2\/pages"}],"about":[{"href":"https:\/\/james.care\/sl\/wp-json\/wp\/v2\/types\/page"}],"author":[{"embeddable":true,"href":"https:\/\/james.care\/sl\/wp-json\/wp\/v2\/users\/2"}],"replies":[{"embeddable":true,"href":"https:\/\/james.care\/sl\/wp-json\/wp\/v2\/comments?post=61"}],"version-history":[{"count":0,"href":"https:\/\/james.care\/sl\/wp-json\/wp\/v2\/pages\/61\/revisions"}],"wp:attachment":[{"href":"https:\/\/james.care\/sl\/wp-json\/wp\/v2\/media?parent=61"}],"curies":[{"name":"wp","href":"https:\/\/api.w.org\/{rel}","templated":true}]}}