{"id":57093,"date":"2024-07-03T08:48:10","date_gmt":"2024-07-03T06:48:10","guid":{"rendered":"https:\/\/james.care\/?page_id=57093"},"modified":"2024-07-18T08:40:38","modified_gmt":"2024-07-18T06:40:38","slug":"vergleich","status":"publish","type":"page","link":"https:\/\/james.care\/sl\/vergleich\/","title":{"rendered":"Primerjalna tabela - pregled vseh zasilnih stra\u017e JAMES"},"content":{"rendered":"<section class=\"bde-section-57093-100 bde-section\">\n              \n  \n  \n\t\n\n  <div class=\"section-background-overlay\"><\/div>\n\n\n<div class=\"section-container\"><h2 class=\"bde-heading-57093-101 bde-heading\">\nJAMES v primerjavi z urniki za nujne primere\n<\/h2><div class=\"bde-rich-text-57093-110 bde-rich-text breakdance-rich-text-styles\">\n<p>Vsi modeli ur JAMES za klic v sili izpolnjujejo merila za uro za klic v sili. Vendar se razlikujejo po videzu in funkcijah. <strong>Poi\u0161\u010dite pravo uro za vas!<\/strong><\/p>\n<\/div><div class=\"bde-columns-57093-103 bde-columns\"><div class=\"bde-column-57093-104 bde-column\">\n  \n  \n\t\n\n\n\n<h4 class=\"bde-heading-57093-105 bde-heading\">\nNaro\u010dite zdaj\n<\/h4><div class=\"bde-text-57093-106 bde-text\">\nVklju\u010dno s 30-dnevno brezpla\u010dno tarifo za klic v sili\n<\/div>\n<\/div><div class=\"bde-column-57093-107 bde-column\">\n  \n  \n\t\n\n\n\n<div class=\"bde-button-57093-108 bde-button\">\n    \n                        \n                        \n    \n    \n    \n    \n            \n            <button type=\"button\" class=\"button-atom button-atom--secondary bde-button__button\"  >\n    \n        <span class=\"button-atom__text\">v trgovino<\/span>\n\n        \n        \n            <\/button>\n    \n\n\n<\/div>\n<\/div><\/div><\/div>\n<\/section>","protected":false},"excerpt":{"rendered":"<p>Primerjava ur za klic v sili JAMES Vsi modeli ur za klic v sili JAMES izpolnjujejo merila ur za klic v sili. Vendar se razlikujejo po videzu in funkcijah. Poi\u0161\u010dite pravo uro za vas! Naro\u010dite zdaj, vklju\u010dno z brezpla\u010dno 30-dnevno tarifo za klic v sili v trgovini<\/p>","protected":false},"author":1,"featured_media":0,"parent":0,"menu_order":0,"comment_status":"closed","ping_status":"closed","template":"","meta":{"_acf_changed":false,"_breakdance_hide_in_design_set":false,"_breakdance_tags":"","footnotes":""},"class_list":["post-57093","page","type-page","status-publish","hentry"],"acf":[],"_links":{"self":[{"href":"https:\/\/james.care\/sl\/wp-json\/wp\/v2\/pages\/57093","targetHints":{"allow":["GET"]}}],"collection":[{"href":"https:\/\/james.care\/sl\/wp-json\/wp\/v2\/pages"}],"about":[{"href":"https:\/\/james.care\/sl\/wp-json\/wp\/v2\/types\/page"}],"author":[{"embeddable":true,"href":"https:\/\/james.care\/sl\/wp-json\/wp\/v2\/users\/1"}],"replies":[{"embeddable":true,"href":"https:\/\/james.care\/sl\/wp-json\/wp\/v2\/comments?post=57093"}],"version-history":[{"count":0,"href":"https:\/\/james.care\/sl\/wp-json\/wp\/v2\/pages\/57093\/revisions"}],"wp:attachment":[{"href":"https:\/\/james.care\/sl\/wp-json\/wp\/v2\/media?parent=57093"}],"curies":[{"name":"wp","href":"https:\/\/api.w.org\/{rel}","templated":true}]}}