{"id":3966,"date":"2021-06-10T11:01:53","date_gmt":"2021-06-10T09:01:53","guid":{"rendered":"https:\/\/beta.myjames.shop\/?page_id=3966"},"modified":"2021-06-28T13:56:43","modified_gmt":"2021-06-28T11:56:43","slug":"versand-retouren","status":"publish","type":"page","link":"https:\/\/james.care\/sl\/versand-retouren\/","title":{"rendered":"Dostava in vra\u010dila"},"content":{"rendered":"<h1>Dostava in vra\u010dila<\/h1>\n<h2>Dostava<\/h2>\n<ul>\n<li>Trenutno dostavljamo v Avstrijo in Nem\u010dijo. Na spletni strani <strong>Paketi JAMES<\/strong> se bo uporabljal z <em>Austrian Post AG<\/em> in . <em>Po\u0161tni nabiralniki itd.<\/em> dostavljeno.<\/li>\n<li>Prosimo, dajte nam nekaj \u010dasa, da pripravimo va\u0161e naro\u010dilo za odpremo. Obi\u010dajno naro\u010dila odpo\u0161ljemo v 48 urah, vendar lahko nekatera naro\u010dila trajajo nekoliko dlje.<\/li>\n<li>\u010ce je bila po\u0161iljka \u017ee poslana, vendar \u0161e ni prispela, najprej preverite, ali je ostala v va\u0161i bli\u017eini. \u010ce temu ni tako in se stanje odpreme v petih dneh ni spremenilo, se obrnite na nas. <a href=\"mailto: hilfe@myjames.shop\">Pi\u0161ite nam<\/a> na.<\/li>\n<\/ul>\n<h3>Avstrija<\/h3>\n<p>Va\u0161 paket bomo poslali v 3 delovnih dneh. Po datumu odpreme bo va\u0161e naro\u010dilo prispelo v naslednjih 2-5 delovnih dneh.\u00a0<\/p>\n<p>Stro\u0161ki dostave:<strong> \u20ac 4,90<\/strong>.\u00a0<\/p>\n<h3>Nem\u010dija<\/h3>\n<p>Va\u0161 paket bomo poslali v 3 delovnih dneh. Po datumu odpreme bo va\u0161e naro\u010dilo prispelo v naslednjih 2-5 delovnih dneh.\u00a0<\/p>\n<p>Stro\u0161ki dostave:<strong> \u20ac 8,-<\/strong>.\u00a0<\/p>\n<h2>Vra\u010da<\/h2>\n<p>Uporabite lahko svoj <strong>Izdelek JAMES<\/strong> na spletnem naslovu . <strong>14 dni <\/strong>nam ga vrnete tako, da ga po\u0161ljete iz svojega <strong><a href=\"https:\/\/james.care\/sl\/widerruf\/\">Pravica do preklica<\/a> <\/strong>ga uporabite. Obrnite se na na\u0161 <strong><a href=\"mailto: hilfe@myjames.shop\">Podpora strankam<\/a> <\/strong>ali nam neposredno po\u0161ljite izpolnjen obrazec za povpra\u0161evanje<a href=\"https:\/\/james.care\/wp-content\/uploads\/2021\/04\/Muster-Widerrufsformular_Shop.pdf\" target=\"_blank\" rel=\"noopener\"> Obrazec za preklic<\/a>. Prejeli boste potrdilo o vra\u010dilu, vklju\u010dno z etiketo za vra\u010dilo.<\/p>\n<p>Va\u0161 znesek nakupa bo nakazan v 30 dneh po prejemu vra\u010dila - vedno v skladu z na\u010dinom pla\u010dila, ki ste ga izbrali ob naro\u010dilu.\u00a0<\/p>","protected":false},"excerpt":{"rendered":"<p>Versand &amp; Retouren Versand Aktuell liefern wir nach \u00d6sterreich und Deutschland. Die JAMES Pakete werden mit der mit der \u00d6sterreichischen Post AG und Mail Boxes Etc. zugestellt. Bitte geben Sie uns etwas Zeit, Ihre Bestellung f\u00fcr den Versand vorzubereiten. In der Regel versenden wir Bestellungen innerhalb von 48 Stunden, bei einigen Bestellungen kann es jedoch [&hellip;]<\/p>\n","protected":false},"author":2,"featured_media":0,"parent":0,"menu_order":0,"comment_status":"closed","ping_status":"closed","template":"","meta":{"_acf_changed":false,"_breakdance_hide_in_design_set":false,"_breakdance_tags":"","footnotes":""},"class_list":["post-3966","page","type-page","status-publish","hentry"],"acf":[],"_links":{"self":[{"href":"https:\/\/james.care\/sl\/wp-json\/wp\/v2\/pages\/3966","targetHints":{"allow":["GET"]}}],"collection":[{"href":"https:\/\/james.care\/sl\/wp-json\/wp\/v2\/pages"}],"about":[{"href":"https:\/\/james.care\/sl\/wp-json\/wp\/v2\/types\/page"}],"author":[{"embeddable":true,"href":"https:\/\/james.care\/sl\/wp-json\/wp\/v2\/users\/2"}],"replies":[{"embeddable":true,"href":"https:\/\/james.care\/sl\/wp-json\/wp\/v2\/comments?post=3966"}],"version-history":[{"count":0,"href":"https:\/\/james.care\/sl\/wp-json\/wp\/v2\/pages\/3966\/revisions"}],"wp:attachment":[{"href":"https:\/\/james.care\/sl\/wp-json\/wp\/v2\/media?parent=3966"}],"curies":[{"name":"wp","href":"https:\/\/api.w.org\/{rel}","templated":true}]}}