{"id":34879,"date":"2023-11-21T09:15:54","date_gmt":"2023-11-21T08:15:54","guid":{"rendered":"https:\/\/myjames.shop\/?page_id=34879"},"modified":"2025-07-15T12:59:57","modified_gmt":"2025-07-15T10:59:57","slug":"agb","status":"publish","type":"page","link":"https:\/\/james.care\/sl\/business\/agb\/","title":{"rendered":"Splo\u0161ni pogoji poslovanja (B2B) za poslovne partnerje"},"content":{"rendered":"<section class=\"bde-section-34879-125 bde-section\">\n  \n  \n\t\n\n\n\n<div class=\"section-container\"><h1 class=\"bde-heading-34879-126 bde-heading\">\nSplo\u0161ni pogoji in dolo\u010dila\n<\/h1><h3 class=\"bde-heading-34879-127 bde-heading\">\nza poslovne stranke (B2B) \n<\/h3><div class=\"bde-rich-text-34879-128 bde-rich-text breakdance-rich-text-styles\">\n<p>podjetij ILOGS v EU, Zdru\u017eenem kraljestvu in \u0160vici<br \/>Status: 1. julij 2025<br \/>\u00a0<br \/>Splet: <strong>ilogs.care<\/strong><\/p>\n<p>\u00a0<\/p>\n<\/div><div class=\"bde-grid-34879-150 bde-grid\">\n  \n  \n\t\n\n\n\n<div class=\"bde-rich-text-34879-138 bde-rich-text breakdance-rich-text-styles\">\n<p><strong>Lokacija: Avstrija<\/strong><br \/>ilogs healthcare GmbH<br \/>Registrska \u0161tevilka podjetja: 481242i<br \/>UID: ATU72724778<br \/>Krone Platz 1, 9020 Celovec, Avstrija<br \/>Generalni direktor: Dr. Walter Liebhart<br \/>Telefon: +43 463 305 003 - 9<br \/>Po\u0161ta: office@ilogs.care, support@ilogs.care<\/p>\n<\/div><div class=\"bde-rich-text-34879-139 bde-rich-text breakdance-rich-text-styles\">\n<p><strong>Lokacija: Nem\u010dija<\/strong><br \/>ilogs healthcare GmbH<br \/>HRB: HRB 281974 <br \/>UID: DE360009706<br \/>Konrad-Zuse-Platz 8, 81829 M\u00fcnchen, Nem\u010dija<br \/>Direktorja: Dr. Walter Liebhart, Manuel Paul<br \/>Telefon: +49 89 54196043 - 9<br \/>Po\u0161ta: office-de@ilogs.care, support-de@ilogs.care <br \/>\u00a0<\/p>\n<\/div><div class=\"bde-rich-text-34879-144 bde-rich-text breakdance-rich-text-styles\">\n<p><strong>Lokacija: \u0160vica<\/strong><br \/>ilogs healthcare GmbH<br \/>HRB: CHE-467.567.318<br \/>UID: CHE-467.567.318 Flurstrasse 30, 8048 Z\u00fcrich, \u0160vica<br \/>Generalni direktor: Marco Hauser<br \/>Telefon: +41 44797358 - 9<br \/>Po\u0161ta: office-ch@ilogs.care, support-ch@ilogs.care<\/p>\n<p>\u00a0<\/p>\n<\/div><div class=\"bde-rich-text-34879-145 bde-rich-text breakdance-rich-text-styles\">\n<p><strong>Lokacija: Zdru\u017eeno kraljestvo<\/strong><br \/>iLogs UK Ltd<br \/>HRB: 10376348<br \/>UID: 258355479<br \/>4th Floor, St James House, St James Square, Cheltenham GL50 3PR, Zdru\u017eeno kraljestvo<br \/>Direktorja: Ian Lester, Andreas Jansa<br \/>Telefon: +44 120 290 673 - 9<br \/>Po\u0161ta: office-uk@ilogs.care, support-uk@ilogs.care<\/p>\n<\/div>\n<\/div><div class=\"bde-rich-text-34879-149 bde-rich-text breakdance-rich-text-styles\">\n<p>Kraj izpolnitve in pristojnost: ustrezna lokacija<\/p>\n<p>\u00a0<\/p>\n<\/div><div class=\"bde-rich-text-34879-129 bde-rich-text breakdance-rich-text-styles\">\n<h2>1. SPLO\u0160NO<\/h2>\n<p>(2) Vse dobave in storitve, ki jih ilogs zagotavlja strankam, se izvajajo izklju\u010dno na podlagi naslednjih splo\u0161nih pogojev v razli\u010dici, veljavni v \u010dasu naro\u010dila.<\/p>\n<p>Splo\u0161ni pogoji kakr\u0161ne koli vrste, ki so v nasprotju s temi pogoji, se \u0161tejejo za nevklju\u010dene in so pravno neveljavni.<\/p>\n<h3>1.1 OPREDELITEV POJMOV<\/h3>\n<p>Razlaga izrazov, uporabljenih v teh splo\u0161nih pogojih poslovanja.<\/p>\n<p><strong>a) NARO\u010cNIK<\/strong>: V teh splo\u0161nih pogojih poslovanja se izraz NARO\u010cNIK uporablja v naslednjih primerih:<\/p>\n<ul>\n<li>NARO\u010cNIK kupuje izdelke in storitve JAMES in jih daje v uporabo neposredno UPORABNIKOM, npr. oskrbovalnim ustanovam, ki stanovalce opremijo z izdelki in storitvami JAMES, ali podjetjem, ki zaposlujejo samotne delavce.<\/li>\n<li>NARO\u010cNIK kupuje izdelke in storitve JAMES pri ILOGS, jih prodaja svojim strankam in jih samostojno upravlja v portalu JAMES ADMIN PORTAL, npr. organizacije za klic v sili.<\/li>\n<li>NARO\u010cNIK od ILOGS-a kupuje le strojne izdelke (brez storitev) in jih prodaja naprej svojim strankam. nima dostopa do portala JAMES ADMIN PORTAL, npr. trgovci na drobno brez povezave in spletni trgovci na drobno.<\/li>\n<\/ul>\n<p><strong>b) ADMINISTRATOR<\/strong>upravlja in konfigurira kupljene izdelke in storitve JAMES v portalu James ADMIN PORTAL.<\/p>\n<p><strong>c) PODPORNIK<\/strong>uporablja izdelke in storitve JAMES, npr. nosi uro JAMES.<\/p>\n<p><strong>d) KONTAKT<\/strong>ima dostop do podatkov o posameznem oskrbovalcu in lahko prejema alarme in opozorila, \u010de to odobri KLIENT. npr. dru\u017einski \u010dlani oskrbovalca: dru\u017einski \u010dlani oskrbovanca.<\/p>\n<p><strong>e) Naprava za klic v sili<\/strong>To je lahko na primer ura, sledilna naprava, aplikacija za pametni telefon ali druge alarmne naprave, ki jih bo ILOGS ponudil v prihodnosti.<\/p>\n<p><strong>f) Podpora ILOGS<\/strong>Storitve za stranke iz ILOGS. Kontaktne podatke za podporo najdete na na\u0161i spletni strani ilogs.care.<\/p>\n<p><strong>g) ADMIN PORTAL<\/strong>Spletni portal, prek katerega lahko NARO\u010cNIK upravlja napravo za klic v sili, NARO\u010cNIKE in TARIFE.<\/p>\n<p><strong>h) TARIFA<\/strong>Teko\u010di stro\u0161ki storitev.<\/p>\n<h3>1.2 OBVOD<\/h3>\n<p>Ti splo\u0161ni pogoji urejajo nakup in uporabo izdelkov in storitev ILOGS. Ti vklju\u010dujejo sistem JAMES Telecare, re\u0161itev v oblaku, ki jo sestavljajo aplikacije, vmesniki API, strojne komponente, vmesniki s sistemi in storitvami tretjih oseb.<\/p>\n<h3>1.3 VELJAVNOST<\/h3>\n<p>Ti splo\u0161ni pogoji veljajo za ILOGS-ove stranke, ki so kupile izdelke JAMES neposredno pri ILOGS-u. \u010ce so bili izdelki JAMES kupljeni pri tretjih prodajnih partnerjih, veljajo pogodbeni pogoji prodajnih partnerjev.<\/p>\n<p>\u00a0<\/p>\n<\/div><div class=\"bde-rich-text-34879-130 bde-rich-text breakdance-rich-text-styles\">\n<h2>2. naro\u010danje, dobava in izdajanje ra\u010dunov<\/h2>\n<h3>2.1 SKLENITEV POGODBE<\/h3>\n<p>Pogodba je sklenjena s podpisom pogodbe ali s strinjanjem s temi splo\u0161nimi pogoji poslovanja. Naro\u010dila se oddajo prek spletne trgovine, ki jo zagotavlja ILOGS, ali po elektronski po\u0161ti na lokalni elektronski naslov podpore ILOGS. Naro\u010dilo je za NARO\u010cNIKA zavezujo\u010de takoj, ko ga ILOGS potrdi.<\/p>\n<h3>2.2 POGOJI DOSTAVE<\/h3>\n<p>a) Pri\u010dakovani datum dostave je objavljen ob potrditvi naro\u010dila. Za blago, ki je na zalogi, je to obi\u010dajno 5 do 10 delovnih dni. NARO\u010cNIK je takoj obve\u0161\u010den o morebitnih zamudah pri dobavi. Te informacije so brez jamstva.<\/p>\n<p>b) Za blago, ki v \u010dasu naro\u010dila NARO\u010cNIKA ni na zalogi, je lahko dobavni rok do 8 tednov. Pri\u010dakovani datum dobave bo objavljen ob potrditvi naro\u010dila, tudi \u010de blago ni na zalogi.<\/p>\n<p>c) \u010ce naro\u010dila odpo\u0161lje \u0161pediter, ki ga dolo\u010di ILOGS, stro\u0161ki po\u0161iljanja bremenijo NARO\u010cNIKA. ILOGS si prizadeva, da bi bila dostava \u010dim bolj stro\u0161kovno u\u010dinkovita.<\/p>\n<p>d) \u010ce je NARO\u010cNIK sam sklenil pogodbo o prevozu, ne da bi uporabil mo\u017enost izbire, ki smo jo predlagali mi, preide tveganje na prevoznika takoj, ko je blago izro\u010deno prevozniku.<\/p>\n<h3>2.3 PO\u0160KODBE PRI PREVOZU<\/h3>\n<p>a) \u010ce je blago dostavljeno z o\u010ditnimi po\u0161kodbami embala\u017ee ali vsebine, se mora NARO\u010cNIK nemudoma prito\u017eiti zadevnemu dostavljavcu in zavrniti prevzem brez poseganja v svoje garancijske pravice.<\/p>\n<p>b) ILOGS mora biti o \u0161kodi obve\u0161\u010den prek ustreznih lokalnih kontaktnih podatkov, da lahko ILOGS za\u0161\u010diti morebitne pravice do proizvajalca in dostavljavca.<\/p>\n<h3>2.4 PLA\u010cILNI POGOJI<\/h3>\n<p>a) Cene temeljijo na ceniku, veljavnem v \u010dasu naro\u010dila, in vklju\u010dujejo vse stro\u0161ke, nastale v zvezi z odpremo. \u010ce ni druga\u010de dogovorjeno, se ra\u010duni izstavljajo v evrih.<\/p>\n<p>b) Cene so indeksirane na podlagi avstrijskega indeksa cen \u017eivljenjskih potreb\u0161\u010din (CPI) 2021 ali indeksa, ki ga nadome\u0161\u010da. Podlaga za izra\u010dun za\u0161\u010dite vrednosti je podatek o indeksu, objavljen za mesec, v katerem se pogodba za\u010dne izvajati. Cene se prilagodijo vsako leto.<\/p>\n<p>c) Pla\u010dilni rok za nakup strojne opreme je 10 dni od datuma ra\u010duna. Datum ra\u010duna je enak datumu odpreme.<\/p>\n<h3>2.5 Rezerva za nakup strojne opreme<\/h3>\n<p>\u010ce je strojna oprema kupljena pri ILOGS, veljajo naslednji pogoji:<\/p>\n<p>a) ILOGS obdr\u017ei lastni\u0161tvo nad dobavljenimi storitvami ali blagom ali mediji, ki smo jih obdelali ali ustvarili, dokler ne prejme vseh pla\u010dil, ki izhajajo iz poslovnega odnosa s stranko. \u010ce NARO\u010cNIK ponovno proda blago, za katero velja pridr\u017eek lastninske pravice, mora prav tako prenesti pridr\u017eek lastninske pravice. NARO\u010cNIK nas mora takoj obvestiti o vsakem dostopu tretjih oseb do na\u0161ega blaga, ki je predmet pridr\u017eka lastninske pravice. Zastave, zavarovalni prenosi in podobno z blagom, ki je predmet pridr\u017eka lastninske pravice, so dovoljeni le z na\u0161im predhodnim soglasjem.<\/p>\n<p>b) \u010ce pla\u010dilo ni izvedeno takoj po opominu, je treba blago s pridr\u017ekom lastninske pravice nemudoma vrniti, ILOGS pa ima pravico odstopiti od kupoprodajne pogodbe. Stro\u0161ke vra\u010dila nosi<\/p>\n<h3>2.6 NAJEM STROJNE OPREME<\/h3>\n<p>\u010ce se strojna oprema ILOGS najame, veljajo naslednji pogoji:<\/p>\n<p>a) Predmet najema je na voljo za uporabo proti pla\u010dilu mese\u010dne najemnine na podlagi trenutno veljavnega cenika.<\/p>\n<p>b) Obra\u010dun najemnine (najemnine za strojno opremo in ne tarife) se za\u010dne z izro\u010ditvijo<\/p>\n<p>c) Najkraj\u0161e obdobje najema je 18 mesecev.<\/p>\n<p>d) Po izteku minimalnega obdobja lahko najem prekli\u010dete ali prekinete na mese\u010dni osnovi.<\/p>\n<p>e) Najemnina se pla\u010da vsak mesec vnaprej na datum dostave in se samodejno podalj\u0161a za nadaljnji mesec, \u010de se najemnina ne odpove ali ustavi po izteku minimalnega obdobja.<\/p>\n<p>f) Vse najemnine, ki zapadejo v pla\u010dilo za mesec, se poravnajo ob koncu meseca s skupnim ra\u010dunom.<\/p>\n<p>g) Prekinjeno najemnino je mogo\u010de kadar koli ponovno aktivirati; novi datum poravnave je datum aktivacije.<\/p>\n<p>h) Po preklicu pogodbe o najemu se lahko predmet najema in dodatki vrnejo ILOGS-u samo na izrecno zahtevo; NARO\u010cNIK nosi stro\u0161ke povratne po\u0161iljke.<\/p>\n<h3>2.7 GARANCIJA<\/h3>\n<p>a) Garancijski rok za nakup strojne opreme je dvanajst mesecev od dobave.<\/p>\n<p>b) V primeru najema strojne opreme garancija velja za obra\u010dunana in pla\u010dana obdobja najema (za odpovedana, prekinjena ali nepla\u010dana obdobja najema garancija ne velja).<\/p>\n<p>c) Iz garancije so izklju\u010dene po\u0161kodbe nosljivih delov (steklo ure, pas ure, praske itd.) in po\u0161kodbe zaradi nepravilnega ravnanja (npr. ravnanje z agresivnimi teko\u010dinami, nepravilni postopki polnjenja).<\/p>\n<p>d) Dobavljene in name\u0161\u010dene kartice SIM je mogo\u010de zamenjati le s soglasjem ILOGS.<\/p>\n<p>e) Kakr\u0161ne koli druge spremembe na dobavljenih napravah niso dovoljene in bodo imele za posledico razveljavitev garancije.<\/p>\n<p>f) O morebitnih napakah ali nepravilnih dobavah je treba ILOGS pisno (po elektronski po\u0161ti ali v pismu) obvestiti takoj po dostavi.<\/p>\n<p>NARO\u010cNIK nosi celotno dokazno breme glede vseh pogojev za zahtevek, zlasti glede same napake, \u010dasa odkritja napake in pravo\u010dasnosti obvestila o napaki.<\/p>\n<h3>2.8 PORO\u010cANJE, ANALIZA IN ZAMENJAVA NAPAK<\/h3>\n<p>Za NARO\u010cNIKE, ki kupujejo izdelke in storitve JAMES pri ILOGS in sami podpirajo svoje stranke, veljajo naslednji dodatni predpisi za prijavo napak, analizo in zamenjavo v garancijskem roku:<\/p>\n<p>a) Napake, ki se pojavijo le med delovanjem, mora NARO\u010cNIK analizirati in o njih poro\u010dati ILOGS v skladu s specifikacijami ILOGS, vklju\u010dno z rezultati analize.<\/p>\n<p>b) \u010ce je okvarjeno blago naprava za klic v sili, mora NARO\u010cNIK to v ADMIN PORTALU ozna\u010diti s statusom \"Vzdr\u017eevanje\" in \u010de NARO\u010cNIK tega statusa ne spremeni v enem mesecu, ILOGS napravo za klic v sili izlo\u010di iz uporabe in tako postane dolgoro\u010dno neuporabna.<\/p>\n<p>c) ILOGS v enem mesecu na daljavo analizira prijavljene napake. NARO\u010cNIK na zahtevo ILOGS-a podpira ILOGS pri analizi napak v okviru svojega dokaznega bremena (npr. z video klicem ali po\u0161iljanjem videoposnetkov ali slik po elektronski po\u0161ti). NARO\u010cNIK bo ILOGS-u poslal blago z napako v nadaljnjo analizo le na izrecno zahtevo.<\/p>\n<p>e) \u010ce NARO\u010cNIK zavrne zahtevano podporo za analizo napake, ILOGS garancijskega primera ne bo priznal.<\/p>\n<p>f) ILOGS obvesti NARO\u010cNIKA o rezultatih analize, priznane garancijske primere pa ILOGS ob naslednjem obra\u010dunu ob koncu vsakega meseca vrne popravljene ali zamenja z novimi ali enako dobrimi napravami.<\/p>\n<h3>2.9 JAMESOVE TARIFE<\/h3>\n<p><strong><u>Tarife prek spletne trgovine<\/u><\/strong><\/p>\n<p>\u010ce je tarifa aktivirana prek spletne trgovine JAMES, se tarifa prvi\u010d zara\u010duna 30 dni po aktivaciji, nato pa, odvisno od izbire, mese\u010dno ali letno na dan prvega zara\u010dunavanja.<\/p>\n<p>Za stranke B2B pa ILOGS priporo\u010da vzpostavitev poslovnega ra\u010duna, ki bo uporabljal PORTAL ADMIN za upravljanje tarif in prejemanje mese\u010dnega skupnega ra\u010duna, kot je opisano spodaj:<\/p>\n<p><strong><u>Tarife prek upraviteljskega portala<\/u><\/strong><\/p>\n<p>\u010ce NARO\u010cNIK sam upravlja tarife prek portala ADMIN PORTAL, veljajo naslednji pogoji: \u00a0<\/p>\n<p>a) Mese\u010dna tarifa se NARO\u010cNIKU zara\u010duna po aktivaciji ustrezne tarife za posamezno oskrbovano osebo v PORTALU ADMIN (npr. ob aktivaciji naprave za klic v sili se tarifa samodejno aktivira).<\/p>\n<p>b) Mese\u010dna tarifa se pla\u010da vsak mesec vnaprej na datum aktivacije, je omejena na en mesec in se na datum aktivacije samodejno podalj\u0161a za dodaten mesec, \u010de ni preklicana.<\/p>\n<p>c) Vse tarife, ki jih je treba pla\u010dati v mesecu, se ob koncu meseca zara\u010dunajo na skupnem ra\u010dunu.<\/p>\n<p>d) Mese\u010dno tarifo lahko kadar koli prekli\u010dete v portalu ADMIN PORTAL in na naslednji dan ne bo ve\u010d zapadla v pla\u010dilo.<\/p>\n<p>e) \u010ce je bil pred preklicem tarife v tem mesecu prekora\u010den zadnji rok pla\u010dila in je zato tarifa zapadla v pla\u010dilo, se tarifa \u0161e zadnji\u010d zara\u010duna z naslednjim mese\u010dnim ali skupnim ra\u010dunom.<\/p>\n<p>f) Za naprave za klic v sili, ki se vzdr\u017eujejo zaradi analize, se stro\u0161ki ne zara\u010dunajo. V ta namen mora NARO\u010cNIK okvarjene naprave za klic v sili v ADMIN PORTALU nastaviti v stanje \"<em>Vzdr\u017eevanje<\/em>\" je mogo\u010de nastaviti. Pri tem velja enak prese\u010dni datum kot pri preklicu.<\/p>\n<p>g) Pla\u010dilni rok za tarife je 10 dni od datuma ra\u010duna.<\/p>\n<\/div><div class=\"bde-rich-text-34879-131 bde-rich-text breakdance-rich-text-styles\">\n<h2>3. UPORABA<\/h2>\n<p>Pred uporabo na\u0161ih izdelkov in storitev vam priporo\u010damo, da preberete ustrezna navodila za uporabo in opise storitev. \u010ce se pojavijo kakr\u0161ne koli nejasnosti, se lahko za pojasnila obrnete na na\u0161e lokalne kontaktne podatke.<\/p>\n<h3>3.1 NA\u0160E STORITVE<\/h3>\n<p>a) JAMES je tehni\u010dni sistem za klicno podporo, ki obvesti klicni center in\/ali ve\u010d KONTAKTOV, ko oskrbovalec spro\u017ei alarm. Po potrebi je mogo\u010de poizvedeti po geografskem polo\u017eaju OSKRBE, \u010de je naprava za klic v sili tehni\u010dno dostopna in je mogo\u010de dolo\u010diti njen polo\u017eaj.<\/p>\n<p>b) Sistem omogo\u010da tudi medsebojno komunikacijo OSKRBE in KONTAKTOV.<\/p>\n<p>c) ILOGS si pridr\u017euje pravico do spremembe ali raz\u0161iritve funkcij brez predhodnega obvestila.<\/p>\n<p>d) ILOGS si pridr\u017euje pravico, da umakne izdelke s trga ali prekine storitve iz tehni\u010dnih ali drugih razlogov. ILOGS bo o tak\u0161nih ukrepih obvestil vsaj \u0161est mesecev vnaprej.<\/p>\n<h3>3.2 TEHNI\u010cNE OMEJITVE<\/h3>\n<p>Storitve ILOGS so lahko zagotovljene le, \u010de vse vklju\u010dene storitve delujejo pravilno. Za nemoteno delovanje na\u0161ih mobilnih naprav za klic v sili veljajo na primer naslednje zahteve:<\/p>\n<p>a) Vklopljena je naprava za klic v sili.<\/p>\n<p>b) uporaba v regijah, ki so dovoljene za uporabljeno kartico SIM, z omejitvami, navedenimi v razdelku MOBILFUNK.<\/p>\n<p>c) razpolo\u017eljiv sprejem omre\u017eja in delujo\u010da telefonska povezava z omre\u017ejem mobilne telefonije.<\/p>\n<p>d) Alarmni kontakti in\/ali klicni center morajo biti konfigurirani in dostopni v sistemu.<\/p>\n<p>e) Polo\u017eaj naprave za klic v sili se dolo\u010di z uporabo storitev, ki temeljijo na lokaciji (LBS), kot sta GPS ali triangulacija WIFI. Natan\u010dnost je pri tem odvisna tudi od trenutne razpolo\u017eljivosti uporabljenih lokacijskih tehnologij.<\/p>\n<p>f) ILOGS redno preverja delovanje sistema, vendar ne more izklju\u010diti kratkotrajnih motenj v delovanju ali neto\u010dne lokalizacije zaradi zgoraj navedenih to\u010dk.<\/p>\n<p>g) Vsi izmerjeni vitalni znaki so okvirne orientacijske vrednosti in se ne smejo uporabljati v zdravstvene namene.<\/p>\n<h3>3.3 MOBILNI RADIO<\/h3>\n<p>Naprave ILOGS EMERGENCY CALL so opremljene s karticami SIM za gostovanje. Za uporabljene kartice SIM veljajo naslednje omejitve:<\/p>\n<p>a) Kartice SIM je dovoljeno uporabljati samo v naslednjih regijah: EU, Velika Britanija, \u0160vica.<\/p>\n<p>b) Dohodni klici so na na\u0161i kartici SIM brezpla\u010dni, vendar lahko ponudnik storitev kli\u010do\u010dega telefona (npr. pametni telefon, stacionarni telefon, IP-telefon) zara\u010duna dodatne stro\u0161ke.<\/p>\n<p>c) \u010ce je kartica SIM zlorabljena, se samodejno blokira in naprave EMERGENCY CALL DEVICE ni ve\u010d mogo\u010de uporabljati. Za zlorabo se \u0161tejejo naslednje to\u010dke:<\/p>\n<p>\u00a0 \u00a0 i) Kartica SIM se uporablja zunaj dovoljenih obmo\u010dij.<\/p>\n<p>\u00a0 \u00a0 ii) kartica SIM je odstranjena iz naprave za klic v sili in uporabljena drugje (npr. v pametnem telefonu).<\/p>\n<p>\u00a0 \u00a0 iii) poraba v enem mesecu presega petkratno obi\u010dajno najve\u010djo mese\u010dno porabo naprav za klic v sili. Obi\u010dajna najve\u010dja poraba na mesec je: 30 minut odhodnih klicev, 30 besedilnih sporo\u010dil in 50 MB podatkov.<\/p>\n<p>\u00a0 \u00a0 iv)Kartica SIM kli\u010de na pla\u010dljive \u0161tevilke (npr. zaradi nepravilne konfiguracije naprave za klic v sili v portalu ADMIN PORTAL s strani NARO\u010cNIKA).<\/p>\n<p>d) NARO\u010cNIK je o preklicu kartice SIM obve\u0161\u010den po elektronski po\u0161ti.<\/p>\n<h3>3.4 REDNI PREGLED<\/h3>\n<p>Uporabniki sistema morajo redno preverjati to\u010dki 3.2 in 3.3, kot sledi:<\/p>\n<p>a) Sprejem ure v omre\u017eju<\/p>\n<p>b) Prikaz zadnje povezave z napravo za klic v sili prek portala ADMIN PORTAL ali aplikacije<\/p>\n<p>c) enkrat tedensko testni klic ali testni alarm naprave JAMES<\/p>\n<h3>3,5 ZDRAVJE<\/h3>\n<p>Trenutne \u0161tudije priporo\u010dajo najmanj 15 cm razdaljo med napravo za klic v sili z modulom GSM in sr\u010dnim vsadkom\/ sr\u010dnim spodbujevalnikom.<\/p>\n<h3>3.6 OBVEZNOSTI STRANKE<\/h3>\n<p>Stranka je dol\u017ena,<\/p>\n<p>a) da nas nemudoma obvestite o vseh spremembah shranjenih pogodbenih podatkov.<\/p>\n<p>b) zagotoviti, da se na napravah za klic v sili ne izvajajo nikakr\u0161ne manipulacije.<\/p>\n<p>c) zagotoviti, da se tehni\u010dne omejitve v skladu s to\u010dkama 3.2 in 3.3 redno preverjajo.<\/p>\n<p>d) zagotoviti, da se oprema za klic v sili nosi in uporablja pravilno ter da se v najve\u010dji mo\u017eni meri prepre\u010di stik z umazanijo in prahom.<\/p>\n<p>e) poskrbite, da je baterija naprave za klic v sili dovolj napolnjena.<\/p>\n<p>f) da ne zlorabljajo dostopa do storitev ali samih storitev.<\/p>\n<p>g) ne sme klicati na pla\u010dljive \u0161tevilke.<\/p>\n<p>h) NARO\u010cNIK je dol\u017ean obvestiti DOBAVITELJA in njegove KONTAKTE o vseh obveznostih iz te to\u010dke in o obsegu storitev izdelkov ILOGS.<\/p>\n<p>ILOGS si pridr\u017euje pravico do pravnih ukrepov v primeru kr\u0161itve zgornjih pogojev. Poleg tega je NARO\u010cNIK odgovoren za vse nastale stro\u0161ke ali \u0161kodo in\/ali morebitne zahtevke tretjih oseb.<\/p>\n<\/div><div class=\"bde-rich-text-34879-132 bde-rich-text breakdance-rich-text-styles\">\n<h2>4. RAZNO<\/h2>\n<h3>4.1 VARSTVO PODATKOV<\/h3>\n<p>a) Pravna podlaga za obdelavo podatkov izhaja iz izpolnjevanja pogodbe v skladu s \u010dlenom 6(1)(b) GDPR.<\/p>\n<p>b) Namen obdelave podatkov je izpolnitev zadevne pogodbe. Podatki, ki se posredujejo ILOGS, so pogoj za opravljanje storitev, npr. posredovanje podatkov v primeru alarma.<\/p>\n<p>c) za obdelavo podatkov je odgovorna dru\u017eba ilogs healthcare GmbH, Krone Platz 1, 9020 Celovec ob Vrhni\u0161kem jezeru, Avstrija.<\/p>\n<p>d) Podatki se upravljajo v varnem podatkovnem centru v EU.<\/p>\n<p>e) \u010ce je NARO\u010cNIK upravljavec podatkov v skladu z GDPR, mora z ILOGS skleniti DPA (pogodbo o obdelavi podatkov v skladu z GDPR).<\/p>\n<p>f) \u010ce imate dodatna vpra\u0161anja o varstvu podatkov, se obrnite na nas na: <a href=\"mailto:datenschutz@ilogs.care\">datenschutz@ilogs.care<\/a><\/p>\n<p>g) Dodatne informacije o obdelavi in shranjevanju podatkov so na voljo v na\u0161em\u00a0<a href=\"https:\/\/james.care\/sl\/datenschutz\/\">Politika zasebnosti<\/a> (na: https:\/\/ilogs.care\/privacy).<\/p>\n<h3>4.2 IZKLJU\u010cITEV ODGOVORNOSTI<\/h3>\n<p>a) ILOGS izklju\u010duje vsakr\u0161no od\u0161kodninsko odgovornost, kolikor je to dovoljeno z zakonom. Najvi\u0161ji znesek od\u0161kodnine, ki ga je treba pla\u010dati, je omejen na znesek, dogovorjen kot nakupna cena dobavljene OPREMA ZA NUJNO OBVE\u0160\u010cANJE.<\/p>\n<p>b) ILOGS odgovarja za kr\u0161itev pogodbenih ali predpogodbenih obveznosti, zlasti zaradi nezmo\u017enosti, zamude itd., v primeru finan\u010dne izgube le v primeru naklepa ali hude malomarnosti. Obstoj lahke ali hude malomarnosti mora dokazati o\u0161kodovanec, razen \u010de gre za potro\u0161ni\u0161ko transakcijo.<\/p>\n<p>c) V primeru lahke malomarnosti ILOGS odgovarja le za telesne po\u0161kodbe.<\/p>\n<p>d) ILOGS ni odgovoren za posredno \u0161kodo, izgubo dobi\u010dka, izgubo obresti, izgubo prihrankov, posledi\u010dno \u0161kodo in finan\u010dno izgubo, \u0161kodo zaradi zahtevkov tretjih oseb ali za izgubo podatkov in programov ter njihovo obnovo. Nadomestilo za (posledi\u010dno) \u0161kodo ter drugo premo\u017eenjsko \u0161kodo, finan\u010dno izgubo in \u0161kodo tretjih oseb proti NARO\u010cNIKU, razen \u010de gre za potro\u0161ni\u0161ki posel, je izklju\u010deno.<\/p>\n<p>b) ILOGS zlasti ni odgovoren za vi\u0161jo silo in napake pri prenosu, za katere ni odgovoren.<\/p>\n<p>c) ILOGS ni odgovoren za nepreverjanje tehni\u010dnih omejitev (to\u010dka 3.2.)<\/p>\n<p>d) Poleg tega ILOGS ni odgovoren za napake, za katere je odgovoren telefonski operater ali pogodbena storitev, ter za splo\u0161no pokritost in razpolo\u017eljivost omre\u017eja uporabljenih naprav za klic v sili in telefonov KONTAKTOV.<\/p>\n<p>e) Stranka uporablja napravo za klic v sili na lastno odgovornost. \u010ce je stranka kupila napravo EMERGENCY CALL DEVICE, vklju\u010dno s kartico SIM, je pogodba za mobilni telefon sestavni del te pogodbe. ILOGS ni odgovoren za deaktivacijo, prekinitev ali omejitev storitev mobilne telefonije s strani operaterja mobilne telefonije izven nepravilne uporabe (to\u010dka 3.3), kar pa ne vpliva na zahtevke, ki izhajajo iz teh splo\u0161nih pogojev.<\/p>\n<p>f) Od\u0161kodninski zahtevki poslovnih NARO\u010cNIKOV zastarajo v enem letu od dneva, ko so izvedeli za \u0161kodo in o\u0161kodovanca.<\/p>\n<p>h) Izklju\u010ditev odgovornosti vklju\u010duje tudi zahtevke proti zaposlenim, zastopnikom in poobla\u0161\u010dencem ILOGS zaradi \u0161kode, ki jo povzro\u010dijo NARO\u010cNIKU - brez sklicevanja na pogodbo z NARO\u010cNIKOM.<\/p>\n<p>\u0160koda, nastala zaradi nepravilnih ali nepogodbenih ukrepov stranke med namestitvijo, priklju\u010ditvijo, delovanjem ali skladi\u0161\u010denjem, ne upravi\u010duje nobenih zahtevkov do podjetja ilogs. Nepravilnosti in neskladnost s pogodbo so dolo\u010dene zlasti s specifikacijami proizvajalca.<\/p>\n<h3>4.3 KLAVZULA O LO\u010cLJIVOSTI<\/h3>\n<p>a) \u010ce so posamezni deli teh splo\u0161nih pogojev poslovanja neveljavni, to ne vpliva na veljavnost preostalih delov.<\/p>\n<p>b) ILOGS se tako kot podjetnik NARO\u010cNIK zavezuje, da se bosta skupaj dogovorila o nadomestni dolo\u010dbi, ki se bo \u010dim bolj pribli\u017eala ekonomskemu rezultatu neveljavnega pogoja, na podlagi obzorja po\u0161tenih pogodbenih strank.<\/p>\n<h3>4.4 VELJAVNO PRAVO IN PRISTOJNOST<\/h3>\n<p>Pogodbeni stranki se strinjata, da se uporablja avstrijsko pravo. Konvencija ZN o pogodbah o mednarodni prodaji blaga in vse dolo\u010dbe v zvezi s Konvencijo ZN o pogodbah o mednarodni prodaji blaga so izrecno izklju\u010dene. Pristojno sodi\u0161\u010de je na ustreznem naslovu lokacije ILOGS.<\/p>\n<h3>4.5 AVTORSKE PRAVICE<\/h3>\n<p>Vse novice, grafike in oblika spletne strani ILOGS so namenjene izklju\u010dno osebnim podatkom na\u0161ih NARO\u010cNIKOV. Uporabljate jih na lastno odgovornost. Vsi podatki na tem spletnem mestu so za\u0161\u010diteni s 4. in 87.a in nadaljnjimi \u010dleni nem\u0161kega zakona o avtorskih pravicah. Razmno\u017eevanje, kopiranje in tiskanje celotne spletne strani je dovoljeno samo za namen oddaje naro\u010dila pri ILOGS. Vsako razmno\u017eevanje, raz\u0161irjanje in\/ali javno reproduciranje, ki presega to, presega obi\u010dajno uporabo in pomeni kr\u0161itev avtorskih pravic.<\/p>\n<\/div><\/div>\n<\/section>","protected":false},"excerpt":{"rendered":"<p>Allgemeine Gesch\u00e4ftsbedingungen f\u00fcr Gesch\u00e4ftskunden (B2B) von ILOGS Unternehmen in der EU, UK und SchweizStand: 1. Juli 2025\u00a0Web: ilogs.care \u00a0 Standort: \u00d6sterreichilogs healthcare GmbHFirmenbuch-Nr.: 481242iUID: ATU72724778Krone Platz 1, 9020 Klagenfurt, \u00d6sterreichGesch\u00e4ftsf\u00fchrer: Dr. Walter LiebhartTel: +43 463 305\u00a0003 \u2013 9Mail: office@ilogs.care, support@ilogs.care Standort: Deutschlandilogs healthcare GmbHHRB: HRB 281974 UID: DE360009706Konrad-Zuse-Platz 8, 81829 M\u00fcnchen, DeutschlandGesch\u00e4ftsf\u00fchrer: Dr. Walter Liebhart, [&hellip;]<\/p>\n","protected":false},"author":1,"featured_media":0,"parent":34877,"menu_order":0,"comment_status":"closed","ping_status":"closed","template":"","meta":{"_acf_changed":false,"_breakdance_hide_in_design_set":false,"_breakdance_tags":"","footnotes":""},"class_list":["post-34879","page","type-page","status-publish","hentry"],"acf":[],"_links":{"self":[{"href":"https:\/\/james.care\/sl\/wp-json\/wp\/v2\/pages\/34879","targetHints":{"allow":["GET"]}}],"collection":[{"href":"https:\/\/james.care\/sl\/wp-json\/wp\/v2\/pages"}],"about":[{"href":"https:\/\/james.care\/sl\/wp-json\/wp\/v2\/types\/page"}],"author":[{"embeddable":true,"href":"https:\/\/james.care\/sl\/wp-json\/wp\/v2\/users\/1"}],"replies":[{"embeddable":true,"href":"https:\/\/james.care\/sl\/wp-json\/wp\/v2\/comments?post=34879"}],"version-history":[{"count":0,"href":"https:\/\/james.care\/sl\/wp-json\/wp\/v2\/pages\/34879\/revisions"}],"up":[{"embeddable":true,"href":"https:\/\/james.care\/sl\/wp-json\/wp\/v2\/pages\/34877"}],"wp:attachment":[{"href":"https:\/\/james.care\/sl\/wp-json\/wp\/v2\/media?parent=34879"}],"curies":[{"name":"wp","href":"https:\/\/api.w.org\/{rel}","templated":true}]}}