{"id":27121,"date":"2023-05-08T16:38:17","date_gmt":"2023-05-08T14:38:17","guid":{"rendered":"https:\/\/myjames.shop\/?page_id=27121"},"modified":"2024-12-05T12:48:56","modified_gmt":"2024-12-05T11:48:56","slug":"demenz","status":"publish","type":"page","link":"https:\/\/james.care\/sl\/demenz\/","title":{"rendered":"Demenca - JAMES za osebe z demenco"},"content":{"rendered":"<section class=\"bde-section-27121-107 bde-section\">\n  \n  \n\t\n\n\n\n<div class=\"section-container\"><div class=\"bde-columns-27121-108 bde-columns\"><div class=\"bde-column-27121-109 bde-column\">\n  \n  \n\t\n\n\n\n<h1 class=\"bde-heading-27121-111 bde-heading\">\nOsebe z demenco<br>Varno in hitro iskanje\n<\/h1><div class=\"bde-rich-text-27121-112 bde-rich-text breakdance-rich-text-styles\">\n<p>Z dodatno tarifo \"Demenca\" lahko dezorientiranim dru\u017einskim \u010dlanom zagotovite optimalno za\u0161\u010dito z minimalnimi omejitvami njihove osebne svobode.<\/p>\n<\/div>\n<\/div><div class=\"bde-column-27121-113 bde-column\">\n  \n  \n\t\n\n\n\n\n<\/div><\/div><\/div>\n<\/section><section class=\"bde-section-27121-116 bde-section\">\n  \n  \n\t\n\n\n\n<div class=\"section-container\"><div class=\"bde-columns-27121-117 bde-columns\"><div class=\"bde-column-27121-118 bde-column\">\n  \n  \n\t\n\n\n\n<div class=\"bde-image-27121-119 bde-image\">\n<figure class=\"breakdance-image breakdance-image--27297\">\n\t<div class=\"breakdance-image-container\">\n\t\t<div class=\"breakdance-image-clip\"><img decoding=\"async\" class=\"breakdance-image-object\" src=\"https:\/\/james.care\/wp-content\/uploads\/2023\/05\/b7_Front_standardscren-600x600.png\" width=\"600\" height=\"600\" srcset=\"https:\/\/james.care\/wp-content\/uploads\/2023\/05\/b7_Front_standardscren.png 1500w, https:\/\/james.care\/wp-content\/uploads\/2023\/05\/b7_Front_standardscren-300x300.png 300w, https:\/\/james.care\/wp-content\/uploads\/2023\/05\/b7_Front_standardscren-1024x1024.png 1024w, https:\/\/james.care\/wp-content\/uploads\/2023\/05\/b7_Front_standardscren-150x150.png 150w, https:\/\/james.care\/wp-content\/uploads\/2023\/05\/b7_Front_standardscren-768x768.png 768w, https:\/\/james.care\/wp-content\/uploads\/2023\/05\/b7_Front_standardscren-600x600.png 600w, https:\/\/james.care\/wp-content\/uploads\/2023\/05\/b7_Front_standardscren-100x100.png 100w\" sizes=\"auto, (max-width: 1500px) 100vw, 1500px\" loading=\"lazy\"><\/div>\n\t<\/div><\/figure>\n\n<\/div><div class=\"bde-rich-text-27121-120 bde-rich-text breakdance-rich-text-styles\">\n<h3>Pametna za\u0161\u010dita v vsakdanjem \u017eivljenju<\/h3>\n<p>Kadar so dezorientirani dru\u017einski \u010dlani nagnjeni k tavanju, to predstavlja poseben izziv za njihove sorodnike. Elektronski nadzorni sistemi na izhodih iz hi\u0161e so pogosto zelo dragi ali pa jih je prakti\u010dno nemogo\u010de izvesti. Inovativno re\u0161itev za to te\u017eavo ponuja sistem <strong>Nujna oskrba JAMES z raz\u0161iritvijo za demenco (dodatna tarifa)<\/strong><\/p>\n<p>Ljudje, ki so nagnjeni k tavanju (imenovani tudi \"ljudje, pri katerih obstaja tveganje, da se bodo izgubili\"), lahko nosijo diskretno uro JAMES za demenco, ki je posebej zasnovana za stalno uporabo na zapestju. Ura je opremljena s kartico SIM in ima odli\u010dne lokalne funkcije (GPS in WLAN). Po \u017eelji lahko uporabite <strong>Iskalnik JAMES<\/strong> za vzpostavitev individualnih obmo\u010dij gibanja na domu.<\/p>\n<\/div>\n<\/div><div class=\"bde-column-27121-121 bde-column\">\n  \n  \n\t\n\n\n\n<div class=\"bde-icon-list-27121-122 bde-icon-list\">\n<ul>\n  \n              \n    <li>\n              <div class='bde-icon-list__item-wrapper'>\n      \n      <span class='bde-icon-list__icon'>\n        <svg xmlns=\"http:\/\/www.w3.org\/2000\/svg\" viewbox=\"0 0 512 512\"><!-- Font Awesome Free 5.15.1 by @fontawesome - https:\/\/fontawesome.com License - https:\/\/fontawesome.com\/license\/free (Icons: CC BY 4.0, Fonts: SIL OFL 1.1, Code: MIT License) --><path d=\"M504 256c0 136.967-111.033 248-248 248S8 392.967 8 256 119.033 8 256 8s248 111.033 248 248zM227.314 387.314l184-184c6.248-6.248 6.248-16.379 0-22.627l-22.627-22.627c-6.248-6.249-16.379-6.249-22.628 0L216 308.118l-70.059-70.059c-6.248-6.248-16.379-6.248-22.628 0l-22.627 22.627c-6.248 6.248-6.248 16.379 0 22.627l104 104c6.249 6.249 16.379 6.249 22.628.001z\"\/><\/svg>\n      <\/span>\n      <span class='bde-icon-list__text' >\n      Deluje z vsemi JAMES-ovimi urgentnimi urami\n      <\/span>\n              <\/div>\n      \n    <\/li>\n\n  \n              \n    <li>\n              <div class='bde-icon-list__item-wrapper'>\n      \n      <span class='bde-icon-list__icon'>\n        <svg xmlns=\"http:\/\/www.w3.org\/2000\/svg\" viewbox=\"0 0 512 512\"><!-- Font Awesome Free 5.15.1 by @fontawesome - https:\/\/fontawesome.com License - https:\/\/fontawesome.com\/license\/free (Icons: CC BY 4.0, Fonts: SIL OFL 1.1, Code: MIT License) --><path d=\"M504 256c0 136.967-111.033 248-248 248S8 392.967 8 256 119.033 8 256 8s248 111.033 248 248zM227.314 387.314l184-184c6.248-6.248 6.248-16.379 0-22.627l-22.627-22.627c-6.248-6.249-16.379-6.249-22.628 0L216 308.118l-70.059-70.059c-6.248-6.248-16.379-6.248-22.628 0l-22.627 22.627c-6.248 6.248-6.248 16.379 0 22.627l104 104c6.249 6.249 16.379 6.249 22.628.001z\"\/><\/svg>\n      <\/span>\n      <span class='bde-icon-list__text' >\n      U\u010dinkovita za\u0161\u010dita pri demenci\n      <\/span>\n              <\/div>\n      \n    <\/li>\n\n  \n              \n    <li>\n              <div class='bde-icon-list__item-wrapper'>\n      \n      <span class='bde-icon-list__icon'>\n        <svg xmlns=\"http:\/\/www.w3.org\/2000\/svg\" viewbox=\"0 0 512 512\"><!-- Font Awesome Free 5.15.1 by @fontawesome - https:\/\/fontawesome.com License - https:\/\/fontawesome.com\/license\/free (Icons: CC BY 4.0, Fonts: SIL OFL 1.1, Code: MIT License) --><path d=\"M504 256c0 136.967-111.033 248-248 248S8 392.967 8 256 119.033 8 256 8s248 111.033 248 248zM227.314 387.314l184-184c6.248-6.248 6.248-16.379 0-22.627l-22.627-22.627c-6.248-6.249-16.379-6.249-22.628 0L216 308.118l-70.059-70.059c-6.248-6.248-16.379-6.248-22.628 0l-22.627 22.627c-6.248 6.248-6.248 16.379 0 22.627l104 104c6.249 6.249 16.379 6.249 22.628.001z\"\/><\/svg>\n      <\/span>\n      <span class='bde-icon-list__text' >\n      Alarm za beg (nagnjenost k begu)\n      <\/span>\n              <\/div>\n      \n    <\/li>\n\n  \n              \n    <li>\n              <div class='bde-icon-list__item-wrapper'>\n      \n      <span class='bde-icon-list__icon'>\n        <svg xmlns=\"http:\/\/www.w3.org\/2000\/svg\" viewbox=\"0 0 512 512\"><!-- Font Awesome Free 5.15.1 by @fontawesome - https:\/\/fontawesome.com License - https:\/\/fontawesome.com\/license\/free (Icons: CC BY 4.0, Fonts: SIL OFL 1.1, Code: MIT License) --><path d=\"M504 256c0 136.967-111.033 248-248 248S8 392.967 8 256 119.033 8 256 8s248 111.033 248 248zM227.314 387.314l184-184c6.248-6.248 6.248-16.379 0-22.627l-22.627-22.627c-6.248-6.249-16.379-6.249-22.628 0L216 308.118l-70.059-70.059c-6.248-6.248-16.379-6.248-22.628 0l-22.627 22.627c-6.248 6.248-6.248 16.379 0 22.627l104 104c6.249 6.249 16.379 6.249 22.628.001z\"\/><\/svg>\n      <\/span>\n      <span class='bde-icon-list__text' >\n      Hitro poi\u0161\u010dite dezorientirane sorodnike\n      <\/span>\n              <\/div>\n      \n    <\/li>\n\n  \n              \n    <li>\n              <div class='bde-icon-list__item-wrapper'>\n      \n      <span class='bde-icon-list__icon'>\n        <svg xmlns=\"http:\/\/www.w3.org\/2000\/svg\" viewbox=\"0 0 512 512\"><!-- Font Awesome Free 5.15.1 by @fontawesome - https:\/\/fontawesome.com License - https:\/\/fontawesome.com\/license\/free (Icons: CC BY 4.0, Fonts: SIL OFL 1.1, Code: MIT License) --><path d=\"M504 256c0 136.967-111.033 248-248 248S8 392.967 8 256 119.033 8 256 8s248 111.033 248 248zM227.314 387.314l184-184c6.248-6.248 6.248-16.379 0-22.627l-22.627-22.627c-6.248-6.249-16.379-6.249-22.628 0L216 308.118l-70.059-70.059c-6.248-6.248-16.379-6.248-22.628 0l-22.627 22.627c-6.248 6.248-6.248 16.379 0 22.627l104 104c6.249 6.249 16.379 6.249 22.628.001z\"\/><\/svg>\n      <\/span>\n      <span class='bde-icon-list__text' >\n      Olaj\u0161anje za dru\u017eino\n      <\/span>\n              <\/div>\n      \n    <\/li>\n\n  \n              \n    <li>\n              <div class='bde-icon-list__item-wrapper'>\n      \n      <span class='bde-icon-list__icon'>\n        <svg xmlns=\"http:\/\/www.w3.org\/2000\/svg\" viewbox=\"0 0 512 512\"><!-- Font Awesome Free 5.15.1 by @fontawesome - https:\/\/fontawesome.com License - https:\/\/fontawesome.com\/license\/free (Icons: CC BY 4.0, Fonts: SIL OFL 1.1, Code: MIT License) --><path d=\"M504 256c0 136.967-111.033 248-248 248S8 392.967 8 256 119.033 8 256 8s248 111.033 248 248zM227.314 387.314l184-184c6.248-6.248 6.248-16.379 0-22.627l-22.627-22.627c-6.248-6.249-16.379-6.249-22.628 0L216 308.118l-70.059-70.059c-6.248-6.248-16.379-6.248-22.628 0l-22.627 22.627c-6.248 6.248-6.248 16.379 0 22.627l104 104c6.249 6.249 16.379 6.249 22.628.001z\"\/><\/svg>\n      <\/span>\n      <span class='bde-icon-list__text' >\n      Brezskrbno vsakdanje \u017eivljenje\n      <\/span>\n              <\/div>\n      \n    <\/li>\n\n  \n              \n    <li>\n              <div class='bde-icon-list__item-wrapper'>\n      \n      <span class='bde-icon-list__icon'>\n        <svg xmlns=\"http:\/\/www.w3.org\/2000\/svg\" viewbox=\"0 0 512 512\"><!-- Font Awesome Free 5.15.1 by @fontawesome - https:\/\/fontawesome.com License - https:\/\/fontawesome.com\/license\/free (Icons: CC BY 4.0, Fonts: SIL OFL 1.1, Code: MIT License) --><path d=\"M504 256c0 136.967-111.033 248-248 248S8 392.967 8 256 119.033 8 256 8s248 111.033 248 248zM227.314 387.314l184-184c6.248-6.248 6.248-16.379 0-22.627l-22.627-22.627c-6.248-6.249-16.379-6.249-22.628 0L216 308.118l-70.059-70.059c-6.248-6.248-16.379-6.248-22.628 0l-22.627 22.627c-6.248 6.248-6.248 16.379 0 22.627l104 104c6.249 6.249 16.379 6.249 22.628.001z\"\/><\/svg>\n      <\/span>\n      <span class='bde-icon-list__text' >\n      Aplikacija in spletni portal za sorodnike\n      <\/span>\n              <\/div>\n      \n    <\/li>\n\n  \n              \n    <li>\n              <div class='bde-icon-list__item-wrapper'>\n      \n      <span class='bde-icon-list__icon'>\n        <svg xmlns=\"http:\/\/www.w3.org\/2000\/svg\" viewbox=\"0 0 512 512\"><!-- Font Awesome Free 5.15.1 by @fontawesome - https:\/\/fontawesome.com License - https:\/\/fontawesome.com\/license\/free (Icons: CC BY 4.0, Fonts: SIL OFL 1.1, Code: MIT License) --><path d=\"M504 256c0 136.967-111.033 248-248 248S8 392.967 8 256 119.033 8 256 8s248 111.033 248 248zM227.314 387.314l184-184c6.248-6.248 6.248-16.379 0-22.627l-22.627-22.627c-6.248-6.249-16.379-6.249-22.628 0L216 308.118l-70.059-70.059c-6.248-6.248-16.379-6.248-22.628 0l-22.627 22.627c-6.248 6.248-6.248 16.379 0 22.627l104 104c6.249 6.249 16.379 6.249 22.628.001z\"\/><\/svg>\n      <\/span>\n      <span class='bde-icon-list__text' >\n      Lokalizacija v notranjosti z lokatorjem JAMES (opcijsko)\n      <\/span>\n              <\/div>\n      \n    <\/li>\n\n  \n              \n    <li>\n              <div class='bde-icon-list__item-wrapper'>\n      \n      <span class='bde-icon-list__icon'>\n        <svg xmlns=\"http:\/\/www.w3.org\/2000\/svg\" viewbox=\"0 0 512 512\"><!-- Font Awesome Free 5.15.1 by @fontawesome - https:\/\/fontawesome.com License - https:\/\/fontawesome.com\/license\/free (Icons: CC BY 4.0, Fonts: SIL OFL 1.1, Code: MIT License) --><path d=\"M256 8C119 8 8 119 8 256s111 248 248 248 248-111 248-248S393 8 256 8zm0 448c-110.5 0-200-89.5-200-200S145.5 56 256 56s200 89.5 200 200-89.5 200-200 200z\"\/><\/svg>\n      <\/span>\n      <span class='bde-icon-list__text' >\n      Klicni center za pomo\u010d v sili 24 ur na dan, 7 dni v tednu, 7 dni v tednu (neobvezno)\n      <\/span>\n              <\/div>\n      \n    <\/li>\n\n  \n              \n    <li>\n              <div class='bde-icon-list__item-wrapper'>\n      \n      <span class='bde-icon-list__icon'>\n        <svg xmlns=\"http:\/\/www.w3.org\/2000\/svg\" viewbox=\"0 0 512 512\"><!-- Font Awesome Free 5.15.1 by @fontawesome - https:\/\/fontawesome.com License - https:\/\/fontawesome.com\/license\/free (Icons: CC BY 4.0, Fonts: SIL OFL 1.1, Code: MIT License) --><path d=\"M256 8C119 8 8 119 8 256s111 248 248 248 248-111 248-248S393 8 256 8zm0 448c-110.5 0-200-89.5-200-200S145.5 56 256 56s200 89.5 200 200-89.5 200-200 200z\"\/><\/svg>\n      <\/span>\n      <span class='bde-icon-list__text' >\n      Zapestnica z mo\u017enostjo zaklepanja (neobvezno)\n      <\/span>\n              <\/div>\n      \n    <\/li>\n\n  <\/ul>\n\n<\/div>\n<\/div><\/div><\/div>\n<\/section><section class=\"bde-section-27121-124 bde-section\">\n  \n  \n\t\n\n\n\n<div class=\"section-container\"><div class=\"bde-columns-27121-126 bde-columns\"><div class=\"bde-column-27121-127 bde-column\">\n  \n  \n\t\n\n\n\n<h4 class=\"bde-heading-27121-128 bde-heading\">\nAktivna lokalizacija\n<\/h4><div class=\"bde-div-27121-129 bde-div\">\n  \n  \n\t\n\n\n\n<div class=\"bde-columns-27121-130 bde-columns\"><div class=\"bde-column-27121-131 bde-column\">\n  \n  \n\t\n\n\n\n<div class=\"bde-rich-text-27121-132 bde-rich-text breakdance-rich-text-styles\">\n<p>\u010ce uporabnika ure ob dolo\u010denem \u010dasu ni na dolo\u010denem mestu (npr. v dnevni sobi), lahko skrbnik prek ra\u010dunalnika, tabli\u010dnega ra\u010dunalnika ali pametnega telefona aktivno poizveduje o polo\u017eaju uporabnika ure. Zadevno osebo lahko nato varno pripelje nazaj.<\/p>\n<\/div>\n<\/div><div class=\"bde-column-27121-133 bde-column\">\n  \n  \n\t\n\n\n\n<div class=\"bde-image-27121-134 bde-image\">\n<figure class=\"breakdance-image breakdance-image--43983\">\n\t<div class=\"breakdance-image-container\">\n\t\t<div class=\"breakdance-image-clip\"><img loading=\"lazy\" decoding=\"async\" class=\"breakdance-image-object\" src=\"https:\/\/james.care\/wp-content\/uploads\/2024\/03\/demenz_location.png\" width=\"115\" height=\"129\" srcset=\"https:\/\/james.care\/wp-content\/uploads\/2024\/03\/demenz_location.png 115w, https:\/\/james.care\/wp-content\/uploads\/2024\/03\/demenz_location-11x12.png 11w\" sizes=\"auto, (max-width: 115px) 100vw, 115px\"><\/div>\n\t<\/div><\/figure>\n\n<\/div>\n<\/div><\/div>\n<\/div>\n<\/div><div class=\"bde-column-27121-135 bde-column\">\n  \n  \n\t\n\n\n\n<div class=\"bde-image-27121-148 bde-image\">\n<figure class=\"breakdance-image breakdance-image--27337\">\n\t<div class=\"breakdance-image-container\">\n\t\t<div class=\"breakdance-image-clip\"><img loading=\"lazy\" decoding=\"async\" class=\"breakdance-image-object\" src=\"https:\/\/james.care\/wp-content\/uploads\/2023\/05\/james_locator-259x300.webp\" width=\"259\" height=\"300\" srcset=\"https:\/\/james.care\/wp-content\/uploads\/2023\/05\/james_locator-259x300.webp 259w, https:\/\/james.care\/wp-content\/uploads\/2023\/05\/james_locator-885x1024.webp 885w, https:\/\/james.care\/wp-content\/uploads\/2023\/05\/james_locator-768x888.webp 768w, https:\/\/james.care\/wp-content\/uploads\/2023\/05\/james_locator-600x694.webp 600w, https:\/\/james.care\/wp-content\/uploads\/2023\/05\/james_locator.webp 1074w\" sizes=\"auto, (max-width: 259px) 100vw, 259px\"><\/div>\n\t<\/div><\/figure>\n\n<\/div><div class=\"bde-text-27121-149 bde-text\">\nLokator JAMES za lokalizacijo v bivalnem prostoru<br>in za dolo\u010danje obmo\u010dij gibanja.\n<\/div>\n<\/div><\/div><div class=\"bde-columns-27121-136 bde-columns\"><div class=\"bde-column-27121-137 bde-column\">\n  \n  \n\t\n\n\n\n<h4 class=\"bde-heading-27121-138 bde-heading\">\nZapu\u0161\u010danje obmo\u010dja gibanja\n<\/h4><div class=\"bde-div-27121-139 bde-div\">\n  \n  \n\t\n\n\n\n<div class=\"bde-columns-27121-140 bde-columns\"><div class=\"bde-column-27121-141 bde-column\">\n  \n  \n\t\n\n\n\n<div class=\"bde-rich-text-27121-142 bde-rich-text breakdance-rich-text-styles\">\n<p>V sistemu JAMES lahko preprosto dolo\u010dite obmo\u010dje gibanja za osebe, ki praviloma ne smejo zapustiti svojega bivalnega obmo\u010dja. Premer tega obmo\u010dja je najmanj 100 metrov.<\/p>\n<p>Ko uporabnik ure zapusti to obmo\u010dje, se po nekaj minutah spro\u017ei alarm. Ena ali ve\u010d vnaprej dolo\u010denih telefonskih \u0161tevilk (npr. dru\u017einskih \u010dlanov) je samodejno obve\u0161\u010dena in obve\u0161\u010dena, da je oseba zapustila obmo\u010dje. Pogre\u0161ano osebo je tako mogo\u010de hitro najti in varno vrniti.<\/p>\n<p>\u00a0<\/p>\n<\/div>\n<\/div><div class=\"bde-column-27121-143 bde-column\">\n  \n  \n\t\n\n\n\n<div class=\"bde-text-27121-144 bde-text\">\nObmo\u010dje gibanja v kraju stalnega prebivali\u0161\u010da\n<\/div><div class=\"bde-image-27121-145 bde-image\">\n<figure class=\"breakdance-image breakdance-image--43984\">\n\t<div class=\"breakdance-image-container\">\n\t\t<div class=\"breakdance-image-clip\"><img loading=\"lazy\" decoding=\"async\" class=\"breakdance-image-object\" src=\"https:\/\/james.care\/wp-content\/uploads\/2024\/03\/demenz_zone.png\" width=\"257\" height=\"148\" srcset=\"https:\/\/james.care\/wp-content\/uploads\/2024\/03\/demenz_zone.png 257w, https:\/\/james.care\/wp-content\/uploads\/2024\/03\/demenz_zone-18x10.png 18w\" sizes=\"auto, (max-width: 257px) 100vw, 257px\"><\/div>\n\t<\/div><\/figure>\n\n<\/div><div class=\"bde-text-27121-146 bde-text\">\nUporabnik ure zapusti obmo\u010dje gibanja\n<\/div>\n<\/div><\/div>\n<\/div>\n<\/div><div class=\"bde-column-27121-147 bde-column\">\n  \n  \n\t\n\n\n\n\n<\/div><\/div><\/div>\n<\/section>","protected":false},"excerpt":{"rendered":"<p>Demente Personensicher &#038; schnell finden Mit dem Zusatztarif \u201eDemenz\u201c bieten Sie desorientierten Familienmitgliedern optimalen Schutz bei minimalen Einschr\u00e4nkungen ihrer pers\u00f6nlichen Freiheit. Smarter Schutz im Alltag Wenn desorientierte Familienangeh\u00f6rige eine Hinlauftendenz zeigen, stellt dies eine besondere Herausforderung f\u00fcr ihre Angeh\u00f6rigen dar. Elektronische \u00dcberwachungssysteme an T\u00fcrausg\u00e4ngen sind oft sehr teuer oder praktisch nicht umsetzbar. Eine innovative L\u00f6sung [&hellip;]<\/p>\n","protected":false},"author":1,"featured_media":0,"parent":0,"menu_order":0,"comment_status":"closed","ping_status":"closed","template":"","meta":{"_acf_changed":false,"_breakdance_hide_in_design_set":false,"_breakdance_tags":"","footnotes":""},"class_list":["post-27121","page","type-page","status-publish","hentry"],"acf":[],"_links":{"self":[{"href":"https:\/\/james.care\/sl\/wp-json\/wp\/v2\/pages\/27121","targetHints":{"allow":["GET"]}}],"collection":[{"href":"https:\/\/james.care\/sl\/wp-json\/wp\/v2\/pages"}],"about":[{"href":"https:\/\/james.care\/sl\/wp-json\/wp\/v2\/types\/page"}],"author":[{"embeddable":true,"href":"https:\/\/james.care\/sl\/wp-json\/wp\/v2\/users\/1"}],"replies":[{"embeddable":true,"href":"https:\/\/james.care\/sl\/wp-json\/wp\/v2\/comments?post=27121"}],"version-history":[{"count":0,"href":"https:\/\/james.care\/sl\/wp-json\/wp\/v2\/pages\/27121\/revisions"}],"wp:attachment":[{"href":"https:\/\/james.care\/sl\/wp-json\/wp\/v2\/media?parent=27121"}],"curies":[{"name":"wp","href":"https:\/\/api.w.org\/{rel}","templated":true}]}}