{"id":2366,"date":"2021-05-12T11:17:29","date_gmt":"2021-05-12T11:17:29","guid":{"rendered":"https:\/\/beta.myjames.shop\/?page_id=2366"},"modified":"2022-08-13T10:52:55","modified_gmt":"2022-08-13T08:52:55","slug":"die-notrufuhr-die-leben-rettet","status":"publish","type":"page","link":"https:\/\/james.care\/sl\/die-notrufuhr-die-leben-rettet\/","title":{"rendered":"Ura za nujne primere, ki re\u0161uje \u017eivljenja"},"content":{"rendered":"<h3>\n\t\t\t\t\tZ uro JAMES za klic v sili je pomo\u010d oddaljena le en klik.<br \/>\n\t\t\t\t\tPritisnite gumb<br \/>\n\t\t\t\t\todstranjen<br \/>\n\t\t\t\t\t<\/h3>\n<p>\t\t\t\t\t\t\t\t\t\t\t\t<img decoding=\"async\" width=\"436\" height=\"315\" src=\"https:\/\/james.care\/wp-content\/uploads\/2021\/04\/b6_schwarz_weiss.png\" alt=\"\" loading=\"lazy\" \/>\t\t\t\t\t\t\t\t\t\t\t\t\t\t<\/p>\n<h2>Odkrijte novo obliko varnosti!<\/h2>\n<p>Spletna stran <strong>JAMESova zasilna ura<\/strong> pomaga va\u0161im ljubljenim vedno in povsod. Vsestranska za\u0161\u010dita za starej\u0161e, sorodnike in negovalce. Za dalj\u0161e \u017eivljenje na svojem domu. S posebno kartico SIM za najbolj\u0161o pokritost omre\u017eja.<\/p>\n<p>\t\t\t<a href=\"https:\/\/james.care\/sl\/wizard\/notrufuhr-s6\/\" role=\"button\"><br \/>\n\t\t\t\t\t\tNAKUP &gt;<br \/>\n\t\t\t\t\t<\/a><\/p>","protected":false},"excerpt":{"rendered":"<p>Z uro JAMES za klic v sili je pomo\u010d oddaljena le pritisk na gumb Odkrijte novo obliko varnosti! Ura JAMES za klic v sili pomaga va\u0161im bli\u017enjim kadar koli in kjer koli. Vsestranska za\u0161\u010dita za starej\u0161e, sorodnike in negovalce. Za dalj\u0161e \u017eivljenje na svojem domu. S posebno kartico SIM za najbolj\u0161o pokritost omre\u017eja. NAKUP &gt;<\/p>","protected":false},"author":2,"featured_media":0,"parent":0,"menu_order":0,"comment_status":"closed","ping_status":"closed","template":"","meta":{"_acf_changed":false,"_breakdance_hide_in_design_set":false,"_breakdance_tags":"","footnotes":""},"class_list":["post-2366","page","type-page","status-publish","hentry"],"acf":[],"_links":{"self":[{"href":"https:\/\/james.care\/sl\/wp-json\/wp\/v2\/pages\/2366","targetHints":{"allow":["GET"]}}],"collection":[{"href":"https:\/\/james.care\/sl\/wp-json\/wp\/v2\/pages"}],"about":[{"href":"https:\/\/james.care\/sl\/wp-json\/wp\/v2\/types\/page"}],"author":[{"embeddable":true,"href":"https:\/\/james.care\/sl\/wp-json\/wp\/v2\/users\/2"}],"replies":[{"embeddable":true,"href":"https:\/\/james.care\/sl\/wp-json\/wp\/v2\/comments?post=2366"}],"version-history":[{"count":0,"href":"https:\/\/james.care\/sl\/wp-json\/wp\/v2\/pages\/2366\/revisions"}],"wp:attachment":[{"href":"https:\/\/james.care\/sl\/wp-json\/wp\/v2\/media?parent=2366"}],"curies":[{"name":"wp","href":"https:\/\/api.w.org\/{rel}","templated":true}]}}