{"id":21907,"date":"2022-11-23T14:19:38","date_gmt":"2022-11-23T13:19:38","guid":{"rendered":"https:\/\/myjames.shop\/?page_id=21907"},"modified":"2024-02-06T08:53:13","modified_gmt":"2024-02-06T07:53:13","slug":"affiliatepartner","status":"publish","type":"page","link":"https:\/\/james.care\/sl\/affiliatepartner\/","title":{"rendered":"+Podru\u017eni\u010dni partner"},"content":{"rendered":"<section class=\"bde-section-21907-100 bde-section\">\n  \n  \n\t\n\n\n\n<div class=\"section-container\"><h1 class=\"bde-heading-21907-101 bde-heading\">\nAffiliate partner\n<\/h1><div class=\"bde-columns-21907-104 bde-columns\"><div class=\"bde-column-21907-105 bde-column\">\n  \n  \n\t\n\n\n\n<div class=\"bde-shortcodewrapper-21907-108 bde-shortcodewrapper\">\n<form id=\"affwp-register-form-6186\" class=\"affwp-form affwp-register-form\" action=\"\" method=\"post\" data-trp-original-action=\"\">\n\t\n\t<fieldset>\n\t\t<legend>Registracija novega partnerskega ra\u010duna<\/legend>\n\n\t\t\n\t\t<p>\n\t\t\t<label for=\"affwp-user-name\">Va\u0161e ime<\/label>\n\t\t\t<input id=\"affwp-user-name\" type=\"text\" name=\"affwp_user_name\" value=\"\" title=\"Va\u0161e ime\"  required='required' \/>\n\t\t<\/p>\n\n\t\t<p>\n\t\t\t<label for=\"affwp-user-login\">Uporabni\u0161ko ime<\/label>\n\t\t\t<input id=\"affwp-user-login\" required=\"required\" type=\"text\" name=\"affwp_user_login\" maxlength=\"60\" value=\"\" title=\"Uporabni\u0161ko ime\" \/>\n\t\t<\/p>\n\n\t\t<p>\n\t\t\t<label for=\"affwp-user-email\">E-po\u0161ta ra\u010duna<\/label>\n\t\t\t<input id=\"affwp-user-email\" required=\"required\" type=\"email\" name=\"affwp_user_email\" value=\"\" title=\"Elektronski naslov\" \/>\n\t\t<\/p>\n\n\t\t<p>\n\t\t\t<label for=\"affwp-payment-email\">Pla\u010dilni e-po\u0161tni naslov<\/label>\n\t\t\t<input id=\"affwp-payment-email\" type=\"email\" name=\"affwp_payment_email\" value=\"\" title=\"Pla\u010dilni e-po\u0161tni naslov\" required='required' \/>\n\t\t<\/p>\n\n\t\t<p>\n\t\t\t<label for=\"affwp-user-url\">URL spletnega mesta<\/label>\n\t\t\t<input id=\"affwp-user-url\" type=\"text\" name=\"affwp_user_url\" value=\"\" title=\"URL spletnega mesta\"  required='required' \/>\n\t\t<\/p>\n\n\t\t<p>\n\t\t\t<label for=\"affwp-promotion-method\">Kako nas boste promovirali?<\/label>\n\t\t\t<textarea id=\"affwp-promotion-method\" name=\"affwp_promotion_method\" rows=\"5\" cols=\"30\" required='required'><\/textarea>\n\t\t<\/p>\n\n\t\t\n\t\t\t<p>\n\t\t\t\t<label for=\"affwp-user-pass\">Geslo<\/label>\n\t\t\t\t<input id=\"affwp-user-pass\" required=\"required\" class=\"password\" type=\"password\" name=\"affwp_user_pass\" \/>\n\t\t\t<\/p>\n\n\t\t\t<p>\n\t\t\t\t<label for=\"affwp-user-pass2\">Potrditev gesla<\/label>\n\t\t\t\t<input id=\"affwp-user-pass2\" required=\"required\" class=\"password\" type=\"password\" name=\"affwp_user_pass2\" \/>\n\t\t\t<\/p>\n\n\t\t\n\t\t\n\t\t\t\t\t\t\t<p>\n\t\t\t\t<label class=\"affwp-tos\" for=\"affwp-tos\">\n\t\t\t\t\t<input id=\"affwp-tos\" required=\"required\" type=\"checkbox\" name=\"affwp_tos\" \/>\n\t\t\t\t\t<a href=\"https:\/\/james.care\/sl\/allgemeine-geschaeftsbedingungen-agb\/\" target=\"_blank\">se strinjate z na\u0161imi pogoji uporabe in pravilnikom o zasebnosti<\/a>\n\t\t\t\t<\/label>\n\t\t\t<\/p>\n\t\t\n\t\t\n\t\t<p>\n\t\t\t<input type=\"hidden\" name=\"affwp_honeypot\" value=\"\" \/>\n\t\t\t<input type=\"hidden\" name=\"affwp_redirect\" value=\"\"\/>\n\t\t\t<input type=\"hidden\" name=\"affwp_register_nonce\" value=\"6d0f55c062\" \/>\n\t\t\t<input type=\"hidden\" name=\"affwp_action\" value=\"affiliate_register\" \/>\n\n\t\t\t<input type=\"submit\" class=\"button\" value=\"Register\" \/>\t\t<\/p>\n\n\t\t\t<\/fieldset>\n\n\t<input type=\"hidden\" name=\"trp-form-language\" value=\"sl\"\/><\/form>\n\n<form id=\"affwp-login-form-7473\" class=\"affwp-form affwp-login-form\" action=\"\" method=\"post\" data-trp-original-action=\"\">\n\t\n\t<fieldset>\n\t\t<legend>Prijavite se v svoj ra\u010dun<\/legend>\n\n\t\t\n\t\t<p>\n\t\t\t<label for=\"affwp-login-user-login\">Uporabni\u0161ko ime<\/label>\n\t\t\t<input id=\"affwp-login-user-login\" class=\"required\" type=\"text\" name=\"affwp_user_login\" title=\"Uporabni\u0161ko ime\" \/>\n\t\t<\/p>\n\n\t\t<p>\n\t\t\t<label for=\"affwp-login-user-pass\">Geslo<\/label>\n\t\t\t<input id=\"affwp-login-user-pass\" class=\"password required\" type=\"password\" name=\"affwp_user_pass\" \/>\n\t\t<\/p>\n\n\t\t<p>\n\t\t\t<label class=\"affwp-user-remember\" for=\"affwp-user-remember\">\n\t\t\t\t<input id=\"affwp-user-remember\" type=\"checkbox\" name=\"affwp_user_remember\" value=\"1\" \/> Zapomni si me\t\t\t<\/label>\n\t\t<\/p>\n\n\n\t\t<p>\n\t\t\t<input type=\"hidden\" name=\"affwp_redirect\" value=\"https:\/\/james.care\/sl\/wp-json\/wp\/v2\/pages\/21907\"\/>\n\t\t\t<input type=\"hidden\" name=\"affwp_login_nonce\" value=\"41bd35c2ad\" \/>\n\t\t\t<input type=\"hidden\" name=\"affwp_action\" value=\"user_login\" \/>\n\n\t\t\t<input type=\"submit\" class=\"button\" value=\"Prijava\" \/>\t\t<\/p>\n\n\t\t<p class=\"affwp-lost-password\">\n\t\t\t<a href=\"https:\/\/james.care\/sl\/myjames\/passwort-vergessen\/\">Ste izgubili geslo?<\/a>\n\t\t<\/p>\n\n\t\t\t<\/fieldset>\n\n\t<input type=\"hidden\" name=\"trp-form-language\" value=\"sl\"\/><\/form>\n <\/div>\n<\/div><div class=\"bde-column-21907-106 bde-column\">\n  \n  \n\t\n\n\n\n\n<\/div><\/div><\/div>\n<\/section>","protected":false},"excerpt":{"rendered":"<p>Affiliate Partner Registracija novega partnerskega ra\u010duna Va\u0161e ime Uporabni\u0161ko ime E-naslov ra\u010duna Pla\u010dilni e-naslov URL spletne strani Kako nas boste promovirali? Geslo Potrdi geslo Strinjam se s pogoji uporabe in politiko zasebnosti Prijava v ra\u010dun Uporabni\u0161ko ime Geslo Zapomni si me Izgubili ste geslo?<\/p>","protected":false},"author":1,"featured_media":0,"parent":0,"menu_order":0,"comment_status":"closed","ping_status":"closed","template":"","meta":{"_acf_changed":false,"_breakdance_hide_in_design_set":false,"_breakdance_tags":"","footnotes":""},"class_list":["post-21907","page","type-page","status-publish","hentry"],"acf":[],"_links":{"self":[{"href":"https:\/\/james.care\/sl\/wp-json\/wp\/v2\/pages\/21907","targetHints":{"allow":["GET"]}}],"collection":[{"href":"https:\/\/james.care\/sl\/wp-json\/wp\/v2\/pages"}],"about":[{"href":"https:\/\/james.care\/sl\/wp-json\/wp\/v2\/types\/page"}],"author":[{"embeddable":true,"href":"https:\/\/james.care\/sl\/wp-json\/wp\/v2\/users\/1"}],"replies":[{"embeddable":true,"href":"https:\/\/james.care\/sl\/wp-json\/wp\/v2\/comments?post=21907"}],"version-history":[{"count":0,"href":"https:\/\/james.care\/sl\/wp-json\/wp\/v2\/pages\/21907\/revisions"}],"wp:attachment":[{"href":"https:\/\/james.care\/sl\/wp-json\/wp\/v2\/media?parent=21907"}],"curies":[{"name":"wp","href":"https:\/\/api.w.org\/{rel}","templated":true}]}}