{"id":21879,"date":"2022-11-23T08:18:51","date_gmt":"2022-11-23T07:18:51","guid":{"rendered":"https:\/\/myjames.shop\/?page_id=21879"},"modified":"2022-12-29T21:10:43","modified_gmt":"2022-12-29T20:10:43","slug":"ueber_uns","status":"publish","type":"page","link":"https:\/\/james.care\/sl\/ueber_uns\/","title":{"rendered":"+O nas"},"content":{"rendered":"<section class=\"bde-section-21879-100 bde-section\">\n  \n  \n\t\n\n\n\n<div class=\"section-container\"><h1 class=\"bde-heading-21879-104 bde-heading\">\nO zdravstvu ilogs\n<\/h1><div class=\"bde-columns-21879-101 bde-columns\"><div class=\"bde-column-21879-102 bde-column\">\n  \n  \n\t\n\n\n\n<h3 class=\"bde-heading-21879-105 bde-heading\">\nNa\u0161e poslanstvo\n<\/h3><div class=\"bde-rich-text-21879-106 bde-rich-text breakdance-rich-text-styles\">\n<p>Demografske spremembe so za na\u0161o dru\u017ebo stalen izziv. Za sedanjo dru\u017ebeno strukturo (Evrope) sta zna\u010dilna upadanje rodnosti in staranje prebivalstva. Ta preobrat zahteva inovativne re\u0161itve za la\u017eje in predvsem varnej\u0161e \u017eivljenje vse bolj starajo\u010dega se prebivalstva. Velik del oskrbe in podpore \u017ee poteka na domu in na to se osredoto\u010dajo tudi <strong>JAMES<\/strong>.<\/p><p>S poudarkom na <strong>VARNOST<\/strong>, <strong>ZDRAVJE<\/strong> in . <strong>SKUPNOST<\/strong> ponudbe <strong>JAMES<\/strong> Podjetje ponuja vrsto izdelkov in storitev za starej\u0161e in njihovo okolje, prilagojenih njihovim individualnim \u017eivljenjskim razmeram. Njegovi izdelki, ki so popolnoma prilagojeni starej\u0161im dr\u017eavljanom, podpirajo <strong>JAMES<\/strong> na tiso\u010de starej\u0161ih ljudi po vsem svetu. Pametni sistem pomo\u010di je razdeljen na vse pomembnej\u0161e podro\u010dje <strong><em>Aktivno \u017eivljenje z asistenco<\/em><\/strong>, kratek <strong>AAL<\/strong>a. Sistemi AAL lahko s pomo\u010djo inovativnih tehnologij in storitev zagotovijo bolj\u0161o kakovost \u017eivljenja v starosti.<\/p>\n<\/div>\n<\/div><div class=\"bde-column-21879-103 bde-column\">\n  \n  \n\t\n\n\n\n<div class=\"bde-image-21879-107 bde-image\">\n<figure class=\"breakdance-image breakdance-image--18851\">\n\t<div class=\"breakdance-image-container\">\n\t\t<div class=\"breakdance-image-clip\"><img loading=\"lazy\" decoding=\"async\" class=\"breakdance-image-object\" src=\"https:\/\/james.care\/wp-content\/uploads\/2021\/04\/shutterstock_1426500845.jpg\" width=\"800\" height=\"533\" srcset=\"https:\/\/james.care\/wp-content\/uploads\/2021\/04\/shutterstock_1426500845.jpg 800w, https:\/\/james.care\/wp-content\/uploads\/2021\/04\/shutterstock_1426500845-300x200.jpg 300w, https:\/\/james.care\/wp-content\/uploads\/2021\/04\/shutterstock_1426500845-768x512.jpg 768w, https:\/\/james.care\/wp-content\/uploads\/2021\/04\/shutterstock_1426500845-600x400.jpg 600w\" sizes=\"auto, (max-width: 800px) 100vw, 800px\"><\/div>\n\t<\/div><\/figure>\n\n<\/div>\n<\/div><\/div><div class=\"bde-columns-21879-108 bde-columns\"><div class=\"bde-column-21879-112 bde-column\">\n  \n  \n\t\n\n\n\n<div class=\"bde-image-21879-113 bde-image\">\n<figure class=\"breakdance-image breakdance-image--19442\">\n\t<div class=\"breakdance-image-container\">\n\t\t<div class=\"breakdance-image-clip\"><img loading=\"lazy\" decoding=\"async\" class=\"breakdance-image-object\" src=\"https:\/\/james.care\/wp-content\/uploads\/2022\/05\/job_healthcare_image.png\" width=\"1000\" height=\"667\" srcset=\"https:\/\/james.care\/wp-content\/uploads\/2022\/05\/job_healthcare_image.png 1000w, https:\/\/james.care\/wp-content\/uploads\/2022\/05\/job_healthcare_image-300x200.png 300w, https:\/\/james.care\/wp-content\/uploads\/2022\/05\/job_healthcare_image-768x512.png 768w, https:\/\/james.care\/wp-content\/uploads\/2022\/05\/job_healthcare_image-600x400.png 600w\" sizes=\"auto, (max-width: 1000px) 100vw, 1000px\"><\/div>\n\t<\/div><\/figure>\n\n<\/div>\n<\/div><div class=\"bde-column-21879-109 bde-column\">\n  \n  \n\t\n\n\n\n<h3 class=\"bde-heading-21879-110 bde-heading\">\nNa\u0161e strokovno znanje in izku\u0161nje\n<\/h3><div class=\"bde-rich-text-21879-111 bde-rich-text breakdance-rich-text-styles\">\n<p>Strokovnjak za IT ponuja visokokakovostno programsko opremo in storitve, ki se osredoto\u010dajo na digitalizacijo oskrbe in podpore zunaj bolni\u0161nice. Kot vodilni na trgu na podro\u010dju mobilnih socialnih storitev <strong>ilogs healthcare <\/strong>in negovalnih ustanovah ter v oskrbovanih stanovanjih.<\/p><p>Zamisel za <strong>JAMES TeleCare<\/strong> se je za\u010del leta 2019, da bi starej\u0161im omogo\u010dil ve\u010djo samostojnost in varnost v njihovem vsakdanjem \u017eivljenju. <strong>ilogs healthcare<\/strong> od leta 2012 izvaja ve\u010d raziskav na podro\u010dju AAL in je v aktivnem dialogu s priznanimi raziskovalnimi ustanovami. Ob podpori <strong>Avstrijska raziskovalna organizacija<\/strong> (FFG) so bile v okviru razli\u010dnih nacionalnih in mednarodnih raziskovalnih in razvojnih projektov preizku\u0161ene in na trg dane nove tehnologije in storitve.<\/p><p>Danes je <strong>ilogi <\/strong>deluje na mednarodni ravni in se v Evropi vse bolj uveljavlja kot priznan strokovnjak za e-zdravje. Podjetje upravlja lastnik.<\/p>\n<\/div>\n<\/div><\/div><\/div>\n<\/section><section class=\"bde-section-21879-114 bde-section\">\n  \n  \n\t\n\n\n\n<div class=\"section-container\"><\/div>\n<\/section>","protected":false},"excerpt":{"rendered":"<p>\u00dcber ilogs healthcare Unsere Mission Der demographische Wandel stellt f\u00fcr unsere Gesellschaft eine anhaltende Herausforderung dar. Die gegenw\u00e4rtige Gesellschaftsstruktur (Europas) ist von sinkenden Geburtenraten und alternden Personengruppen gepr\u00e4gt. Dieser Umbruch erfordert innovative L\u00f6sungsans\u00e4tze, um das Leben der zunehmend \u00e4lter werdenden Bev\u00f6lkerungsschicht einfacher, vor allem jedoch sicherer zu gestalten. Ein Gro\u00dfteil der Pflege und Betreuung findet [&hellip;]<\/p>\n","protected":false},"author":1,"featured_media":0,"parent":0,"menu_order":0,"comment_status":"closed","ping_status":"closed","template":"","meta":{"_acf_changed":false,"_breakdance_hide_in_design_set":false,"_breakdance_tags":"","footnotes":""},"class_list":["post-21879","page","type-page","status-publish","hentry"],"acf":[],"_links":{"self":[{"href":"https:\/\/james.care\/sl\/wp-json\/wp\/v2\/pages\/21879","targetHints":{"allow":["GET"]}}],"collection":[{"href":"https:\/\/james.care\/sl\/wp-json\/wp\/v2\/pages"}],"about":[{"href":"https:\/\/james.care\/sl\/wp-json\/wp\/v2\/types\/page"}],"author":[{"embeddable":true,"href":"https:\/\/james.care\/sl\/wp-json\/wp\/v2\/users\/1"}],"replies":[{"embeddable":true,"href":"https:\/\/james.care\/sl\/wp-json\/wp\/v2\/comments?post=21879"}],"version-history":[{"count":0,"href":"https:\/\/james.care\/sl\/wp-json\/wp\/v2\/pages\/21879\/revisions"}],"wp:attachment":[{"href":"https:\/\/james.care\/sl\/wp-json\/wp\/v2\/media?parent=21879"}],"curies":[{"name":"wp","href":"https:\/\/api.w.org\/{rel}","templated":true}]}}