{"id":21875,"date":"2022-11-23T08:18:11","date_gmt":"2022-11-23T07:18:11","guid":{"rendered":"https:\/\/myjames.shop\/?page_id=21875"},"modified":"2023-12-06T16:26:26","modified_gmt":"2023-12-06T15:26:26","slug":"impressum","status":"publish","type":"page","link":"https:\/\/james.care\/sl\/impressum\/","title":{"rendered":"Odtis ilogs healthcare"},"content":{"rendered":"<section class=\"bde-section-21875-100 bde-section\">\n  \n  \n\t\n\n\n\n<div class=\"section-container\"><h1 class=\"bde-heading-21875-101 bde-heading\">\nOdtis\n<\/h1><div class=\"bde-columns-21875-102 bde-columns\"><div class=\"bde-column-21875-103 bde-column\">\n  \n  \n\t\n\n\n\n<div class=\"bde-rich-text-21875-105 bde-rich-text breakdance-rich-text-styles\">\n<p>Informacije v skladu s \u010dlenom 5(1) Zakona o elektronskem poslovanju<br>Razkritje v skladu s \u010dlenoma 24 in 25 Zakona o medijih<br><br><strong>Lastnik, zalo\u017enik in proizvajalec medijev:<\/strong><br><strong><br>ilogs healthcare GmbH<\/strong><br>Kronsko mesto 1\/ Top 2<br>A-9020 Celovec pri W\u00f6rthersee<br>AVSTRIJA \/ AVSTRIJA<strong><br><\/strong><br><strong>Registrska \u0161tevilka podjetja:<\/strong> 481242i<br><strong>Sodi\u0161\u010de za poslovni register:<\/strong> De\u017eelno sodi\u0161\u010de v Celovcu<br><strong>Identifikacijska \u0161tevilka za davek na dodano vrednost:<\/strong> ATU72724778<br><strong>pripadnost zbornici:<\/strong> Koro\u0161ka gospodarska zbornica<br><strong>Predmet podjetja:<\/strong> Storitve IT<br><strong>Direktor:<\/strong> Dr. Walter Liebhart.<\/p>\n<\/div>\n<\/div><div class=\"bde-column-21875-104 bde-column\">\n  \n  \n\t\n\n\n\n<div class=\"bde-rich-text-21875-106 bde-rich-text breakdance-rich-text-styles\">\n<h3>Pi\u0161ite nam<\/h3><p>Telefon: <strong>+43 (0) 463 305 003<\/strong><br>Elektronska po\u0161ta: <strong>office@ilogs.care<\/strong><\/p>\n<\/div>\n<\/div><\/div><\/div>\n<\/section>","protected":false},"excerpt":{"rendered":"<p>Natisni Informacije v skladu s \u010dlenom 5(1) Zakona o elektronskem poslovanjuRazkritje v skladu s \u010dlenoma 24, 25 Zakona o medijihVlastnik, izdajatelj in proizvajalec medija:ilogs healthcare GmbHKrone Platz 1\/ Top 2A-9020 Klagenfurt am W\u00f6rthersee\u00d6STERREICH \/ AUSTRIAFirmenbuchnummer: 481242iRegistrsko sodi\u0161\u010de: De\u017eelno sodi\u0161\u010de v CelovcuIdentifikacijska \u0161tevilka DDV: ATU72724778Pripadnost zbornici: Koro\u0161ka gospodarska zbornicaPredmet podjetja: storitve ITVodja podjetja: dr. Walter Liebhart. Kontaktni telefon: +43 (0) 463 305 003Email: office@ilogs.care<\/p>","protected":false},"author":1,"featured_media":0,"parent":0,"menu_order":0,"comment_status":"closed","ping_status":"closed","template":"","meta":{"_acf_changed":false,"_breakdance_hide_in_design_set":false,"_breakdance_tags":"","footnotes":""},"class_list":["post-21875","page","type-page","status-publish","hentry"],"acf":[],"_links":{"self":[{"href":"https:\/\/james.care\/sl\/wp-json\/wp\/v2\/pages\/21875","targetHints":{"allow":["GET"]}}],"collection":[{"href":"https:\/\/james.care\/sl\/wp-json\/wp\/v2\/pages"}],"about":[{"href":"https:\/\/james.care\/sl\/wp-json\/wp\/v2\/types\/page"}],"author":[{"embeddable":true,"href":"https:\/\/james.care\/sl\/wp-json\/wp\/v2\/users\/1"}],"replies":[{"embeddable":true,"href":"https:\/\/james.care\/sl\/wp-json\/wp\/v2\/comments?post=21875"}],"version-history":[{"count":0,"href":"https:\/\/james.care\/sl\/wp-json\/wp\/v2\/pages\/21875\/revisions"}],"wp:attachment":[{"href":"https:\/\/james.care\/sl\/wp-json\/wp\/v2\/media?parent=21875"}],"curies":[{"name":"wp","href":"https:\/\/api.w.org\/{rel}","templated":true}]}}