{"id":21841,"date":"2022-11-22T14:31:26","date_gmt":"2022-11-22T13:31:26","guid":{"rendered":"https:\/\/myjames.shop\/?page_id=21841"},"modified":"2025-08-12T13:33:42","modified_gmt":"2025-08-12T11:33:42","slug":"widerrufsbelehrung","status":"publish","type":"page","link":"https:\/\/james.care\/sl\/widerrufsbelehrung\/","title":{"rendered":"Preklic"},"content":{"rendered":"<section class=\"bde-section-21841-100 bde-section\">\n  \n  \n\t\n\n\n\n<div class=\"section-container\"><h1 class=\"bde-heading-21841-101 bde-heading\">\nPreklic\n<\/h1><div class=\"bde-rich-text-21841-102 bde-rich-text breakdance-rich-text-styles\">\n<h2><strong>Pravica do preklica<\/strong><\/h2>\n<p>V \u0161tirinajstih dneh imate pravico odpovedati pogodbo z nami brez navedbe razloga.<strong>\u00a0Trgovina JAMES<\/strong> da prekli\u010dete svoje naro\u010dilo. Rok za preklic je \u0161tirinajst dni od dneva, ko ste vi ali tretja oseba, ki ste jo navedli in ki ni prevoznik, prevzeli zadnje blago. Za uveljavljanje pravice do preklica nas morate obvestiti (ilogs healthcare GmbH, Krone Platz 1, A-9020 Klagenfurt a. W., <strong>e-po\u0161ta:<\/strong> <a href=\"mailto:support@james.care\" target=\"_blank\" rel=\"noopener noreferrer nofollow\">support@james.care<\/a>, <strong>Tel:<\/strong> +43 463 305 003) prek <strong>jasna izjava<\/strong> (npr. pismo, poslano po po\u0161ti ali elektronski po\u0161ti) o svoji odlo\u010ditvi, da odstopite od te pogodbe. Uporabite lahko prilo\u017eeni vzorec obrazca za odpoved, vendar to ni obvezno. \u010ce boste uporabili to mo\u017enost, vam bomo nemudoma poslali (po elektronski po\u0161ti) potrdilo o prejemu tak\u0161ne odpovedi.<\/p>\n<p>Za upo\u0161tevanje roka za preklic zadostuje, da obvestilo o uveljavljanju pravice do preklica po\u0161ljete pred iztekom roka za preklic.<\/p>\n<p><strong>Potro\u0161nik nima pravice do odstopa od pogodbe, ki se nana\u0161a na:<\/strong><br \/>Blago, ki je izdelano v skladu s specifikacijami stranke ali je jasno prilagojeno osebnim zahtevam.<\/p>\n<h2><strong>Posledice preklica<\/strong><\/h2>\n<p>\u010ce odstopite od te pogodbe, vam brez nepotrebnega odla\u0161anja in v vsakem primeru najpozneje v 14 dneh od dneva, ko smo bili obve\u0161\u010deni o va\u0161i odlo\u010ditvi za odstop od te pogodbe, povrnemo vsa prejeta pla\u010dila, vklju\u010dno s stro\u0161ki dostave (razen dodatnih stro\u0161kov, ki nastanejo zaradi va\u0161e izbire vrste dostave, ki ni najcenej\u0161a vrsta standardne dostave, ki smo jo ponudili). Za to povra\u010dilo bomo uporabili isto pla\u010dilno sredstvo, kot ste ga uporabili pri prvotni transakciji, razen \u010de se z vami izrecno dogovorimo druga\u010de; v nobenem primeru vam za to povra\u010dilo ne bomo zara\u010dunali nobenih stro\u0161kov.<\/p>\n<p>Povra\u010dilo vam lahko zavrnemo, dokler ne prejmemo blaga nazaj ali dokler ne predlo\u017eite dokazila, da ste blago vrnili, karkoli se zgodi prej.<\/p>\n<p>Blago nam morate vrniti ali izro\u010diti takoj, v vsakem primeru pa najpozneje v \u0161tirinajstih dneh od dneva, ko nas obvestite o odpovedi te pogodbe. Rok je upo\u0161tevan, \u010de blago odpo\u0161ljete pred iztekom \u0161tirinajstdnevnega roka. Stro\u0161ke vra\u010dila blaga nosimo mi. Izgubo vrednosti blaga morate pla\u010dati le, \u010de je ta izguba vrednosti posledica ravnanja z blagom, ki ni potrebno za preverjanje njegovega stanja, lastnosti in funkcionalnosti.<\/p>\n<h2><strong>Obrazec za preklic<\/strong><\/h2>\n<p>\u010ce \u017eelite odpovedati pogodbo, izpolnite ta obrazec. <a href=\"https:\/\/james.care\/wp-content\/uploads\/2021\/04\/Muster-Widerrufsformular_Shop.pdf\" target=\"_blank\" rel=\"noopener noreferrer nofollow\"><strong>Obrazec<\/strong><\/a> in nam ga po\u0161ljite nazaj.<\/p>\n<\/div><\/div>\n<\/section>","protected":false},"excerpt":{"rendered":"<p>Widerruf Widerrufsrecht Sie haben das Recht, binnen vierzehn Tagen ohne Angabe von Gr\u00fcnden Ihren Vertrag mit\u00a0JAMES Shop zu widerrufen. Die Widerrufsfrist betr\u00e4gt vierzehn Tage ab dem Tag, an dem Sie oder ein von Ihnen benannter Dritter, der nicht der Bef\u00f6rderer ist, die letzte Ware in Besitz genommen haben bzw. hat. Um Ihr Widerrufsrecht auszu\u00fcben, m\u00fcssen [&hellip;]<\/p>\n","protected":false},"author":1,"featured_media":0,"parent":0,"menu_order":0,"comment_status":"closed","ping_status":"closed","template":"","meta":{"_acf_changed":false,"_breakdance_hide_in_design_set":false,"_breakdance_tags":"","footnotes":""},"class_list":["post-21841","page","type-page","status-publish","hentry"],"acf":[],"_links":{"self":[{"href":"https:\/\/james.care\/sl\/wp-json\/wp\/v2\/pages\/21841","targetHints":{"allow":["GET"]}}],"collection":[{"href":"https:\/\/james.care\/sl\/wp-json\/wp\/v2\/pages"}],"about":[{"href":"https:\/\/james.care\/sl\/wp-json\/wp\/v2\/types\/page"}],"author":[{"embeddable":true,"href":"https:\/\/james.care\/sl\/wp-json\/wp\/v2\/users\/1"}],"replies":[{"embeddable":true,"href":"https:\/\/james.care\/sl\/wp-json\/wp\/v2\/comments?post=21841"}],"version-history":[{"count":0,"href":"https:\/\/james.care\/sl\/wp-json\/wp\/v2\/pages\/21841\/revisions"}],"wp:attachment":[{"href":"https:\/\/james.care\/sl\/wp-json\/wp\/v2\/media?parent=21841"}],"curies":[{"name":"wp","href":"https:\/\/api.w.org\/{rel}","templated":true}]}}