{"id":21837,"date":"2022-11-22T14:18:59","date_gmt":"2022-11-22T13:18:59","guid":{"rendered":"https:\/\/myjames.shop\/?page_id=21837"},"modified":"2024-06-22T16:03:33","modified_gmt":"2024-06-22T14:03:33","slug":"versandretouren","status":"publish","type":"page","link":"https:\/\/james.care\/sl\/versandretouren\/","title":{"rendered":"Dostava + vra\u010dila"},"content":{"rendered":"<section class=\"bde-section-21837-100 bde-section\">\n  \n  \n\t\n\n\n\n<div class=\"section-container\"><h1 class=\"bde-heading-21837-101 bde-heading\">\nDostava in vra\u010dila\n<\/h1><div class=\"bde-rich-text-21837-102 bde-rich-text breakdance-rich-text-styles\">\n<h2><strong>Dostava<\/strong><\/h2>\n<ul>\n<li>Od 150 Euro vrednosti naro\u010dila <strong>brezpla\u010dna dostava<\/strong><\/li>\n<li>\n<p class=\"p1\">\u010cas dostave:  Avstrija: 3-4 delovne dni, Evropa*: 4-5 delovnih dni<\/p>\n<\/li>\n<li>\u010cas dostave <strong>Dostava+<\/strong>Avstrija: 2-3 delovni dnevi, Evropa*: 3-4 delovni dnevi<\/li>\n<li>\n<p>\u010ce je bila po\u0161iljka \u017ee poslana, vendar \u0161e ni prispela, najprej preverite, ali je ostala v va\u0161i bli\u017eini. \u010ce temu ni tako in se stanje odpreme v petih dneh ni spremenilo, se obrnite na nas. <a href=\"mailto:%20hilfe@myjames.shop\" target=\"_blank\" rel=\"noopener noreferrer nofollow\">Pi\u0161ite nam<\/a> na.<\/p>\n<\/li>\n<\/ul>\n<p><em>* Po\u0161iljamo v celotno EU, \u0160vico, Lihten\u0161tajn, Veliko Britanijo, Norve\u0161ko, Vatikan, San Marino, Islandijo, Monako in Andoro. Za \u010dezmorska ozemlja in izpostavljene otoke, kot so Azori, Madeira, Kanarski otoki, Francoska Gvajana, Guadeloupe, Martinik, Reunion, Saint-Barth\u00e9lemy, Saint-Martin, lahko veljajo dalj\u0161i \u010das dostave in dodatni stro\u0161ki dostave.<\/em><\/p>\n<h2><strong>Vra\u010da<\/strong><\/h2>\n<p>Dobavijo se lahko v <strong>30 dni <\/strong>nam ga vrnete tako, da ga po\u0161ljete iz svojega <a href=\"https:\/\/james.care\/sl\/widerrufsbelehrung\/\" target=\"_blank\" rel=\"noopener noreferrer nofollow\"><strong>Pravica do preklica<\/strong><\/a> ga uporabite. Obrnite se na na\u0161 <a href=\"mailto:support@james.care\" target=\"_blank\" rel=\"noopener noreferrer nofollow\"><strong>Podpora strankam<\/strong><\/a> ali nam neposredno po\u0161ljite izpolnjen obrazec za povpra\u0161evanje<a href=\"https:\/\/james.care\/wp-content\/uploads\/2021\/04\/Muster-Widerrufsformular_Shop.pdf\" target=\"_blank\" rel=\"noopener noreferrer nofollow\"> Obrazec za preklic<\/a>. Prejeli boste potrdilo o vra\u010dilu, vklju\u010dno z etiketo za vra\u010dilo.<\/p>\n<p>Va\u0161 znesek nakupa bo nakazan v 30 dneh po prejemu vra\u010dila - vedno v skladu z na\u010dinom pla\u010dila, ki ste ga izbrali ob naro\u010dilu.\u00a0<\/p>\n<\/div><\/div>\n<\/section>","protected":false},"excerpt":{"rendered":"<p>Versand &#038; Retouren Versand Ab 150 Euro Bestellwert kostenloser Versand Lieferzeiten:\u00a0 \u00d6sterreich: 3-4 Werktage, Europa*: 4-5 Werktage Lieferzeiten Versand+: \u00d6sterreich: 2-3 Werktage, Europa*: 3-4 Werktage Sollte Ihr Paket schon versendet, aber noch nicht bei Ihnen angekommen sein, pr\u00fcfen Sie bitte zun\u00e4chst, ob das Paket in Ihrer Nachbarschaft abgegeben wurde. Sollte dies nicht der Fall sein [&hellip;]<\/p>\n","protected":false},"author":1,"featured_media":0,"parent":0,"menu_order":0,"comment_status":"closed","ping_status":"closed","template":"","meta":{"_acf_changed":false,"_breakdance_hide_in_design_set":false,"_breakdance_tags":"","footnotes":""},"class_list":["post-21837","page","type-page","status-publish","hentry"],"acf":[],"_links":{"self":[{"href":"https:\/\/james.care\/sl\/wp-json\/wp\/v2\/pages\/21837","targetHints":{"allow":["GET"]}}],"collection":[{"href":"https:\/\/james.care\/sl\/wp-json\/wp\/v2\/pages"}],"about":[{"href":"https:\/\/james.care\/sl\/wp-json\/wp\/v2\/types\/page"}],"author":[{"embeddable":true,"href":"https:\/\/james.care\/sl\/wp-json\/wp\/v2\/users\/1"}],"replies":[{"embeddable":true,"href":"https:\/\/james.care\/sl\/wp-json\/wp\/v2\/comments?post=21837"}],"version-history":[{"count":0,"href":"https:\/\/james.care\/sl\/wp-json\/wp\/v2\/pages\/21837\/revisions"}],"wp:attachment":[{"href":"https:\/\/james.care\/sl\/wp-json\/wp\/v2\/media?parent=21837"}],"curies":[{"name":"wp","href":"https:\/\/api.w.org\/{rel}","templated":true}]}}