{"id":21427,"date":"2022-11-14T15:52:02","date_gmt":"2022-11-14T14:52:02","guid":{"rendered":"https:\/\/myjames.shop\/?page_id=21427"},"modified":"2024-12-05T12:32:37","modified_gmt":"2024-12-05T11:32:37","slug":"sturz","status":"publish","type":"page","link":"https:\/\/james.care\/sl\/sturz\/","title":{"rendered":"+Camber"},"content":{"rendered":"<section class=\"bde-section-21427-100 bde-section\">\n  \n  \n\t\n\n\n\n<div class=\"section-container\"><h1 class=\"bde-heading-21427-101 bde-heading\">\nZaznavanje padcev\n<\/h1><div class=\"bde-columns-21427-102 bde-columns\"><div class=\"bde-column-21427-103 bde-column\">\n  \n  \n\t\n\n\n\n<div class=\"bde-image-21427-106 bde-image\">\n<figure class=\"breakdance-image breakdance-image--18951\">\n\t<div class=\"breakdance-image-container\">\n\t\t<div class=\"breakdance-image-clip\"><img loading=\"lazy\" decoding=\"async\" class=\"breakdance-image-object\" src=\"https:\/\/james.care\/wp-content\/uploads\/2021\/05\/old_man_fall_stairs.png\" width=\"1600\" height=\"1067\" srcset=\"https:\/\/james.care\/wp-content\/uploads\/2021\/05\/old_man_fall_stairs.png 1600w, https:\/\/james.care\/wp-content\/uploads\/2021\/05\/old_man_fall_stairs-300x200.png 300w, https:\/\/james.care\/wp-content\/uploads\/2021\/05\/old_man_fall_stairs-1024x683.png 1024w, https:\/\/james.care\/wp-content\/uploads\/2021\/05\/old_man_fall_stairs-768x512.png 768w, https:\/\/james.care\/wp-content\/uploads\/2021\/05\/old_man_fall_stairs-1536x1024.png 1536w, https:\/\/james.care\/wp-content\/uploads\/2021\/05\/old_man_fall_stairs-600x400.png 600w\" sizes=\"auto, (max-width: 1600px) 100vw, 1600px\"><\/div>\n\t<\/div><\/figure>\n\n<\/div>\n<\/div><div class=\"bde-column-21427-104 bde-column\">\n  \n  \n\t\n\n\n\n<div class=\"bde-rich-text-21427-105 bde-rich-text breakdance-rich-text-styles\">\n<p>Na trgu je veliko ur, ki trdijo, da zagotavljajo zanesljivo zaznavanje padcev na podlagi senzorjev gibanja. Vendar je resni\u010dnost pogosto druga\u010dna, saj je padec zelo te\u017eko zaznati. Tukaj je nekaj primerov:<\/p>\n<ul>\n<li><strong>Omotica<\/strong>Uporabnik ure po\u010dasi zdrsne na tla in se delno oprime, npr. na stol.<\/li>\n<li><strong>Stumble<\/strong>Oseba se spotakne ob rob preproge in pade na tla.<\/li>\n<li><strong>Nenamerni premiki<\/strong>Nosilec ure z roko udari po mizi.<\/li>\n<\/ul>\n<p>Tak\u0161ne scenarije je te\u017eko jasno prepoznati. Vse\u00a0<strong>Modela B in R<\/strong>\u00a0JAMES imajo senzor padca, vendar ta deluje le v omejenem obsegu. Lahko se zgodi, da se senzor spro\u017ei prepogosto ali da se ne odzove, \u010de je udarec premo\u010dan. Senzor padca lahko kadar koli po potrebi vklopite ali izklopite prek aplikacije JAMES.<\/p>\n<p>Spletna stran\u00a0<strong>Model S<\/strong>\u00a0iz sistema JAMES ponuja alternativno re\u0161itev: vgrajeni\u00a0<strong>Senzor neaktivnosti<\/strong>. Ta signalizira alarm, \u010de se ura dolo\u010den \u010das ne premakne (npr. 15 minut - nastavite lahko 8 \u010dasovnih stopenj).<\/p>\n<p>V podjetju JAMES si nenehno prizadevamo za izbolj\u0161anje zaznavanja padcev. Vendar iz izku\u0161enj vemo, da je\u00a0<strong>Najbolj\u0161a varnost<\/strong>\u00a0je dose\u017een,\u00a0<strong>\u010de se ura redno nosi.<\/strong>. V ve\u010dini nujnih primerov - ne glede na to, ali gre za padec, strah ali nevarnost - je pomo\u010d na voljo le s pritiskom na gumb!<\/p>\n<\/div>\n<\/div><\/div><\/div>\n<\/section>","protected":false},"excerpt":{"rendered":"<p>Sturzerkennung Es gibt viele Uhren auf dem Markt, die behaupten, eine zuverl\u00e4ssige Sturzerkennung auf Basis von Bewegungssensoren zu bieten. Die Realit\u00e4t ist jedoch oft eine andere, da ein Sturz sehr schwer zu erkennen ist. Hier einige Beispiele: Schwindel: Der Uhrentr\u00e4ger gleitet langsam zu Boden und st\u00fctzt sich teilweise noch ab, z. B. auf einem Stuhl. [&hellip;]<\/p>\n","protected":false},"author":1,"featured_media":0,"parent":0,"menu_order":0,"comment_status":"closed","ping_status":"closed","template":"","meta":{"_acf_changed":false,"_breakdance_hide_in_design_set":false,"_breakdance_tags":"","footnotes":""},"class_list":["post-21427","page","type-page","status-publish","hentry"],"acf":[],"_links":{"self":[{"href":"https:\/\/james.care\/sl\/wp-json\/wp\/v2\/pages\/21427","targetHints":{"allow":["GET"]}}],"collection":[{"href":"https:\/\/james.care\/sl\/wp-json\/wp\/v2\/pages"}],"about":[{"href":"https:\/\/james.care\/sl\/wp-json\/wp\/v2\/types\/page"}],"author":[{"embeddable":true,"href":"https:\/\/james.care\/sl\/wp-json\/wp\/v2\/users\/1"}],"replies":[{"embeddable":true,"href":"https:\/\/james.care\/sl\/wp-json\/wp\/v2\/comments?post=21427"}],"version-history":[{"count":0,"href":"https:\/\/james.care\/sl\/wp-json\/wp\/v2\/pages\/21427\/revisions"}],"wp:attachment":[{"href":"https:\/\/james.care\/sl\/wp-json\/wp\/v2\/media?parent=21427"}],"curies":[{"name":"wp","href":"https:\/\/api.w.org\/{rel}","templated":true}]}}