{"id":21100,"date":"2022-11-09T11:24:15","date_gmt":"2022-11-09T10:24:15","guid":{"rendered":"https:\/\/myjames.shop\/?page_id=21100"},"modified":"2026-01-17T10:02:19","modified_gmt":"2026-01-17T09:02:19","slug":"notrufuhr","status":"publish","type":"page","link":"https:\/\/james.care\/sl\/notrufuhr\/","title":{"rendered":"+ klic v sili"},"content":{"rendered":"<section class=\"bde-section-21100-347 bde-section\">\n  \n  \n\t\n\n\n\n<div class=\"section-container\"><div class=\"bde-globalblock-21100-332 bde-globalblock\"><section class=\"bde-section-73985-100-73985-1 bde-section bde-section-73985-100\">\n              \n  \n  \n\t\n\n  <div class=\"section-background-overlay\"><\/div>\n\n\n<div class=\"section-container\"><div class=\"bde-image-73985-101-73985-1 bde-image bde-image-73985-101\">\n<figure class=\"breakdance-image breakdance-image--35464\">\n\t<div class=\"breakdance-image-container\">\n\t\t<div class=\"breakdance-image-clip\"><img decoding=\"async\" class=\"breakdance-image-object\" src=\"https:\/\/james.care\/wp-content\/uploads\/2023\/05\/James_red.svg\" width=\"\" height=\"\" alt=\"JAMES Telecare Logo rot\"><\/div>\n\t<\/div><\/figure>\n\n<\/div><h2 class=\"bde-heading-73985-102-73985-1 bde-heading bde-heading-73985-102\">\nMit Sicherheit ein gutes Gef\u00fchl\n<\/h2><h5 class=\"bde-heading-73985-103-73985-1 bde-heading bde-heading-73985-103\">\nUnsere Notrufuhren bieten mehr als Sicherheit \u2013 sie geben Vertrauen, Freiheit und das gute Gef\u00fchl, im Notfall nicht allein zu sein. W\u00e4hlen Sie das Modell, das zu Ihnen passt: smart in der Technik, dezent im Design, zuverl\u00e4ssig im Alltag.\n<\/h5><div class=\"bde-fancy-container-73985-253-73985-1 bde-fancy-container bde-fancy-container-73985-253\">\n  \n  \n\t\n\n\n\n<div class=\"bde-div-73985-261-73985-1 bde-div bde-div-73985-261\">\n  \n  \n\t\n\n\n\n<div class=\"bde-columns-73985-318-73985-1 bde-columns bde-columns-73985-318\"><div class=\"bde-column-73985-319-73985-1 bde-column bde-column-73985-319\">\n  \n  \n\t\n\n\n\n<div class=\"bde-advancedslider-73985-337-73985-1 bde-advancedslider bde-advancedslider-73985-337\">\n<div class=\"breakdance-swiper-wrapper\" data-swiper-id=\"337\">\n  <div class=\"swiper\">\n    <div class=\"swiper-wrapper\">\n      <div class=\"bde-advancedslide-73985-338-73985-1 bde-advancedslide bde-advancedslide-73985-338 swiper-slide\"><div class=\"advanced-slider__slide\">\r\n  <div class=\"bde-image-73985-339-73985-1 bde-image bde-image-73985-339\">\n<figure class=\"breakdance-image breakdance-image--57785\">\n\t<div class=\"breakdance-image-container\">\n\t\t<div class=\"breakdance-image-clip\"><img loading=\"lazy\" decoding=\"async\" class=\"breakdance-image-object\" src=\"https:\/\/james.care\/wp-content\/uploads\/2024\/07\/b8_black-300x300.webp\" width=\"300\" height=\"300\" srcset=\"https:\/\/james.care\/wp-content\/uploads\/2024\/07\/b8_black.webp 922w, https:\/\/james.care\/wp-content\/uploads\/2024\/07\/b8_black-300x300.webp 300w, https:\/\/james.care\/wp-content\/uploads\/2024\/07\/b8_black-150x150.webp 150w, https:\/\/james.care\/wp-content\/uploads\/2024\/07\/b8_black-768x768.webp 768w, https:\/\/james.care\/wp-content\/uploads\/2024\/07\/b8_black-12x12.webp 12w, https:\/\/james.care\/wp-content\/uploads\/2024\/07\/b8_black-600x600.webp 600w, https:\/\/james.care\/wp-content\/uploads\/2024\/07\/b8_black-100x100.webp 100w\" sizes=\"auto, (max-width: 922px) 100vw, 922px\"><\/div>\n\t<\/div><\/figure>\n\n<\/div>\r\n<\/div><\/div><div class=\"bde-advancedslide-73985-340-73985-1 bde-advancedslide bde-advancedslide-73985-340 swiper-slide\"><div class=\"advanced-slider__slide\">\r\n  <div class=\"bde-image-73985-341-73985-1 bde-image bde-image-73985-341\">\n<figure class=\"breakdance-image breakdance-image--120946\">\n\t<div class=\"breakdance-image-container\">\n\t\t<div class=\"breakdance-image-clip\"><img loading=\"lazy\" decoding=\"async\" class=\"breakdance-image-object\" src=\"https:\/\/james.care\/wp-content\/uploads\/2024\/10\/b8_white_front-300x300.webp\" width=\"300\" height=\"300\" srcset=\"https:\/\/james.care\/wp-content\/uploads\/2024\/10\/b8_white_front.webp 1000w, https:\/\/james.care\/wp-content\/uploads\/2024\/10\/b8_white_front-300x300.webp 300w, https:\/\/james.care\/wp-content\/uploads\/2024\/10\/b8_white_front-150x150.webp 150w, https:\/\/james.care\/wp-content\/uploads\/2024\/10\/b8_white_front-768x768.webp 768w, https:\/\/james.care\/wp-content\/uploads\/2024\/10\/b8_white_front-12x12.webp 12w, https:\/\/james.care\/wp-content\/uploads\/2024\/10\/b8_white_front-600x600.webp 600w\" sizes=\"auto, (max-width: 1000px) 100vw, 1000px\"><\/div>\n\t<\/div><\/figure>\n\n<\/div>\r\n<\/div><\/div>\n    <\/div>\n  <\/div>\n\n      \n            <div class=\"swiper-pagination\"><\/div>\n    \n<\/div>\n\n<\/div><div class=\"bde-div-73985-289-73985-1 bde-div bde-div-73985-289\">\n  \n  \n\t\n\n\n\n<div class=\"bde-text-73985-290-73985-1 bde-text bde-text-73985-290\">\nJetzt verf\u00fcgbar\n<\/div><div class=\"bde-text-73985-291-73985-1 bde-text bde-text-73985-291\">\ninkl. 30 Tage JAMES Tarif *\n<\/div>\n<\/div>\n<\/div><div class=\"bde-column-73985-320-73985-1 bde-column bde-column-73985-320\">\n  \n  \n\t\n\n\n\n<div class=\"bde-div-73985-263-73985-1 bde-div bde-div-73985-263\">\n  \n  \n\t\n\n\n\n<h3 class=\"bde-heading-73985-264-73985-1 bde-heading bde-heading-73985-264\">\nModell\n<\/h3><h3 class=\"bde-heading-73985-265-73985-1 bde-heading bde-heading-73985-265\">\nB8\n<\/h3><div class=\"bde-text-73985-266-73985-1 bde-text bde-text-73985-266\">\nNEU\n<\/div>\n<\/div><div class=\"bde-div-73985-301-73985-1 bde-div bde-div-73985-301\">\n  \n  \n\t\n\n\n\n<div class=\"bde-productbuilder-73985-384-73985-1 bde-productbuilder bde-productbuilder-73985-384 breakdance-woocommerce\"><div class=\"woocommerce-notices-wrapper\"><\/div>    <div id=\"product-32125\" class=\"product type-product post-32125 status-publish first instock product_cat-james-notrufuhr product_tag-notrufuhr has-post-thumbnail sold-individually taxable shipping-taxable purchasable product-type-variable\">\n        <div class=\"bde-rich-text-73985-385-73985-1 bde-rich-text bde-rich-text-73985-385 bde-wooproductexcerpt breakdance-woocommerce breakdance-rich-text-styles\"><p class=\"p1\"><strong>Beliebter Allrounder &#8211; starke Akkulaufzeit<\/strong><\/p>\n<ul>\n<li>schlanke Notrufuhr<\/li>\n<li>digitale Uhranzeige<\/li>\n<li>einfaches Men\u00fc<\/li>\n<li>mit Telefon- \/Freisprechfunktion<\/li>\n<li>autom. Sturzerkennung<\/li>\n<li>Schrittz\u00e4hler<\/li>\n<li>Vitalwerte messen<\/li>\n<li>GPS-Ortung im Notfall<\/li>\n<\/ul>\n<\/div>\n    <\/div>\n    \n<\/div><div class=\"bde-button-73985-386-73985-1 bde-button bde-button-73985-386\">\n    \n                        \n                        \n    \n    \n    \n    \n            \n                    \n            \n            \n\n    \n    \n    \n    \n    \n    <a class=\"breakdance-link button-atom button-atom--custom bde-button__button\" href=\"\/produkt\/james-notrufuhr-b8\/\" target=\"_self\" data-type=\"url\"  >\n\n    \n        <span class=\"button-atom__text\">mehr Details<\/span>\n\n        \n        \n                <\/a>\n\n    \n\n\n<\/div>\n<\/div>\n<\/div><\/div><div class=\"bde-div-73985-387-73985-1 bde-div bde-div-73985-387\">\n  \n  \n\t\n\n\n\n<div class=\"bde-text-73985-406-73985-1 bde-text bde-text-73985-406\">\n<span class=\"ji-grossprice\" data-eur=\"199\" data-chf=\"179\"><span class=\"ji-gp-cur\">\u20ac<\/span> <span class=\"ji-gp-val\">199<\/span><\/span><script>(function(){var el=document.currentScript.previousElementSibling;if(!el||!el.dataset.eur)return;var m=document.cookie.match(\/selected_country=([^;]+)\/);if(!m)return;var isCH=(m[1]===\"CH\");var c=el.querySelector(\".ji-gp-cur\");var p=el.querySelector(\".ji-gp-val\");if(c){c.textContent=isCH?\"CHF\":\"\\u20AC\";if(isCH)c.classList.add(\"ji-chf\");else c.classList.remove(\"ji-chf\");}if(p)p.textContent=isCH?el.dataset.chf:el.dataset.eur;})()<\/script>\n<\/div><div class=\"bde-button-73985-389-73985-1 bde-button bde-button-73985-389\">\n    \n                        \n                        \n    \n    \n    \n    \n            \n                    \n            \n            \n\n    \n    \n    \n    \n    \n    <a class=\"breakdance-link button-atom button-atom--custom bde-button__button\" href=\"https:\/\/james.care\/wizard\/\" target=\"_self\" data-type=\"url\"  >\n\n    \n        <span class=\"button-atom__text\"> <\/span>\n\n                            \n        \n                <\/a>\n\n    \n\n\n<\/div>\n<\/div>\n<\/div><div class=\"bde-div-73985-276-73985-1 bde-div bde-div-73985-276\">\n  \n  \n\t\n\n\n\n<div class=\"bde-columns-73985-324-73985-1 bde-columns bde-columns-73985-324\"><div class=\"bde-column-73985-325-73985-1 bde-column bde-column-73985-325\">\n  \n  \n\t\n\n\n\n<div class=\"bde-advancedslider-73985-352-73985-1 bde-advancedslider bde-advancedslider-73985-352\">\n<div class=\"breakdance-swiper-wrapper\" data-swiper-id=\"352\">\n  <div class=\"swiper\">\n    <div class=\"swiper-wrapper\">\n      <div class=\"bde-advancedslide-73985-355-73985-1 bde-advancedslide bde-advancedslide-73985-355 swiper-slide\"><div class=\"advanced-slider__slide\">\r\n  <div class=\"bde-image-73985-356-73985-1 bde-image bde-image-73985-356\">\n<figure class=\"breakdance-image breakdance-image--119359\">\n\t<div class=\"breakdance-image-container\">\n\t\t<div class=\"breakdance-image-clip\"><img loading=\"lazy\" decoding=\"async\" class=\"breakdance-image-object\" src=\"https:\/\/james.care\/wp-content\/uploads\/2025\/04\/g6_silver-300x300.webp\" width=\"300\" height=\"300\" srcset=\"https:\/\/james.care\/wp-content\/uploads\/2025\/04\/g6_silver-scaled.webp 2560w, https:\/\/james.care\/wp-content\/uploads\/2025\/04\/g6_silver-300x300.webp 300w, https:\/\/james.care\/wp-content\/uploads\/2025\/04\/g6_silver-1024x1024.webp 1024w, https:\/\/james.care\/wp-content\/uploads\/2025\/04\/g6_silver-150x150.webp 150w, https:\/\/james.care\/wp-content\/uploads\/2025\/04\/g6_silver-768x768.webp 768w, https:\/\/james.care\/wp-content\/uploads\/2025\/04\/g6_silver-1536x1536.webp 1536w, https:\/\/james.care\/wp-content\/uploads\/2025\/04\/g6_silver-2048x2048.webp 2048w, https:\/\/james.care\/wp-content\/uploads\/2025\/04\/g6_silver-12x12.webp 12w, https:\/\/james.care\/wp-content\/uploads\/2025\/04\/g6_silver-600x600.webp 600w\" sizes=\"auto, (max-width: 2560px) 100vw, 2560px\"><\/div>\n\t<\/div><\/figure>\n\n<\/div>\r\n<\/div><\/div><div class=\"bde-advancedslide-73985-353-73985-1 bde-advancedslide bde-advancedslide-73985-353 swiper-slide\"><div class=\"advanced-slider__slide\">\r\n  <div class=\"bde-image-73985-354-73985-1 bde-image bde-image-73985-354\">\n<figure class=\"breakdance-image breakdance-image--119360\">\n\t<div class=\"breakdance-image-container\">\n\t\t<div class=\"breakdance-image-clip\"><img loading=\"lazy\" decoding=\"async\" class=\"breakdance-image-object\" src=\"https:\/\/james.care\/wp-content\/uploads\/2025\/04\/g6_graphite-300x300.webp\" width=\"300\" height=\"300\" srcset=\"https:\/\/james.care\/wp-content\/uploads\/2025\/04\/g6_graphite-300x300.webp 300w, https:\/\/james.care\/wp-content\/uploads\/2025\/04\/g6_graphite-1024x1024.webp 1024w, https:\/\/james.care\/wp-content\/uploads\/2025\/04\/g6_graphite-150x150.webp 150w, https:\/\/james.care\/wp-content\/uploads\/2025\/04\/g6_graphite-768x768.webp 768w, https:\/\/james.care\/wp-content\/uploads\/2025\/04\/g6_graphite-1536x1536.webp 1536w, https:\/\/james.care\/wp-content\/uploads\/2025\/04\/g6_graphite-2048x2048.webp 2048w, https:\/\/james.care\/wp-content\/uploads\/2025\/04\/g6_graphite-12x12.webp 12w, https:\/\/james.care\/wp-content\/uploads\/2025\/04\/g6_graphite-600x600.webp 600w\" sizes=\"auto, (max-width: 300px) 100vw, 300px\"><\/div>\n\t<\/div><\/figure>\n\n<\/div>\r\n<\/div><\/div><div class=\"bde-advancedslide-73985-357-73985-1 bde-advancedslide bde-advancedslide-73985-357 swiper-slide\"><div class=\"advanced-slider__slide\">\r\n  <div class=\"bde-image-73985-358-73985-1 bde-image bde-image-73985-358\">\n<figure class=\"breakdance-image breakdance-image--119358\">\n\t<div class=\"breakdance-image-container\">\n\t\t<div class=\"breakdance-image-clip\"><img loading=\"lazy\" decoding=\"async\" class=\"breakdance-image-object\" src=\"https:\/\/james.care\/wp-content\/uploads\/2025\/04\/g7_green-300x300.webp\" width=\"300\" height=\"300\" srcset=\"https:\/\/james.care\/wp-content\/uploads\/2025\/04\/g7_green-scaled.webp 2560w, https:\/\/james.care\/wp-content\/uploads\/2025\/04\/g7_green-300x300.webp 300w, https:\/\/james.care\/wp-content\/uploads\/2025\/04\/g7_green-1024x1024.webp 1024w, https:\/\/james.care\/wp-content\/uploads\/2025\/04\/g7_green-150x150.webp 150w, https:\/\/james.care\/wp-content\/uploads\/2025\/04\/g7_green-768x768.webp 768w, https:\/\/james.care\/wp-content\/uploads\/2025\/04\/g7_green-1536x1536.webp 1536w, https:\/\/james.care\/wp-content\/uploads\/2025\/04\/g7_green-2048x2048.webp 2048w, https:\/\/james.care\/wp-content\/uploads\/2025\/04\/g7_green-12x12.webp 12w, https:\/\/james.care\/wp-content\/uploads\/2025\/04\/g7_green-600x600.webp 600w\" sizes=\"auto, (max-width: 2560px) 100vw, 2560px\"><\/div>\n\t<\/div><\/figure>\n\n<\/div>\r\n<\/div><\/div><div class=\"bde-advancedslide-73985-359-73985-1 bde-advancedslide bde-advancedslide-73985-359 swiper-slide\"><div class=\"advanced-slider__slide\">\r\n  <div class=\"bde-image-73985-360-73985-1 bde-image bde-image-73985-360\">\n<figure class=\"breakdance-image breakdance-image--119357\">\n\t<div class=\"breakdance-image-container\">\n\t\t<div class=\"breakdance-image-clip\"><img loading=\"lazy\" decoding=\"async\" class=\"breakdance-image-object\" src=\"https:\/\/james.care\/wp-content\/uploads\/2025\/04\/g7_creme-300x300.webp\" width=\"300\" height=\"300\" srcset=\"https:\/\/james.care\/wp-content\/uploads\/2025\/04\/g7_creme-scaled.webp 2560w, https:\/\/james.care\/wp-content\/uploads\/2025\/04\/g7_creme-300x300.webp 300w, https:\/\/james.care\/wp-content\/uploads\/2025\/04\/g7_creme-1024x1024.webp 1024w, https:\/\/james.care\/wp-content\/uploads\/2025\/04\/g7_creme-150x150.webp 150w, https:\/\/james.care\/wp-content\/uploads\/2025\/04\/g7_creme-768x768.webp 768w, https:\/\/james.care\/wp-content\/uploads\/2025\/04\/g7_creme-1536x1536.webp 1536w, https:\/\/james.care\/wp-content\/uploads\/2025\/04\/g7_creme-2048x2048.webp 2048w, https:\/\/james.care\/wp-content\/uploads\/2025\/04\/g7_creme-12x12.webp 12w, https:\/\/james.care\/wp-content\/uploads\/2025\/04\/g7_creme-600x600.webp 600w\" sizes=\"auto, (max-width: 2560px) 100vw, 2560px\"><\/div>\n\t<\/div><\/figure>\n\n<\/div>\r\n<\/div><\/div>\n    <\/div>\n  <\/div>\n\n      \n            <div class=\"swiper-pagination\"><\/div>\n    \n<\/div>\n\n<\/div><div class=\"bde-div-73985-295-73985-1 bde-div bde-div-73985-295\">\n  \n  \n\t\n\n\n\n<div class=\"bde-text-73985-336-73985-1 bde-text bde-text-73985-336\">\nJetzt verf\u00fcgbar\n<\/div><div class=\"bde-text-73985-297-73985-1 bde-text bde-text-73985-297\">\ninkl. 30 Tage JAMES Tarif *\n<\/div>\n<\/div>\n<\/div><div class=\"bde-column-73985-326-73985-1 bde-column bde-column-73985-326\">\n  \n  \n\t\n\n\n\n<div class=\"bde-div-73985-278-73985-1 bde-div bde-div-73985-278\">\n  \n  \n\t\n\n\n\n<h3 class=\"bde-heading-73985-279-73985-1 bde-heading bde-heading-73985-279\">\nModell\n<\/h3><h3 class=\"bde-heading-73985-280-73985-1 bde-heading bde-heading-73985-280\">\nG\n<\/h3><h3 class=\"bde-heading-73985-366-73985-1 bde-heading bde-heading-73985-366\">\nSerie\n<\/h3>\n<\/div><div class=\"bde-div-73985-397-73985-1 bde-div bde-div-73985-397\">\n  \n  \n\t\n\n\n\n<div class=\"bde-productbuilder-73985-398-73985-1 bde-productbuilder bde-productbuilder-73985-398 breakdance-woocommerce\"><div class=\"woocommerce-notices-wrapper\"><\/div>    <div id=\"product-63261\" class=\"product type-product post-63261 status-publish instock product_cat-james-notrufuhr product_cat-james-notrufuhr-modell-g has-post-thumbnail sold-individually taxable shipping-taxable purchasable product-type-variable\">\n        <div class=\"bde-rich-text-73985-399-73985-1 bde-rich-text bde-rich-text-73985-399 bde-wooproductexcerpt breakdance-woocommerce breakdance-rich-text-styles\"><p class=\"p1\"><strong>Hochwertige Optik &#8211; modernste Technologie<\/strong><\/p>\n<ul>\n<li>runde, elegante Notrufuhr<\/li>\n<li>hochwertiges Design<\/li>\n<li>robustes Saphirglas-Display<\/li>\n<li>neueste Technologie basierend auf Samsung Galaxy Watch6\/Watch7<\/li>\n<li>mit Touchscreen<\/li>\n<li>einfaches Men\u00fc<\/li>\n<li>mit Telefon- \/ Freisprechfunktion<\/li>\n<li>IP68 &#8211; wasserfest<\/li>\n<li>Schrittz\u00e4hler &amp; Pulsmesser<\/li>\n<li>GPS-Ortung im Notfall<\/li>\n<\/ul>\n<\/div>\n    <\/div>\n    \n<\/div><div class=\"bde-button-73985-400-73985-1 bde-button bde-button-73985-400\">\n    \n                        \n                        \n    \n    \n    \n    \n            \n                    \n            \n            \n\n    \n    \n    \n    \n    \n    <a class=\"breakdance-link button-atom button-atom--custom bde-button__button\" href=\"\/produkt\/james-notrufuhr-gserie\" target=\"_self\" data-type=\"url\"  >\n\n    \n        <span class=\"button-atom__text\">mehr Details<\/span>\n\n        \n        \n                <\/a>\n\n    \n\n\n<\/div>\n<\/div>\n<\/div><\/div><div class=\"bde-div-73985-282-73985-1 bde-div bde-div-73985-282\">\n  \n  \n\t\n\n\n\n<div class=\"bde-text-73985-283-73985-1 bde-text bde-text-73985-283\">\nab\n<\/div><div class=\"bde-text-73985-284-73985-1 bde-text bde-text-73985-284\">\n<div class=\"pricing\" data-eur-price=\"349\" data-chf-price=\"314\"><div class=\"pricing_main\"><span class=\"pricing_currency\">\u20ac<\/span><span class=\"pricing_price\">349<\/span><\/div><\/div><script>(function(){var el=document.currentScript.previousElementSibling;if(!el||!el.dataset.eurPrice)return;var m=document.cookie.match(\/selected_country=([^;]+)\/);if(!m)return;var isCH=(m[1]===\"CH\");var c=el.querySelector(\".pricing_currency\");var p=el.querySelector(\".pricing_price\");if(c){c.textContent=isCH?\"CHF\":\"\\u20AC\";if(isCH)c.classList.add(\"ji-chf\");else c.classList.remove(\"ji-chf\");}if(p)p.textContent=isCH?el.dataset.chfPrice:el.dataset.eurPrice;})()<\/script>\n<\/div><div class=\"bde-button-73985-401-73985-1 bde-button bde-button-73985-401\">\n    \n                        \n                        \n    \n    \n    \n    \n            \n                    \n            \n            \n\n    \n    \n    \n    \n    \n    <a class=\"breakdance-link button-atom button-atom--custom bde-button__button\" href=\"https:\/\/james.care\/wizard\/\" target=\"_self\" data-type=\"url\"  >\n\n    \n        <span class=\"button-atom__text\"> <\/span>\n\n                            \n        \n                <\/a>\n\n    \n\n\n<\/div>\n<\/div>\n<\/div>\n<\/div><div class=\"bde-div-73985-311-73985-1 bde-div bde-div-73985-311\">\n  \n  \n\t\n\n\n\n<div class=\"bde-columns-73985-327-73985-1 bde-columns bde-columns-73985-327\"><div class=\"bde-column-73985-328-73985-1 bde-column bde-column-73985-328\">\n  \n  \n\t\n\n\n\n\n<\/div><div class=\"bde-column-73985-329-73985-1 bde-column bde-column-73985-329\">\n  \n  \n\t\n\n\n\n<div class=\"bde-button-73985-312-73985-1 bde-button bde-button-73985-312\">\n    \n                        \n                        \n    \n    \n    \n    \n            \n                    \n            \n            \n\n    \n    \n    \n    \n    \n    <a class=\"breakdance-link button-atom button-atom--custom bde-button__button\" href=\"https:\/\/james.care\/wizard\/\" target=\"_self\" data-type=\"url\"  >\n\n    \n        <span class=\"button-atom__text\">Zum Shop<\/span>\n\n                            \n        \n                <\/a>\n\n    \n\n\n<\/div>\n<\/div><\/div><div class=\"bde-text-73985-120-73985-1 bde-text bde-text-73985-120\">\n* Notrufuhr wird  vor Versand aktiviert. 30 Tage sind inkl. der Versanddauer.\n<\/div>\n<\/div><\/div>\n<\/section><\/div><h3 class=\"bde-heading-21100-348 bde-heading\">\nUnsere Modelle im Vergleich\n<\/h3><div id=\"compare\" class=\"bde-globalblock-21100-346 bde-globalblock\"><div class=\"bde-div-29397-117-29397-1 bde-div bce-competition-table-96665-508 bce-competition-table bde-div-29397-117\">\n  \n  \n\t\n\n\n\n\n<\/div><\/div><\/div>\n<\/section>","protected":false},"excerpt":{"rendered":"<p>Mit Sicherheit ein gutes Gef\u00fchl Unsere Notrufuhren bieten mehr als Sicherheit \u2013 sie geben Vertrauen, Freiheit und das gute Gef\u00fchl, im Notfall nicht allein zu sein. W\u00e4hlen Sie das Modell, das zu Ihnen passt: smart in der Technik, dezent im Design, zuverl\u00e4ssig im Alltag. Jetzt verf\u00fcgbar inkl. 30 Tage JAMES Tarif * Modell B8 NEU [&hellip;]<\/p>\n","protected":false},"author":1,"featured_media":0,"parent":0,"menu_order":0,"comment_status":"closed","ping_status":"closed","template":"","meta":{"_acf_changed":false,"_breakdance_hide_in_design_set":false,"_breakdance_tags":"","footnotes":""},"class_list":["post-21100","page","type-page","status-publish","hentry"],"acf":[],"_links":{"self":[{"href":"https:\/\/james.care\/sl\/wp-json\/wp\/v2\/pages\/21100","targetHints":{"allow":["GET"]}}],"collection":[{"href":"https:\/\/james.care\/sl\/wp-json\/wp\/v2\/pages"}],"about":[{"href":"https:\/\/james.care\/sl\/wp-json\/wp\/v2\/types\/page"}],"author":[{"embeddable":true,"href":"https:\/\/james.care\/sl\/wp-json\/wp\/v2\/users\/1"}],"replies":[{"embeddable":true,"href":"https:\/\/james.care\/sl\/wp-json\/wp\/v2\/comments?post=21100"}],"version-history":[{"count":1,"href":"https:\/\/james.care\/sl\/wp-json\/wp\/v2\/pages\/21100\/revisions"}],"predecessor-version":[{"id":156772,"href":"https:\/\/james.care\/sl\/wp-json\/wp\/v2\/pages\/21100\/revisions\/156772"}],"wp:attachment":[{"href":"https:\/\/james.care\/sl\/wp-json\/wp\/v2\/media?parent=21100"}],"curies":[{"name":"wp","href":"https:\/\/api.w.org\/{rel}","templated":true}]}}