{"id":20995,"date":"2022-11-08T15:47:58","date_gmt":"2022-11-08T14:47:58","guid":{"rendered":"https:\/\/myjames.shop\/?page_id=20995"},"modified":"2025-03-13T10:19:36","modified_gmt":"2025-03-13T09:19:36","slug":"warenkorb","status":"publish","type":"page","link":"https:\/\/james.care\/sl\/warenkorb\/","title":{"rendered":"+ nakupovalna ko\u0161arica"},"content":{"rendered":"<section class=\"bde-section-20995-100 bde-section\">\n  \n  \n\t\n\n\n\n<div class=\"section-container\"><h1 class=\"bde-heading-20995-101 bde-heading\">\nNakupovalna ko\u0161arica\n<\/h1><div class=\"bde-cart-20995-102 bde-cart breakdance-woocommerce\">    <div class=\"breakdance-empty-ssr-message breakdance-empty-ssr-message-error\">\n        <div>\n            Spletna stran <b>\"Stran s ko\u0161arico\"<\/b> element je mogo\u010de dodati samo v <b>WooCommerce Stran ko\u0161arice<\/b>.<br \/><br \/>\n            Spletna stran <b>WooCommerce Stran ko\u0161arice<\/b> je trenutno nastavljena na <b>\"+Cart\" (ID: 20995)<\/b>.<br \/><br \/>\n            Nastavite <b>WooCommerce Stran ko\u0161arice<\/b> v upravitelju WP na naslovu <b>WooCommerce &gt; Nastavitve &gt; Napredno &gt; Nastavitev strani<\/b>.\n    <\/div>\n<\/div><\/div>\n<\/section>","protected":false},"excerpt":{"rendered":"<p>Ko\u0161arica Element \"Stran s ko\u0161arico\" je mogo\u010de dodati samo na stran s ko\u0161arico v trgovini WooCommerce. Stran ko\u0161arice WooCommerce je trenutno nastavljena na \"+Cart\" (ID: 20995). Stran ko\u0161arice WooCommerce nastavite v upravitelju WP v razdelku WooCommerce &gt; Settings &gt; Advanced &gt; Page Setup.<\/p>","protected":false},"author":1,"featured_media":0,"parent":0,"menu_order":0,"comment_status":"closed","ping_status":"closed","template":"","meta":{"_acf_changed":false,"_breakdance_hide_in_design_set":false,"_breakdance_tags":"","footnotes":""},"class_list":["post-20995","page","type-page","status-publish","hentry"],"acf":[],"_links":{"self":[{"href":"https:\/\/james.care\/sl\/wp-json\/wp\/v2\/pages\/20995","targetHints":{"allow":["GET"]}}],"collection":[{"href":"https:\/\/james.care\/sl\/wp-json\/wp\/v2\/pages"}],"about":[{"href":"https:\/\/james.care\/sl\/wp-json\/wp\/v2\/types\/page"}],"author":[{"embeddable":true,"href":"https:\/\/james.care\/sl\/wp-json\/wp\/v2\/users\/1"}],"replies":[{"embeddable":true,"href":"https:\/\/james.care\/sl\/wp-json\/wp\/v2\/comments?post=20995"}],"version-history":[{"count":0,"href":"https:\/\/james.care\/sl\/wp-json\/wp\/v2\/pages\/20995\/revisions"}],"wp:attachment":[{"href":"https:\/\/james.care\/sl\/wp-json\/wp\/v2\/media?parent=20995"}],"curies":[{"name":"wp","href":"https:\/\/api.w.org\/{rel}","templated":true}]}}