{"id":20873,"date":"2022-11-08T09:15:51","date_gmt":"2022-11-08T08:15:51","guid":{"rendered":"https:\/\/myjames.shop\/?page_id=20873"},"modified":"2024-11-29T10:39:06","modified_gmt":"2024-11-29T09:39:06","slug":"myjames","status":"publish","type":"page","link":"https:\/\/james.care\/sl\/myjames\/","title":{"rendered":"Obmo\u010dje za stranke JAMES"},"content":{"rendered":"<section class=\"bde-section-20873-100 bde-section\">\n  \n  \n\t\n\n\n\n<div class=\"section-container\"><h1 class=\"bde-heading-20873-101 bde-heading\">\nObmo\u010dje za stranke\n<\/h1><div class=\"bde-woopageaccount-20873-102 bde-woopageaccount breakdance-woocommerce\">    <div class=\"breakdance-empty-ssr-message breakdance-empty-ssr-message-error\">\n        <div>\n            Spletna stran <b>\"Stran z ra\u010dunom\"<\/b> element je mogo\u010de dodati samo v <b>Stran z ra\u010dunom WooCommerce<\/b>.<br \/><br \/>\n            Spletna stran <b>Stran z ra\u010dunom WooCommerce<\/b> je trenutno nastavljena na <b>\"JAMES obmo\u010dje za stranke\" (ID: 20873)<\/b>.<br \/><br \/>\n            Nastavite <b>Stran z ra\u010dunom WooCommerce<\/b> v upravitelju WP na naslovu <b>WooCommerce &gt; Nastavitve &gt; Napredno &gt; Nastavitev strani<\/b>.\n    <\/div><\/div><\/div>\n<\/section>","protected":false},"excerpt":{"rendered":"<p>Obmo\u010dje za stranke Element \"Stran z ra\u010dunom\" je mogo\u010de dodati samo na stran z ra\u010dunom WooCommerce. Stran ra\u010duna WooCommerce je trenutno nastavljena na \"JAMES Customer Area\" (ID: 20873). Stran ra\u010duna WooCommerce nastavite v upravitelju WP na naslovu WooCommerce &gt; Settings &gt; Advanced &gt; Page Setup.<\/p>","protected":false},"author":1,"featured_media":0,"parent":0,"menu_order":0,"comment_status":"closed","ping_status":"closed","template":"","meta":{"_acf_changed":false,"_breakdance_hide_in_design_set":false,"_breakdance_tags":"","footnotes":""},"class_list":["post-20873","page","type-page","status-publish","hentry"],"acf":[],"_links":{"self":[{"href":"https:\/\/james.care\/sl\/wp-json\/wp\/v2\/pages\/20873","targetHints":{"allow":["GET"]}}],"collection":[{"href":"https:\/\/james.care\/sl\/wp-json\/wp\/v2\/pages"}],"about":[{"href":"https:\/\/james.care\/sl\/wp-json\/wp\/v2\/types\/page"}],"author":[{"embeddable":true,"href":"https:\/\/james.care\/sl\/wp-json\/wp\/v2\/users\/1"}],"replies":[{"embeddable":true,"href":"https:\/\/james.care\/sl\/wp-json\/wp\/v2\/comments?post=20873"}],"version-history":[{"count":0,"href":"https:\/\/james.care\/sl\/wp-json\/wp\/v2\/pages\/20873\/revisions"}],"wp:attachment":[{"href":"https:\/\/james.care\/sl\/wp-json\/wp\/v2\/media?parent=20873"}],"curies":[{"name":"wp","href":"https:\/\/api.w.org\/{rel}","templated":true}]}}