{"id":3966,"date":"2021-06-10T11:01:53","date_gmt":"2021-06-10T09:01:53","guid":{"rendered":"https:\/\/beta.myjames.shop\/?page_id=3966"},"modified":"2021-06-28T13:56:43","modified_gmt":"2021-06-28T11:56:43","slug":"versand-retouren","status":"publish","type":"page","link":"https:\/\/james.care\/nl\/versand-retouren\/","title":{"rendered":"Verzending &amp; retourneren"},"content":{"rendered":"<h1>Verzending &amp; retourneren<\/h1>\n<h2>Verzending<\/h2>\n<ul>\n<li>We leveren momenteel aan Oostenrijk en Duitsland. De <strong>JAMES Pakketten<\/strong> wordt gekoppeld aan de <em>Oostenrijkse Post<\/em> en <em>Brievenbussen enz.<\/em> geleverd.<\/li>\n<li>Geef ons wat tijd om je bestelling klaar te maken voor verzending. We verzenden bestellingen meestal binnen 48 uur, maar bij sommige bestellingen kan het iets langer duren.<\/li>\n<li>Als je pakket al is verzonden maar nog niet op je adres is aangekomen, controleer dan eerst of het pakket bij jou in de buurt is afgeleverd. Als dit niet het geval is en de verzendstatus vijf dagen lang niet is gewijzigd, neem dan contact met ons op. <a href=\"mailto: hilfe@myjames.shop\">Neem contact op met<\/a> op.<\/li>\n<\/ul>\n<h3>Oostenrijk<\/h3>\n<p>We verzenden je pakket binnen 3 werkdagen. Na de verzenddatum komt je bestelling binnen de volgende 2-5 werkdagen aan.\u00a0<\/p>\n<p>Verzendkosten:<strong> \u20ac 4,90<\/strong>.\u00a0<\/p>\n<h3>Duitsland<\/h3>\n<p>We verzenden je pakket binnen 3 werkdagen. Na de verzenddatum komt je bestelling binnen de volgende 2-5 werkdagen aan.\u00a0<\/p>\n<p>Verzendkosten:<strong> \u20ac 8,-<\/strong>.\u00a0<\/p>\n<h2>Geeft als resultaat<\/h2>\n<p>U kunt uw <strong>JAMES product<\/strong> binnen <strong>14 dagen <\/strong>retourneer het aan ons door het naar ons terug te sturen vanaf uw <strong><a href=\"https:\/\/james.care\/nl\/widerruf\/\">Herroepingsrecht<\/a> <\/strong>gebruik van maken. Neem hiervoor contact op met onze <strong><a href=\"mailto: hilfe@myjames.shop\">Klantenondersteuning<\/a> <\/strong>of stuur ons direct een ingevulde<a href=\"https:\/\/james.care\/wp-content\/uploads\/2021\/04\/Muster-Widerrufsformular_Shop.pdf\" target=\"_blank\" rel=\"noopener\"> Annuleringsformulier<\/a>. Je ontvangt een retourbon met een retouretiket.<\/p>\n<p>Je aankoopbedrag wordt binnen 14 dagen na ontvangst van je retourzending gecrediteerd - altijd volgens de betaalmethode die je hebt gekozen bij het plaatsen van je bestelling.\u00a0<\/p>","protected":false},"excerpt":{"rendered":"<p>Versand &amp; Retouren Versand Aktuell liefern wir nach \u00d6sterreich und Deutschland. Die JAMES Pakete werden mit der mit der \u00d6sterreichischen Post AG und Mail Boxes Etc. zugestellt. Bitte geben Sie uns etwas Zeit, Ihre Bestellung f\u00fcr den Versand vorzubereiten. In der Regel versenden wir Bestellungen innerhalb von 48 Stunden, bei einigen Bestellungen kann es jedoch [&hellip;]<\/p>\n","protected":false},"author":2,"featured_media":0,"parent":0,"menu_order":0,"comment_status":"closed","ping_status":"closed","template":"","meta":{"_acf_changed":false,"_breakdance_hide_in_design_set":false,"_breakdance_tags":"","footnotes":""},"class_list":["post-3966","page","type-page","status-publish","hentry"],"acf":[],"_links":{"self":[{"href":"https:\/\/james.care\/nl\/wp-json\/wp\/v2\/pages\/3966","targetHints":{"allow":["GET"]}}],"collection":[{"href":"https:\/\/james.care\/nl\/wp-json\/wp\/v2\/pages"}],"about":[{"href":"https:\/\/james.care\/nl\/wp-json\/wp\/v2\/types\/page"}],"author":[{"embeddable":true,"href":"https:\/\/james.care\/nl\/wp-json\/wp\/v2\/users\/2"}],"replies":[{"embeddable":true,"href":"https:\/\/james.care\/nl\/wp-json\/wp\/v2\/comments?post=3966"}],"version-history":[{"count":0,"href":"https:\/\/james.care\/nl\/wp-json\/wp\/v2\/pages\/3966\/revisions"}],"wp:attachment":[{"href":"https:\/\/james.care\/nl\/wp-json\/wp\/v2\/media?parent=3966"}],"curies":[{"name":"wp","href":"https:\/\/api.w.org\/{rel}","templated":true}]}}