{"id":21879,"date":"2022-11-23T08:18:51","date_gmt":"2022-11-23T07:18:51","guid":{"rendered":"https:\/\/myjames.shop\/?page_id=21879"},"modified":"2022-12-29T21:10:43","modified_gmt":"2022-12-29T20:10:43","slug":"ueber_uns","status":"publish","type":"page","link":"https:\/\/james.care\/nl\/ueber_uns\/","title":{"rendered":"+Over ons"},"content":{"rendered":"<section class=\"bde-section-21879-100 bde-section\">\n  \n  \n\t\n\n\n\n<div class=\"section-container\"><h1 class=\"bde-heading-21879-104 bde-heading\">\nOver ilogs gezondheidszorg\n<\/h1><div class=\"bde-columns-21879-101 bde-columns\"><div class=\"bde-column-21879-102 bde-column\">\n  \n  \n\t\n\n\n\n<h3 class=\"bde-heading-21879-105 bde-heading\">\nOnze missie\n<\/h3><div class=\"bde-rich-text-21879-106 bde-rich-text breakdance-rich-text-styles\">\n<p>Demografische verandering is een voortdurende uitdaging voor onze samenleving. De huidige structuur van de samenleving (in Europa) wordt gekenmerkt door dalende geboortecijfers en vergrijzende bevolkingsgroepen. Deze omwenteling vraagt om innovatieve oplossingen om het leven van de steeds ouder wordende bevolking gemakkelijker, maar vooral veiliger te maken. Veel van de zorg en ondersteuning vindt al thuis plaats en dit is ook de focus van <strong>JAMES<\/strong>.<\/p><p>Met de focus op <strong>BEVEILIGING<\/strong>, <strong>GEZONDHEID<\/strong> en <strong>GEMEENSCHAP<\/strong> aanbiedingen <strong>JAMES<\/strong> individuele levenssituaties, verschillende aanbiedingen voor senioren en hun omgeving. De producten, perfect afgestemd op senioren, ondersteunen <strong>JAMES<\/strong> duizenden ouderen wereldwijd. Het slimme assistentiesysteem is onderverdeeld in het steeds belangrijker wordende gebied van <strong><em>Actief begeleid wonen<\/em><\/strong>kort <strong>AAL<\/strong>, a. AAL-systemen kunnen zorgen voor een betere levenskwaliteit op oudere leeftijd met behulp van innovatieve technologie\u00ebn en diensten.<\/p>\n<\/div>\n<\/div><div class=\"bde-column-21879-103 bde-column\">\n  \n  \n\t\n\n\n\n<div class=\"bde-image-21879-107 bde-image\">\n<figure class=\"breakdance-image breakdance-image--18851\">\n\t<div class=\"breakdance-image-container\">\n\t\t<div class=\"breakdance-image-clip\"><img loading=\"lazy\" decoding=\"async\" class=\"breakdance-image-object\" src=\"https:\/\/james.care\/wp-content\/uploads\/2021\/04\/shutterstock_1426500845.jpg\" width=\"800\" height=\"533\" srcset=\"https:\/\/james.care\/wp-content\/uploads\/2021\/04\/shutterstock_1426500845.jpg 800w, https:\/\/james.care\/wp-content\/uploads\/2021\/04\/shutterstock_1426500845-300x200.jpg 300w, https:\/\/james.care\/wp-content\/uploads\/2021\/04\/shutterstock_1426500845-768x512.jpg 768w, https:\/\/james.care\/wp-content\/uploads\/2021\/04\/shutterstock_1426500845-600x400.jpg 600w\" sizes=\"auto, (max-width: 800px) 100vw, 800px\"><\/div>\n\t<\/div><\/figure>\n\n<\/div>\n<\/div><\/div><div class=\"bde-columns-21879-108 bde-columns\"><div class=\"bde-column-21879-112 bde-column\">\n  \n  \n\t\n\n\n\n<div class=\"bde-image-21879-113 bde-image\">\n<figure class=\"breakdance-image breakdance-image--19442\">\n\t<div class=\"breakdance-image-container\">\n\t\t<div class=\"breakdance-image-clip\"><img loading=\"lazy\" decoding=\"async\" class=\"breakdance-image-object\" src=\"https:\/\/james.care\/wp-content\/uploads\/2022\/05\/job_healthcare_image.png\" width=\"1000\" height=\"667\" srcset=\"https:\/\/james.care\/wp-content\/uploads\/2022\/05\/job_healthcare_image.png 1000w, https:\/\/james.care\/wp-content\/uploads\/2022\/05\/job_healthcare_image-300x200.png 300w, https:\/\/james.care\/wp-content\/uploads\/2022\/05\/job_healthcare_image-768x512.png 768w, https:\/\/james.care\/wp-content\/uploads\/2022\/05\/job_healthcare_image-600x400.png 600w\" sizes=\"auto, (max-width: 1000px) 100vw, 1000px\"><\/div>\n\t<\/div><\/figure>\n\n<\/div>\n<\/div><div class=\"bde-column-21879-109 bde-column\">\n  \n  \n\t\n\n\n\n<h3 class=\"bde-heading-21879-110 bde-heading\">\nOnze competentie\n<\/h3><div class=\"bde-rich-text-21879-111 bde-rich-text breakdance-rich-text-styles\">\n<p>De IT-expert biedt software en diensten van hoge kwaliteit die zich richten op de digitalisering van zorg en ondersteuning buiten het ziekenhuis. Als marktleider op het gebied van mobiele sociale dienstverlening is de <strong>ilogs gezondheidszorg <\/strong>ook zorgvoorzieningen voor ouderen en begeleid wonen.<\/p><p>Het idee voor <strong>JAMES TeleCare<\/strong> begon in 2019 met de missie om ouderen meer autonomie en zekerheid te geven in hun dagelijks leven. <strong>ilogs gezondheidszorg<\/strong> doet sinds 2012 meer onderzoek op het gebied van AAL en wisselt op dit gebied actief uit met gerenommeerde onderzoeksinstellingen. Ondersteund door de <strong>Oostenrijkse onderzoeksvereniging<\/strong> (FFG) werden nieuwe technologie\u00ebn en diensten getest en op de markt gebracht in het kader van verschillende nationale en internationale O&amp;O-projecten.<\/p><p>Vandaag is <strong>ilogs <\/strong>internationaal en vestigt zich steeds meer als erkende e-health specialist in Europa. Het bedrijf wordt geleid door de eigenaar.<\/p>\n<\/div>\n<\/div><\/div><\/div>\n<\/section><section class=\"bde-section-21879-114 bde-section\">\n  \n  \n\t\n\n\n\n<div class=\"section-container\"><\/div>\n<\/section>","protected":false},"excerpt":{"rendered":"<p>\u00dcber ilogs healthcare Unsere Mission Der demographische Wandel stellt f\u00fcr unsere Gesellschaft eine anhaltende Herausforderung dar. Die gegenw\u00e4rtige Gesellschaftsstruktur (Europas) ist von sinkenden Geburtenraten und alternden Personengruppen gepr\u00e4gt. Dieser Umbruch erfordert innovative L\u00f6sungsans\u00e4tze, um das Leben der zunehmend \u00e4lter werdenden Bev\u00f6lkerungsschicht einfacher, vor allem jedoch sicherer zu gestalten. Ein Gro\u00dfteil der Pflege und Betreuung findet [&hellip;]<\/p>\n","protected":false},"author":1,"featured_media":0,"parent":0,"menu_order":0,"comment_status":"closed","ping_status":"closed","template":"","meta":{"_acf_changed":false,"_breakdance_hide_in_design_set":false,"_breakdance_tags":"","footnotes":""},"class_list":["post-21879","page","type-page","status-publish","hentry"],"acf":[],"_links":{"self":[{"href":"https:\/\/james.care\/nl\/wp-json\/wp\/v2\/pages\/21879","targetHints":{"allow":["GET"]}}],"collection":[{"href":"https:\/\/james.care\/nl\/wp-json\/wp\/v2\/pages"}],"about":[{"href":"https:\/\/james.care\/nl\/wp-json\/wp\/v2\/types\/page"}],"author":[{"embeddable":true,"href":"https:\/\/james.care\/nl\/wp-json\/wp\/v2\/users\/1"}],"replies":[{"embeddable":true,"href":"https:\/\/james.care\/nl\/wp-json\/wp\/v2\/comments?post=21879"}],"version-history":[{"count":0,"href":"https:\/\/james.care\/nl\/wp-json\/wp\/v2\/pages\/21879\/revisions"}],"wp:attachment":[{"href":"https:\/\/james.care\/nl\/wp-json\/wp\/v2\/media?parent=21879"}],"curies":[{"name":"wp","href":"https:\/\/api.w.org\/{rel}","templated":true}]}}