{"id":21841,"date":"2022-11-22T14:31:26","date_gmt":"2022-11-22T13:31:26","guid":{"rendered":"https:\/\/myjames.shop\/?page_id=21841"},"modified":"2025-08-12T13:33:42","modified_gmt":"2025-08-12T11:33:42","slug":"widerrufsbelehrung","status":"publish","type":"page","link":"https:\/\/james.care\/nl\/widerrufsbelehrung\/","title":{"rendered":"Intrekking"},"content":{"rendered":"<section class=\"bde-section-21841-100 bde-section\">\n  \n  \n\t\n\n\n\n<div class=\"section-container\"><h1 class=\"bde-heading-21841-101 bde-heading\">\nIntrekking\n<\/h1><div class=\"bde-rich-text-21841-102 bde-rich-text breakdance-rich-text-styles\">\n<h2><strong>Herroepingsrecht<\/strong><\/h2>\n<p>Je hebt het recht om je contract binnen veertien dagen zonder opgaaf van reden op te zeggen.<strong>\u00a0JAMES Winkel<\/strong> te herroepen. De herroepingstermijn bedraagt veertien dagen vanaf de dag waarop u of een door u genoemde derde, die niet de vervoerder is, de laatste goederen in ontvangst heeft genomen of heeft genomen. Om uw herroepingsrecht uit te oefenen, moet u ons (ilogs healthcare GmbH, Krone Platz 1, A-9020 Klagenfurt a. W., <strong>E-mail:<\/strong> <a href=\"mailto:support@james.care\" target=\"_blank\" rel=\"noopener noreferrer nofollow\">support@james.care<\/a>, <strong>Tel:<\/strong> +43 463 305 003) door middel van een <strong>duidelijke verklaring<\/strong> (bijvoorbeeld een brief of e-mail per post) van uw beslissing om dit contract te herroepen. U kunt hiervoor het bijgevoegde modelformulier voor herroeping gebruiken, dat echter niet verplicht is. Als u van deze mogelijkheid gebruik maakt, sturen wij u onmiddellijk (per e-mail) een ontvangstbevestiging van deze herroeping.<\/p>\n<p>Om te voldoen aan de annuleringstermijn, is het voldoende dat u de kennisgeving van de uitoefening van het annuleringsrecht verzendt voor het einde van de annuleringstermijn.<\/p>\n<p><strong>De consument heeft geen recht op herroeping van overeenkomsten voor:<\/strong><br \/>Goederen die worden gemaakt volgens specificaties van de klant of die duidelijk zijn afgestemd op persoonlijke behoeften.<\/p>\n<h2><strong>Gevolgen van intrekking<\/strong><\/h2>\n<p>Als u deze overeenkomst herroept, moeten wij u alle betalingen die wij van u hebben ontvangen, inclusief de leveringskosten (met uitzondering van de extra kosten die voortvloeien uit het feit dat u hebt gekozen voor een ander type levering dan de door ons aangeboden goedkoopste standaardlevering), onverwijld en uiterlijk binnen veertien dagen na de dag waarop wij de kennisgeving van uw herroeping van deze overeenkomst hebben ontvangen, terugbetalen. Voor deze terugbetaling gebruiken wij hetzelfde betaalmiddel dat u voor de oorspronkelijke transactie hebt gebruikt, tenzij uitdrukkelijk anders met u is overeengekomen; in geen geval worden u voor deze terugbetaling kosten in rekening gebracht.<\/p>\n<p>We kunnen terugbetaling weigeren totdat we de goederen hebben teruggekregen of totdat je hebt aangetoond dat je de goederen hebt teruggezonden, afhankelijk van wat het eerst gebeurt.<\/p>\n<p>U moet de goederen onverwijld aan ons terugzenden of overhandigen en in ieder geval niet later dan veertien dagen vanaf de dag waarop u ons op de hoogte hebt gesteld van de annulering van dit contract. Aan de termijn is voldaan als u de goederen voor het verstrijken van de termijn van veertien dagen opstuurt. Wij dragen de kosten voor het terugzenden van de goederen. U hoeft alleen te betalen voor eventuele waardevermindering van de goederen als deze waardevermindering het gevolg is van uw behandeling van de goederen op een manier die niet noodzakelijk is voor het testen van de staat, eigenschappen en werking van de goederen.<\/p>\n<h2><strong>Annuleringsformulier<\/strong><\/h2>\n<p>Als u het contract wilt herroepen, vul dan dit formulier in. <a href=\"https:\/\/james.care\/wp-content\/uploads\/2021\/04\/Muster-Widerrufsformular_Shop.pdf\" target=\"_blank\" rel=\"noopener noreferrer nofollow\"><strong>Formulier<\/strong><\/a> en stuur het terug.<\/p>\n<\/div><\/div>\n<\/section>","protected":false},"excerpt":{"rendered":"<p>Widerruf Widerrufsrecht Sie haben das Recht, binnen vierzehn Tagen ohne Angabe von Gr\u00fcnden Ihren Vertrag mit\u00a0JAMES Shop zu widerrufen. Die Widerrufsfrist betr\u00e4gt vierzehn Tage ab dem Tag, an dem Sie oder ein von Ihnen benannter Dritter, der nicht der Bef\u00f6rderer ist, die letzte Ware in Besitz genommen haben bzw. hat. Um Ihr Widerrufsrecht auszu\u00fcben, m\u00fcssen [&hellip;]<\/p>\n","protected":false},"author":1,"featured_media":0,"parent":0,"menu_order":0,"comment_status":"closed","ping_status":"closed","template":"","meta":{"_acf_changed":false,"_breakdance_hide_in_design_set":false,"_breakdance_tags":"","footnotes":""},"class_list":["post-21841","page","type-page","status-publish","hentry"],"acf":[],"_links":{"self":[{"href":"https:\/\/james.care\/nl\/wp-json\/wp\/v2\/pages\/21841","targetHints":{"allow":["GET"]}}],"collection":[{"href":"https:\/\/james.care\/nl\/wp-json\/wp\/v2\/pages"}],"about":[{"href":"https:\/\/james.care\/nl\/wp-json\/wp\/v2\/types\/page"}],"author":[{"embeddable":true,"href":"https:\/\/james.care\/nl\/wp-json\/wp\/v2\/users\/1"}],"replies":[{"embeddable":true,"href":"https:\/\/james.care\/nl\/wp-json\/wp\/v2\/comments?post=21841"}],"version-history":[{"count":0,"href":"https:\/\/james.care\/nl\/wp-json\/wp\/v2\/pages\/21841\/revisions"}],"wp:attachment":[{"href":"https:\/\/james.care\/nl\/wp-json\/wp\/v2\/media?parent=21841"}],"curies":[{"name":"wp","href":"https:\/\/api.w.org\/{rel}","templated":true}]}}