{"id":21427,"date":"2022-11-14T15:52:02","date_gmt":"2022-11-14T14:52:02","guid":{"rendered":"https:\/\/myjames.shop\/?page_id=21427"},"modified":"2024-12-05T12:32:37","modified_gmt":"2024-12-05T11:32:37","slug":"sturz","status":"publish","type":"page","link":"https:\/\/james.care\/nl\/sturz\/","title":{"rendered":"+Kamer"},"content":{"rendered":"<section class=\"bde-section-21427-100 bde-section\">\n  \n  \n\t\n\n\n\n<div class=\"section-container\"><h1 class=\"bde-heading-21427-101 bde-heading\">\nValdetectie\n<\/h1><div class=\"bde-columns-21427-102 bde-columns\"><div class=\"bde-column-21427-103 bde-column\">\n  \n  \n\t\n\n\n\n<div class=\"bde-image-21427-106 bde-image\">\n<figure class=\"breakdance-image breakdance-image--18951\">\n\t<div class=\"breakdance-image-container\">\n\t\t<div class=\"breakdance-image-clip\"><img loading=\"lazy\" decoding=\"async\" class=\"breakdance-image-object\" src=\"https:\/\/james.care\/wp-content\/uploads\/2021\/05\/old_man_fall_stairs.png\" width=\"1600\" height=\"1067\" srcset=\"https:\/\/james.care\/wp-content\/uploads\/2021\/05\/old_man_fall_stairs.png 1600w, https:\/\/james.care\/wp-content\/uploads\/2021\/05\/old_man_fall_stairs-300x200.png 300w, https:\/\/james.care\/wp-content\/uploads\/2021\/05\/old_man_fall_stairs-1024x683.png 1024w, https:\/\/james.care\/wp-content\/uploads\/2021\/05\/old_man_fall_stairs-768x512.png 768w, https:\/\/james.care\/wp-content\/uploads\/2021\/05\/old_man_fall_stairs-1536x1024.png 1536w, https:\/\/james.care\/wp-content\/uploads\/2021\/05\/old_man_fall_stairs-600x400.png 600w\" sizes=\"auto, (max-width: 1600px) 100vw, 1600px\"><\/div>\n\t<\/div><\/figure>\n\n<\/div>\n<\/div><div class=\"bde-column-21427-104 bde-column\">\n  \n  \n\t\n\n\n\n<div class=\"bde-rich-text-21427-105 bde-rich-text breakdance-rich-text-styles\">\n<p>Er zijn veel horloges op de markt die beweren een betrouwbare valdetectie te bieden op basis van bewegingssensoren. De werkelijkheid is echter vaak anders, omdat een val erg moeilijk te detecteren is. Hier zijn enkele voorbeelden:<\/p>\n<ul>\n<li><strong>Duizeligheid<\/strong>De drager van het horloge glijdt langzaam naar de grond en ondersteunt zichzelf gedeeltelijk, bijvoorbeeld op een stoel.<\/li>\n<li><strong>Struikelen<\/strong>Iemand struikelt over de rand van het tapijt en valt op de grond.<\/li>\n<li><strong>Onbedoelde bewegingen<\/strong>De horlogedrager slaat met zijn hand op tafel.<\/li>\n<\/ul>\n<p>Dergelijke scenario's zijn moeilijk duidelijk te herkennen. Alle\u00a0<strong>B en R modellen<\/strong>\u00a0van JAMES hebben een valsensor, maar deze werkt maar beperkt. Het kan voorkomen dat de sensor te vaak afgaat of niet reageert als de impact te laag is. Je kunt de valsensor op elk gewenst moment in- of uitschakelen via de JAMES app.<\/p>\n<p>De\u00a0<strong>S model<\/strong>\u00a0van JAMES biedt een alternatieve oplossing: een ge\u00efntegreerde\u00a0<strong>Sensor voor inactiviteit<\/strong>. Dit geeft een alarmsignaal als de klok gedurende een bepaalde tijd niet wordt bewogen (bijv. 15 minuten - er kunnen 8 tijdniveaus worden ingesteld).<\/p>\n<p>Bij JAMES werken we voortdurend aan het verbeteren van valdetectie. We weten echter uit ervaring dat de\u00a0<strong>Beste beveiliging<\/strong>\u00a0is bereikt,\u00a0<strong>als het horloge regelmatig wordt gedragen<\/strong>. In de meeste noodgevallen - of het nu gaat om een val, angst of gevaar - is hulp dan slechts een druk op de knop verwijderd!<\/p>\n<\/div>\n<\/div><\/div><\/div>\n<\/section>","protected":false},"excerpt":{"rendered":"<p>Sturzerkennung Es gibt viele Uhren auf dem Markt, die behaupten, eine zuverl\u00e4ssige Sturzerkennung auf Basis von Bewegungssensoren zu bieten. Die Realit\u00e4t ist jedoch oft eine andere, da ein Sturz sehr schwer zu erkennen ist. Hier einige Beispiele: Schwindel: Der Uhrentr\u00e4ger gleitet langsam zu Boden und st\u00fctzt sich teilweise noch ab, z. B. auf einem Stuhl. [&hellip;]<\/p>\n","protected":false},"author":1,"featured_media":0,"parent":0,"menu_order":0,"comment_status":"closed","ping_status":"closed","template":"","meta":{"_acf_changed":false,"_breakdance_hide_in_design_set":false,"_breakdance_tags":"","footnotes":""},"class_list":["post-21427","page","type-page","status-publish","hentry"],"acf":[],"_links":{"self":[{"href":"https:\/\/james.care\/nl\/wp-json\/wp\/v2\/pages\/21427","targetHints":{"allow":["GET"]}}],"collection":[{"href":"https:\/\/james.care\/nl\/wp-json\/wp\/v2\/pages"}],"about":[{"href":"https:\/\/james.care\/nl\/wp-json\/wp\/v2\/types\/page"}],"author":[{"embeddable":true,"href":"https:\/\/james.care\/nl\/wp-json\/wp\/v2\/users\/1"}],"replies":[{"embeddable":true,"href":"https:\/\/james.care\/nl\/wp-json\/wp\/v2\/comments?post=21427"}],"version-history":[{"count":0,"href":"https:\/\/james.care\/nl\/wp-json\/wp\/v2\/pages\/21427\/revisions"}],"wp:attachment":[{"href":"https:\/\/james.care\/nl\/wp-json\/wp\/v2\/media?parent=21427"}],"curies":[{"name":"wp","href":"https:\/\/api.w.org\/{rel}","templated":true}]}}