{"id":21230,"date":"2022-11-11T10:03:59","date_gmt":"2022-11-11T09:03:59","guid":{"rendered":"https:\/\/myjames.shop\/?page_id=21230"},"modified":"2024-12-05T11:46:34","modified_gmt":"2024-12-05T10:46:34","slug":"sim","status":"publish","type":"page","link":"https:\/\/james.care\/nl\/sim\/","title":{"rendered":"+SIM"},"content":{"rendered":"<section class=\"bde-section-21230-100 bde-section\">\n  \n  \n\t\n\n\n\n<div class=\"section-container\"><h1 class=\"bde-heading-21230-101 bde-heading\">\nMeer veiligheid met de <br>JAMES SIM-kaart\n<\/h1><div class=\"bde-columns-21230-102 bde-columns\"><div class=\"bde-column-21230-104 bde-column\">\n  \n  \n\t\n\n\n\n<div class=\"bde-image-21230-106 bde-image\">\n<figure class=\"breakdance-image breakdance-image--19459\">\n\t<div class=\"breakdance-image-container\">\n\t\t<div class=\"breakdance-image-clip\"><img loading=\"lazy\" decoding=\"async\" class=\"breakdance-image-object\" src=\"https:\/\/james.care\/wp-content\/uploads\/2022\/08\/Roaming_SIMCARD_mockup.jpg\" width=\"1500\" height=\"1125\" srcset=\"https:\/\/james.care\/wp-content\/uploads\/2022\/08\/Roaming_SIMCARD_mockup.jpg 1500w, https:\/\/james.care\/wp-content\/uploads\/2022\/08\/Roaming_SIMCARD_mockup-300x225.jpg 300w, https:\/\/james.care\/wp-content\/uploads\/2022\/08\/Roaming_SIMCARD_mockup-1024x768.jpg 1024w, https:\/\/james.care\/wp-content\/uploads\/2022\/08\/Roaming_SIMCARD_mockup-768x576.jpg 768w, https:\/\/james.care\/wp-content\/uploads\/2022\/08\/Roaming_SIMCARD_mockup-600x450.jpg 600w\" sizes=\"auto, (max-width: 1500px) 100vw, 1500px\"><\/div>\n\t<\/div><\/figure>\n\n<\/div>\n<\/div><div class=\"bde-column-21230-103 bde-column\">\n  \n  \n\t\n\n\n\n<div class=\"bde-rich-text-21230-105 bde-rich-text breakdance-rich-text-styles\">\n<p>JAMES gebruikt een speciale simkaart die altijd het best beschikbare mobiele netwerk gebruikt. Terwijl andere horloges in dode hoeken vaak geen verbinding kunnen maken, blijft JAMES meestal wel werken. Het tarief van JAMES omvat niet alleen de kosten van de simkaart, maar ook het volledige servicepakket van JAMES: de app, telefonische ondersteuning, hulp bij het instellen en een ongecompliceerd retoursysteem.<\/p>\n<p>Bespaar jezelf het gedoe van inloggen en het registreren van een simkaart en profiteer van de hoogst mogelijke verbindingskwaliteit - JAMES regelt alles.<\/p>\n<p>De functie van de <strong>JAMES SIM-kaart <\/strong>in combinatie met de JAMES producten is beschikbaar binnen de<strong> Europese Unie<\/strong> en in de <strong>Zwitserland<\/strong> gegarandeerd.<\/p>\n<p>Om de hoogste netwerkkwaliteit te kunnen bieden, werken we samen met gerenommeerde partners zoals <u>A1 Telekom Oostenrijk<\/u>, <u>Magenta Oostenrijk<\/u>, <u>Telekom Duitsland, Swisscom<\/u> en <u>Tele 2 Zweden<\/u> samen.<\/p>\n<\/div>\n<\/div><\/div><\/div>\n<\/section>","protected":false},"excerpt":{"rendered":"<p>Mehr Sicherheit mit der JAMES-SIM-Karte\u200b JAMES nutzt eine spezielle SIM-Karte, die stets das beste verf\u00fcgbare Mobilfunknetz verwendet.\u00a0W\u00e4hrend andere Uhren in Funkl\u00f6chern oft keine Verbindung mehr herstellen k\u00f6nnen, bleibt JAMES zumeist weiterhin funktionsf\u00e4hig. Im JAMES-Tarif sind nicht nur die Kosten f\u00fcr die SIM-Karte bereits enthalten, sondern auch das gesamte JAMES-Servicepaket: die App, telefonischer Support, Unterst\u00fctzung bei [&hellip;]<\/p>\n","protected":false},"author":1,"featured_media":0,"parent":0,"menu_order":0,"comment_status":"closed","ping_status":"closed","template":"","meta":{"_acf_changed":false,"_breakdance_hide_in_design_set":false,"_breakdance_tags":"","footnotes":""},"class_list":["post-21230","page","type-page","status-publish","hentry"],"acf":[],"_links":{"self":[{"href":"https:\/\/james.care\/nl\/wp-json\/wp\/v2\/pages\/21230","targetHints":{"allow":["GET"]}}],"collection":[{"href":"https:\/\/james.care\/nl\/wp-json\/wp\/v2\/pages"}],"about":[{"href":"https:\/\/james.care\/nl\/wp-json\/wp\/v2\/types\/page"}],"author":[{"embeddable":true,"href":"https:\/\/james.care\/nl\/wp-json\/wp\/v2\/users\/1"}],"replies":[{"embeddable":true,"href":"https:\/\/james.care\/nl\/wp-json\/wp\/v2\/comments?post=21230"}],"version-history":[{"count":0,"href":"https:\/\/james.care\/nl\/wp-json\/wp\/v2\/pages\/21230\/revisions"}],"wp:attachment":[{"href":"https:\/\/james.care\/nl\/wp-json\/wp\/v2\/media?parent=21230"}],"curies":[{"name":"wp","href":"https:\/\/api.w.org\/{rel}","templated":true}]}}