{"id":172431,"date":"2025-12-03T14:39:01","date_gmt":"2025-12-03T13:39:01","guid":{"rendered":"https:\/\/james.care\/?page_id=172431"},"modified":"2026-04-09T15:21:56","modified_gmt":"2026-04-09T13:21:56","slug":"zusatztarife","status":"publish","type":"page","link":"https:\/\/james.care\/nl\/zusatztarife\/","title":{"rendered":"Optioneel"},"content":{"rendered":"<section class=\"bde-section-172431-226 bde-section\">\n  \n  \n\t\n\n\n\n<div class=\"section-container\"><h2 class=\"bde-heading-172431-227 bde-heading\">\nOptioneel\n<\/h2><h5 class=\"bde-heading-172431-228 bde-heading\">\nBreid het basistarief uit met flexibele aanvullende pakketten - afzonderlijk of in combinatie:\n<\/h5><div class=\"bde-columns-172431-229 bde-columns\"><div class=\"bde-column-172431-230 bde-column\">\n  \n  \n\t\n\n\n\n<div class=\"bde-image-172431-231 bde-image\">\n<figure class=\"breakdance-image breakdance-image--39974\">\n\t<div class=\"breakdance-image-container\">\n\t\t<div class=\"breakdance-image-clip\"><img loading=\"lazy\" decoding=\"async\" class=\"breakdance-image-object\" src=\"https:\/\/james.care\/wp-content\/uploads\/2024\/01\/tarife3.webp\" width=\"1500\" height=\"1500\" srcset=\"https:\/\/james.care\/wp-content\/uploads\/2024\/01\/tarife3.webp 1500w, https:\/\/james.care\/wp-content\/uploads\/2024\/01\/tarife3-300x300.webp 300w, https:\/\/james.care\/wp-content\/uploads\/2024\/01\/tarife3-1024x1024.webp 1024w, https:\/\/james.care\/wp-content\/uploads\/2024\/01\/tarife3-150x150.webp 150w, https:\/\/james.care\/wp-content\/uploads\/2024\/01\/tarife3-768x768.webp 768w, https:\/\/james.care\/wp-content\/uploads\/2024\/01\/tarife3-12x12.webp 12w, https:\/\/james.care\/wp-content\/uploads\/2024\/01\/tarife3-600x600.webp 600w, https:\/\/james.care\/wp-content\/uploads\/2024\/01\/tarife3-100x100.webp 100w\" sizes=\"auto, (max-width: 1500px) 100vw, 1500px\"><\/div>\n\t<\/div><\/figure>\n\n<\/div><div class=\"bde-image-172431-232 bde-image\">\n<figure class=\"breakdance-image breakdance-image--35464\">\n\t<div class=\"breakdance-image-container\">\n\t\t<div class=\"breakdance-image-clip\"><img decoding=\"async\" class=\"breakdance-image-object\" src=\"https:\/\/james.care\/wp-content\/uploads\/2023\/05\/James_red.svg\" width=\"\" height=\"\" alt=\"JAMES Logo rot\"><\/div>\n\t<\/div><\/figure>\n\n<\/div><h3 class=\"bde-heading-172431-233 bde-heading\">\nAlarmcentrale abonnement\n<\/h3><div class=\"bde-rich-text-172431-234 bde-rich-text breakdance-rich-text-styles\">\n<p>Breidt de alarmketen uit met een alarmcentrale die 24 uur per dag bereikbaar is en alarmen snel en effici\u00ebnt verwerkt. JAMES biedt momenteel een alarmcentrale voor Duitsland, Oostenrijk en Zwitserland. Andere landen zullen volgen.<\/p>\n<\/div><div class=\"bde-icon-list-172431-235 bde-icon-list\">\n<ul>\n  \n              \n    <li>\n              <div class='bde-icon-list__item-wrapper'>\n      \n      <span class='bde-icon-list__icon'>\n        <svg xmlns=\"http:\/\/www.w3.org\/2000\/svg\" id=\"Layer_2\" viewbox=\"0 0 15 15\">\r\n  <defs>\r\n    <style>\r\n      .cls-1 {\r\n        fill: #da1a32;\r\n      }\r\n    <\/style>\r\n  <\/defs>\r\n  <g id=\"Layer_1-2\" data-name=\"Layer_1\">\r\n    <path class=\"cls-1\" d=\"M7.5,0c.69,0,1.35.09,1.99.27s1.24.43,1.79.76c.55.33,1.06.72,1.52,1.18s.85.96,1.18,1.52c.33.55.58,1.15.76,1.79s.27,1.3.27,1.99-.09,1.35-.27,1.99-.43,1.24-.76,1.79-.72,1.06-1.18,1.52c-.46.46-.96.85-1.52,1.18-.55.33-1.15.58-1.79.76-.64.18-1.3.27-1.99.27s-1.35-.09-1.99-.27c-.64-.18-1.24-.43-1.79-.76s-1.06-.72-1.52-1.18c-.46-.46-.85-.96-1.18-1.52s-.58-1.15-.76-1.79c-.18-.64-.27-1.3-.27-1.99s.09-1.35.27-1.99c.18-.64.43-1.24.76-1.79.33-.55.72-1.06,1.18-1.52.46-.46.96-.85,1.52-1.18s1.15-.58,1.79-.76,1.3-.27,1.99-.27ZM11.92,5.02l-1-1-4.83,4.83-2.01-2.01-1,1,3.01,3.01,5.82-5.82Z\"\/>\r\n  <\/g>\r\n<\/svg>\n      <\/span>\n      <span class='bde-icon-list__text' >\n      24\/7 beschikbaarheid\u00a0\n      <\/span>\n              <\/div>\n      \n    <\/li>\n\n  \n              \n    <li>\n              <div class='bde-icon-list__item-wrapper'>\n      \n      <span class='bde-icon-list__icon'>\n        <svg xmlns=\"http:\/\/www.w3.org\/2000\/svg\" id=\"Layer_2\" viewbox=\"0 0 15 15\">\r\n  <defs>\r\n    <style>\r\n      .cls-1 {\r\n        fill: #da1a32;\r\n      }\r\n    <\/style>\r\n  <\/defs>\r\n  <g id=\"Layer_1-2\" data-name=\"Layer_1\">\r\n    <path class=\"cls-1\" d=\"M7.5,0c.69,0,1.35.09,1.99.27s1.24.43,1.79.76c.55.33,1.06.72,1.52,1.18s.85.96,1.18,1.52c.33.55.58,1.15.76,1.79s.27,1.3.27,1.99-.09,1.35-.27,1.99-.43,1.24-.76,1.79-.72,1.06-1.18,1.52c-.46.46-.96.85-1.52,1.18-.55.33-1.15.58-1.79.76-.64.18-1.3.27-1.99.27s-1.35-.09-1.99-.27c-.64-.18-1.24-.43-1.79-.76s-1.06-.72-1.52-1.18c-.46-.46-.85-.96-1.18-1.52s-.58-1.15-.76-1.79c-.18-.64-.27-1.3-.27-1.99s.09-1.35.27-1.99c.18-.64.43-1.24.76-1.79.33-.55.72-1.06,1.18-1.52.46-.46.96-.85,1.52-1.18s1.15-.58,1.79-.76,1.3-.27,1.99-.27ZM11.92,5.02l-1-1-4.83,4.83-2.01-2.01-1,1,3.01,3.01,5.82-5.82Z\"\/>\r\n  <\/g>\r\n<\/svg>\n      <\/span>\n      <span class='bde-icon-list__text' >\n      Belangrijke informatie opgeslagen\n      <\/span>\n              <\/div>\n      \n    <\/li>\n\n  \n              \n    <li>\n              <div class='bde-icon-list__item-wrapper'>\n      \n      <span class='bde-icon-list__icon'>\n        <svg xmlns=\"http:\/\/www.w3.org\/2000\/svg\" id=\"Layer_2\" viewbox=\"0 0 15 15\">\r\n  <defs>\r\n    <style>\r\n      .cls-1 {\r\n        fill: #da1a32;\r\n      }\r\n    <\/style>\r\n  <\/defs>\r\n  <g id=\"Layer_1-2\" data-name=\"Layer_1\">\r\n    <path class=\"cls-1\" d=\"M7.5,0c.69,0,1.35.09,1.99.27s1.24.43,1.79.76c.55.33,1.06.72,1.52,1.18s.85.96,1.18,1.52c.33.55.58,1.15.76,1.79s.27,1.3.27,1.99-.09,1.35-.27,1.99-.43,1.24-.76,1.79-.72,1.06-1.18,1.52c-.46.46-.96.85-1.52,1.18-.55.33-1.15.58-1.79.76-.64.18-1.3.27-1.99.27s-1.35-.09-1.99-.27c-.64-.18-1.24-.43-1.79-.76s-1.06-.72-1.52-1.18c-.46-.46-.85-.96-1.18-1.52s-.58-1.15-.76-1.79c-.18-.64-.27-1.3-.27-1.99s.09-1.35.27-1.99c.18-.64.43-1.24.76-1.79.33-.55.72-1.06,1.18-1.52.46-.46.96-.85,1.52-1.18s1.15-.58,1.79-.76,1.3-.27,1.99-.27ZM11.92,5.02l-1-1-4.83,4.83-2.01-2.01-1,1,3.01,3.01,5.82-5.82Z\"\/>\r\n  <\/g>\r\n<\/svg>\n      <\/span>\n      <span class='bde-icon-list__text' >\n      Snelle, ongecompliceerde hulp\n      <\/span>\n              <\/div>\n      \n    <\/li>\n\n  \n              \n    <li>\n              <div class='bde-icon-list__item-wrapper'>\n      \n      <span class='bde-icon-list__icon'>\n        <svg xmlns=\"http:\/\/www.w3.org\/2000\/svg\" id=\"Layer_2\" viewbox=\"0 0 15 15\">\r\n  <defs>\r\n    <style>\r\n      .cls-1 {\r\n        fill: #da1a32;\r\n      }\r\n    <\/style>\r\n  <\/defs>\r\n  <g id=\"Layer_1-2\" data-name=\"Layer_1\">\r\n    <path class=\"cls-1\" d=\"M7.5,0c.69,0,1.35.09,1.99.27s1.24.43,1.79.76c.55.33,1.06.72,1.52,1.18s.85.96,1.18,1.52c.33.55.58,1.15.76,1.79s.27,1.3.27,1.99-.09,1.35-.27,1.99-.43,1.24-.76,1.79-.72,1.06-1.18,1.52c-.46.46-.96.85-1.52,1.18-.55.33-1.15.58-1.79.76-.64.18-1.3.27-1.99.27s-1.35-.09-1.99-.27c-.64-.18-1.24-.43-1.79-.76s-1.06-.72-1.52-1.18c-.46-.46-.85-.96-1.18-1.52s-.58-1.15-.76-1.79c-.18-.64-.27-1.3-.27-1.99s.09-1.35.27-1.99c.18-.64.43-1.24.76-1.79.33-.55.72-1.06,1.18-1.52.46-.46.96-.85,1.52-1.18s1.15-.58,1.79-.76,1.3-.27,1.99-.27ZM11.92,5.02l-1-1-4.83,4.83-2.01-2.01-1,1,3.01,3.01,5.82-5.82Z\"\/>\r\n  <\/g>\r\n<\/svg>\n      <\/span>\n      <span class='bde-icon-list__text' >\n      verkrijgbaar in DE, \u00d6 en CH\n      <\/span>\n              <\/div>\n      \n    <\/li>\n\n  <\/ul>\n\n<\/div>\n<\/div><div class=\"bde-column-172431-277 bde-column\">\n  \n  \n\t\n\n\n\n<div class=\"bde-image-172431-278 bde-image\">\n<figure class=\"breakdance-image breakdance-image--39973\">\n\t<div class=\"breakdance-image-container\">\n\t\t<div class=\"breakdance-image-clip\"><img loading=\"lazy\" decoding=\"async\" class=\"breakdance-image-object\" src=\"https:\/\/james.care\/wp-content\/uploads\/2024\/01\/tarife2.webp\" width=\"1500\" height=\"1500\" srcset=\"https:\/\/james.care\/wp-content\/uploads\/2024\/01\/tarife2.webp 1500w, https:\/\/james.care\/wp-content\/uploads\/2024\/01\/tarife2-300x300.webp 300w, https:\/\/james.care\/wp-content\/uploads\/2024\/01\/tarife2-1024x1024.webp 1024w, https:\/\/james.care\/wp-content\/uploads\/2024\/01\/tarife2-150x150.webp 150w, https:\/\/james.care\/wp-content\/uploads\/2024\/01\/tarife2-768x768.webp 768w, https:\/\/james.care\/wp-content\/uploads\/2024\/01\/tarife2-12x12.webp 12w, https:\/\/james.care\/wp-content\/uploads\/2024\/01\/tarife2-600x600.webp 600w, https:\/\/james.care\/wp-content\/uploads\/2024\/01\/tarife2-100x100.webp 100w\" sizes=\"auto, (max-width: 1500px) 100vw, 1500px\"><\/div>\n\t<\/div><\/figure>\n\n<\/div><div class=\"bde-image-172431-279 bde-image\">\n<figure class=\"breakdance-image breakdance-image--35464\">\n\t<div class=\"breakdance-image-container\">\n\t\t<div class=\"breakdance-image-clip\"><img decoding=\"async\" class=\"breakdance-image-object\" src=\"https:\/\/james.care\/wp-content\/uploads\/2023\/05\/James_red.svg\" width=\"\" height=\"\" alt=\"JAMES Logo rot\"><\/div>\n\t<\/div><\/figure>\n\n<\/div><h3 class=\"bde-heading-172431-280 bde-heading\">\nDementie abonnement\n<\/h3><div class=\"bde-rich-text-172431-281 bde-rich-text breakdance-rich-text-styles\">\n<p>Als de drager van het horloge lijdt aan lichte of progressieve dementie, kan het dementietarief worden geboekt. Dit breidt de functionaliteit uit met een bewegingszone en een passief alarm.<\/p>\n<\/div><div class=\"bde-icon-list-172431-282 bde-icon-list\">\n<ul>\n  \n              \n    <li>\n              <div class='bde-icon-list__item-wrapper'>\n      \n      <span class='bde-icon-list__icon'>\n        <svg xmlns=\"http:\/\/www.w3.org\/2000\/svg\" id=\"Layer_2\" viewbox=\"0 0 15 15\">\r\n  <defs>\r\n    <style>\r\n      .cls-1 {\r\n        fill: #da1a32;\r\n      }\r\n    <\/style>\r\n  <\/defs>\r\n  <g id=\"Layer_1-2\" data-name=\"Layer_1\">\r\n    <path class=\"cls-1\" d=\"M7.5,0c.69,0,1.35.09,1.99.27s1.24.43,1.79.76c.55.33,1.06.72,1.52,1.18s.85.96,1.18,1.52c.33.55.58,1.15.76,1.79s.27,1.3.27,1.99-.09,1.35-.27,1.99-.43,1.24-.76,1.79-.72,1.06-1.18,1.52c-.46.46-.96.85-1.52,1.18-.55.33-1.15.58-1.79.76-.64.18-1.3.27-1.99.27s-1.35-.09-1.99-.27c-.64-.18-1.24-.43-1.79-.76s-1.06-.72-1.52-1.18c-.46-.46-.85-.96-1.18-1.52s-.58-1.15-.76-1.79c-.18-.64-.27-1.3-.27-1.99s.09-1.35.27-1.99c.18-.64.43-1.24.76-1.79.33-.55.72-1.06,1.18-1.52.46-.46.96-.85,1.52-1.18s1.15-.58,1.79-.76,1.3-.27,1.99-.27ZM11.92,5.02l-1-1-4.83,4.83-2.01-2.01-1,1,3.01,3.01,5.82-5.82Z\"\/>\r\n  <\/g>\r\n<\/svg>\n      <\/span>\n      <span class='bde-icon-list__text' >\n      Alarm bij neiging tot weglopen\n      <\/span>\n              <\/div>\n      \n    <\/li>\n\n  \n              \n    <li>\n              <div class='bde-icon-list__item-wrapper'>\n      \n      <span class='bde-icon-list__icon'>\n        <svg xmlns=\"http:\/\/www.w3.org\/2000\/svg\" id=\"Layer_2\" viewbox=\"0 0 15 15\">\r\n  <defs>\r\n    <style>\r\n      .cls-1 {\r\n        fill: #da1a32;\r\n      }\r\n    <\/style>\r\n  <\/defs>\r\n  <g id=\"Layer_1-2\" data-name=\"Layer_1\">\r\n    <path class=\"cls-1\" d=\"M7.5,0c.69,0,1.35.09,1.99.27s1.24.43,1.79.76c.55.33,1.06.72,1.52,1.18s.85.96,1.18,1.52c.33.55.58,1.15.76,1.79s.27,1.3.27,1.99-.09,1.35-.27,1.99-.43,1.24-.76,1.79-.72,1.06-1.18,1.52c-.46.46-.96.85-1.52,1.18-.55.33-1.15.58-1.79.76-.64.18-1.3.27-1.99.27s-1.35-.09-1.99-.27c-.64-.18-1.24-.43-1.79-.76s-1.06-.72-1.52-1.18c-.46-.46-.85-.96-1.18-1.52s-.58-1.15-.76-1.79c-.18-.64-.27-1.3-.27-1.99s.09-1.35.27-1.99c.18-.64.43-1.24.76-1.79.33-.55.72-1.06,1.18-1.52.46-.46.96-.85,1.52-1.18s1.15-.58,1.79-.76,1.3-.27,1.99-.27ZM11.92,5.02l-1-1-4.83,4.83-2.01-2.01-1,1,3.01,3.01,5.82-5.82Z\"\/>\r\n  <\/g>\r\n<\/svg>\n      <\/span>\n      <span class='bde-icon-list__text' >\n      Snelle GPS-lokalisatie bij afwezigheid\n      <\/span>\n              <\/div>\n      \n    <\/li>\n\n  \n              \n    <li>\n              <div class='bde-icon-list__item-wrapper'>\n      \n      <span class='bde-icon-list__icon'>\n        <svg xmlns=\"http:\/\/www.w3.org\/2000\/svg\" id=\"Layer_2\" viewbox=\"0 0 15 15\">\r\n  <defs>\r\n    <style>\r\n      .cls-1 {\r\n        fill: #da1a32;\r\n      }\r\n    <\/style>\r\n  <\/defs>\r\n  <g id=\"Layer_1-2\" data-name=\"Layer_1\">\r\n    <path class=\"cls-1\" d=\"M7.5,0c.69,0,1.35.09,1.99.27s1.24.43,1.79.76c.55.33,1.06.72,1.52,1.18s.85.96,1.18,1.52c.33.55.58,1.15.76,1.79s.27,1.3.27,1.99-.09,1.35-.27,1.99-.43,1.24-.76,1.79-.72,1.06-1.18,1.52c-.46.46-.96.85-1.52,1.18-.55.33-1.15.58-1.79.76-.64.18-1.3.27-1.99.27s-1.35-.09-1.99-.27c-.64-.18-1.24-.43-1.79-.76s-1.06-.72-1.52-1.18c-.46-.46-.85-.96-1.18-1.52s-.58-1.15-.76-1.79c-.18-.64-.27-1.3-.27-1.99s.09-1.35.27-1.99c.18-.64.43-1.24.76-1.79.33-.55.72-1.06,1.18-1.52.46-.46.96-.85,1.52-1.18s1.15-.58,1.79-.76,1.3-.27,1.99-.27ZM11.92,5.02l-1-1-4.83,4.83-2.01-2.01-1,1,3.01,3.01,5.82-5.82Z\"\/>\r\n  <\/g>\r\n<\/svg>\n      <\/span>\n      <span class='bde-icon-list__text' >\n      Verstelbare bewegingszone\n      <\/span>\n              <\/div>\n      \n    <\/li>\n\n  \n              \n    <li>\n              <div class='bde-icon-list__item-wrapper'>\n      \n      <span class='bde-icon-list__icon'>\n        <svg xmlns=\"http:\/\/www.w3.org\/2000\/svg\" id=\"Layer_2\" viewbox=\"0 0 15 15\">\r\n  <defs>\r\n    <style>\r\n      .cls-1 {\r\n        fill: #da1a32;\r\n      }\r\n    <\/style>\r\n  <\/defs>\r\n  <g id=\"Layer_1-2\" data-name=\"Layer_1\">\r\n    <path class=\"cls-1\" d=\"M7.5,0c.69,0,1.35.09,1.99.27s1.24.43,1.79.76c.55.33,1.06.72,1.52,1.18s.85.96,1.18,1.52c.33.55.58,1.15.76,1.79s.27,1.3.27,1.99-.09,1.35-.27,1.99-.43,1.24-.76,1.79-.72,1.06-1.18,1.52c-.46.46-.96.85-1.52,1.18-.55.33-1.15.58-1.79.76-.64.18-1.3.27-1.99.27s-1.35-.09-1.99-.27c-.64-.18-1.24-.43-1.79-.76s-1.06-.72-1.52-1.18c-.46-.46-.85-.96-1.18-1.52s-.58-1.15-.76-1.79c-.18-.64-.27-1.3-.27-1.99s.09-1.35.27-1.99c.18-.64.43-1.24.76-1.79.33-.55.72-1.06,1.18-1.52.46-.46.96-.85,1.52-1.18s1.15-.58,1.79-.76,1.3-.27,1.99-.27ZM11.92,5.02l-1-1-4.83,4.83-2.01-2.01-1,1,3.01,3.01,5.82-5.82Z\"\/>\r\n  <\/g>\r\n<\/svg>\n      <\/span>\n      <span class='bde-icon-list__text' >\n      Opluchting voor de familie\n      <\/span>\n              <\/div>\n      \n    <\/li>\n\n  \n              \n    <li>\n              <div class='bde-icon-list__item-wrapper'>\n      \n      <span class='bde-icon-list__icon'>\n        <svg xmlns=\"http:\/\/www.w3.org\/2000\/svg\" id=\"Layer_2\" viewbox=\"0 0 15 15\">\r\n  <defs>\r\n    <style>\r\n      .cls-1 {\r\n        fill: #da1a32;\r\n      }\r\n    <\/style>\r\n  <\/defs>\r\n  <g id=\"Layer_1-2\" data-name=\"Layer_1\">\r\n    <path class=\"cls-1\" d=\"M7.5,0c.69,0,1.35.09,1.99.27s1.24.43,1.79.76c.55.33,1.06.72,1.52,1.18s.85.96,1.18,1.52c.33.55.58,1.15.76,1.79s.27,1.3.27,1.99-.09,1.35-.27,1.99-.43,1.24-.76,1.79-.72,1.06-1.18,1.52c-.46.46-.96.85-1.52,1.18-.55.33-1.15.58-1.79.76-.64.18-1.3.27-1.99.27s-1.35-.09-1.99-.27c-.64-.18-1.24-.43-1.79-.76s-1.06-.72-1.52-1.18c-.46-.46-.85-.96-1.18-1.52s-.58-1.15-.76-1.79c-.18-.64-.27-1.3-.27-1.99s.09-1.35.27-1.99c.18-.64.43-1.24.76-1.79.33-.55.72-1.06,1.18-1.52.46-.46.96-.85,1.52-1.18s1.15-.58,1.79-.76,1.3-.27,1.99-.27ZM11.92,5.02l-1-1-4.83,4.83-2.01-2.01-1,1,3.01,3.01,5.82-5.82Z\"\/>\r\n  <\/g>\r\n<\/svg>\n      <\/span>\n      <span class='bde-icon-list__text' >\n      Gaten in het aanbod dichten\n      <\/span>\n              <\/div>\n      \n    <\/li>\n\n  <\/ul>\n\n<\/div>\n<\/div><div class=\"bde-column-172431-310 bde-column\">\n  \n  \n\t\n\n\n\n<div class=\"bde-image-172431-311 bde-image\">\n<figure class=\"breakdance-image breakdance-image--39972\">\n\t<div class=\"breakdance-image-container\">\n\t\t<div class=\"breakdance-image-clip\"><img loading=\"lazy\" decoding=\"async\" class=\"breakdance-image-object\" src=\"https:\/\/james.care\/wp-content\/uploads\/2024\/01\/tarife.webp\" width=\"1500\" height=\"1500\" srcset=\"https:\/\/james.care\/wp-content\/uploads\/2024\/01\/tarife.webp 1500w, https:\/\/james.care\/wp-content\/uploads\/2024\/01\/tarife-300x300.webp 300w, https:\/\/james.care\/wp-content\/uploads\/2024\/01\/tarife-1024x1024.webp 1024w, https:\/\/james.care\/wp-content\/uploads\/2024\/01\/tarife-150x150.webp 150w, https:\/\/james.care\/wp-content\/uploads\/2024\/01\/tarife-768x768.webp 768w, https:\/\/james.care\/wp-content\/uploads\/2024\/01\/tarife-12x12.webp 12w, https:\/\/james.care\/wp-content\/uploads\/2024\/01\/tarife-600x600.webp 600w, https:\/\/james.care\/wp-content\/uploads\/2024\/01\/tarife-100x100.webp 100w\" sizes=\"auto, (max-width: 1500px) 100vw, 1500px\"><\/div>\n\t<\/div><\/figure>\n\n<\/div><div class=\"bde-image-172431-312 bde-image\">\n<figure class=\"breakdance-image breakdance-image--35464\">\n\t<div class=\"breakdance-image-container\">\n\t\t<div class=\"breakdance-image-clip\"><img decoding=\"async\" class=\"breakdance-image-object\" src=\"https:\/\/james.care\/wp-content\/uploads\/2023\/05\/James_red.svg\" width=\"\" height=\"\" alt=\"JAMES Logo rot\"><\/div>\n\t<\/div><\/figure>\n\n<\/div><h3 class=\"bde-heading-172431-313 bde-heading\">\nUitbellen abonnement\n<\/h3><div class=\"bde-rich-text-172431-314 bde-rich-text breakdance-rich-text-styles\">\n<p>Een beltegoed van 60 minuten is beschikbaar voor gebruik met het horloge om te bellen naar telefooncontacten. Deze functie wordt vanaf 2025 ook ondersteund door het B8-model.<br \/>Ook beschikbaar voor het B8-model vanaf 2025.<\/p>\n<\/div><div class=\"bde-icon-list-172431-315 bde-icon-list\">\n<ul>\n  \n              \n    <li>\n              <div class='bde-icon-list__item-wrapper'>\n      \n      <span class='bde-icon-list__icon'>\n        <svg xmlns=\"http:\/\/www.w3.org\/2000\/svg\" id=\"Layer_2\" viewbox=\"0 0 15 15\">\r\n  <defs>\r\n    <style>\r\n      .cls-1 {\r\n        fill: #da1a32;\r\n      }\r\n    <\/style>\r\n  <\/defs>\r\n  <g id=\"Layer_1-2\" data-name=\"Layer_1\">\r\n    <path class=\"cls-1\" d=\"M7.5,0c.69,0,1.35.09,1.99.27s1.24.43,1.79.76c.55.33,1.06.72,1.52,1.18s.85.96,1.18,1.52c.33.55.58,1.15.76,1.79s.27,1.3.27,1.99-.09,1.35-.27,1.99-.43,1.24-.76,1.79-.72,1.06-1.18,1.52c-.46.46-.96.85-1.52,1.18-.55.33-1.15.58-1.79.76-.64.18-1.3.27-1.99.27s-1.35-.09-1.99-.27c-.64-.18-1.24-.43-1.79-.76s-1.06-.72-1.52-1.18c-.46-.46-.85-.96-1.18-1.52s-.58-1.15-.76-1.79c-.18-.64-.27-1.3-.27-1.99s.09-1.35.27-1.99c.18-.64.43-1.24.76-1.79.33-.55.72-1.06,1.18-1.52.46-.46.96-.85,1.52-1.18s1.15-.58,1.79-.76,1.3-.27,1.99-.27ZM11.92,5.02l-1-1-4.83,4.83-2.01-2.01-1,1,3.01,3.01,5.82-5.82Z\"\/>\r\n  <\/g>\r\n<\/svg>\n      <\/span>\n      <span class='bde-icon-list__text' >\n      60 minuten uitbellen vanaf horloge\n      <\/span>\n              <\/div>\n      \n    <\/li>\n\n  \n              \n    <li>\n              <div class='bde-icon-list__item-wrapper'>\n      \n      <span class='bde-icon-list__icon'>\n        <svg xmlns=\"http:\/\/www.w3.org\/2000\/svg\" id=\"Layer_2\" viewbox=\"0 0 15 15\">\r\n  <defs>\r\n    <style>\r\n      .cls-1 {\r\n        fill: #da1a32;\r\n      }\r\n    <\/style>\r\n  <\/defs>\r\n  <g id=\"Layer_1-2\" data-name=\"Layer_1\">\r\n    <path class=\"cls-1\" d=\"M7.5,0c.69,0,1.35.09,1.99.27s1.24.43,1.79.76c.55.33,1.06.72,1.52,1.18s.85.96,1.18,1.52c.33.55.58,1.15.76,1.79s.27,1.3.27,1.99-.09,1.35-.27,1.99-.43,1.24-.76,1.79-.72,1.06-1.18,1.52c-.46.46-.96.85-1.52,1.18-.55.33-1.15.58-1.79.76-.64.18-1.3.27-1.99.27s-1.35-.09-1.99-.27c-.64-.18-1.24-.43-1.79-.76s-1.06-.72-1.52-1.18c-.46-.46-.85-.96-1.18-1.52s-.58-1.15-.76-1.79c-.18-.64-.27-1.3-.27-1.99s.09-1.35.27-1.99c.18-.64.43-1.24.76-1.79.33-.55.72-1.06,1.18-1.52.46-.46.96-.85,1.52-1.18s1.15-.58,1.79-.76,1.3-.27,1.99-.27ZM11.92,5.02l-1-1-4.83,4.83-2.01-2.01-1,1,3.01,3.01,5.82-5.82Z\"\/>\r\n  <\/g>\r\n<\/svg>\n      <\/span>\n      <span class='bde-icon-list__text' >\n      3 telefooncontacten\n      <\/span>\n              <\/div>\n      \n    <\/li>\n\n  \n              \n    <li>\n              <div class='bde-icon-list__item-wrapper'>\n      \n      <span class='bde-icon-list__icon'>\n        <svg xmlns=\"http:\/\/www.w3.org\/2000\/svg\" id=\"Layer_2\" viewbox=\"0 0 15 15\">\r\n  <defs>\r\n    <style>\r\n      .cls-1 {\r\n        fill: #da1a32;\r\n      }\r\n    <\/style>\r\n  <\/defs>\r\n  <g id=\"Layer_1-2\" data-name=\"Layer_1\">\r\n    <path class=\"cls-1\" d=\"M7.5,0c.69,0,1.35.09,1.99.27s1.24.43,1.79.76c.55.33,1.06.72,1.52,1.18s.85.96,1.18,1.52c.33.55.58,1.15.76,1.79s.27,1.3.27,1.99-.09,1.35-.27,1.99-.43,1.24-.76,1.79-.72,1.06-1.18,1.52c-.46.46-.96.85-1.52,1.18-.55.33-1.15.58-1.79.76-.64.18-1.3.27-1.99.27s-1.35-.09-1.99-.27c-.64-.18-1.24-.43-1.79-.76s-1.06-.72-1.52-1.18c-.46-.46-.85-.96-1.18-1.52s-.58-1.15-.76-1.79c-.18-.64-.27-1.3-.27-1.99s.09-1.35.27-1.99c.18-.64.43-1.24.76-1.79.33-.55.72-1.06,1.18-1.52.46-.46.96-.85,1.52-1.18s1.15-.58,1.79-.76,1.3-.27,1.99-.27ZM11.92,5.02l-1-1-4.83,4.83-2.01-2.01-1,1,3.01,3.01,5.82-5.82Z\"\/>\r\n  <\/g>\r\n<\/svg>\n      <\/span>\n      <span class='bde-icon-list__text' >\n      Direct contact\n      <\/span>\n              <\/div>\n      \n    <\/li>\n\n  <\/ul>\n\n<\/div>\n<\/div><\/div><\/div>\n<\/section>","protected":false},"excerpt":{"rendered":"<p>Zusatztarife Erweitern Sie den Basistarif mit flexiblen Zusatzpaketen \u2013 einzeln oder kombiniert: Notrufzentrale Erweitert die Alarmierungskette um eine Notrufzentrale, die rund um die Uhr erreichbar ist und Alarme schnell sowie effizient bearbeitet. Aktuell bietet JAMES f\u00fcr Deutschland, \u00d6sterreich und die Schweiz jeweils eine Notrufzentrale an. Weitere L\u00e4nder werden folgen. 24\/7 Erreichbarkeit\u00a0 Wichtige Informationen hinterlegt Rasche, [&hellip;]<\/p>\n","protected":false},"author":1,"featured_media":0,"parent":0,"menu_order":0,"comment_status":"closed","ping_status":"closed","template":"","meta":{"_acf_changed":false,"_breakdance_hide_in_design_set":false,"_breakdance_tags":"","footnotes":""},"class_list":["post-172431","page","type-page","status-publish","hentry"],"acf":[],"_links":{"self":[{"href":"https:\/\/james.care\/nl\/wp-json\/wp\/v2\/pages\/172431","targetHints":{"allow":["GET"]}}],"collection":[{"href":"https:\/\/james.care\/nl\/wp-json\/wp\/v2\/pages"}],"about":[{"href":"https:\/\/james.care\/nl\/wp-json\/wp\/v2\/types\/page"}],"author":[{"embeddable":true,"href":"https:\/\/james.care\/nl\/wp-json\/wp\/v2\/users\/1"}],"replies":[{"embeddable":true,"href":"https:\/\/james.care\/nl\/wp-json\/wp\/v2\/comments?post=172431"}],"version-history":[{"count":3,"href":"https:\/\/james.care\/nl\/wp-json\/wp\/v2\/pages\/172431\/revisions"}],"predecessor-version":[{"id":209590,"href":"https:\/\/james.care\/nl\/wp-json\/wp\/v2\/pages\/172431\/revisions\/209590"}],"wp:attachment":[{"href":"https:\/\/james.care\/nl\/wp-json\/wp\/v2\/media?parent=172431"}],"curies":[{"name":"wp","href":"https:\/\/api.w.org\/{rel}","templated":true}]}}