{"id":56145,"date":"2024-06-26T09:57:40","date_gmt":"2024-06-26T07:57:40","guid":{"rendered":"https:\/\/james.care\/?post_type=product&#038;p=56145"},"modified":"2025-06-18T10:23:46","modified_gmt":"2025-06-18T08:23:46","slug":"james-tarif-ch","status":"publish","type":"product","link":"https:\/\/james.care\/it\/prodotto\/james-tarif-ch\/","title":{"rendered":"JAMES Tariffa (CH)"},"content":{"rendered":"<ul>\n<li>Allarme con collegamento telefonico<\/li>\n<li><strong>30 giorni di gratuit\u00e0 dall'ordine quando si acquista un orologio di emergenza JAMES<\/strong><\/li>\n<li>Scheda SIM SWISSCOM<\/li>\n<li>Localizzazione precisa in caso di allarme (GPS)<\/li>\n<li>Messaggi di testo e vocali<\/li>\n<li>L'orologio pu\u00f2 essere richiamato in qualsiasi momento<\/li>\n<li>App e portale JAMES (<em>iOS<\/em>,<em> Android<\/em>)<\/li>\n<li>Nessun impegno (pu\u00f2 essere cancellato mensilmente)<\/li>\n<li>Tariffa solo per i clienti svizzeri<\/li>\n<\/ul>","protected":false},"excerpt":{"rendered":"<p>La tariffa JAMES \u00e8 il servizio completo fornito da JAMES. La carta SIM in roaming collega sempre l'orologio alla rete pi\u00f9 forte e garantisce una copertura continua. La tariffa comprende anche la manutenzione e la disponibilit\u00e0 del software JAMES sull'orologio, nell'infrastruttura (server) e nei dispositivi finali per gli assistenti (app, portale web). L'angelo custode conveniente <strong>Inclusa carta SIM con roaming europeo<\/strong><br \/>\nPu\u00f2 essere cancellato in qualsiasi momento - nessun impegno!<\/p>","protected":false},"featured_media":18218,"template":"","meta":{"_acf_changed":false},"product_brand":[],"product_cat":[186,25],"product_tag":[],"class_list":{"0":"post-56145","1":"product","2":"type-product","3":"status-publish","4":"has-post-thumbnail","6":"product_cat-james_basistarif","7":"product_cat-james-notruftarif","9":"first","10":"instock","11":"sold-individually","12":"taxable","13":"shipping-taxable","14":"purchasable","15":"product-type-variable-subscription","16":"has-default-attributes"},"bundled_by":[],"bundle_stock_status":"instock","bundle_stock_quantity":null,"bundle_virtual":false,"bundle_layout":"","bundle_add_to_cart_form_location":"","bundle_editable_in_cart":false,"bundle_sold_individually_context":"","bundle_item_grouping":"","bundle_min_size":"","bundle_max_size":"","bundle_price":[],"bundled_items":[],"bundle_sell_ids":[],"exclude_global_add_ons":false,"addons":[{"name":"Informazioni sull'aiutante","type":"heading","position":0,"required":false,"title_format":"label","default":"","description_enable":false,"description":"","placeholder_enable":false,"placeholder":"","display":"select","restrictions_type":"any_text","adjust_price":false,"price":"","price_type":"","restrictions":false,"min":"0","max":"0","options":[]},{"name":"Informazioni sull'aiutante","type":"custom_textarea","position":0,"required":false,"title_format":"hide","default":"","description_enable":false,"description":"","placeholder_enable":false,"placeholder":"","display":"select","restrictions_type":"","adjust_price":false,"price":"","price_type":"quantity_based","restrictions":false,"min":"","max":"","options":[]},{"name":"Informazioni generali per il call center di emergenza","type":"heading","position":0,"required":false,"title_format":"label","default":"","description_enable":true,"description":"Ad esempio Dove si trova la chiave di riserva? Chi deve essere contattato in caso di emergenza? E gli animali domestici?","placeholder_enable":false,"placeholder":"","display":"select","restrictions_type":"any_text","adjust_price":false,"price":"","price_type":"","restrictions":false,"min":"0","max":"0","options":[]},{"name":"Informazioni generali per il call center di emergenza","type":"custom_textarea","position":0,"required":false,"title_format":"hide","default":"","description_enable":false,"description":"","placeholder_enable":false,"placeholder":"","display":"select","restrictions_type":"","adjust_price":false,"price":"","price_type":"quantity_based","restrictions":false,"min":"","max":"","options":[]},{"name":"Numero IMEI","type":"custom_text","position":0,"required":false,"title_format":"heading","default":"","description_enable":true,"description":"Necessario per l'attivazione dei prodotti JAMES","placeholder_enable":false,"placeholder":"","display":"select","restrictions_type":"only_numbers","adjust_price":false,"price":"","price_type":"flat_fee","restrictions":true,"min":"15","max":"15","options":[],"id":1704201544}],"acf":[],"_links":{"self":[{"href":"https:\/\/james.care\/it\/wp-json\/wp\/v2\/product\/56145","targetHints":{"allow":["GET"]}}],"collection":[{"href":"https:\/\/james.care\/it\/wp-json\/wp\/v2\/product"}],"about":[{"href":"https:\/\/james.care\/it\/wp-json\/wp\/v2\/types\/product"}],"wp:featuredmedia":[{"embeddable":true,"href":"https:\/\/james.care\/it\/wp-json\/wp\/v2\/media\/18218"}],"wp:attachment":[{"href":"https:\/\/james.care\/it\/wp-json\/wp\/v2\/media?parent=56145"}],"wp:term":[{"taxonomy":"product_brand","embeddable":true,"href":"https:\/\/james.care\/it\/wp-json\/wp\/v2\/product_brand?post=56145"},{"taxonomy":"product_cat","embeddable":true,"href":"https:\/\/james.care\/it\/wp-json\/wp\/v2\/product_cat?post=56145"},{"taxonomy":"product_tag","embeddable":true,"href":"https:\/\/james.care\/it\/wp-json\/wp\/v2\/product_tag?post=56145"}],"curies":[{"name":"wp","href":"https:\/\/api.w.org\/{rel}","templated":true}]}}