{"id":61,"date":"2021-04-23T09:00:58","date_gmt":"2021-04-23T09:00:58","guid":{"rendered":"https:\/\/beta.myjames.shop\/?page_id=61"},"modified":"2022-07-14T14:16:52","modified_gmt":"2022-07-14T12:16:52","slug":"der-mobile-hausnotruf-fuer-senioren-2","status":"publish","type":"page","link":"https:\/\/james.care\/it\/der-mobile-hausnotruf-fuer-senioren-2\/","title":{"rendered":"La chiamata di emergenza in casa mobile per gli anziani"},"content":{"rendered":"<h1>\n\t\t\t\t\tLa chiamata di emergenza per le case mobili che salva le vite.<br \/>\n\t\t\t\t<\/h1>\n<h2>\n\t\t\t\t\tL'aiuto \u00e8 solo uno<br \/>\n\t\t\t\t\tPremere il pulsante<br \/>\n\t\t\t\t\trimosso.<br \/>\n\t\t\t\t\t<\/h2>\n<p>\t\t\t\t\t\t\t\t\t\t\t\t<img decoding=\"async\" width=\"800\" height=\"555\" src=\"https:\/\/james.care\/wp-content\/uploads\/2021\/04\/watches-photo-1024x710.png\" alt=\"Die JAMES Notrufuhren B6 und S6. erm\u00f6glichen Sicherheit mit dem mobilen Hausnotruf.\" loading=\"lazy\" srcset=\"https:\/\/james.care\/wp-content\/uploads\/2021\/04\/watches-photo-1024x710.png 1024w, https:\/\/james.care\/wp-content\/uploads\/2021\/04\/watches-photo-300x208.png 300w, https:\/\/james.care\/wp-content\/uploads\/2021\/04\/watches-photo-768x532.png 768w, https:\/\/james.care\/wp-content\/uploads\/2021\/04\/watches-photo-1536x1065.png 1536w, https:\/\/james.care\/wp-content\/uploads\/2021\/04\/watches-photo-600x416.png 600w, https:\/\/james.care\/wp-content\/uploads\/2021\/04\/watches-photo.png 1767w\" sizes=\"auto, (max-width: 800px) 100vw, 800px\" \/>\t\t\t\t\t\t\t\t\t\t\t\t\t\t<\/p>\n<pre>Gli orologi di emergenza JAMES offrono agli anziani, ai loro parenti e a chi li assiste un nuovo senso di sicurezza.\u00a0<\/pre>\n<p>\t\t\t\t\t\t\t\t\t\t\t\t<img decoding=\"async\" src=\"https:\/\/james.care\/wp-content\/uploads\/elementor\/thumbs\/james_logo_brands-1-plwu01dxsklrfxwkv0phonvdbr3794l8ekn44qj47o.png\" title=\"james_logo_brands\" alt=\"james_logo_brands\" \/>\t\t\t\t\t\t\t\t\t\t\t\t\t\t<\/p>\n<h2>...molti altri partner di JAMES, <br \/>oltre a molte organizzazioni sociali e case di cura.<\/h2>\n<p>\t\t\t<a href=\"https:\/\/james.care\/it\/notrufuhr\/\" role=\"button\"><br \/>\n\t\t\t\t\t\tOrdina ora!<br \/>\n\t\t\t\t\t<\/a><br \/>\n\t\t\t<a href=\"https:\/\/james.care\/it\/was-genau-ist-eine-notrufuhr-und-wie-funktioniert-sie\/\" role=\"button\"><br \/>\n\t\t\t\t\t\tUlteriori informazioni<br \/>\n\t\t\t\t\t<\/a><\/p>\n<h2>Scoprire i prodotti<\/h2>\n<h3>SICUREZZA<\/h3>\n<p><b>GIACOMO <\/b>consente di effettuare una chiamata d'emergenza in una casa mobile con la semplice pressione di un pulsante. In caso di emergenza, viene effettuata una chiamata tra voi e i vostri cari: E non solo tra le vostre quattro mura, ma anche quando siete in giro.<\/p>\n<h3>SALUTE<\/h3>\n<p><b>GIACOMO<\/b> promuove il vostro movimento. L'angelo custode digitale veglia sui vostri valori di salute. I parametri vitali vengono registrati digitalmente e, se necessario, possono essere monitorati da un professionista. Inoltre, il contapassi integrato determina i vostri progressi quotidiani.<i>passi<\/i>.\u00a0<\/p>\n<h3>COMUNIT\u00c0<\/h3>\n<p>L'isolamento sociale fa ammalare. <br \/><b>GIACOMO<\/b> non \u00e8 solo un agente di sicurezza e un angelo custode, ma anche un compagno. Grazie alla videotelefonia, facile da usare, gli anziani sono sempre in contatto con la famiglia, gli assistenti e i medici.<\/p>\n<h2>JAMES, la chiamata d'emergenza per le case mobili<\/h2>\n<h3>Sicurezza per gli anziani, le persone bisognose di protezione e le istituzioni sociali<\/h3>\n<p>\t\tIl pluripremiato sistema di chiamata d'emergenza <strong>GIACOMO<\/strong> crea un facile accesso al mondo digitale e sostiene gli anziani affinch\u00e9 possano vivere pi\u00f9 a lungo, ma soprattutto <strong>pi\u00f9 sicuro<\/strong> possono vivere a casa.\t\t<\/p>\n<p>Sicurezza stilistica 24 ore su 24<\/p>\n<p id=\"headline-539-110\">Molti anziani vivono da soli e quindi non solo sono abbandonati a se stessi nella vita quotidiana, ma anche in situazioni di pericolo. I parenti vogliono che i loro cari vivano una vita caratterizzata da SICUREZZA, SALUTE e COMUNIT\u00c0.<\/p>\n<p><i>\"E se mia madre cade e non riesce ad alzarsi?\", \"E la pressione sanguigna di mio nonno?\".<\/i><\/p>\n<h3>La chiamata di emergenza a domicilio di JAMES \u00e8 la soluzione<\/h3>\n<p id=\"headline-544-110\" class=\"translation-block\">Il nostro sistema di chiamata d'emergenza per case mobili \u00e8 composto da diversi componenti perfettamente armonizzati tra loro. Gli orologi per le chiamate di emergenza, facili da usare, e il tablet per anziani costituiscono il fulcro della gamma di prodotti <strong>JAMES<\/strong>.<\/p>\n<p>Come soluzione globale intelligente, il sistema di chiamata d'emergenza crea sicurezza per gli anziani, alleggerisce il carico dei parenti e colma le lacune nell'assistenza.<\/p>\n<p><strong>GIACOMO<\/strong> pu\u00f2 essere personalizzato in base alle esigenze e alle circostanze dei suoi utenti.\u00a0<\/p>\n<h3>Agente per la salute e la sicurezza<\/h3>\n<p id=\"headline-547-110\" class=\"translation-block\">Gli allarmi inviati, le posizioni, i valori di salute, ecc. possono essere visualizzati dai membri della famiglia in qualsiasi momento nella <strong>JAMES APP<\/strong> o nel <strong>portale web<\/strong>. Di conseguenza, <strong>JAMES<\/strong> offre la massima protezione a tutto tondo in stile <strong>007<\/strong>.<\/p>\n<p>Non importa se <strong>adatto alle famiglie<\/strong>, su <strong>Demenza<\/strong> allineato o <strong>24\/7<\/strong> - <strong>GIACOMO<\/strong> accompagna in modo affidabile voi e i vostri cari nella vita. Fedeli al nostro credo:<\/p>\n<h2>Godetevi semplicemente la vita di tutti i giorni. <br \/>JAMES si occupa del resto.<\/h2>\n<p>\t\t\t<a href=\"https:\/\/james.care\/it\/was-genau-ist-eine-notrufuhr-und-wie-funktioniert-sie\/\" role=\"button\"><br \/>\n\t\t\t\t\t\tUlteriori informazioni<br \/>\n\t\t\t\t\t<\/a><br \/>\n\t\t\t\t\t\t\t\t\t\t\t\t<img decoding=\"async\" width=\"1600\" height=\"1067\" src=\"https:\/\/james.care\/wp-content\/uploads\/2021\/04\/shutterstock_635789672.jpg\" alt=\"Gl\u00fcckliche Seniorin (Elfriede) in der Natur, dank Hausnotrufsystem JAMES.\" loading=\"lazy\" srcset=\"https:\/\/james.care\/wp-content\/uploads\/2021\/04\/shutterstock_635789672.jpg 1600w, https:\/\/james.care\/wp-content\/uploads\/2021\/04\/shutterstock_635789672-300x200.jpg 300w, https:\/\/james.care\/wp-content\/uploads\/2021\/04\/shutterstock_635789672-1024x683.jpg 1024w, https:\/\/james.care\/wp-content\/uploads\/2021\/04\/shutterstock_635789672-768x512.jpg 768w, https:\/\/james.care\/wp-content\/uploads\/2021\/04\/shutterstock_635789672-1536x1024.jpg 1536w, https:\/\/james.care\/wp-content\/uploads\/2021\/04\/shutterstock_635789672-600x400.jpg 600w\" sizes=\"auto, (max-width: 1600px) 100vw, 1600px\" \/>\t\t\t\t\t\t\t\t\t\t\t\t\t\t<\/p>\n<h2>Storie di vita<\/h2>\n<h3>Scoprite il nostro servizio di pronto intervento per case mobili in azione!<\/h3>\n<p>La famiglia Kern si gode <b>GIACOMO <\/b>nuova libert\u00e0 e sicurezza 24 ore su 24. I simpatici membri della famiglia condividono le loro esperienze in storie e avventure personali.<\/p>\n<p>\t\t\t<a href=\"https:\/\/james.care\/it\/stories\/\" role=\"button\"><br \/>\n\t\t\t\t\t\tStorie di vita &gt;<br \/>\n\t\t\t\t\t<\/a><\/p>\n<h2>La tecnologia incontra la scienza<\/h2>\n<p>Massima qualit\u00e0 da <strong>ilogs healthcare<\/strong>il leader di mercato austriaco nel settore dei software di assistenza mobile. <strong>GIACOMO<\/strong> \u00e8 stato sviluppato in attenta collaborazione con rinomate universit\u00e0 ed esperti di salute.<\/p>\n<h3>Il risultato:<\/h3>\n<p>Un prodotto salvavita dal funzionamento semplicissimo e dalla tecnologia innovativa. Queste qualit\u00e0 sono apprezzate anche dalle migliaia di clienti soddisfatti in Europa e in Nord America.<\/p>\n<h3>Servizio e qualit\u00e0 di prim'ordine<\/h3>\n<p>Il <strong>Squadra JAMES<\/strong> \u00e8 a vostra disposizione e sar\u00e0 lieto di rispondere a tutte le vostre domande sulla <strong>Prodotti JAMES<\/strong> a.<\/p>\n<p>\t\t\t<a href=\"http:\/\/www.ilogs.care\" target=\"_blank\" role=\"button\" rel=\"noopener\"><br \/>\n\t\t\t\t\t\tUlteriori informazioni su ilogs &gt;<br \/>\n\t\t\t\t\t<\/a><br \/>\n\t\t\t\t\t\t\t\t\t\t\t\t<img decoding=\"async\" width=\"1000\" height=\"667\" src=\"https:\/\/james.care\/wp-content\/uploads\/2021\/04\/job_healthcare_image.png\" alt=\"Bildcollage. Senior bekommt die ilogs healthcare L\u00f6sungen erkl\u00e4rt.\" loading=\"lazy\" srcset=\"https:\/\/james.care\/wp-content\/uploads\/2021\/04\/job_healthcare_image.png 1000w, https:\/\/james.care\/wp-content\/uploads\/2021\/04\/job_healthcare_image-300x200.png 300w, https:\/\/james.care\/wp-content\/uploads\/2021\/04\/job_healthcare_image-768x512.png 768w, https:\/\/james.care\/wp-content\/uploads\/2021\/04\/job_healthcare_image-600x400.png 600w\" sizes=\"auto, (max-width: 1000px) 100vw, 1000px\" \/><br \/>\n\t\t\t\t\t\tGrazie al braccialetto di emergenza JAMES, so sempre come sta mia madre. L'applicazione mi mostra i suoi passi giornalieri. Se a mezzogiorno non noto alcun movimento, posso sempre chiedere se sta bene.<br \/>\n\t\t\t\t\t\t\t\t<cite>Signora GoritschnigFiglia preoccupata<\/cite><br \/>\n\t\t\t\t\t\tDa quando ho con me il JAMES B6 durante le mie passeggiate, mi sento molto pi\u00f9 sicuro. Se cado, non devo pi\u00f9 preoccuparmi di dover aspettare a lungo i soccorsi. Basta premere il pulsante di chiamata d'emergenza e mio figlio viene chiamato. L'orologio \u00e8 anche molto alla moda.<br \/>\n\t\t\t\t\t\t\t\t<cite>Signor AssingerSenior in pensione<\/cite><br \/>\n\t\t\t\t\t\tVivo da sola e soffro di vertigini. Di recente sono svenuto in cucina e ho battuto la testa. Tuttavia, il sensore di caduta del grande orologio JAMES ha reagito immediatamente e ha chiamato automaticamente il mio centro di emergenza dopo poco tempo. Da quando ho acquistato JAMES, mi sento pi\u00f9 sicura che mai in casa mia.<br \/>\n\t\t\t\t\t\t\t\t<cite>Signora FritzSingola anziana<\/cite><br \/>\n\t\t\t\t\t\tMio padre \u00e8 affetto da demenza e vive in una casa di cura. Per la sua sicurezza, indossa l'orologio d'emergenza JAMES S6 con protezione anti-sbandamento. La sua organizzazione di assistenza utilizza anche il tablet JAMES per le videochiamate. Grazie al tablet, posso vederlo in videochiamata senza preoccupazioni, anche durante la pandemia.<br \/>\n\t\t\t\t\t\t\t\t<cite>Signora HuberFiglia di un malato di demenza<\/cite><br \/>\n\t\t\t\t\t\t\t\t\t\t\t\t\t\tPrecedente<br \/>\n\t\t\t\t\t\t\t\t\t\t\t\t\t\tAvanti<\/p>","protected":false},"excerpt":{"rendered":"<p>Der mobile Hausnotruf, der Leben rettet. Hilfe ist nur einen Knopfdruck entfernt. Die JAMES Notrufuhren schenken Senioren, deren Angeh\u00f6rigen und Pflegern neue Sicherheit.\u00a0 ..viele weitere JAMES Partner, sowie viele Sozialverb\u00e4nde und Pflegeheime. Jetzt bestellen ! Mehr Informationen Produkte entdecken SICHERHEIT JAMES erm\u00f6glicht den mobilen Hausnotruf auf Knopfdruck. Im Notfall wird ein Anruf zwischen Ihnen und [&hellip;]<\/p>\n","protected":false},"author":2,"featured_media":0,"parent":0,"menu_order":0,"comment_status":"closed","ping_status":"closed","template":"","meta":{"_acf_changed":false,"_breakdance_hide_in_design_set":false,"_breakdance_tags":"","footnotes":""},"class_list":["post-61","page","type-page","status-publish","hentry"],"acf":[],"_links":{"self":[{"href":"https:\/\/james.care\/it\/wp-json\/wp\/v2\/pages\/61","targetHints":{"allow":["GET"]}}],"collection":[{"href":"https:\/\/james.care\/it\/wp-json\/wp\/v2\/pages"}],"about":[{"href":"https:\/\/james.care\/it\/wp-json\/wp\/v2\/types\/page"}],"author":[{"embeddable":true,"href":"https:\/\/james.care\/it\/wp-json\/wp\/v2\/users\/2"}],"replies":[{"embeddable":true,"href":"https:\/\/james.care\/it\/wp-json\/wp\/v2\/comments?post=61"}],"version-history":[{"count":0,"href":"https:\/\/james.care\/it\/wp-json\/wp\/v2\/pages\/61\/revisions"}],"wp:attachment":[{"href":"https:\/\/james.care\/it\/wp-json\/wp\/v2\/media?parent=61"}],"curies":[{"name":"wp","href":"https:\/\/api.w.org\/{rel}","templated":true}]}}