{"id":3966,"date":"2021-06-10T11:01:53","date_gmt":"2021-06-10T09:01:53","guid":{"rendered":"https:\/\/beta.myjames.shop\/?page_id=3966"},"modified":"2021-06-28T13:56:43","modified_gmt":"2021-06-28T11:56:43","slug":"versand-retouren","status":"publish","type":"page","link":"https:\/\/james.care\/it\/versand-retouren\/","title":{"rendered":"Spedizione e restituzione"},"content":{"rendered":"<h1>Spedizione e restituzione<\/h1>\n<h2>Spedizione<\/h2>\n<ul>\n<li>Attualmente effettuiamo consegne in Austria e Germania. Il <strong>Pacchetti JAMES<\/strong> sar\u00e0 utilizzato con l'opzione <em>Posta austriaca AG<\/em> e <em>Cassette postali ecc.<\/em> consegnato.<\/li>\n<li>Vi preghiamo di darci un po' di tempo per preparare il vostro ordine per la spedizione. Di solito spediamo gli ordini entro 48 ore, ma per alcuni ordini potrebbe essere necessario un po' pi\u00f9 di tempo.<\/li>\n<li>Se il pacco \u00e8 gi\u00e0 stato spedito ma non \u00e8 ancora arrivato, verificate innanzitutto se il pacco \u00e8 stato lasciato nelle vostre vicinanze. In caso contrario e se lo stato di spedizione non \u00e8 cambiato per cinque giorni, vi preghiamo di contattarci. <a href=\"mailto: hilfe@myjames.shop\">Contattateci<\/a> su.<\/li>\n<\/ul>\n<h3>Austria<\/h3>\n<p>Spediremo il pacco entro 3 giorni lavorativi. Dopo la data di spedizione, il vostro ordine arriver\u00e0 entro i successivi 2-5 giorni lavorativi.\u00a0<\/p>\n<p>Costi di spedizione:<strong> \u20ac 4,90<\/strong>.\u00a0<\/p>\n<h3>Germania<\/h3>\n<p>Spediremo il pacco entro 3 giorni lavorativi. Dopo la data di spedizione, il vostro ordine arriver\u00e0 entro i successivi 2-5 giorni lavorativi.\u00a0<\/p>\n<p>Costi di spedizione:<strong> \u20ac 8,-<\/strong>.\u00a0<\/p>\n<h2>Restituzioni<\/h2>\n<p>\u00c8 possibile utilizzare il proprio <strong>Prodotto JAMES<\/strong> all'interno <strong>14 giorni <\/strong>restituircelo inviandolo dal vostro <strong><a href=\"https:\/\/james.care\/it\/widerruf\/\">Diritto di cancellazione<\/a> <\/strong>utilizzarlo. Contattate il nostro <strong><a href=\"mailto: hilfe@myjames.shop\">Assistenza clienti<\/a> <\/strong>oppure inviateci direttamente un modulo di richiesta compilato<a href=\"https:\/\/james.care\/wp-content\/uploads\/2021\/04\/Muster-Widerrufsformular_Shop.pdf\" target=\"_blank\" rel=\"noopener\"> Modulo di cancellazione<\/a>. Riceverete una ricevuta di ritorno con un'etichetta di restituzione.<\/p>\n<p>L'importo dell'acquisto verr\u00e0 accreditato entro 14 giorni dal ricevimento del reso, sempre in base al metodo di pagamento selezionato al momento dell'ordine.\u00a0<\/p>","protected":false},"excerpt":{"rendered":"<p>Versand &amp; Retouren Versand Aktuell liefern wir nach \u00d6sterreich und Deutschland. Die JAMES Pakete werden mit der mit der \u00d6sterreichischen Post AG und Mail Boxes Etc. zugestellt. Bitte geben Sie uns etwas Zeit, Ihre Bestellung f\u00fcr den Versand vorzubereiten. In der Regel versenden wir Bestellungen innerhalb von 48 Stunden, bei einigen Bestellungen kann es jedoch [&hellip;]<\/p>\n","protected":false},"author":2,"featured_media":0,"parent":0,"menu_order":0,"comment_status":"closed","ping_status":"closed","template":"","meta":{"_acf_changed":false,"_breakdance_hide_in_design_set":false,"_breakdance_tags":"","footnotes":""},"class_list":["post-3966","page","type-page","status-publish","hentry"],"acf":[],"_links":{"self":[{"href":"https:\/\/james.care\/it\/wp-json\/wp\/v2\/pages\/3966","targetHints":{"allow":["GET"]}}],"collection":[{"href":"https:\/\/james.care\/it\/wp-json\/wp\/v2\/pages"}],"about":[{"href":"https:\/\/james.care\/it\/wp-json\/wp\/v2\/types\/page"}],"author":[{"embeddable":true,"href":"https:\/\/james.care\/it\/wp-json\/wp\/v2\/users\/2"}],"replies":[{"embeddable":true,"href":"https:\/\/james.care\/it\/wp-json\/wp\/v2\/comments?post=3966"}],"version-history":[{"count":0,"href":"https:\/\/james.care\/it\/wp-json\/wp\/v2\/pages\/3966\/revisions"}],"wp:attachment":[{"href":"https:\/\/james.care\/it\/wp-json\/wp\/v2\/media?parent=3966"}],"curies":[{"name":"wp","href":"https:\/\/api.w.org\/{rel}","templated":true}]}}