{"id":21879,"date":"2022-11-23T08:18:51","date_gmt":"2022-11-23T07:18:51","guid":{"rendered":"https:\/\/myjames.shop\/?page_id=21879"},"modified":"2022-12-29T21:10:43","modified_gmt":"2022-12-29T20:10:43","slug":"ueber_uns","status":"publish","type":"page","link":"https:\/\/james.care\/it\/ueber_uns\/","title":{"rendered":"+Chi siamo"},"content":{"rendered":"<section class=\"bde-section-21879-100 bde-section\">\n  \n  \n\t\n\n\n\n<div class=\"section-container\"><h1 class=\"bde-heading-21879-104 bde-heading\">\nInformazioni sulla sanit\u00e0 ilogs\n<\/h1><div class=\"bde-columns-21879-101 bde-columns\"><div class=\"bde-column-21879-102 bde-column\">\n  \n  \n\t\n\n\n\n<h3 class=\"bde-heading-21879-105 bde-heading\">\nLa nostra missione\n<\/h3><div class=\"bde-rich-text-21879-106 bde-rich-text breakdance-rich-text-styles\">\n<p>Il cambiamento demografico rappresenta una sfida continua per la nostra societ\u00e0. L'attuale struttura sociale (dell'Europa) \u00e8 caratterizzata da un calo delle nascite e dall'invecchiamento dei gruppi di persone. Questo sconvolgimento richiede soluzioni innovative per rendere la vita pi\u00f9 facile e, soprattutto, pi\u00f9 sicura alla popolazione che invecchia sempre di pi\u00f9. Gran parte delle cure e dell'assistenza si svolgono gi\u00e0 a domicilio e questo \u00e8 anche il fulcro del progetto. <strong>GIACOMO<\/strong>.<\/p><p>Con un focus su <strong>SICUREZZA<\/strong>, <strong>SALUTE<\/strong> e <strong>COMUNIT\u00c0<\/strong> offerte <strong>GIACOMO<\/strong> L'azienda offre una gamma di prodotti e servizi per gli anziani e il loro ambiente, adattati alle loro situazioni di vita individuali. I suoi prodotti, perfettamente adattati alle persone anziane, supportano <strong>GIACOMO<\/strong> migliaia di anziani in tutto il mondo. Il sistema di assistenza intelligente \u00e8 suddiviso nell'area sempre pi\u00f9 importante di <strong><em>Vita assistita attiva<\/em><\/strong>, breve <strong>AAL<\/strong>a. I sistemi AAL possono fornire una migliore qualit\u00e0 di vita in et\u00e0 avanzata con l'aiuto di tecnologie e servizi innovativi.<\/p>\n<\/div>\n<\/div><div class=\"bde-column-21879-103 bde-column\">\n  \n  \n\t\n\n\n\n<div class=\"bde-image-21879-107 bde-image\">\n<figure class=\"breakdance-image breakdance-image--18851\">\n\t<div class=\"breakdance-image-container\">\n\t\t<div class=\"breakdance-image-clip\"><img loading=\"lazy\" decoding=\"async\" class=\"breakdance-image-object\" src=\"https:\/\/james.care\/wp-content\/uploads\/2021\/04\/shutterstock_1426500845.jpg\" width=\"800\" height=\"533\" srcset=\"https:\/\/james.care\/wp-content\/uploads\/2021\/04\/shutterstock_1426500845.jpg 800w, https:\/\/james.care\/wp-content\/uploads\/2021\/04\/shutterstock_1426500845-300x200.jpg 300w, https:\/\/james.care\/wp-content\/uploads\/2021\/04\/shutterstock_1426500845-768x512.jpg 768w, https:\/\/james.care\/wp-content\/uploads\/2021\/04\/shutterstock_1426500845-600x400.jpg 600w\" sizes=\"auto, (max-width: 800px) 100vw, 800px\"><\/div>\n\t<\/div><\/figure>\n\n<\/div>\n<\/div><\/div><div class=\"bde-columns-21879-108 bde-columns\"><div class=\"bde-column-21879-112 bde-column\">\n  \n  \n\t\n\n\n\n<div class=\"bde-image-21879-113 bde-image\">\n<figure class=\"breakdance-image breakdance-image--19442\">\n\t<div class=\"breakdance-image-container\">\n\t\t<div class=\"breakdance-image-clip\"><img loading=\"lazy\" decoding=\"async\" class=\"breakdance-image-object\" src=\"https:\/\/james.care\/wp-content\/uploads\/2022\/05\/job_healthcare_image.png\" width=\"1000\" height=\"667\" srcset=\"https:\/\/james.care\/wp-content\/uploads\/2022\/05\/job_healthcare_image.png 1000w, https:\/\/james.care\/wp-content\/uploads\/2022\/05\/job_healthcare_image-300x200.png 300w, https:\/\/james.care\/wp-content\/uploads\/2022\/05\/job_healthcare_image-768x512.png 768w, https:\/\/james.care\/wp-content\/uploads\/2022\/05\/job_healthcare_image-600x400.png 600w\" sizes=\"auto, (max-width: 1000px) 100vw, 1000px\"><\/div>\n\t<\/div><\/figure>\n\n<\/div>\n<\/div><div class=\"bde-column-21879-109 bde-column\">\n  \n  \n\t\n\n\n\n<h3 class=\"bde-heading-21879-110 bde-heading\">\nLa nostra esperienza\n<\/h3><div class=\"bde-rich-text-21879-111 bde-rich-text breakdance-rich-text-styles\">\n<p>L'esperto di IT offre software e servizi di alta qualit\u00e0 che si concentrano sulla digitalizzazione delle cure e dell'assistenza al di fuori dell'ospedale. In qualit\u00e0 di leader di mercato nel settore dei servizi sociali mobili <strong>ilogs healthcare <\/strong>e le strutture di assistenza, nonch\u00e9 le residenze assistite.<\/p><p>L'idea per <strong>JAMES TeleCare<\/strong> ha iniziato nel 2019 con la missione di dare alle persone anziane maggiore autonomia e sicurezza nella loro vita quotidiana. <strong>ilogs healthcare<\/strong> dal 2012 conduce ulteriori ricerche nel campo dell'AAL ed \u00e8 in dialogo attivo con rinomati istituti di ricerca in questo settore. Sostenuto dal <strong>Organizzazione di ricerca austriaca<\/strong> (FFG), sono state sperimentate e introdotte sul mercato nuove tecnologie e servizi nell'ambito di vari progetti di R&amp;S nazionali e internazionali.<\/p><p>Oggi \u00e8 <strong>ilogs <\/strong>opera a livello internazionale e si sta affermando sempre pi\u00f9 come specialista riconosciuto dell'e-health in Europa. L'azienda \u00e8 gestita dal proprietario.<\/p>\n<\/div>\n<\/div><\/div><\/div>\n<\/section><section class=\"bde-section-21879-114 bde-section\">\n  \n  \n\t\n\n\n\n<div class=\"section-container\"><\/div>\n<\/section>","protected":false},"excerpt":{"rendered":"<p>\u00dcber ilogs healthcare Unsere Mission Der demographische Wandel stellt f\u00fcr unsere Gesellschaft eine anhaltende Herausforderung dar. Die gegenw\u00e4rtige Gesellschaftsstruktur (Europas) ist von sinkenden Geburtenraten und alternden Personengruppen gepr\u00e4gt. Dieser Umbruch erfordert innovative L\u00f6sungsans\u00e4tze, um das Leben der zunehmend \u00e4lter werdenden Bev\u00f6lkerungsschicht einfacher, vor allem jedoch sicherer zu gestalten. Ein Gro\u00dfteil der Pflege und Betreuung findet [&hellip;]<\/p>\n","protected":false},"author":1,"featured_media":0,"parent":0,"menu_order":0,"comment_status":"closed","ping_status":"closed","template":"","meta":{"_acf_changed":false,"_breakdance_hide_in_design_set":false,"_breakdance_tags":"","footnotes":""},"class_list":["post-21879","page","type-page","status-publish","hentry"],"acf":[],"_links":{"self":[{"href":"https:\/\/james.care\/it\/wp-json\/wp\/v2\/pages\/21879","targetHints":{"allow":["GET"]}}],"collection":[{"href":"https:\/\/james.care\/it\/wp-json\/wp\/v2\/pages"}],"about":[{"href":"https:\/\/james.care\/it\/wp-json\/wp\/v2\/types\/page"}],"author":[{"embeddable":true,"href":"https:\/\/james.care\/it\/wp-json\/wp\/v2\/users\/1"}],"replies":[{"embeddable":true,"href":"https:\/\/james.care\/it\/wp-json\/wp\/v2\/comments?post=21879"}],"version-history":[{"count":0,"href":"https:\/\/james.care\/it\/wp-json\/wp\/v2\/pages\/21879\/revisions"}],"wp:attachment":[{"href":"https:\/\/james.care\/it\/wp-json\/wp\/v2\/media?parent=21879"}],"curies":[{"name":"wp","href":"https:\/\/api.w.org\/{rel}","templated":true}]}}