{"id":21841,"date":"2022-11-22T14:31:26","date_gmt":"2022-11-22T13:31:26","guid":{"rendered":"https:\/\/myjames.shop\/?page_id=21841"},"modified":"2025-08-12T13:33:42","modified_gmt":"2025-08-12T11:33:42","slug":"widerrufsbelehrung","status":"publish","type":"page","link":"https:\/\/james.care\/it\/widerrufsbelehrung\/","title":{"rendered":"Revoca"},"content":{"rendered":"<section class=\"bde-section-21841-100 bde-section\">\n  \n  \n\t\n\n\n\n<div class=\"section-container\"><h1 class=\"bde-heading-21841-101 bde-heading\">\nRevoca\n<\/h1><div class=\"bde-rich-text-21841-102 bde-rich-text breakdance-rich-text-styles\">\n<h2><strong>Diritto di cancellazione<\/strong><\/h2>\n<p>Avete il diritto di annullare il vostro contratto con noi entro quattordici giorni senza fornire alcuna motivazione.<strong>\u00a0Negozio JAMES<\/strong> per annullare l'ordine. Il termine di cancellazione \u00e8 di quattordici giorni a partire dal giorno in cui voi o un terzo da voi indicato, che non sia il vettore, siete entrati in possesso dell'ultima merce. Per esercitare il vostro diritto di cancellazione, dovete informarci (ilogs healthcare GmbH, Krone Platz 1, A-9020 Klagenfurt a. W.), <strong>e-mail:<\/strong> <a href=\"mailto:support@james.care\" target=\"_blank\" rel=\"noopener noreferrer nofollow\">support@james.care<\/a>, <strong>Tel:<\/strong> +43 463 305 003) per mezzo di una <strong>dichiarazione chiara<\/strong> (ad esempio, una lettera inviata per posta o per e-mail) della vostra decisione di annullare il contratto. \u00c8 possibile utilizzare il modulo di cancellazione allegato, ma non \u00e8 obbligatorio. Se vi avvalete di questa opzione, vi invieremo immediatamente (via e-mail) una conferma di ricezione di tale cancellazione.<\/p>\n<p>Per rispettare il termine di cancellazione, \u00e8 sufficiente che il cliente invii la notifica di esercizio del diritto di cancellazione prima della scadenza del periodo di cancellazione.<\/p>\n<p><strong>Il consumatore non ha diritto di recesso per i contratti che riguardano:<\/strong><br \/>Prodotti fabbricati secondo le specifiche del cliente o chiaramente personalizzati in base alle esigenze personali.<\/p>\n<h2><strong>Conseguenze della cancellazione<\/strong><\/h2>\n<p>Se Lei recede dal presente contratto, Le rimborseremo tutti i pagamenti da Lei ricevuti, compresi i costi di consegna (ad eccezione dei costi supplementari derivanti dalla Sua scelta di un tipo di consegna diverso dal tipo meno costoso di consegna standard da noi offerto), senza indebito ritardo e in ogni caso non oltre 14 giorni dal giorno in cui siamo informati della Sua decisione di recedere dal presente contratto. Per il rimborso utilizzeremo lo stesso mezzo di pagamento utilizzato per la transazione originaria, a meno che non sia stato espressamente concordato diversamente con voi; in nessun caso vi saranno addebitate spese per il rimborso.<\/p>\n<p>Potremmo rifiutarci di rimborsare il cliente fino a quando non avremo ricevuto la merce o fino a quando il cliente non avr\u00e0 fornito la prova di averla restituita, a seconda di quale dei due casi si verifichi per primo.<\/p>\n<p>Dovete restituirci o consegnarci la merce immediatamente e in ogni caso entro e non oltre quattordici giorni dal giorno in cui ci avete informato della cancellazione del presente contratto. Il termine \u00e8 rispettato se la merce viene spedita prima della scadenza del periodo di quattordici giorni. Le spese di restituzione della merce sono a nostro carico. Il cliente \u00e8 tenuto a pagare l'eventuale perdita di valore della merce solo se tale perdita di valore \u00e8 dovuta a una manipolazione della merce non necessaria per verificarne lo stato, le propriet\u00e0 e la funzionalit\u00e0.<\/p>\n<h2><strong>Modulo di cancellazione<\/strong><\/h2>\n<p>Se si desidera recedere dal contratto, si prega di compilare il presente modulo. <a href=\"https:\/\/james.care\/wp-content\/uploads\/2021\/04\/Muster-Widerrufsformular_Shop.pdf\" target=\"_blank\" rel=\"noopener noreferrer nofollow\"><strong>Forma<\/strong><\/a> e rispedircelo.<\/p>\n<\/div><\/div>\n<\/section>","protected":false},"excerpt":{"rendered":"<p>Widerruf Widerrufsrecht Sie haben das Recht, binnen vierzehn Tagen ohne Angabe von Gr\u00fcnden Ihren Vertrag mit\u00a0JAMES Shop zu widerrufen. Die Widerrufsfrist betr\u00e4gt vierzehn Tage ab dem Tag, an dem Sie oder ein von Ihnen benannter Dritter, der nicht der Bef\u00f6rderer ist, die letzte Ware in Besitz genommen haben bzw. hat. Um Ihr Widerrufsrecht auszu\u00fcben, m\u00fcssen [&hellip;]<\/p>\n","protected":false},"author":1,"featured_media":0,"parent":0,"menu_order":0,"comment_status":"closed","ping_status":"closed","template":"","meta":{"_acf_changed":false,"_breakdance_hide_in_design_set":false,"_breakdance_tags":"","footnotes":""},"class_list":["post-21841","page","type-page","status-publish","hentry"],"acf":[],"_links":{"self":[{"href":"https:\/\/james.care\/it\/wp-json\/wp\/v2\/pages\/21841","targetHints":{"allow":["GET"]}}],"collection":[{"href":"https:\/\/james.care\/it\/wp-json\/wp\/v2\/pages"}],"about":[{"href":"https:\/\/james.care\/it\/wp-json\/wp\/v2\/types\/page"}],"author":[{"embeddable":true,"href":"https:\/\/james.care\/it\/wp-json\/wp\/v2\/users\/1"}],"replies":[{"embeddable":true,"href":"https:\/\/james.care\/it\/wp-json\/wp\/v2\/comments?post=21841"}],"version-history":[{"count":0,"href":"https:\/\/james.care\/it\/wp-json\/wp\/v2\/pages\/21841\/revisions"}],"wp:attachment":[{"href":"https:\/\/james.care\/it\/wp-json\/wp\/v2\/media?parent=21841"}],"curies":[{"name":"wp","href":"https:\/\/api.w.org\/{rel}","templated":true}]}}