{"id":21837,"date":"2022-11-22T14:18:59","date_gmt":"2022-11-22T13:18:59","guid":{"rendered":"https:\/\/myjames.shop\/?page_id=21837"},"modified":"2024-06-22T16:03:33","modified_gmt":"2024-06-22T14:03:33","slug":"versandretouren","status":"publish","type":"page","link":"https:\/\/james.care\/it\/versandretouren\/","title":{"rendered":"Spedizione + resi"},"content":{"rendered":"<section class=\"bde-section-21837-100 bde-section\">\n  \n  \n\t\n\n\n\n<div class=\"section-container\"><h1 class=\"bde-heading-21837-101 bde-heading\">\nSpedizione e restituzione\n<\/h1><div class=\"bde-rich-text-21837-102 bde-rich-text breakdance-rich-text-styles\">\n<h2><strong>Spedizione<\/strong><\/h2>\n<ul>\n<li>A partire da 150 euro di valore dell'ordine <strong>spedizione gratuita<\/strong><\/li>\n<li>\n<p class=\"p1\">Tempi di consegna:  Austria: 3-4 giorni lavorativi, Europa*: 4-5 giorni lavorativi<\/p>\n<\/li>\n<li>Tempi di consegna <strong>Spedizione+<\/strong>Austria: 2-3 giorni lavorativi, Europa*: 3-4 giorni lavorativi<\/li>\n<li>\n<p>Se il pacco \u00e8 gi\u00e0 stato spedito ma non \u00e8 ancora arrivato, verificate innanzitutto se il pacco \u00e8 stato lasciato nelle vostre vicinanze. In caso contrario e se lo stato di spedizione non \u00e8 cambiato per cinque giorni, vi preghiamo di contattarci. <a href=\"mailto:%20hilfe@myjames.shop\" target=\"_blank\" rel=\"noopener noreferrer nofollow\">Contattateci<\/a> su.<\/p>\n<\/li>\n<\/ul>\n<p><em>*Spediamo in tutta l'UE, Svizzera, Liechtenstein, Gran Bretagna, Norvegia, Citt\u00e0 del Vaticano, San Marino, Islanda, Monaco e Andorra. Per i territori d'oltremare e le isole esposte come Azzorre, Madeira, Canarie, Guyana francese, Guadalupa, Martinica, Riunione, Saint-Barth\u00e9lemy, Saint-Martin, potrebbero essere applicati tempi di consegna pi\u00f9 lunghi e costi di spedizione aggiuntivi.<\/em><\/p>\n<h2><strong>Restituzioni<\/strong><\/h2>\n<p>Possono essere consegnati entro <strong>30 giorni <\/strong>restituircelo inviandolo dal vostro <a href=\"https:\/\/james.care\/it\/widerrufsbelehrung\/\" target=\"_blank\" rel=\"noopener noreferrer nofollow\"><strong>Diritto di cancellazione<\/strong><\/a> utilizzarlo. Contattate il nostro <a href=\"mailto:support@james.care\" target=\"_blank\" rel=\"noopener noreferrer nofollow\"><strong>Assistenza clienti<\/strong><\/a> oppure inviateci direttamente un modulo di richiesta compilato<a href=\"https:\/\/james.care\/wp-content\/uploads\/2021\/04\/Muster-Widerrufsformular_Shop.pdf\" target=\"_blank\" rel=\"noopener noreferrer nofollow\"> Modulo di cancellazione<\/a>. Riceverete una ricevuta di ritorno con un'etichetta di restituzione.<\/p>\n<p>L'importo dell'acquisto verr\u00e0 accreditato entro 14 giorni dal ricevimento del reso, sempre in base al metodo di pagamento selezionato al momento dell'ordine.\u00a0<\/p>\n<\/div><\/div>\n<\/section>","protected":false},"excerpt":{"rendered":"<p>Versand &#038; Retouren Versand Ab 150 Euro Bestellwert kostenloser Versand Lieferzeiten:\u00a0 \u00d6sterreich: 3-4 Werktage, Europa*: 4-5 Werktage Lieferzeiten Versand+: \u00d6sterreich: 2-3 Werktage, Europa*: 3-4 Werktage Sollte Ihr Paket schon versendet, aber noch nicht bei Ihnen angekommen sein, pr\u00fcfen Sie bitte zun\u00e4chst, ob das Paket in Ihrer Nachbarschaft abgegeben wurde. Sollte dies nicht der Fall sein [&hellip;]<\/p>\n","protected":false},"author":1,"featured_media":0,"parent":0,"menu_order":0,"comment_status":"closed","ping_status":"closed","template":"","meta":{"_acf_changed":false,"_breakdance_hide_in_design_set":false,"_breakdance_tags":"","footnotes":""},"class_list":["post-21837","page","type-page","status-publish","hentry"],"acf":[],"_links":{"self":[{"href":"https:\/\/james.care\/it\/wp-json\/wp\/v2\/pages\/21837","targetHints":{"allow":["GET"]}}],"collection":[{"href":"https:\/\/james.care\/it\/wp-json\/wp\/v2\/pages"}],"about":[{"href":"https:\/\/james.care\/it\/wp-json\/wp\/v2\/types\/page"}],"author":[{"embeddable":true,"href":"https:\/\/james.care\/it\/wp-json\/wp\/v2\/users\/1"}],"replies":[{"embeddable":true,"href":"https:\/\/james.care\/it\/wp-json\/wp\/v2\/comments?post=21837"}],"version-history":[{"count":0,"href":"https:\/\/james.care\/it\/wp-json\/wp\/v2\/pages\/21837\/revisions"}],"wp:attachment":[{"href":"https:\/\/james.care\/it\/wp-json\/wp\/v2\/media?parent=21837"}],"curies":[{"name":"wp","href":"https:\/\/api.w.org\/{rel}","templated":true}]}}