{"id":21427,"date":"2022-11-14T15:52:02","date_gmt":"2022-11-14T14:52:02","guid":{"rendered":"https:\/\/myjames.shop\/?page_id=21427"},"modified":"2024-12-05T12:32:37","modified_gmt":"2024-12-05T11:32:37","slug":"sturz","status":"publish","type":"page","link":"https:\/\/james.care\/it\/sturz\/","title":{"rendered":"+Camera"},"content":{"rendered":"<section class=\"bde-section-21427-100 bde-section\">\n  \n  \n\t\n\n\n\n<div class=\"section-container\"><h1 class=\"bde-heading-21427-101 bde-heading\">\nRilevamento delle cadute\n<\/h1><div class=\"bde-columns-21427-102 bde-columns\"><div class=\"bde-column-21427-103 bde-column\">\n  \n  \n\t\n\n\n\n<div class=\"bde-image-21427-106 bde-image\">\n<figure class=\"breakdance-image breakdance-image--18951\">\n\t<div class=\"breakdance-image-container\">\n\t\t<div class=\"breakdance-image-clip\"><img loading=\"lazy\" decoding=\"async\" class=\"breakdance-image-object\" src=\"https:\/\/james.care\/wp-content\/uploads\/2021\/05\/old_man_fall_stairs.png\" width=\"1600\" height=\"1067\" srcset=\"https:\/\/james.care\/wp-content\/uploads\/2021\/05\/old_man_fall_stairs.png 1600w, https:\/\/james.care\/wp-content\/uploads\/2021\/05\/old_man_fall_stairs-300x200.png 300w, https:\/\/james.care\/wp-content\/uploads\/2021\/05\/old_man_fall_stairs-1024x683.png 1024w, https:\/\/james.care\/wp-content\/uploads\/2021\/05\/old_man_fall_stairs-768x512.png 768w, https:\/\/james.care\/wp-content\/uploads\/2021\/05\/old_man_fall_stairs-1536x1024.png 1536w, https:\/\/james.care\/wp-content\/uploads\/2021\/05\/old_man_fall_stairs-600x400.png 600w\" sizes=\"auto, (max-width: 1600px) 100vw, 1600px\"><\/div>\n\t<\/div><\/figure>\n\n<\/div>\n<\/div><div class=\"bde-column-21427-104 bde-column\">\n  \n  \n\t\n\n\n\n<div class=\"bde-rich-text-21427-105 bde-rich-text breakdance-rich-text-styles\">\n<p>Sul mercato esistono molti orologi che affermano di offrire un rilevamento affidabile delle cadute basato su sensori di movimento. Tuttavia, la realt\u00e0 \u00e8 spesso diversa, poich\u00e9 una caduta \u00e8 molto difficile da rilevare. Ecco alcuni esempi:<\/p>\n<ul>\n<li><strong>Vertigini<\/strong>Il portatore dell'orologio scivola lentamente verso il pavimento e si sostiene parzialmente, ad esempio su una sedia.<\/li>\n<li><strong>Inciampare<\/strong>Una persona inciampa sul bordo del tappeto e cade a terra.<\/li>\n<li><strong>Movimenti involontari<\/strong>Il portatore dell'orologio colpisce il tavolo con la mano.<\/li>\n<\/ul>\n<p>Questi scenari sono difficili da riconoscere chiaramente. Tutti\u00a0<strong>Modelli B e R<\/strong>\u00a0di JAMES sono dotati di un sensore di caduta, che per\u00f2 funziona solo in misura limitata. Pu\u00f2 succedere che il sensore si attivi troppo spesso o che non reagisca se l'impatto \u00e8 troppo basso. \u00c8 possibile attivare o disattivare il sensore di caduta in qualsiasi momento tramite l'app JAMES.<\/p>\n<p>Il\u00a0<strong>Modello S<\/strong>\u00a0di JAMES offre una soluzione alternativa: un sistema incorporato di\u00a0<strong>Sensore di inattivit\u00e0<\/strong>. Segnala un allarme se l'orologio non viene spostato per un certo periodo di tempo (ad esempio 15 minuti - \u00e8 possibile impostare 8 livelli di tempo).<\/p>\n<p>Noi di JAMES lavoriamo costantemente per migliorare il rilevamento delle cadute. Tuttavia, sappiamo per esperienza che il\u00a0<strong>La migliore sicurezza<\/strong>\u00a0\u00e8 stato raggiunto,\u00a0<strong>se l'orologio viene indossato regolarmente<\/strong>. Nella maggior parte delle emergenze, che si tratti di cadute, paura o pericolo, i soccorsi sono a portata di mano!<\/p>\n<\/div>\n<\/div><\/div><\/div>\n<\/section>","protected":false},"excerpt":{"rendered":"<p>Sturzerkennung Es gibt viele Uhren auf dem Markt, die behaupten, eine zuverl\u00e4ssige Sturzerkennung auf Basis von Bewegungssensoren zu bieten. Die Realit\u00e4t ist jedoch oft eine andere, da ein Sturz sehr schwer zu erkennen ist. Hier einige Beispiele: Schwindel: Der Uhrentr\u00e4ger gleitet langsam zu Boden und st\u00fctzt sich teilweise noch ab, z. B. auf einem Stuhl. [&hellip;]<\/p>\n","protected":false},"author":1,"featured_media":0,"parent":0,"menu_order":0,"comment_status":"closed","ping_status":"closed","template":"","meta":{"_acf_changed":false,"_breakdance_hide_in_design_set":false,"_breakdance_tags":"","footnotes":""},"class_list":["post-21427","page","type-page","status-publish","hentry"],"acf":[],"_links":{"self":[{"href":"https:\/\/james.care\/it\/wp-json\/wp\/v2\/pages\/21427","targetHints":{"allow":["GET"]}}],"collection":[{"href":"https:\/\/james.care\/it\/wp-json\/wp\/v2\/pages"}],"about":[{"href":"https:\/\/james.care\/it\/wp-json\/wp\/v2\/types\/page"}],"author":[{"embeddable":true,"href":"https:\/\/james.care\/it\/wp-json\/wp\/v2\/users\/1"}],"replies":[{"embeddable":true,"href":"https:\/\/james.care\/it\/wp-json\/wp\/v2\/comments?post=21427"}],"version-history":[{"count":0,"href":"https:\/\/james.care\/it\/wp-json\/wp\/v2\/pages\/21427\/revisions"}],"wp:attachment":[{"href":"https:\/\/james.care\/it\/wp-json\/wp\/v2\/media?parent=21427"}],"curies":[{"name":"wp","href":"https:\/\/api.w.org\/{rel}","templated":true}]}}