{"id":68668,"date":"2024-09-16T12:45:49","date_gmt":"2024-09-16T10:45:49","guid":{"rendered":"https:\/\/james.care\/?post_type=product&#038;p=68668"},"modified":"2025-02-13T10:38:22","modified_gmt":"2025-02-13T09:38:22","slug":"anhaenger-fuer-notrufuhr-b-und-a-modelle","status":"publish","type":"product","link":"https:\/\/james.care\/fr\/produit\/anhaenger-fuer-notrufuhr-b-und-a-modelle\/","title":{"rendered":"Remorque pour montre d'appel d'urgence mod\u00e8les B et A"},"content":{"rendered":"<p class=\"p1\">Porter la montre d'appel d'urgence comme pendentif. Pendentif noir assorti en nylon tress\u00e9 robuste pour une s\u00e9curit\u00e9 ind\u00e9chirable. Pour les mod\u00e8les A et B. (18 mm)<\/p>","protected":false},"excerpt":{"rendered":"<p>Porter la montre d'appel d'urgence comme pendentif. Pendentif noir assorti en nylon tress\u00e9 robuste pour une s\u00e9curit\u00e9 ind\u00e9chirable. Pour les mod\u00e8les A et B. (18 mm)<\/p>","protected":false},"featured_media":68671,"template":"","meta":{"_acf_changed":false},"product_brand":[],"product_cat":[21],"product_tag":[],"class_list":{"0":"post-68668","1":"product","2":"type-product","3":"status-publish","4":"has-post-thumbnail","6":"product_cat-james-zubehor","7":"product_shipping_class-briefversand","9":"first","10":"instock","11":"taxable","12":"shipping-taxable","13":"purchasable","14":"product-type-simple"},"bundled_by":[],"bundle_stock_status":"instock","bundle_stock_quantity":null,"bundle_virtual":false,"bundle_layout":"","bundle_add_to_cart_form_location":"","bundle_editable_in_cart":false,"bundle_sold_individually_context":"","bundle_item_grouping":"","bundle_min_size":"","bundle_max_size":"","bundle_price":[],"bundled_items":[],"bundle_sell_ids":[],"exclude_global_add_ons":[],"addons":[],"acf":[],"_links":{"self":[{"href":"https:\/\/james.care\/fr\/wp-json\/wp\/v2\/product\/68668","targetHints":{"allow":["GET"]}}],"collection":[{"href":"https:\/\/james.care\/fr\/wp-json\/wp\/v2\/product"}],"about":[{"href":"https:\/\/james.care\/fr\/wp-json\/wp\/v2\/types\/product"}],"wp:featuredmedia":[{"embeddable":true,"href":"https:\/\/james.care\/fr\/wp-json\/wp\/v2\/media\/68671"}],"wp:attachment":[{"href":"https:\/\/james.care\/fr\/wp-json\/wp\/v2\/media?parent=68668"}],"wp:term":[{"taxonomy":"product_brand","embeddable":true,"href":"https:\/\/james.care\/fr\/wp-json\/wp\/v2\/product_brand?post=68668"},{"taxonomy":"product_cat","embeddable":true,"href":"https:\/\/james.care\/fr\/wp-json\/wp\/v2\/product_cat?post=68668"},{"taxonomy":"product_tag","embeddable":true,"href":"https:\/\/james.care\/fr\/wp-json\/wp\/v2\/product_tag?post=68668"}],"curies":[{"name":"wp","href":"https:\/\/api.w.org\/{rel}","templated":true}]}}