{"id":64941,"date":"2024-08-23T11:38:10","date_gmt":"2024-08-23T09:38:10","guid":{"rendered":"https:\/\/james.care\/?post_type=product&#038;p=64941"},"modified":"2025-06-02T13:21:58","modified_gmt":"2025-06-02T11:21:58","slug":"ladestation-fuer-james-notrufuhr-galaxy-samsung","status":"publish","type":"product","link":"https:\/\/james.care\/fr\/produit\/ladestation-fuer-james-notrufuhr-galaxy-samsung\/","title":{"rendered":"Station de charge pour montre d'appel d'urgence JAMES s\u00e9rie G (Samsung)"},"content":{"rendered":"<p>Die Ladestation aus Gummi f\u00fcr die JAMES Notrufuhr Galaxy (Samsung).<\/p>\n<p class=\"p1\">\u231a <b>[Rutschfest]<\/b> Die rutschfeste Unterseite des Standfu\u00dfes h\u00e4lt deine Uhr sicher und verhindert ein Verrutschen.<\/p>\n<p class=\"p1\">\u231a <b>[Kabelmanagement]<\/b> Speziell als Nachttisch- oder Schreibtisch-Ladestation konzipiert, sorgt die Unterseite des Standfu\u00dfes daf\u00fcr, dass Kabel ordentlich auf deinem Schreibtisch oder Nachttisch verstaut werden, um Ordnung und Sauberkeit zu gew\u00e4hrleisten.<\/p>\n<p class=\"p1\">\u231a <b>[Einfacheres Leben]<\/b> Hergestellt aus strapazierf\u00e4higem TPU-Material, das robust und leicht ist, ist es sehr praktisch, deine Uhr zu Hause oder im B\u00fcro zu laden.<\/p>\n<p class=\"p1\">\u231a <b>[Hinweis]<\/b> Lieferumfang: 1 Ladest\u00e4nder, keine Uhr oder Ladekabel enthalten.<\/p>\n","protected":false},"excerpt":{"rendered":"<p>La station de charge en caoutchouc pour la montre d'appel d'urgence JAMES Galaxy (Samsung).<\/p>","protected":false},"featured_media":64942,"template":"","meta":{"_acf_changed":false},"product_brand":[],"product_cat":[21],"product_tag":[],"class_list":{"0":"post-64941","1":"product","2":"type-product","3":"status-publish","4":"has-post-thumbnail","6":"product_cat-james-zubehor","7":"product_shipping_class-versicherter-versand","9":"first","10":"instock","11":"taxable","12":"shipping-taxable","13":"purchasable","14":"product-type-variable"},"bundled_by":[],"bundle_stock_status":"instock","bundle_stock_quantity":null,"bundle_virtual":false,"bundle_layout":"","bundle_add_to_cart_form_location":"","bundle_editable_in_cart":false,"bundle_sold_individually_context":"","bundle_item_grouping":"","bundle_min_size":"","bundle_max_size":"","bundle_price":[],"bundled_items":[],"bundle_sell_ids":[],"exclude_global_add_ons":[],"addons":[],"acf":[],"_links":{"self":[{"href":"https:\/\/james.care\/fr\/wp-json\/wp\/v2\/product\/64941","targetHints":{"allow":["GET"]}}],"collection":[{"href":"https:\/\/james.care\/fr\/wp-json\/wp\/v2\/product"}],"about":[{"href":"https:\/\/james.care\/fr\/wp-json\/wp\/v2\/types\/product"}],"wp:featuredmedia":[{"embeddable":true,"href":"https:\/\/james.care\/fr\/wp-json\/wp\/v2\/media\/64942"}],"wp:attachment":[{"href":"https:\/\/james.care\/fr\/wp-json\/wp\/v2\/media?parent=64941"}],"wp:term":[{"taxonomy":"product_brand","embeddable":true,"href":"https:\/\/james.care\/fr\/wp-json\/wp\/v2\/product_brand?post=64941"},{"taxonomy":"product_cat","embeddable":true,"href":"https:\/\/james.care\/fr\/wp-json\/wp\/v2\/product_cat?post=64941"},{"taxonomy":"product_tag","embeddable":true,"href":"https:\/\/james.care\/fr\/wp-json\/wp\/v2\/product_tag?post=64941"}],"curies":[{"name":"wp","href":"https:\/\/api.w.org\/{rel}","templated":true}]}}