{"id":628,"date":"2021-04-27T09:20:10","date_gmt":"2021-04-27T09:20:10","guid":{"rendered":"https:\/\/beta.myjames.shop\/?post_type=product&#038;p=628"},"modified":"2025-04-29T08:37:30","modified_gmt":"2025-04-29T06:37:30","slug":"james-tarif-spaeter-kaufen","status":"publish","type":"product","link":"https:\/\/james.care\/fr\/produit\/james-tarif-spaeter-kaufen\/","title":{"rendered":"Activer le tarif JAMES plus tard"},"content":{"rendered":"<ul>\n<li>Activez simplement votre tarif d'appel d'urgence ult\u00e9rieurement avec un bon. Votre forfait d'urgence reste inactif jusqu'\u00e0 ce moment-l\u00e0.<\/li>\n<li>Dans l'\u00e9tape suivante, s\u00e9lectionnez votre <strong>Bon d'achat JAMES<\/strong> que vous pouvez utiliser \u00e0 tout moment dans la boutique.<\/li>\n<\/ul>","protected":false},"excerpt":{"rendered":"<p>Vous n'avez pas encore pris votre d\u00e9cision ? Pas de probl\u00e8me, <strong>JAMES<\/strong> est flexible. R\u00e9solvez votre <strong>ABONNEMENT JAMES <\/strong>simplement \u00e0 une date ult\u00e9rieure. Votre <strong>Produit JAMES<\/strong> reste inactif jusque-l\u00e0.<\/p>","protected":false},"featured_media":843,"template":"","meta":{"_acf_changed":false},"product_brand":[],"product_cat":[57],"product_tag":[],"class_list":{"0":"post-628","1":"product","2":"type-product","3":"status-publish","4":"has-post-thumbnail","6":"product_cat-unkategorisiert","8":"first","9":"instock","10":"virtual","11":"sold-individually","12":"taxable","13":"purchasable","14":"product-type-simple"},"bundled_by":[],"bundle_stock_status":"instock","bundle_stock_quantity":null,"bundle_virtual":false,"bundle_layout":"","bundle_add_to_cart_form_location":"","bundle_editable_in_cart":false,"bundle_sold_individually_context":"","bundle_item_grouping":"","bundle_min_size":"","bundle_max_size":"","bundle_price":[],"bundled_items":[],"bundle_sell_ids":[],"exclude_global_add_ons":[],"addons":[],"acf":[],"_links":{"self":[{"href":"https:\/\/james.care\/fr\/wp-json\/wp\/v2\/product\/628","targetHints":{"allow":["GET"]}}],"collection":[{"href":"https:\/\/james.care\/fr\/wp-json\/wp\/v2\/product"}],"about":[{"href":"https:\/\/james.care\/fr\/wp-json\/wp\/v2\/types\/product"}],"wp:featuredmedia":[{"embeddable":true,"href":"https:\/\/james.care\/fr\/wp-json\/wp\/v2\/media\/843"}],"wp:attachment":[{"href":"https:\/\/james.care\/fr\/wp-json\/wp\/v2\/media?parent=628"}],"wp:term":[{"taxonomy":"product_brand","embeddable":true,"href":"https:\/\/james.care\/fr\/wp-json\/wp\/v2\/product_brand?post=628"},{"taxonomy":"product_cat","embeddable":true,"href":"https:\/\/james.care\/fr\/wp-json\/wp\/v2\/product_cat?post=628"},{"taxonomy":"product_tag","embeddable":true,"href":"https:\/\/james.care\/fr\/wp-json\/wp\/v2\/product_tag?post=628"}],"curies":[{"name":"wp","href":"https:\/\/api.w.org\/{rel}","templated":true}]}}