{"id":38493,"date":"2024-01-08T11:36:11","date_gmt":"2024-01-08T10:36:11","guid":{"rendered":"https:\/\/james.care\/?post_type=product&#038;p=38493"},"modified":"2024-10-03T21:49:37","modified_gmt":"2024-10-03T19:49:37","slug":"james-notrufzentrale-deutschland","status":"publish","type":"product","link":"https:\/\/james.care\/fr\/produit\/james-notrufzentrale-deutschland\/","title":{"rendered":"Centre d'appels d'urgence JAMES Allemagne"},"content":{"rendered":"<h2>JAMES est toujours disponible pour vous.<\/h2>\n<p>Avec la<strong> Centre d'appels d'urgence JAMES<\/strong> votre quotidien sera d\u00e9sormais encore plus s\u00fbr. Tout le monde conna\u00eet la peur de ne pas pouvoir joindre ses proches en cas d'urgence. <strong>JAMES<\/strong> est toujours l\u00e0 pour vous aider, 24 heures sur 24.<\/p>\n<p><img loading=\"lazy\" decoding=\"async\" src=\"https:\/\/james.care\/wp-content\/uploads\/2021\/05\/old_man_fall_stairs-1024x683.png\" sizes=\"auto, (max-width: 800px) 100vw, 800px\" srcset=\"https:\/\/james.care\/wp-content\/uploads\/2021\/05\/old_man_fall_stairs-1024x683.png 1024w, https:\/\/james.care\/wp-content\/uploads\/2021\/05\/old_man_fall_stairs-300x200.png 300w, https:\/\/james.care\/wp-content\/uploads\/2021\/05\/old_man_fall_stairs-768x512.png 768w, https:\/\/james.care\/wp-content\/uploads\/2021\/05\/old_man_fall_stairs-1536x1024.png 1536w, https:\/\/james.care\/wp-content\/uploads\/2021\/05\/old_man_fall_stairs-600x400.png 600w, https:\/\/james.care\/wp-content\/uploads\/2021\/05\/old_man_fall_stairs.png 1600w\" alt=\"Gest\u00fcrzter Senior bei Treppe.\" width=\"800\" height=\"534\" \/><br \/>\n<img loading=\"lazy\" decoding=\"async\" src=\"https:\/\/james.care\/wp-content\/uploads\/2021\/04\/shutterstock_1575589243.jpg\" sizes=\"auto, (max-width: 800px) 100vw, 800px\" srcset=\"https:\/\/james.care\/wp-content\/uploads\/2021\/04\/shutterstock_1575589243.jpg 800w, https:\/\/james.care\/wp-content\/uploads\/2021\/04\/shutterstock_1575589243-300x200.jpg 300w, https:\/\/james.care\/wp-content\/uploads\/2021\/04\/shutterstock_1575589243-768x512.jpg 768w, https:\/\/james.care\/wp-content\/uploads\/2021\/04\/shutterstock_1575589243-600x400.jpg 600w\" alt=\"Callcenter-Mitarbeiterin macht Support.\" width=\"800\" height=\"533\" \/><\/p>\n<h2>Simple, rapide &amp; s\u00fbr.<\/h2>\n<p>Connectez votre <strong>JAMES<\/strong> simplement avec notre fiable <strong>Centrale d'appel d'urgence 24h\/24 et 7j\/7<\/strong>. Le pr\u00e9cieux tarif suppl\u00e9mentaire comprend l'\u00e9tablissement rapide d'un contact avec un centre d'appels professionnel. Les collaborateurs sympathiques clarifient avec vous la situation d'alarme et prennent, si n\u00e9cessaire, d'autres mesures (par exemple, la communication avec les v\u00e9hicules d'intervention, les proches, etc.<\/p>","protected":false},"excerpt":{"rendered":"<div id=\"productshortinfo\" class=\"oxy-product-excerpt oxy-woo-element\">\n<div class=\"woocommerce-product-details__short-description\">\n<p>Le produit qui sauve la vie <b>Tarif compl\u00e9mentaire <\/b>garantit une prise en charge fiable de tous vos appels d'urgence ainsi qu'une mise en contact rapide avec des personnes de confiance et des v\u00e9hicules d'intervention.<\/p>\n<\/div>\n<\/div>","protected":false},"featured_media":32102,"template":"","meta":{"_acf_changed":false},"product_brand":[],"product_cat":[22],"product_tag":[116],"class_list":{"0":"post-38493","1":"product","2":"type-product","3":"status-publish","4":"has-post-thumbnail","6":"product_cat-james-zusatztarife","7":"product_tag-notrufzentrale","9":"first","10":"instock","11":"taxable","12":"shipping-taxable","13":"purchasable","14":"product-type-variable-subscription","15":"has-default-attributes"},"bundled_by":[],"bundle_stock_status":"instock","bundle_stock_quantity":null,"bundle_virtual":false,"bundle_layout":"","bundle_add_to_cart_form_location":"","bundle_editable_in_cart":false,"bundle_sold_individually_context":"","bundle_item_grouping":"","bundle_min_size":"","bundle_max_size":"","bundle_price":[],"bundled_items":[],"bundle_sell_ids":[],"exclude_global_add_ons":false,"addons":[{"name":"Informations pour les b\u00e9n\u00e9voles","type":"heading","position":0,"required":false,"title_format":"label","default":"","description_enable":false,"description":"","placeholder_enable":false,"placeholder":"","display":"select","restrictions_type":"any_text","adjust_price":false,"price":"","price_type":"","restrictions":false,"min":"0","max":"0","options":[]},{"name":"Informations pour les b\u00e9n\u00e9voles","type":"custom_textarea","position":0,"required":false,"title_format":"hide","default":"","description_enable":false,"description":"","placeholder_enable":false,"placeholder":"","display":"select","restrictions_type":"","adjust_price":false,"price":"","price_type":"quantity_based","restrictions":false,"min":"","max":"","options":[]},{"name":"Informations g\u00e9n\u00e9rales pour le centre d'appels d'urgence","type":"heading","position":0,"required":false,"title_format":"label","default":"","description_enable":true,"description":"par exemple : O\u00f9 se trouve la cl\u00e9 de secours ? Qui doit \u00eatre pr\u00e9venu en cas d'urgence ? Les animaux domestiques ?","placeholder_enable":false,"placeholder":"","display":"select","restrictions_type":"any_text","adjust_price":false,"price":"","price_type":"","restrictions":false,"min":"0","max":"0","options":[]},{"name":"Informations g\u00e9n\u00e9rales pour le centre d'appels d'urgence","type":"custom_textarea","position":0,"required":false,"title_format":"hide","default":"","description_enable":false,"description":"","placeholder_enable":false,"placeholder":"","display":"select","restrictions_type":"","adjust_price":false,"price":"","price_type":"quantity_based","restrictions":false,"min":"","max":"","options":[]},{"name":"Num\u00e9ro IMEI","type":"custom_text","position":0,"required":false,"title_format":"heading","default":"","description_enable":true,"description":"N\u00e9cessaire pour l'activation des produits JAMES","placeholder_enable":false,"placeholder":"","display":"select","restrictions_type":"only_numbers","adjust_price":false,"price":"","price_type":"flat_fee","restrictions":true,"min":"15","max":"15","options":[],"id":1704201544}],"acf":[],"_links":{"self":[{"href":"https:\/\/james.care\/fr\/wp-json\/wp\/v2\/product\/38493","targetHints":{"allow":["GET"]}}],"collection":[{"href":"https:\/\/james.care\/fr\/wp-json\/wp\/v2\/product"}],"about":[{"href":"https:\/\/james.care\/fr\/wp-json\/wp\/v2\/types\/product"}],"wp:featuredmedia":[{"embeddable":true,"href":"https:\/\/james.care\/fr\/wp-json\/wp\/v2\/media\/32102"}],"wp:attachment":[{"href":"https:\/\/james.care\/fr\/wp-json\/wp\/v2\/media?parent=38493"}],"wp:term":[{"taxonomy":"product_brand","embeddable":true,"href":"https:\/\/james.care\/fr\/wp-json\/wp\/v2\/product_brand?post=38493"},{"taxonomy":"product_cat","embeddable":true,"href":"https:\/\/james.care\/fr\/wp-json\/wp\/v2\/product_cat?post=38493"},{"taxonomy":"product_tag","embeddable":true,"href":"https:\/\/james.care\/fr\/wp-json\/wp\/v2\/product_tag?post=38493"}],"curies":[{"name":"wp","href":"https:\/\/api.w.org\/{rel}","templated":true}]}}