{"id":33,"date":"2021-04-22T11:11:26","date_gmt":"2021-04-22T11:11:26","guid":{"rendered":"https:\/\/beta.myjames.shop\/?post_type=product&#038;p=33"},"modified":"2025-07-08T11:19:07","modified_gmt":"2025-07-08T09:19:07","slug":"jamestarif","status":"publish","type":"product","link":"https:\/\/james.care\/fr\/produit\/jamestarif\/","title":{"rendered":"Tarif JAMES"},"content":{"rendered":"<ul>\n<li>Alerte avec liaison t\u00e9l\u00e9phonique<\/li>\n<li>Carte SIM d'itin\u00e9rance<\/li>\n<li>Localisation pr\u00e9cise en cas d'alarme (GPS)<\/li>\n<li>Messages textuels et vocaux<\/li>\n<li>L'horloge peut \u00eatre appel\u00e9e \u00e0 tout moment<\/li>\n<li>JAMES App &amp; Portail (<em>iOS<\/em>,<em> Android<\/em>)<\/li>\n<li>Sans engagement (r\u00e9siliation mensuelle possible)<\/li>\n<\/ul>","protected":false},"excerpt":{"rendered":"<p>Le tarif JAMES est la prestation de service compl\u00e8te de JAMES. La carte SIM d'itin\u00e9rance relie toujours la montre au r\u00e9seau le plus puissant et assure un approvisionnement sans faille. Le tarif comprend \u00e9galement la maintenance et la disponibilit\u00e9 du logiciel JAMES sur la montre, dans l'infrastructure (serveur) et les terminaux pour les aidants (application, portail web). L'ange gardien \u00e0 prix avantageux <strong>y compris carte SIM avec roaming dans toute l'Europe<\/strong><br \/>\nR\u00e9siliable \u00e0 tout moment - pas d'engagement !<\/p>","protected":false},"featured_media":18217,"template":"","meta":{"_acf_changed":false},"product_brand":[],"product_cat":[25],"product_tag":[],"class_list":{"0":"post-33","1":"product","2":"type-product","3":"status-publish","4":"has-post-thumbnail","6":"product_cat-james-notruftarif","8":"first","9":"instock","10":"sold-individually","11":"taxable","12":"shipping-taxable","13":"purchasable","14":"product-type-variable-subscription","15":"has-default-attributes"},"bundled_by":["34064"],"bundle_stock_status":"instock","bundle_stock_quantity":null,"bundle_virtual":false,"bundle_layout":"","bundle_add_to_cart_form_location":"","bundle_editable_in_cart":false,"bundle_sold_individually_context":"","bundle_item_grouping":"","bundle_min_size":"","bundle_max_size":"","bundle_price":[],"bundled_items":[],"bundle_sell_ids":[],"exclude_global_add_ons":false,"addons":[{"name":"Informations pour les b\u00e9n\u00e9voles","type":"heading","position":0,"required":false,"title_format":"label","default":"","description_enable":false,"description":"","placeholder_enable":false,"placeholder":"","display":"select","restrictions_type":"any_text","adjust_price":false,"price":"","price_type":"","restrictions":false,"min":"0","max":"0","options":[]},{"name":"Informations pour les b\u00e9n\u00e9voles","type":"custom_textarea","position":0,"required":false,"title_format":"hide","default":"","description_enable":false,"description":"","placeholder_enable":false,"placeholder":"","display":"select","restrictions_type":"","adjust_price":false,"price":"","price_type":"quantity_based","restrictions":false,"min":"","max":"","options":[]},{"name":"Informations g\u00e9n\u00e9rales pour le centre d'appels d'urgence","type":"heading","position":0,"required":false,"title_format":"label","default":"","description_enable":true,"description":"par exemple : O\u00f9 se trouve la cl\u00e9 de secours ? Qui doit \u00eatre pr\u00e9venu en cas d'urgence ? Les animaux domestiques ?","placeholder_enable":false,"placeholder":"","display":"select","restrictions_type":"any_text","adjust_price":false,"price":"","price_type":"","restrictions":false,"min":"0","max":"0","options":[]},{"name":"Informations g\u00e9n\u00e9rales pour le centre d'appels d'urgence","type":"custom_textarea","position":0,"required":false,"title_format":"hide","default":"","description_enable":false,"description":"","placeholder_enable":false,"placeholder":"","display":"select","restrictions_type":"","adjust_price":false,"price":"","price_type":"quantity_based","restrictions":false,"min":"","max":"","options":[]},{"name":"Num\u00e9ro IMEI","type":"custom_text","position":0,"required":false,"title_format":"heading","default":"","description_enable":true,"description":"N\u00e9cessaire pour l'activation des produits JAMES","placeholder_enable":false,"placeholder":"","display":"select","restrictions_type":"only_numbers","adjust_price":false,"price":"","price_type":"flat_fee","restrictions":true,"min":"15","max":"15","options":[],"id":1704201544}],"acf":[],"_links":{"self":[{"href":"https:\/\/james.care\/fr\/wp-json\/wp\/v2\/product\/33","targetHints":{"allow":["GET"]}}],"collection":[{"href":"https:\/\/james.care\/fr\/wp-json\/wp\/v2\/product"}],"about":[{"href":"https:\/\/james.care\/fr\/wp-json\/wp\/v2\/types\/product"}],"wp:featuredmedia":[{"embeddable":true,"href":"https:\/\/james.care\/fr\/wp-json\/wp\/v2\/media\/18217"}],"wp:attachment":[{"href":"https:\/\/james.care\/fr\/wp-json\/wp\/v2\/media?parent=33"}],"wp:term":[{"taxonomy":"product_brand","embeddable":true,"href":"https:\/\/james.care\/fr\/wp-json\/wp\/v2\/product_brand?post=33"},{"taxonomy":"product_cat","embeddable":true,"href":"https:\/\/james.care\/fr\/wp-json\/wp\/v2\/product_cat?post=33"},{"taxonomy":"product_tag","embeddable":true,"href":"https:\/\/james.care\/fr\/wp-json\/wp\/v2\/product_tag?post=33"}],"curies":[{"name":"wp","href":"https:\/\/api.w.org\/{rel}","templated":true}]}}