{"id":32125,"date":"2023-09-27T10:58:14","date_gmt":"2023-09-27T08:58:14","guid":{"rendered":"https:\/\/myjames.shop\/?post_type=product&#038;p=32125"},"modified":"2025-07-11T11:01:01","modified_gmt":"2025-07-11T09:01:01","slug":"james-notrufuhr-b8","status":"publish","type":"product","link":"https:\/\/james.care\/fr\/produit\/james-notrufuhr-b8\/","title":{"rendered":"JAMES montre d'appel d'urgence B8"},"content":{"rendered":"<p>Donnez du style et de la s\u00e9curit\u00e9 \u00e0 votre quotidien avec l'\u00e9l\u00e9gante montre d'appel d'urgence B8 - le compagnon parfait pour les personnes sportives et soucieuses de leur style. Cette smartwatch combine une montre-bracelet compl\u00e8te avec un bouton d'alarme discret qui offre la fonctionnalit\u00e9 discr\u00e8te d'un syst\u00e8me d'appel d'urgence sans \u00eatre envahissant. La montre d'appel d'urgence B8 enthousiasme non seulement par son podom\u00e8tre int\u00e9gr\u00e9, mais aussi par toute une s\u00e9rie de fonctions de sant\u00e9 comme le pouls, la pression art\u00e9rielle, la temp\u00e9rature et la saturation en oxyg\u00e8ne du sang. D\u00e9couvrez notre best-seller et faites l'exp\u00e9rience d'une technologie innovante dans un design \u00e9l\u00e9gant.<\/p>\n<ul>\n<li class=\"p1\"><span class=\"s1\">Alerte avec appel vocal<\/span><\/li>\n<li class=\"p1\"><span class=\"s1\">T\u00e9l\u00e9phonie, SIM d'itin\u00e9rance incluse<\/span><\/li>\n<li class=\"p1\"><span class=\"s1\">D\u00e9termination de la position en cas d'urgence<\/span><\/li>\n<li class=\"p1\"><span class=\"s1\">Podom\u00e8tre<\/span><\/li>\n<li class=\"p1\"><span class=\"s1\">Fonctions de sant\u00e9<\/span><\/li>\n<li class=\"p1\"><span class=\"s1\">Rappels &amp; messages vocaux<\/span><\/li>\n<li>Technologie 4G<\/li>\n<li class=\"p1\"><span class=\"s1\">APP pour les proches<\/span><\/li>\n<li><span class=\"s1\">Fonction de d\u00e9mence <i>(en option)<\/i><\/span><\/li>\n<li><span class=\"s1\">Centrale d'appel 24h\/24 et 7j\/7 <i>(en option)<\/i><\/span><\/li>\n<\/ul>","protected":false},"excerpt":{"rendered":"<p class=\"p1\"><strong>Un appareil polyvalent tr\u00e8s appr\u00e9ci\u00e9 - une grande autonomie de batterie<\/strong><\/p>\n<ul>\n<li>montre d'appel d'urgence mince<\/li>\n<li>affichage num\u00e9rique de l'horloge<\/li>\n<li>menu simple<\/li>\n<li>avec fonction t\u00e9l\u00e9phone \/ mains libres<\/li>\n<li>d\u00e9tection automatique des chutes<\/li>\n<li>Podom\u00e8tre<\/li>\n<li>Mesurer les signes vitaux<\/li>\n<li>Localisation GPS en cas d'urgence<\/li>\n<\/ul>","protected":false},"featured_media":40075,"template":"","meta":{"_acf_changed":false},"product_brand":[],"product_cat":[19],"product_tag":[180],"class_list":{"0":"post-32125","1":"product","2":"type-product","3":"status-publish","4":"has-post-thumbnail","6":"product_cat-james-notrufuhr","7":"product_tag-notrufuhr","8":"product_shipping_class-versicherter-versand","10":"first","11":"instock","12":"sold-individually","13":"taxable","14":"shipping-taxable","15":"purchasable","16":"product-type-variable"},"bundled_by":[],"bundle_stock_status":"instock","bundle_stock_quantity":null,"bundle_virtual":false,"bundle_layout":"","bundle_add_to_cart_form_location":"","bundle_editable_in_cart":false,"bundle_sold_individually_context":"","bundle_item_grouping":"","bundle_min_size":"","bundle_max_size":"","bundle_price":[],"bundled_items":[],"bundle_sell_ids":[],"exclude_global_add_ons":[],"addons":[],"acf":[],"_links":{"self":[{"href":"https:\/\/james.care\/fr\/wp-json\/wp\/v2\/product\/32125","targetHints":{"allow":["GET"]}}],"collection":[{"href":"https:\/\/james.care\/fr\/wp-json\/wp\/v2\/product"}],"about":[{"href":"https:\/\/james.care\/fr\/wp-json\/wp\/v2\/types\/product"}],"wp:featuredmedia":[{"embeddable":true,"href":"https:\/\/james.care\/fr\/wp-json\/wp\/v2\/media\/40075"}],"wp:attachment":[{"href":"https:\/\/james.care\/fr\/wp-json\/wp\/v2\/media?parent=32125"}],"wp:term":[{"taxonomy":"product_brand","embeddable":true,"href":"https:\/\/james.care\/fr\/wp-json\/wp\/v2\/product_brand?post=32125"},{"taxonomy":"product_cat","embeddable":true,"href":"https:\/\/james.care\/fr\/wp-json\/wp\/v2\/product_cat?post=32125"},{"taxonomy":"product_tag","embeddable":true,"href":"https:\/\/james.care\/fr\/wp-json\/wp\/v2\/product_tag?post=32125"}],"curies":[{"name":"wp","href":"https:\/\/api.w.org\/{rel}","templated":true}]}}