{"id":31322,"date":"2023-09-08T09:23:18","date_gmt":"2023-09-08T07:23:18","guid":{"rendered":"https:\/\/myjames.shop\/?post_type=product&#038;p=31322"},"modified":"2025-11-18T08:43:32","modified_gmt":"2025-11-18T07:43:32","slug":"stylisches-stretch-armband-fuer-notrufuhr-modell-r-r8","status":"publish","type":"product","link":"https:\/\/james.care\/fr\/produit\/stylisches-stretch-armband-fuer-notrufuhr-modell-r-r8\/","title":{"rendered":"Bracelet extensible styl\u00e9 pour montre d'appel d'urgence Model R (R8)"},"content":{"rendered":"<p>mat\u00e9riel :<\/p>\n<ul>\n<li>Nylon \u00e9lastique de haute qualit\u00e9<\/li>\n<li>R\u00e9sistant aux rayures et durable<\/li>\n<li>Sp\u00e9cialement con\u00e7u pour la montre d'appel d'urgence JAMES mod\u00e8le R (R8)<\/li>\n<\/ul>\n<p>Caract\u00e9ristiques :<\/p>\n<ul>\n<li>Excellent confort de port<\/li>\n<li>Ne se d\u00e9forme pas<\/li>\n<li>Mat\u00e9riaux d'assemblage d\u00e9passant les normes industrielles<\/li>\n<\/ul>\n<p>attitude :<\/p>\n<ul>\n<li>Fermeture r\u00e9glable en acier inoxydable<\/li>\n<li>Ajustement simple et rapide de la longueur<\/li>\n<\/ul>\n<p>Sp\u00e9cifications :<\/p>\n<ul>\n<li>largeur : 20 mm<\/li>\n<li>Compatible avec la montre d'appel d'urgence JAMES R8<\/li>\n<\/ul>","protected":false},"excerpt":{"rendered":"<p>largeur : 20 mm<\/p>\n<p>Compatible avec les montres d'appel d'urgence JAMES R8<\/p>","protected":false},"featured_media":38828,"template":"","meta":{"_acf_changed":false},"product_brand":[],"product_cat":[196,21],"product_tag":[],"class_list":{"0":"post-31322","1":"product","2":"type-product","3":"status-publish","4":"has-post-thumbnail","6":"product_cat-james-armbaender","7":"product_cat-james-zubehor","8":"product_shipping_class-briefversand","10":"first","11":"instock","12":"taxable","13":"shipping-taxable","14":"purchasable","15":"product-type-variable","16":"has-default-attributes"},"bundled_by":[],"bundle_stock_status":"instock","bundle_stock_quantity":null,"bundle_virtual":false,"bundle_layout":"","bundle_add_to_cart_form_location":"","bundle_editable_in_cart":false,"bundle_sold_individually_context":"","bundle_item_grouping":"","bundle_min_size":"","bundle_max_size":"","bundle_price":[],"bundled_items":[],"bundle_sell_ids":[],"exclude_global_add_ons":[],"addons":[],"acf":[],"_links":{"self":[{"href":"https:\/\/james.care\/fr\/wp-json\/wp\/v2\/product\/31322","targetHints":{"allow":["GET"]}}],"collection":[{"href":"https:\/\/james.care\/fr\/wp-json\/wp\/v2\/product"}],"about":[{"href":"https:\/\/james.care\/fr\/wp-json\/wp\/v2\/types\/product"}],"wp:featuredmedia":[{"embeddable":true,"href":"https:\/\/james.care\/fr\/wp-json\/wp\/v2\/media\/38828"}],"wp:attachment":[{"href":"https:\/\/james.care\/fr\/wp-json\/wp\/v2\/media?parent=31322"}],"wp:term":[{"taxonomy":"product_brand","embeddable":true,"href":"https:\/\/james.care\/fr\/wp-json\/wp\/v2\/product_brand?post=31322"},{"taxonomy":"product_cat","embeddable":true,"href":"https:\/\/james.care\/fr\/wp-json\/wp\/v2\/product_cat?post=31322"},{"taxonomy":"product_tag","embeddable":true,"href":"https:\/\/james.care\/fr\/wp-json\/wp\/v2\/product_tag?post=31322"}],"curies":[{"name":"wp","href":"https:\/\/api.w.org\/{rel}","templated":true}]}}