{"id":29,"date":"2021-04-22T11:07:28","date_gmt":"2021-04-22T09:07:28","guid":{"rendered":"https:\/\/beta.myjames.shop\/?post_type=product&#038;p=29"},"modified":"2025-02-13T10:39:12","modified_gmt":"2025-02-13T09:39:12","slug":"notrufuhr-s6","status":"publish","type":"product","link":"https:\/\/james.care\/fr\/produit\/notrufuhr-s6\/","title":{"rendered":"JAMES montre d'appel d'urgence S6"},"content":{"rendered":"<ul>\n<li>Affichage de l'heure et de la date<\/li>\n<li>Mesure du pouls<\/li>\n<li>Avertissement de batterie, position incluse<\/li>\n<li>R\u00e9seau LTE (4G)<\/li>\n<li>L'horloge peut \u00eatre appel\u00e9e \u00e0 tout moment<\/li>\n<\/ul>\n<p>&nbsp;<\/p>","protected":false},"excerpt":{"rendered":"<p><strong>La montre d'appel d'urgence intelligente pour les professionnels.<\/strong> Avec le bon <b>Tarif compl\u00e9mentaire <\/b>permet de <strong>Montre d'appel d'urgence S6<\/strong> des fonctions pr\u00e9cieuses comme <b>Protection contre le glissement <\/b>(y compris le r\u00e9glage individuel <b>Zone de mouvement<\/b>) pour les personnes atteintes de d\u00e9mence l\u00e9g\u00e8re.<\/p>","protected":false},"featured_media":21174,"template":"","meta":{"_acf_changed":false},"product_brand":[],"product_cat":[19,46],"product_tag":[],"class_list":{"0":"post-29","1":"product","2":"type-product","3":"status-publish","4":"has-post-thumbnail","6":"product_cat-james-notrufuhr","7":"product_cat-notrufuhr-s6","8":"product_shipping_class-versicherter-versand","10":"first","11":"instock","12":"taxable","13":"shipping-taxable","14":"purchasable","15":"product-type-simple"},"bundled_by":[],"bundle_stock_status":"instock","bundle_stock_quantity":null,"bundle_virtual":false,"bundle_layout":"","bundle_add_to_cart_form_location":"","bundle_editable_in_cart":false,"bundle_sold_individually_context":"","bundle_item_grouping":"","bundle_min_size":"","bundle_max_size":"","bundle_price":[],"bundled_items":[],"bundle_sell_ids":[],"exclude_global_add_ons":[],"addons":[],"acf":[],"_links":{"self":[{"href":"https:\/\/james.care\/fr\/wp-json\/wp\/v2\/product\/29","targetHints":{"allow":["GET"]}}],"collection":[{"href":"https:\/\/james.care\/fr\/wp-json\/wp\/v2\/product"}],"about":[{"href":"https:\/\/james.care\/fr\/wp-json\/wp\/v2\/types\/product"}],"wp:featuredmedia":[{"embeddable":true,"href":"https:\/\/james.care\/fr\/wp-json\/wp\/v2\/media\/21174"}],"wp:attachment":[{"href":"https:\/\/james.care\/fr\/wp-json\/wp\/v2\/media?parent=29"}],"wp:term":[{"taxonomy":"product_brand","embeddable":true,"href":"https:\/\/james.care\/fr\/wp-json\/wp\/v2\/product_brand?post=29"},{"taxonomy":"product_cat","embeddable":true,"href":"https:\/\/james.care\/fr\/wp-json\/wp\/v2\/product_cat?post=29"},{"taxonomy":"product_tag","embeddable":true,"href":"https:\/\/james.care\/fr\/wp-json\/wp\/v2\/product_tag?post=29"}],"curies":[{"name":"wp","href":"https:\/\/api.w.org\/{rel}","templated":true}]}}