{"id":28398,"date":"2023-06-16T09:08:13","date_gmt":"2023-06-16T07:08:13","guid":{"rendered":"https:\/\/myjames.shop\/?post_type=product&#038;p=28398"},"modified":"2025-11-18T08:43:41","modified_gmt":"2025-11-18T07:43:41","slug":"stretch-armband-b-serie-a6","status":"publish","type":"product","link":"https:\/\/james.care\/fr\/produit\/stretch-armband-b-serie-a6\/","title":{"rendered":"Bracelet stretch styl\u00e9 pour les mod\u00e8les des s\u00e9ries A, B"},"content":{"rendered":"<ul class=\"a-unordered-list a-vertical a-spacing-mini\">\n<li class=\"a-spacing-mini\"><span class=\"a-list-item\">Bracelet de montre en nylon : ce bracelet de montre en nylon stretch de haute qualit\u00e9 n'irrite pas votre peau sensible et est tr\u00e8s respirant, lavable, r\u00e9sistant \u00e0 la transpiration et agr\u00e9able \u00e0 porter toute la journ\u00e9e, bon pour le sport et la vie quotidienne.<\/span><\/li>\n<li class=\"a-spacing-mini\"><span class=\"a-list-item\">\u00c9lastique et \u00e9tir\u00e9 : con\u00e7u avec une boucle coulissante fine en acier inoxydable, il est tr\u00e8s facile d'ajuster la meilleure longueur. Ajuste ton poignet confortablement et sans \u00e9tranglement. Adapt\u00e9 aux poignets de 5,5 \u00e0 9,0 pouces (14cm-23cm)<\/span><\/li>\n<li class=\"a-spacing-mini\"><span class=\"a-list-item\">Facile \u00e0 installer : La barrette \u00e0 ressort \u00e0 fermeture rapide int\u00e9gr\u00e9e permet de passer rapidement et facilement d'une sangle \u00e0 l'autre sans outil.<\/span><\/li>\n<li>largeur : 18 mm<\/li>\n<li>Pour les montres d'appel d'urgence JAMES s\u00e9rie A (bracelet d'appel d'urgence), s\u00e9rie B<\/li>\n<\/ul>","protected":false},"excerpt":{"rendered":"<p>largeur : 18 mm<\/p>\n<p>Pour les montres d'appel d'urgence JAMES s\u00e9rie B, bracelet d'appel d'urgence<\/p>","protected":false},"featured_media":38826,"template":"","meta":{"_acf_changed":false},"product_brand":[],"product_cat":[196,21],"product_tag":[],"class_list":{"0":"post-28398","1":"product","2":"type-product","3":"status-publish","4":"has-post-thumbnail","6":"product_cat-james-armbaender","7":"product_cat-james-zubehor","8":"product_shipping_class-briefversand","10":"first","11":"instock","12":"taxable","13":"shipping-taxable","14":"purchasable","15":"product-type-variable"},"bundled_by":[],"bundle_stock_status":"instock","bundle_stock_quantity":null,"bundle_virtual":false,"bundle_layout":"","bundle_add_to_cart_form_location":"","bundle_editable_in_cart":false,"bundle_sold_individually_context":"","bundle_item_grouping":"","bundle_min_size":"","bundle_max_size":"","bundle_price":[],"bundled_items":[],"bundle_sell_ids":[],"exclude_global_add_ons":[],"addons":[],"acf":[],"_links":{"self":[{"href":"https:\/\/james.care\/fr\/wp-json\/wp\/v2\/product\/28398","targetHints":{"allow":["GET"]}}],"collection":[{"href":"https:\/\/james.care\/fr\/wp-json\/wp\/v2\/product"}],"about":[{"href":"https:\/\/james.care\/fr\/wp-json\/wp\/v2\/types\/product"}],"wp:featuredmedia":[{"embeddable":true,"href":"https:\/\/james.care\/fr\/wp-json\/wp\/v2\/media\/38826"}],"wp:attachment":[{"href":"https:\/\/james.care\/fr\/wp-json\/wp\/v2\/media?parent=28398"}],"wp:term":[{"taxonomy":"product_brand","embeddable":true,"href":"https:\/\/james.care\/fr\/wp-json\/wp\/v2\/product_brand?post=28398"},{"taxonomy":"product_cat","embeddable":true,"href":"https:\/\/james.care\/fr\/wp-json\/wp\/v2\/product_cat?post=28398"},{"taxonomy":"product_tag","embeddable":true,"href":"https:\/\/james.care\/fr\/wp-json\/wp\/v2\/product_tag?post=28398"}],"curies":[{"name":"wp","href":"https:\/\/api.w.org\/{rel}","templated":true}]}}