{"id":2148,"date":"2021-05-10T10:09:10","date_gmt":"2021-05-10T10:09:10","guid":{"rendered":"https:\/\/beta.myjames.shop\/?post_type=product&#038;p=2148"},"modified":"2025-11-27T14:08:52","modified_gmt":"2025-11-27T13:08:52","slug":"james-secureband","status":"publish","type":"product","link":"https:\/\/james.care\/fr\/produit\/james-secureband\/","title":{"rendered":"JAMES bracelet de d\u00e9mence"},"content":{"rendered":"<p>Le bracelet JAMES pour la d\u00e9mence a \u00e9t\u00e9 sp\u00e9cialement con\u00e7u pour les personnes ayant une tendance \u00e0 la marche ou \u00e0 la d\u00e9ambulation. Gr\u00e2ce au m\u00e9canisme verrouillable, la montre d'appel d'urgence JAMES reste bien en place sur le poignet - fiable, confortable et ne peut pas \u00eatre retir\u00e9e sans que l'on s'en aper\u00e7oive. Cl\u00e9 incluse, adapt\u00e9e \u00e0 tous les mod\u00e8les de montre d'appel d'urgence JAMES.<\/p>\n<ul>\n<li>Fermable<\/li>\n<li>Protection des patients atteints de d\u00e9mence<\/li>\n<li>Confort de port agr\u00e9able<\/li>\n<li>Cl\u00e9 incluse<\/li>\n<li>pour tous les mod\u00e8les de montre d'appel d'urgence JAMES<\/li>\n<\/ul>","protected":false},"excerpt":{"rendered":"<p>Le JAMES SecureBand a \u00e9t\u00e9 sp\u00e9cialement con\u00e7u pour les personnes atteintes de d\u00e9mence. Gr\u00e2ce \u00e0 son m\u00e9canisme verrouillable, la montre d'appel d'urgence JAMES reste bien en place sur le poignet - fiable, confortable et ne peut pas \u00eatre retir\u00e9e sans que l'on s'en aper\u00e7oive. Cl\u00e9 incluse, adapt\u00e9e \u00e0 tous les mod\u00e8les de montre d'appel d'urgence JAMES.<\/p>","protected":false},"featured_media":50964,"template":"","meta":{"_acf_changed":false},"product_brand":[],"product_cat":[196,21],"product_tag":[],"class_list":{"0":"post-2148","1":"product","2":"type-product","3":"status-publish","4":"has-post-thumbnail","6":"product_cat-james-armbaender","7":"product_cat-james-zubehor","8":"product_shipping_class-versicherter-versand","10":"first","11":"instock","12":"taxable","13":"shipping-taxable","14":"purchasable","15":"product-type-variable"},"bundled_by":[],"bundle_stock_status":"instock","bundle_stock_quantity":null,"bundle_virtual":false,"bundle_layout":"","bundle_add_to_cart_form_location":"","bundle_editable_in_cart":false,"bundle_sold_individually_context":"","bundle_item_grouping":"","bundle_min_size":"","bundle_max_size":"","bundle_price":[],"bundled_items":[],"bundle_sell_ids":[],"exclude_global_add_ons":[],"addons":[],"acf":[],"_links":{"self":[{"href":"https:\/\/james.care\/fr\/wp-json\/wp\/v2\/product\/2148","targetHints":{"allow":["GET"]}}],"collection":[{"href":"https:\/\/james.care\/fr\/wp-json\/wp\/v2\/product"}],"about":[{"href":"https:\/\/james.care\/fr\/wp-json\/wp\/v2\/types\/product"}],"wp:featuredmedia":[{"embeddable":true,"href":"https:\/\/james.care\/fr\/wp-json\/wp\/v2\/media\/50964"}],"wp:attachment":[{"href":"https:\/\/james.care\/fr\/wp-json\/wp\/v2\/media?parent=2148"}],"wp:term":[{"taxonomy":"product_brand","embeddable":true,"href":"https:\/\/james.care\/fr\/wp-json\/wp\/v2\/product_brand?post=2148"},{"taxonomy":"product_cat","embeddable":true,"href":"https:\/\/james.care\/fr\/wp-json\/wp\/v2\/product_cat?post=2148"},{"taxonomy":"product_tag","embeddable":true,"href":"https:\/\/james.care\/fr\/wp-json\/wp\/v2\/product_tag?post=2148"}],"curies":[{"name":"wp","href":"https:\/\/api.w.org\/{rel}","templated":true}]}}