{"id":2049,"date":"2021-05-07T11:33:23","date_gmt":"2021-05-07T11:33:23","guid":{"rendered":"https:\/\/beta.myjames.shop\/?post_type=product&#038;p=2049"},"modified":"2025-11-18T08:47:19","modified_gmt":"2025-11-18T07:47:19","slug":"mesh-uhrenband","status":"publish","type":"product","link":"https:\/\/james.care\/fr\/produit\/mesh-uhrenband\/","title":{"rendered":"Bracelet-montre en maille pour montre d'appel d'urgence s\u00e9ries A,B"},"content":{"rendered":"<p>Le bracelet-montre l\u00e9ger pour montre d'appel d'urgence de la s\u00e9rie B et bracelet d'appel d'urgence est fabriqu\u00e9 en maille d'acier inoxydable agr\u00e9able et s'adapte parfaitement \u00e0 chaque poignet. Gr\u00e2ce \u00e0 la fermeture magn\u00e9tique, il est particuli\u00e8rement facile \u00e0 fermer. Disponible en trois couleurs tendance.<\/p>\n<ul>\n<li>Maille en acier inoxydable<\/li>\n<li>Largeur de la barrette : 18 mm<\/li>\n<li>Fermeture magn\u00e9tique<\/li>\n<li>Disponible en trois couleurs tendance<\/li>\n<li>Seulement avec la <em>JAMES montre d'appel d'urgence B8, bracelet d'appel d'urgence A6<\/em>\u00a0compatible<\/li>\n<\/ul>","protected":false},"excerpt":{"rendered":"<p>Le bracelet de montre l\u00e9ger pour<strong> montre d'appel d'urgence B8 <\/strong>et<strong> A6<\/strong>\u00a0est fabriqu\u00e9 en maille d'acier inoxydable agr\u00e9able et s'adapte parfaitement \u00e0 chaque poignet. Gr\u00e2ce au <strong>fermeture magn\u00e9tique<\/strong> il est particuli\u00e8rement <strong>facile \u00e0 fermer<\/strong>. Disponible en trois couleurs tendance.<\/p>","protected":false},"featured_media":21479,"template":"","meta":{"_acf_changed":false},"product_brand":[],"product_cat":[196,21],"product_tag":[],"class_list":{"0":"post-2049","1":"product","2":"type-product","3":"status-publish","4":"has-post-thumbnail","6":"product_cat-james-armbaender","7":"product_cat-james-zubehor","8":"product_shipping_class-briefversand","10":"first","11":"instock","12":"taxable","13":"shipping-taxable","14":"purchasable","15":"product-type-variable"},"bundled_by":[],"bundle_stock_status":"instock","bundle_stock_quantity":null,"bundle_virtual":false,"bundle_layout":"","bundle_add_to_cart_form_location":"","bundle_editable_in_cart":false,"bundle_sold_individually_context":"","bundle_item_grouping":"","bundle_min_size":"","bundle_max_size":"","bundle_price":[],"bundled_items":[],"bundle_sell_ids":[],"exclude_global_add_ons":[],"addons":[],"acf":[],"_links":{"self":[{"href":"https:\/\/james.care\/fr\/wp-json\/wp\/v2\/product\/2049","targetHints":{"allow":["GET"]}}],"collection":[{"href":"https:\/\/james.care\/fr\/wp-json\/wp\/v2\/product"}],"about":[{"href":"https:\/\/james.care\/fr\/wp-json\/wp\/v2\/types\/product"}],"wp:featuredmedia":[{"embeddable":true,"href":"https:\/\/james.care\/fr\/wp-json\/wp\/v2\/media\/21479"}],"wp:attachment":[{"href":"https:\/\/james.care\/fr\/wp-json\/wp\/v2\/media?parent=2049"}],"wp:term":[{"taxonomy":"product_brand","embeddable":true,"href":"https:\/\/james.care\/fr\/wp-json\/wp\/v2\/product_brand?post=2049"},{"taxonomy":"product_cat","embeddable":true,"href":"https:\/\/james.care\/fr\/wp-json\/wp\/v2\/product_cat?post=2049"},{"taxonomy":"product_tag","embeddable":true,"href":"https:\/\/james.care\/fr\/wp-json\/wp\/v2\/product_tag?post=2049"}],"curies":[{"name":"wp","href":"https:\/\/api.w.org\/{rel}","templated":true}]}}