{"id":196,"date":"2021-04-26T07:50:24","date_gmt":"2021-04-26T07:50:24","guid":{"rendered":"https:\/\/beta.myjames.shop\/?post_type=product&#038;p=196"},"modified":"2022-11-08T20:14:14","modified_gmt":"2022-11-08T19:14:14","slug":"james-sturz-demenz","status":"publish","type":"product","link":"https:\/\/james.care\/fr\/produit\/james-sturz-demenz\/","title":{"rendered":"JAMES Chute &amp; D\u00e9mence"},"content":{"rendered":"<h2>Parce que chacun m\u00e9rite s\u00e9curit\u00e9 &amp; orientation.<\/h2>\n<p>Chaque \u00eatre humain est unique et m\u00e9rite une vie marqu\u00e9e par la s\u00e9curit\u00e9, l'orientation et l'estime. Le site<strong> Tarif compl\u00e9mentaire JAMES<\/strong> <em><strong>Chute &amp; d\u00e9mence<\/strong> <\/em>offre aux personnes atteintes de d\u00e9mence l\u00e9g\u00e8re et pr\u00e9sentant un risque de chute la meilleure protection compl\u00e8te. Gr\u00e2ce \u00e0 <strong>JAMES<\/strong> les personnes concern\u00e9es peuvent continuer \u00e0 vivre de mani\u00e8re autonome et les proches \/ soignants inquiets sont soulag\u00e9s.<\/p>\n<p><img loading=\"lazy\" decoding=\"async\" src=\"https:\/\/james.care\/wp-content\/uploads\/2021\/06\/old-woman_beach-1-1024x696.jpg\" sizes=\"auto, (max-width: 800px) 100vw, 800px\" srcset=\"https:\/\/james.care\/wp-content\/uploads\/2021\/06\/old-woman_beach-1-1024x696.jpg 1024w, https:\/\/james.care\/wp-content\/uploads\/2021\/06\/old-woman_beach-1-300x204.jpg 300w, https:\/\/james.care\/wp-content\/uploads\/2021\/06\/old-woman_beach-1-768x522.jpg 768w, https:\/\/james.care\/wp-content\/uploads\/2021\/06\/old-woman_beach-1-1536x1044.jpg 1536w, https:\/\/james.care\/wp-content\/uploads\/2021\/06\/old-woman_beach-1-600x408.jpg 600w, https:\/\/james.care\/wp-content\/uploads\/2021\/06\/old-woman_beach-1.jpg 1800w\" alt=\"\" width=\"800\" height=\"544\" \/><br \/>\n<img loading=\"lazy\" decoding=\"async\" src=\"https:\/\/james.care\/wp-content\/uploads\/2021\/05\/elderly-woman_walker.png\" sizes=\"auto, (max-width: 1600px) 100vw, 1600px\" srcset=\"https:\/\/james.care\/wp-content\/uploads\/2021\/05\/elderly-woman_walker.png 1600w, https:\/\/james.care\/wp-content\/uploads\/2021\/05\/elderly-woman_walker-300x200.png 300w, https:\/\/james.care\/wp-content\/uploads\/2021\/05\/elderly-woman_walker-1024x683.png 1024w, https:\/\/james.care\/wp-content\/uploads\/2021\/05\/elderly-woman_walker-768x512.png 768w, https:\/\/james.care\/wp-content\/uploads\/2021\/05\/elderly-woman_walker-1536x1024.png 1536w, https:\/\/james.care\/wp-content\/uploads\/2021\/05\/elderly-woman_walker-600x400.png 600w\" alt=\"Alte Frau mit Gehhilfe vor Herbstbl\u00e4tterkulisse.\" width=\"1600\" height=\"1067\" \/><br \/>\n<img loading=\"lazy\" decoding=\"async\" src=\"https:\/\/james.care\/wp-content\/uploads\/2021\/05\/old_man_fall_stairs.png\" sizes=\"auto, (max-width: 1600px) 100vw, 1600px\" srcset=\"https:\/\/james.care\/wp-content\/uploads\/2021\/05\/old_man_fall_stairs.png 1600w, https:\/\/james.care\/wp-content\/uploads\/2021\/05\/old_man_fall_stairs-300x200.png 300w, https:\/\/james.care\/wp-content\/uploads\/2021\/05\/old_man_fall_stairs-1024x683.png 1024w, https:\/\/james.care\/wp-content\/uploads\/2021\/05\/old_man_fall_stairs-768x512.png 768w, https:\/\/james.care\/wp-content\/uploads\/2021\/05\/old_man_fall_stairs-1536x1024.png 1536w, https:\/\/james.care\/wp-content\/uploads\/2021\/05\/old_man_fall_stairs-600x400.png 600w\" alt=\"Gest\u00fcrzter Senior bei Treppe.\" width=\"1600\" height=\"1067\" \/><\/p>\n<h2>Protection contre les faux pas &amp; d\u00e9tection des chutes.<\/h2>\n<h3>Champ de protection invisible<\/h3>\n<p>La couverture compl\u00e9mentaire prot\u00e8ge les personnes atteintes de d\u00e9mence \u00e0 l'aide d'une protection pr\u00e9cise contre les fugues, y compris une zone de mouvement. Cette zone peut \u00eatre r\u00e9gl\u00e9e individuellement en fonction des besoins de la personne concern\u00e9e (par exemple 300 m\u00e8tres autour de l'endroit souhait\u00e9). Si le porteur de la montre quitte le champ de protection invisible, il envoie un message d'alerte. <strong>JAMES<\/strong> d\u00e9clenche automatiquement une alarme pour les proches \/ les secouristes. En m\u00eame temps, les personnes autoris\u00e9es re\u00e7oivent un SMS d'alerte avec la position exacte de la personne concern\u00e9e.<\/p>\n<h3>Aide en cas d'urgence<\/h3>\n<p>Les personnes \u00e2g\u00e9es ou vuln\u00e9rables vivent souvent seules et sont souvent livr\u00e9es \u00e0 elles-m\u00eames dans les situations d'urgence. Les chutes et les \u00e9vanouissements repr\u00e9sentent un risque particuli\u00e8rement \u00e9lev\u00e9. Les proches vivent dans la crainte permanente de ne pas \u00eatre sur place ou d'arriver trop tard en cas d'accident. L'unique <strong>D\u00e9tection de chute JAMES<\/strong> permet de vivre chez soi en toute s\u00e9r\u00e9nit\u00e9 et en toute autonomie. Le capteur de chute intelligent reconna\u00eet les phases de repos inhabituelles du porteur de la montre et d\u00e9clenche automatiquement une alarme. Les membres de la famille et les assistants re\u00e7oivent le signal d'alarme et la position de la montre directement sur leur smartphone. Parce que dans les situations d'urgence, chaque seconde compte.<\/p>","protected":false},"excerpt":{"rendered":"<p>S\u00e9curit\u00e9 et orientation en cas de besoin. La couverture compl\u00e9mentaire avec <strong>D\u00e9tection d'inactivit\u00e9<\/strong> en cas de chute et<b> Protection contre le glissement <\/b>(y compris le r\u00e9glage individuel<b> Zone de mouvement<\/b>) pour les personnes atteintes de d\u00e9mence l\u00e9g\u00e8re.<\/p>","protected":false},"featured_media":1892,"template":"","meta":{"_acf_changed":false},"product_brand":[],"product_cat":[57],"product_tag":[],"class_list":{"0":"post-196","1":"product","2":"type-product","3":"status-publish","4":"has-post-thumbnail","6":"product_cat-unkategorisiert","8":"first","9":"instock","10":"taxable","11":"shipping-taxable","12":"purchasable","13":"product-type-variable-subscription"},"bundled_by":[],"bundle_stock_status":"instock","bundle_stock_quantity":null,"bundle_virtual":false,"bundle_layout":"","bundle_add_to_cart_form_location":"","bundle_editable_in_cart":false,"bundle_sold_individually_context":"","bundle_item_grouping":"","bundle_min_size":"","bundle_max_size":"","bundle_price":[],"bundled_items":[],"bundle_sell_ids":[],"exclude_global_add_ons":[],"addons":[],"acf":[],"_links":{"self":[{"href":"https:\/\/james.care\/fr\/wp-json\/wp\/v2\/product\/196","targetHints":{"allow":["GET"]}}],"collection":[{"href":"https:\/\/james.care\/fr\/wp-json\/wp\/v2\/product"}],"about":[{"href":"https:\/\/james.care\/fr\/wp-json\/wp\/v2\/types\/product"}],"wp:featuredmedia":[{"embeddable":true,"href":"https:\/\/james.care\/fr\/wp-json\/wp\/v2\/media\/1892"}],"wp:attachment":[{"href":"https:\/\/james.care\/fr\/wp-json\/wp\/v2\/media?parent=196"}],"wp:term":[{"taxonomy":"product_brand","embeddable":true,"href":"https:\/\/james.care\/fr\/wp-json\/wp\/v2\/product_brand?post=196"},{"taxonomy":"product_cat","embeddable":true,"href":"https:\/\/james.care\/fr\/wp-json\/wp\/v2\/product_cat?post=196"},{"taxonomy":"product_tag","embeddable":true,"href":"https:\/\/james.care\/fr\/wp-json\/wp\/v2\/product_tag?post=196"}],"curies":[{"name":"wp","href":"https:\/\/api.w.org\/{rel}","templated":true}]}}